{"id":1641,"date":"2018-07-02T13:35:18","date_gmt":"2018-07-02T11:35:18","guid":{"rendered":"http:\/\/agora.xtec.cat\/ins-la-miquela\/?page_id=1641"},"modified":"2025-11-04T12:50:41","modified_gmt":"2025-11-04T11:50:41","slug":"bat","status":"publish","type":"page","link":"https:\/\/agora.xtec.cat\/ins-la-miquela\/bat\/","title":{"rendered":"BAT"},"content":{"rendered":"<p><strong>EQUIPS DOCENTS<\/strong><\/p>\n<table style=\"width: 99.997475%; height: 814px;\">\n<tbody>\n<tr style=\"height: 33px;\">\n<td style=\"text-align: center; width: 96.8216%; height: 33px;\" colspan=\"4\"><strong>1r\u00a0 BATXILLERAT<\/strong><\/td>\n<\/tr>\n<tr style=\"height: 33px;\">\n<td style=\"width: 26.1614%; height: 33px; text-align: center; border-style: solid; border-color: #000000; background-color: #ffffff;\"><span style=\"color: #000000;\"><strong>Mat\u00e8ria<\/strong><\/span><\/td>\n<td style=\"width: 22.2494%; height: 33px; text-align: center; border-style: solid; border-color: #000000; background-color: #ffffff;\"><span style=\"color: #000000;\"><strong>Professor\/a<\/strong><\/span><\/td>\n<td style=\"width: 26.1614%; height: 33px; text-align: center; border-style: solid; border-color: #000000; background-color: #ffffff;\"><span style=\"color: #000000;\"><strong>Mat\u00e8ria<\/strong><\/span><\/td>\n<td style=\"width: 22.2494%; height: 33px; text-align: center; border-style: solid; border-color: #000000; background-color: #ffffff;\"><span style=\"color: #000000;\"><strong>Professor\/a<\/strong><\/span><\/td>\n<\/tr>\n<tr style=\"height: 49px;\">\n<td style=\"width: 26.1614%; height: 49px; text-align: center; border-style: solid; border-color: #000000; background-color: #ffffff;\"><span style=\"color: #000000;\">Tutoria<\/span><\/td>\n<td style=\"width: 22.2494%; height: 49px; text-align: center; border-style: solid; border-color: #000000; background-color: #ffffff;\"><span style=\"color: #000000;\">Helena Ribas<\/span><\/td>\n<td style=\"width: 26.1614%; height: 49px; text-align: center; border-style: solid; border-color: #000000; background-color: #ffffff;\"><span style=\"color: #000000;\">Llengua anglesa<\/span><\/td>\n<td style=\"width: 22.2494%; height: 49px; text-align: center; border-style: solid; border-color: #000000; background-color: #ffffff;\"><span style=\"color: #000000;\">Alma Pe\u00f1arrubia\/L\u00eddia Alech<\/span><\/td>\n<\/tr>\n<tr style=\"height: 49px;\">\n<td style=\"width: 26.1614%; height: 49px; text-align: center; border-style: solid; border-color: #000000; background-color: #ffffff;\"><span style=\"color: #000000;\">Llengua catalana<\/span><\/td>\n<td style=\"width: 22.2494%; height: 49px; text-align: center; border-style: solid; border-color: #000000; background-color: #ffffff;\"><span style=\"color: #000000;\">Helena Ribas<\/span><\/td>\n<td style=\"width: 26.1614%; height: 65px; text-align: center; border-style: solid; border-color: #000000; background-color: #ffffff;\"><span style=\"color: #000000;\">Llengua castellana<\/span><\/td>\n<td style=\"width: 22.2494%; height: 65px; text-align: center; border-style: solid; border-color: #000000; background-color: #ffffff;\"><span style=\"color: #000000;\">Joan Ram\u00f3n Saavedra<\/span><\/td>\n<\/tr>\n<tr style=\"height: 49px;\">\n<td style=\"width: 26.1614%; height: 49px; text-align: center; border-style: solid; border-color: #000000; background-color: #ffffff;\"><span style=\"color: #000000;\">Filosofia<\/span><\/td>\n<td style=\"width: 22.2494%; height: 49px; text-align: center; border-style: solid; border-color: #000000; background-color: #ffffff;\"><span style=\"color: #000000;\">Esther Deulofeu<\/span><\/td>\n<td style=\"width: 26.1614%; height: 65px; text-align: center; border-style: solid; border-color: #000000; background-color: #ffffff;\"><span style=\"color: #000000;\">Hist\u00f2ria del M\u00f3n Contemporani<\/span><\/td>\n<td style=\"width: 22.2494%; height: 65px; text-align: center; border-style: solid; border-color: #000000; background-color: #ffffff;\"><span style=\"color: #000000;\">Eli Baltrons<\/span><\/td>\n<\/tr>\n<tr style=\"height: 49px;\">\n<td style=\"width: 26.1614%; height: 49px; text-align: center; border-style: solid; border-color: #000000; background-color: #ffffff;\"><span style=\"color: #000000;\">Educaci\u00f3 f\u00edsica<\/span><\/td>\n<td style=\"width: 22.2494%; height: 49px; text-align: center; border-style: solid; border-color: #000000; background-color: #ffffff;\"><span style=\"color: #000000;\">Xavier Oliveras<\/span><\/td>\n<td style=\"width: 26.1614%; height: 49px; text-align: center; border-style: solid; border-color: #000000; background-color: #ffffff;\"><span style=\"color: #000000;\">Economia<\/span><\/td>\n<td style=\"width: 22.2494%; height: 49px; text-align: center; border-style: solid; border-color: #000000; background-color: #ffffff;\"><span style=\"color: #000000;\">Francesc Sim\u00f3n<\/span><\/td>\n<\/tr>\n<tr style=\"height: 49px;\">\n<td style=\"width: 26.1614%; height: 49px; text-align: center; border-style: solid; border-color: #000000; background-color: #ffffff;\"><span style=\"color: #000000;\">Matem\u00e0tiques<\/span><\/td>\n<td style=\"width: 22.2494%; height: 49px; text-align: center; border-style: solid; border-color: #000000; background-color: #ffffff;\"><span style=\"color: #000000;\">Pilar Xifra<\/span><\/td>\n<td style=\"width: 26.1614%; height: 49px; text-align: center; border-style: solid; border-color: #000000; background-color: #ffffff;\"><span style=\"color: #000000;\">Biologia<\/span><\/td>\n<td style=\"width: 22.2494%; height: 49px; text-align: center; border-style: solid; border-color: #000000; background-color: #ffffff;\"><span style=\"color: #000000;\">Neus Fern\u00e1ndez<\/span><\/td>\n<\/tr>\n<tr style=\"height: 49px;\">\n<td style=\"width: 26.1614%; height: 49px; text-align: center; border-style: solid; border-color: #000000; background-color: #ffffff;\"><span style=\"color: #000000;\">F\u00edsica<\/span><\/td>\n<td style=\"width: 22.2494%; height: 49px; text-align: center; border-style: solid; border-color: #000000; background-color: #ffffff;\"><span style=\"color: #000000;\">Isidre del Valle<\/span><\/td>\n<td style=\"width: 26.1614%; height: 49px; text-align: center; border-style: solid; border-color: #000000; background-color: #ffffff;\"><span style=\"color: #000000;\">Psicologia<\/span><\/td>\n<td style=\"width: 22.2494%; height: 49px; text-align: center; border-style: solid; border-color: #000000; background-color: #ffffff;\"><span style=\"color: #000000;\">Gemma Portillo<\/span><\/td>\n<\/tr>\n<tr style=\"height: 49px;\">\n<td style=\"width: 26.1614%; height: 49px; text-align: center; border-style: solid; border-color: #000000; background-color: #ffffff;\"><span style=\"color: #000000;\">Qu\u00edmica<\/span><\/td>\n<td style=\"width: 22.2494%; height: 49px; text-align: center; border-style: solid; border-color: #000000; background-color: #ffffff;\"><span style=\"color: #000000;\">Marta Muner<\/span><\/td>\n<td style=\"width: 26.1614%; height: 33px; text-align: center; border-style: solid; border-color: #000000; background-color: #ffffff;\"><span style=\"color: #000000;\">Dibuix T\u00e8cnic<\/span><\/td>\n<td style=\"width: 22.2494%; height: 33px; text-align: center; border-style: solid; border-color: #000000; background-color: #ffffff;\"><span style=\"color: #000000;\">Albert Pascual<\/span><\/td>\n<\/tr>\n<tr style=\"height: 49px;\">\n<td style=\"width: 26.1614%; height: 49px; text-align: center; border-style: solid; border-color: #000000; background-color: #ffffff;\"><span style=\"color: #000000;\">Tecnologia i Enginyeria l<\/span><\/td>\n<td style=\"width: 22.2494%; height: 49px; text-align: center; border-style: solid; border-color: #000000; background-color: #ffffff;\"><span style=\"color: #000000;\">Anna Mas\u00f3<\/span><\/td>\n<td style=\"width: 26.1614%; height: 49px; text-align: center; border-style: solid; border-color: #000000; background-color: #ffffff;\"><span style=\"color: #000000;\">Rob\u00f2tica<\/span><\/td>\n<td style=\"width: 22.2494%; height: 49px; text-align: center; border-style: solid; border-color: #000000; background-color: #ffffff;\"><span style=\"color: #000000;\">Maria Reyner<\/span><\/td>\n<\/tr>\n<tr style=\"height: 33px;\">\n<td style=\"width: 26.1614%; height: 33px; text-align: center; border-style: solid; border-color: #000000; background-color: #ffffff;\"><span style=\"color: #000000;\">Reptes cient\u00edfics<\/span><\/td>\n<td style=\"width: 22.2494%; height: 33px; text-align: center; border-style: solid; border-color: #000000; background-color: #ffffff;\"><span style=\"color: #000000;\">\u00a0Neus Fern\u00e0ndez<\/span><\/td>\n<td style=\"width: 26.1614%; height: 49px; text-align: center; border-style: solid; border-color: #000000; background-color: #ffffff;\"><span style=\"color: #000000;\">Ciutadania, economia i dret<\/span><\/td>\n<td style=\"width: 22.2494%; height: 49px; text-align: center; border-style: solid; border-color: #000000; background-color: #ffffff;\"><span style=\"color: #000000;\">Elisenda Baltrons<\/span><\/td>\n<\/tr>\n<tr style=\"height: 49px;\">\n<td style=\"width: 26.1614%; height: 49px; text-align: center; border-style: solid; border-color: #000000; background-color: #ffffff;\"><span style=\"color: #000000;\">Problem\u00e0tiques socials<\/span><\/td>\n<td style=\"width: 22.2494%; height: 49px; text-align: center; border-style: solid; border-color: #000000; background-color: #ffffff;\"><span style=\"color: #000000;\">Esther Deulofeu<\/span><\/td>\n<td style=\"width: 26.1614%; height: 49px; text-align: center; border-style: solid; border-color: #000000; background-color: #ffffff;\"><span style=\"color: #000000;\">Matem\u00e0tiques aplicades CCSS I<\/span><\/td>\n<td style=\"width: 22.2494%; height: 49px; text-align: center; border-style: solid; border-color: #000000; background-color: #ffffff;\"><span style=\"color: #000000;\">Carme Font<\/span><\/td>\n<\/tr>\n<\/tbody>\n<\/table>\n<table style=\"width: 99.566542%; height: 371px;\">\n<tbody>\n<tr style=\"height: 31px;\">\n<td style=\"text-align: center; height: 31px; width: 96.8216%;\" colspan=\"4\"><strong>2n BATXILLERAT<\/strong><\/td>\n<\/tr>\n<tr style=\"height: 23px;\">\n<td style=\"width: 96.8216%; text-align: center; height: 23px;\" colspan=\"4\"><strong>Tutores: Imma Masdevall (A) i L\u00eddia Alech (B)<\/strong><\/td>\n<\/tr>\n<tr style=\"height: 33px;\">\n<td style=\"width: 26.1614%; height: 33px; text-align: center; border-style: solid; border-color: #000000; background-color: #ffffff;\"><span style=\"color: #000000;\"><strong>Mat\u00e8ria<\/strong><\/span><\/td>\n<td style=\"width: 22.2494%; height: 33px; text-align: center; border-style: solid; border-color: #000000; background-color: #ffffff;\"><span style=\"color: #000000;\"><strong>Professor\/a<\/strong><\/span><\/td>\n<td style=\"width: 26.1614%; height: 33px; text-align: center; border-style: solid; border-color: #000000; background-color: #ffffff;\"><span style=\"color: #000000;\"><strong>Mat\u00e8ria<\/strong><\/span><\/td>\n<td style=\"width: 22.2494%; height: 33px; text-align: center; border-style: solid; border-color: #000000; background-color: #ffffff;\"><span style=\"color: #000000;\"><strong>Professor\/a<\/strong><\/span><\/td>\n<\/tr>\n<tr style=\"height: 38px;\">\n<td style=\"width: 26.1614%; height: 38px; text-align: center; border-style: solid; border-color: #000000; background-color: #ffffff;\">Filosofia<\/td>\n<td style=\"width: 22.2494%; height: 38px; text-align: center; border-style: solid; border-color: #000000; background-color: #ffffff;\">Esther Deulofeu<\/td>\n<td style=\"width: 26.1614%; height: 38px; text-align: center; border-style: solid; border-color: #000000; background-color: #ffffff;\">Tecnologia i Enginyeria II<\/td>\n<td style=\"width: 22.2494%; height: 38px; text-align: center; border-style: solid; border-color: #000000; background-color: #ffffff;\">Maria Reyner<\/td>\n<\/tr>\n<tr style=\"height: 31px;\">\n<td style=\"width: 26.1614%; height: 31px; text-align: center; border-style: solid; border-color: #000000; background-color: #ffffff;\">Llengua catalana<\/td>\n<td style=\"width: 22.2494%; height: 31px; text-align: center; border-style: solid; border-color: #000000; background-color: #ffffff;\">Jordi Feliu<\/td>\n<td style=\"width: 26.1614%; height: 31px; text-align: center; border-style: solid; border-color: #000000; background-color: #ffffff;\">Dibuix T\u00e8cnic<\/td>\n<td style=\"width: 22.2494%; height: 31px; text-align: center; border-style: solid; border-color: #000000; background-color: #ffffff;\">Albert Pascual<\/td>\n<\/tr>\n<tr style=\"height: 31px;\">\n<td style=\"width: 26.1614%; height: 31px; text-align: center; border-style: solid; border-color: #000000; background-color: #ffffff;\">Llengua castellana<\/td>\n<td style=\"width: 22.2494%; height: 31px; text-align: center; border-style: solid; border-color: #000000; background-color: #ffffff;\">Ricard Monr\u00f3s<\/td>\n<td style=\"width: 26.1614%; height: 31px; text-align: center; border-style: solid; border-color: #000000; background-color: #ffffff;\">Hist\u00f2ria<\/td>\n<td style=\"width: 22.2494%; height: 31px; text-align: center; border-style: solid; border-color: #000000; background-color: #ffffff;\">Imma Masdevall<\/td>\n<\/tr>\n<tr style=\"height: 31px;\">\n<td style=\"width: 26.1614%; height: 31px; text-align: center; border-style: solid; border-color: #000000; background-color: #ffffff;\">Llengua anglesa<\/td>\n<td style=\"width: 22.2494%; height: 31px; text-align: center; border-style: solid; border-color: #000000; background-color: #ffffff;\">L\u00eddia Alech<\/td>\n<td style=\"width: 26.1614%; height: 31px; text-align: center; border-style: solid; border-color: #000000; background-color: #ffffff;\">Hist\u00f2ria de la Filosofia<\/td>\n<td style=\"width: 22.2494%; height: 31px; text-align: center; border-style: solid; border-color: #000000; background-color: #ffffff;\">Esther Deulofeu<\/td>\n<\/tr>\n<tr style=\"height: 31px;\">\n<td style=\"width: 26.1614%; height: 31px; text-align: center; border-style: solid; border-color: #000000; background-color: #ffffff;\">Matem\u00e0tiques<\/td>\n<td style=\"width: 22.2494%; height: 31px; text-align: center; border-style: solid; border-color: #000000; background-color: #ffffff;\">Pilar Xifra<\/td>\n<td style=\"width: 26.1614%; height: 31px; text-align: center; border-style: solid; border-color: #000000; background-color: #ffffff;\">Matem\u00e0tiques aplicades CCSS II<\/td>\n<td style=\"width: 22.2494%; height: 31px; text-align: center; border-style: solid; border-color: #000000; background-color: #ffffff;\">Carme Font<\/td>\n<\/tr>\n<tr style=\"height: 31px;\">\n<td style=\"width: 26.1614%; height: 31px; text-align: center; border-style: solid; border-color: #000000; background-color: #ffffff;\">Ci\u00e8ncies de la Terra<\/td>\n<td style=\"width: 22.2494%; height: 31px; text-align: center; border-style: solid; border-color: #000000; background-color: #ffffff;\">S\u00edlvia Cortijo<\/td>\n<td style=\"width: 26.1614%; height: 31px; text-align: center; border-style: solid; border-color: #000000; background-color: #ffffff;\">Hist\u00f2ria de l&#8217;Art<\/td>\n<td style=\"width: 22.2494%; height: 31px; text-align: center; border-style: solid; border-color: #000000; background-color: #ffffff;\">Mapi Os\u00e9s<\/td>\n<\/tr>\n<tr style=\"height: 31px;\">\n<td style=\"width: 26.1614%; height: 31px; text-align: center; border-style: solid; border-color: #000000; background-color: #ffffff;\">F\u00edsica<\/td>\n<td style=\"width: 22.2494%; height: 31px; text-align: center; border-style: solid; border-color: #000000; background-color: #ffffff;\">Josep Sanahuja<\/td>\n<td style=\"width: 26.1614%; height: 31px; text-align: center; border-style: solid; border-color: #000000; background-color: #ffffff;\">Qu\u00edmica<\/td>\n<td style=\"width: 22.2494%; height: 31px; text-align: center; border-style: solid; border-color: #000000; background-color: #ffffff;\">Marta Muner<\/td>\n<\/tr>\n<tr style=\"height: 31px;\">\n<td style=\"width: 26.1614%; height: 31px; text-align: center; border-style: solid; border-color: #000000; background-color: #ffffff;\">Biologia<\/td>\n<td style=\"width: 22.2494%; height: 31px; text-align: center; border-style: solid; border-color: #000000; background-color: #ffffff;\">Gemma Portella<\/td>\n<td style=\"width: 26.1614%; height: 31px; text-align: center; border-style: solid; border-color: #000000; background-color: #ffffff;\">Geografia<\/td>\n<td style=\"width: 22.2494%; height: 31px; text-align: center; border-style: solid; border-color: #000000; background-color: #ffffff;\">Eli Baltrons<\/td>\n<\/tr>\n<tr style=\"height: 31px;\">\n<td style=\"width: 26.1614%; height: 31px; text-align: center; border-style: solid; border-color: #000000; background-color: #ffffff;\">Funcionament de l&#8217;empresa i disseny de models de negoci<\/td>\n<td style=\"width: 22.2494%; height: 31px; text-align: center; border-style: solid; border-color: #000000; background-color: #ffffff;\">Francesc Sim\u00f3n<\/td>\n<td style=\"width: 26.1614%; height: 31px; text-align: center; border-style: solid; border-color: #000000; background-color: #ffffff;\">Alemany (Segona llengua estrangera)<\/td>\n<td style=\"width: 22.2494%; height: 31px; text-align: center; border-style: solid; border-color: #000000; background-color: #ffffff;\">Judit Serrats<\/td>\n<\/tr>\n<\/tbody>\n<\/table>\n","protected":false},"excerpt":{"rendered":"<p>EQUIPS DOCENTS 1r\u00a0 BATXILLERAT Mat\u00e8ria Professor\/a Mat\u00e8ria Professor\/a Tutoria Helena Ribas Llengua anglesa Alma Pe\u00f1arrubia\/L\u00eddia Alech Llengua catalana Helena Ribas Llengua castellana Joan Ram\u00f3n Saavedra Filosofia Esther Deulofeu Hist\u00f2ria del M\u00f3n Contemporani Eli Baltrons Educaci\u00f3 f\u00edsica Xavier Oliveras Economia Francesc Sim\u00f3n Matem\u00e0tiques Pilar Xifra Biologia Neus Fern\u00e1ndez F\u00edsica Isidre del Valle Psicologia Gemma Portillo Qu\u00edmica [&hellip;]<\/p>\n","protected":false},"author":1,"featured_media":0,"parent":0,"menu_order":0,"comment_status":"closed","ping_status":"closed","template":"","meta":{"_bbp_topic_count":0,"_bbp_reply_count":0,"_bbp_total_topic_count":0,"_bbp_total_reply_count":0,"_bbp_voice_count":0,"_bbp_anonymous_reply_count":0,"_bbp_topic_count_hidden":0,"_bbp_reply_count_hidden":0,"_bbp_forum_subforum_count":0,"site-sidebar-layout":"default","site-content-layout":"","ast-site-content-layout":"default","site-content-style":"default","site-sidebar-style":"default","ast-global-header-display":"","ast-banner-title-visibility":"","ast-main-header-display":"","ast-hfb-above-header-display":"","ast-hfb-below-header-display":"","ast-hfb-mobile-header-display":"","site-post-title":"","ast-breadcrumbs-content":"","ast-featured-img":"","footer-sml-layout":"","theme-transparent-header-meta":"","adv-header-id-meta":"","stick-header-meta":"","header-above-stick-meta":"","header-main-stick-meta":"","header-below-stick-meta":"","astra-migrate-meta-layouts":"set","ast-page-background-enabled":"default","ast-page-background-meta":{"desktop":{"background-color":"var(--ast-global-color-4)","background-image":"","background-repeat":"repeat","background-position":"center center","background-size":"auto","background-attachment":"scroll","background-type":"","background-media":"","overlay-type":"","overlay-color":"","overlay-opacity":"","overlay-gradient":""},"tablet":{"background-color":"","background-image":"","background-repeat":"repeat","background-position":"center center","background-size":"auto","background-attachment":"scroll","background-type":"","background-media":"","overlay-type":"","overlay-color":"","overlay-opacity":"","overlay-gradient":""},"mobile":{"background-color":"","background-image":"","background-repeat":"repeat","background-position":"center center","background-size":"auto","background-attachment":"scroll","background-type":"","background-media":"","overlay-type":"","overlay-color":"","overlay-opacity":"","overlay-gradient":""}},"ast-content-background-meta":{"desktop":{"background-color":"var(--ast-global-color-5)","background-image":"","background-repeat":"repeat","background-position":"center center","background-size":"auto","background-attachment":"scroll","background-type":"","background-media":"","overlay-type":"","overlay-color":"","overlay-opacity":"","overlay-gradient":""},"tablet":{"background-color":"var(--ast-global-color-5)","background-image":"","background-repeat":"repeat","background-position":"center center","background-size":"auto","background-attachment":"scroll","background-type":"","background-media":"","overlay-type":"","overlay-color":"","overlay-opacity":"","overlay-gradient":""},"mobile":{"background-color":"var(--ast-global-color-5)","background-image":"","background-repeat":"repeat","background-position":"center center","background-size":"auto","background-attachment":"scroll","background-type":"","background-media":"","overlay-type":"","overlay-color":"","overlay-opacity":"","overlay-gradient":""}},"footnotes":""},"class_list":["post-1641","page","type-page","status-publish","hentry"],"post_mailing_queue_ids":[],"_links":{"self":[{"href":"https:\/\/agora.xtec.cat\/ins-la-miquela\/wp-json\/wp\/v2\/pages\/1641","targetHints":{"allow":["GET"]}}],"collection":[{"href":"https:\/\/agora.xtec.cat\/ins-la-miquela\/wp-json\/wp\/v2\/pages"}],"about":[{"href":"https:\/\/agora.xtec.cat\/ins-la-miquela\/wp-json\/wp\/v2\/types\/page"}],"author":[{"embeddable":true,"href":"https:\/\/agora.xtec.cat\/ins-la-miquela\/wp-json\/wp\/v2\/users\/1"}],"replies":[{"embeddable":true,"href":"https:\/\/agora.xtec.cat\/ins-la-miquela\/wp-json\/wp\/v2\/comments?post=1641"}],"version-history":[{"count":4,"href":"https:\/\/agora.xtec.cat\/ins-la-miquela\/wp-json\/wp\/v2\/pages\/1641\/revisions"}],"predecessor-version":[{"id":7196,"href":"https:\/\/agora.xtec.cat\/ins-la-miquela\/wp-json\/wp\/v2\/pages\/1641\/revisions\/7196"}],"wp:attachment":[{"href":"https:\/\/agora.xtec.cat\/ins-la-miquela\/wp-json\/wp\/v2\/media?parent=1641"}],"curies":[{"name":"wp","href":"https:\/\/api.w.org\/{rel}","templated":true}]}}