{"id":844,"date":"2023-07-06T03:43:24","date_gmt":"2023-07-06T01:43:24","guid":{"rendered":"https:\/\/agora.xtec.cat\/ins-itaeb\/?page_id=844"},"modified":"2026-03-25T14:44:30","modified_gmt":"2026-03-25T13:44:30","slug":"batxillerat-darts-esceniques","status":"publish","type":"page","link":"https:\/\/agora.xtec.cat\/ins-itaeb\/estudis\/batxillerat-darts-esceniques\/","title":{"rendered":"Batxillerat d&#8217;Arts Esc\u00e8niques"},"content":{"rendered":"<p><b>HORARIS:<\/b><span style=\"font-weight: 400;\"> Torn de mat\u00ed de 08:00 a 14:10.<\/span><\/p>\n<p><b>UBICACI\u00d3:<\/b><span style=\"font-weight: 400;\"> Carrer Almog\u00e0vers, 131.\u00a0<\/span><\/p>\n<p><b>PLACES:<\/b><span style=\"font-weight: 400;\"> 29 places.<\/span><\/p>\n<p><b>PREU:<\/b><span style=\"font-weight: 400;\"> Aquest estudi \u00e9s gratu\u00eft en els centres dependents del Departament d\u2019Educaci\u00f3 i Formaci\u00f3 Professional. A l\u2019ITAEB, l\u2019alumnat \/ fam\u00edlies paga 150\u20ac de quota anual per material i 50\u20ac en concepte de sortides curriculars (Total: 200\u20ac)<\/span><\/p>\n<p><b>ESTUDIS: <\/b><span style=\"font-family: inherit; font-size: 1em;\">Batxillerat d&#8217;Arts (Arts Esc\u00e8niques). <\/span><span style=\"font-family: inherit; font-size: 1em;\">Orientaci\u00f3 de Batxillerat de doble via:<\/span><\/p>\n<ul>\n<li>Graus universitaris: Estudis Superiors d&#8217;Art Dram\u00e0tic, Comunicaci\u00f3 Audiovisual, Arts, Humanitats&#8230;<\/li>\n<li><span style=\"font-family: inherit; font-size: 1em;\">Professionalitzadora dirigida als nostres CFGS d&#8217;Arts Esc\u00e8niques (T\u00e8cniques d&#8217;Actuaci\u00f3 Teatral, Sonoritzaci\u00f3, Luminot\u00e8cnia, Maquin\u00e0ria Esc\u00e8nica).<\/span><\/li>\n<\/ul>\n<p><span style=\"font-weight: 400;\">Estudis organitzats per mat\u00e8ries comunes, de modalitat i optatives (Projecte Primavera Sound: &#8220;Crea el teu propi festival&#8221;)<\/span><span style=\"font-weight: 400;\">\u00a0<\/span><\/p>\n<p><a href=\"https:\/\/agora.xtec.cat\/ins-itaeb\/wp-content\/uploads\/usu2388\/2026\/03\/Batxillerat_art_escenic_curriculum_26_28.png\"><img loading=\"lazy\" decoding=\"async\" class=\"aligncenter size-full wp-image-3613\" src=\"https:\/\/agora.xtec.cat\/ins-itaeb\/wp-content\/uploads\/usu2388\/2026\/03\/Batxillerat_art_escenic_curriculum_26_28.png\" alt=\"\" width=\"991\" height=\"478\" srcset=\"https:\/\/agora.xtec.cat\/ins-itaeb\/wp-content\/uploads\/usu2388\/2026\/03\/Batxillerat_art_escenic_curriculum_26_28.png 991w, https:\/\/agora.xtec.cat\/ins-itaeb\/wp-content\/uploads\/usu2388\/2026\/03\/Batxillerat_art_escenic_curriculum_26_28-300x145.png 300w, https:\/\/agora.xtec.cat\/ins-itaeb\/wp-content\/uploads\/usu2388\/2026\/03\/Batxillerat_art_escenic_curriculum_26_28-768x370.png 768w\" sizes=\"auto, (max-width: 991px) 100vw, 991px\" \/><\/a><\/p>\n<p>&nbsp;<\/p>\n<p><b>INSTAL\u00b7LACIONS:<\/b><span style=\"font-weight: 400;\"> El centre comptar\u00e0 amb aules t\u00e8cniques d\u2019Imatge i So, d&#8217;estudis de so i discj\u00f2quei, estudi de realitzaci\u00f3 i producci\u00f3 audiovisual, a m\u00e9s d\u2019un espai esc\u00e8nic per poder fer pr\u00e0ctiques.\u00a0<\/span><\/p>\n<p><b>ACC\u00c9S: <\/b><span style=\"font-weight: 400;\">Tenir el t\u00edtol de graduat de l&#8217;ESO o equivalent.<\/span><span style=\"font-weight: 400;\">\u00a0<\/span><\/p>\n<p><strong>ADRECES D&#8217;INTER\u00c9S:<\/strong><\/p>\n<ul>\n<li><a href=\"https:\/\/www.gencat.cat\/ensenyament\/eac\/pdf\/BATXLOE_1000_CA.pdf\" target=\"_blank\" rel=\"noopener\">FITXA DELS ESTUDIS: https:\/\/www.gencat.cat\/ensenyament\/eac\/pdf\/BATXLOE_1000_CA.pdf<\/a><\/li>\n<li><a style=\"font-family: inherit; font-size: 1em;\" href=\"https:\/\/triaeducativa.gencat.cat\/ca\/estudis\/?batxillerat-arts&amp;p_id=4\" target=\"_blank\" rel=\"noopener\">Tria educativa Gencat (https:\/\/triaeducativa.gencat.cat\/ca\/estudis\/?batxillerat-arts&amp;p_id=4)<\/a><\/li>\n<\/ul>\n","protected":false},"excerpt":{"rendered":"<p>HORARIS: Torn de mat\u00ed de 08:00 a 14:10.<br \/>\nUBICACI\u00d3: Carrer Almog\u00e0vers, 131.\u00a0<br \/>\nPLACES: 29 places.<br \/>\nPREU: Aquest estudi \u00e9s gratu\u00eft en els centres dependents del Departament d\u2019Educaci\u00f3 i Formaci\u00f3 Professional. A l\u2019ITAEB, l\u2019alumnat \/ fam\u00edlies paga 150\u20ac de quota anual per material i 50\u20ac en concepte de sortides&hellip;  <a href=\"https:\/\/agora.xtec.cat\/ins-itaeb\/estudis\/batxillerat-darts-esceniques\/\" title=\"Read Batxillerat d&#8217;Arts Esc\u00e8niques\">Llegeix m\u00e9s\u00bb<\/a><\/p>\n","protected":false},"author":1,"featured_media":0,"parent":195,"menu_order":0,"comment_status":"closed","ping_status":"closed","template":"page-templates\/side-menu.php","meta":{"_bbp_topic_count":0,"_bbp_reply_count":0,"_bbp_total_topic_count":0,"_bbp_total_reply_count":0,"_bbp_voice_count":0,"_bbp_anonymous_reply_count":0,"_bbp_topic_count_hidden":0,"_bbp_reply_count_hidden":0,"_bbp_forum_subforum_count":0,"footnotes":""},"class_list":["post-844","page","type-page","status-publish","hentry"],"post_mailing_queue_ids":[],"_links":{"self":[{"href":"https:\/\/agora.xtec.cat\/ins-itaeb\/wp-json\/wp\/v2\/pages\/844","targetHints":{"allow":["GET"]}}],"collection":[{"href":"https:\/\/agora.xtec.cat\/ins-itaeb\/wp-json\/wp\/v2\/pages"}],"about":[{"href":"https:\/\/agora.xtec.cat\/ins-itaeb\/wp-json\/wp\/v2\/types\/page"}],"author":[{"embeddable":true,"href":"https:\/\/agora.xtec.cat\/ins-itaeb\/wp-json\/wp\/v2\/users\/1"}],"replies":[{"embeddable":true,"href":"https:\/\/agora.xtec.cat\/ins-itaeb\/wp-json\/wp\/v2\/comments?post=844"}],"version-history":[{"count":6,"href":"https:\/\/agora.xtec.cat\/ins-itaeb\/wp-json\/wp\/v2\/pages\/844\/revisions"}],"predecessor-version":[{"id":3614,"href":"https:\/\/agora.xtec.cat\/ins-itaeb\/wp-json\/wp\/v2\/pages\/844\/revisions\/3614"}],"up":[{"embeddable":true,"href":"https:\/\/agora.xtec.cat\/ins-itaeb\/wp-json\/wp\/v2\/pages\/195"}],"wp:attachment":[{"href":"https:\/\/agora.xtec.cat\/ins-itaeb\/wp-json\/wp\/v2\/media?parent=844"}],"curies":[{"name":"wp","href":"https:\/\/api.w.org\/{rel}","templated":true}]}}