{"id":838,"date":"2023-07-06T02:12:09","date_gmt":"2023-07-06T00:12:09","guid":{"rendered":"https:\/\/agora.xtec.cat\/ins-itaeb\/?page_id=838"},"modified":"2026-03-25T14:41:16","modified_gmt":"2026-03-25T13:41:16","slug":"batxillerat-tecnologic-audiovisual","status":"publish","type":"page","link":"https:\/\/agora.xtec.cat\/ins-itaeb\/estudis\/batxillerat-tecnologic-audiovisual\/","title":{"rendered":"Batxillerat Tecnol\u00f2gic (Audiovisual)"},"content":{"rendered":"<p><b>HORARIS:<\/b><span style=\"font-weight: 400;\"> Torn de mat\u00ed de 08:00 a 14:10.<\/span><\/p>\n<p><b>UBICACI\u00d3:<\/b><span style=\"font-weight: 400;\"> Carrer Almog\u00e0vers, 131<\/span><\/p>\n<p><b>PLACES:<\/b><span style=\"font-weight: 400;\"> 33 places.<\/span><\/p>\n<p><b>PREU:<\/b><span style=\"font-weight: 400;\"> Aquest estudi \u00e9s gratu\u00eft en els centres dependents del Departament d&#8217;Educaci\u00f3 i Formaci\u00f3 Professional. A l&#8217;ITAEB, l&#8217;alumnat \/ fam\u00edlies paga 150\u20ac de quota anual per material i 50\u20ac en concepte de sortides curriculars (Total: 200\u20ac)<\/span><\/p>\n<p><b>ESTUDIS: <\/b><span style=\"font-family: inherit; font-size: 1em;\">Batxillerat Tecnol\u00f2gic amb proposta metodol\u00f2gica de Batxillerat Professionalitzador Audiovisual (tamb\u00e9 a les mat\u00e8ries comunes). <\/span><span style=\"font-family: inherit; font-size: 1em;\">Orientaci\u00f3 de Batxillerat de doble via:<\/span><\/p>\n<ul>\n<li><span style=\"font-family: inherit; font-size: 1em;\">Professionalitzadora dirigida als nostres CFGS audiovisuals (Realitzaci\u00f3 i Producci\u00f3 audiovisual), i d\u2019Arts Esc\u00e8niques (el 60% de l\u2019alumnat prov\u00e9 de batxillerat).<\/span><\/li>\n<li>Graus universitaris (enginyeries, Comunicaci\u00f3 Audiovisual\u2026)<\/li>\n<\/ul>\n<p><span style=\"font-weight: 400;\">Estudis organitzats per mat\u00e8ries comunes, de modalitat i optatives (Projecte sobre cinema en col\u00b7laboraci\u00f3 amb: A Bau A Qu)<\/span><a href=\"https:\/\/agora.xtec.cat\/ins-itaeb\/wp-content\/uploads\/usu2388\/2026\/03\/Batxillerat_tecnologic_av_curriculum_26_28.png\"><img loading=\"lazy\" decoding=\"async\" class=\"aligncenter size-full wp-image-3611\" src=\"https:\/\/agora.xtec.cat\/ins-itaeb\/wp-content\/uploads\/usu2388\/2026\/03\/Batxillerat_tecnologic_av_curriculum_26_28.png\" alt=\"\" width=\"990\" height=\"443\" srcset=\"https:\/\/agora.xtec.cat\/ins-itaeb\/wp-content\/uploads\/usu2388\/2026\/03\/Batxillerat_tecnologic_av_curriculum_26_28.png 990w, https:\/\/agora.xtec.cat\/ins-itaeb\/wp-content\/uploads\/usu2388\/2026\/03\/Batxillerat_tecnologic_av_curriculum_26_28-300x134.png 300w, https:\/\/agora.xtec.cat\/ins-itaeb\/wp-content\/uploads\/usu2388\/2026\/03\/Batxillerat_tecnologic_av_curriculum_26_28-768x344.png 768w\" sizes=\"auto, (max-width: 990px) 100vw, 990px\" \/><\/a><\/p>\n<p>&nbsp;<\/p>\n<p><b>INSTAL\u00b7LACIONS:<\/b><span style=\"font-weight: 400;\"> El centre compta amb aules t\u00e8cniques d\u2019imatge, estudis de so i discj\u00f2quei, estudi de realitzaci\u00f3 i producci\u00f3 audiovisual, a m\u00e9s d\u2019un espai esc\u00e8nic per poder fer pr\u00e0ctiques.\u00a0<\/span><\/p>\n<p><b>REQUISITS D&#8217;ACC\u00c9S: <\/b><span style=\"font-weight: 400;\">Tenir el t\u00edtol de graduat d&#8217;ESO o equivalent.<\/span><span style=\"font-weight: 400;\">\u00a0<\/span><\/p>\n<p><strong>ADRECES D&#8217;INTER\u00c8S:<\/strong><\/p>\n<ul style=\"list-style-type: disc;\">\n<li><a href=\"https:\/\/triaeducativa.gencat.cat\/ca\/batxillerat\/index.html\" target=\"_blank\" rel=\"noopener\">TRIA EDUCATIVA GENCAT: https:\/\/triaeducativa.gencat.cat\/ca\/batxillerat\/index.html<\/a><\/li>\n<li><a href=\"https:\/\/www.gencat.cat\/ensenyament\/eac\/pdf\/BATXLOE_2000_CA.pdf\" target=\"_blank\" rel=\"noopener\">FITXA DELS ESTUDIS<\/a> (https:\/\/www.gencat.cat\/ensenyament\/eac\/pdf\/BATXLOE_2000_CA.pdf)<\/li>\n<\/ul>\n<p>&nbsp;<\/p>\n","protected":false},"excerpt":{"rendered":"<p>HORARIS: Torn de mat\u00ed de 08:00 a 14:10.<br \/>\nUBICACI\u00d3: Carrer Almog\u00e0vers, 131<br \/>\nPLACES: 33 places.<br \/>\nPREU: Aquest estudi \u00e9s gratu\u00eft en els centres dependents del Departament d&#8217;Educaci\u00f3 i Formaci\u00f3 Professional. A l&#8217;ITAEB, l&#8217;alumnat \/ fam\u00edlies paga 150\u20ac de quota anual per material i 50\u20ac en concepte de sortides&hellip;  <a href=\"https:\/\/agora.xtec.cat\/ins-itaeb\/estudis\/batxillerat-tecnologic-audiovisual\/\" title=\"Read Batxillerat Tecnol\u00f2gic (Audiovisual)\">Llegeix m\u00e9s\u00bb<\/a><\/p>\n","protected":false},"author":1,"featured_media":0,"parent":195,"menu_order":0,"comment_status":"closed","ping_status":"closed","template":"page-templates\/side-menu.php","meta":{"_bbp_topic_count":0,"_bbp_reply_count":0,"_bbp_total_topic_count":0,"_bbp_total_reply_count":0,"_bbp_voice_count":0,"_bbp_anonymous_reply_count":0,"_bbp_topic_count_hidden":0,"_bbp_reply_count_hidden":0,"_bbp_forum_subforum_count":0,"footnotes":""},"class_list":["post-838","page","type-page","status-publish","hentry"],"post_mailing_queue_ids":[],"_links":{"self":[{"href":"https:\/\/agora.xtec.cat\/ins-itaeb\/wp-json\/wp\/v2\/pages\/838","targetHints":{"allow":["GET"]}}],"collection":[{"href":"https:\/\/agora.xtec.cat\/ins-itaeb\/wp-json\/wp\/v2\/pages"}],"about":[{"href":"https:\/\/agora.xtec.cat\/ins-itaeb\/wp-json\/wp\/v2\/types\/page"}],"author":[{"embeddable":true,"href":"https:\/\/agora.xtec.cat\/ins-itaeb\/wp-json\/wp\/v2\/users\/1"}],"replies":[{"embeddable":true,"href":"https:\/\/agora.xtec.cat\/ins-itaeb\/wp-json\/wp\/v2\/comments?post=838"}],"version-history":[{"count":6,"href":"https:\/\/agora.xtec.cat\/ins-itaeb\/wp-json\/wp\/v2\/pages\/838\/revisions"}],"predecessor-version":[{"id":3612,"href":"https:\/\/agora.xtec.cat\/ins-itaeb\/wp-json\/wp\/v2\/pages\/838\/revisions\/3612"}],"up":[{"embeddable":true,"href":"https:\/\/agora.xtec.cat\/ins-itaeb\/wp-json\/wp\/v2\/pages\/195"}],"wp:attachment":[{"href":"https:\/\/agora.xtec.cat\/ins-itaeb\/wp-json\/wp\/v2\/media?parent=838"}],"curies":[{"name":"wp","href":"https:\/\/api.w.org\/{rel}","templated":true}]}}