{"id":81,"date":"2014-09-18T10:38:05","date_gmt":"2014-09-18T10:38:05","guid":{"rendered":"http:\/\/agora.xtec.cat\/ins-itaeb\/?page_id=81"},"modified":"2026-04-10T09:29:03","modified_gmt":"2026-04-10T07:29:03","slug":"secretaria","status":"publish","type":"page","link":"https:\/\/agora.xtec.cat\/ins-itaeb\/secretaria\/","title":{"rendered":"Tr\u00e0mits"},"content":{"rendered":"<h5>HORARI\u00a0 SECRETARIA<\/h5>\n<p>Atenci\u00f3 presencial (Almog\u00e0vers, 131): Matins de dilluns a divendres de 9:30 a 13:30. Tardes de dimecres de 15:15h a 17:15h.<\/p>\n<p>Atenci\u00f3 telef\u00f2nica (mateix horari): Tel. 935197149<\/p>\n<p>Per qualsevol dubte, consulta o aclariment, contacteu-nos per correu electr\u00f2nic: secretaria@itaeb.cat<\/p>\n<ul>\n<li><a href=\"https:\/\/agora.xtec.cat\/ins-itaeb\/secretaria\/preinscripcio-i-matricula-curs-2025-26\/\" target=\"_blank\" rel=\"noopener\">PREINSCRIPCI\u00d3 I MATR\u00cdCULA CURS 2026-27<\/a><\/li>\n<li><span style=\"color: #000000;\"><a href=\"https:\/\/tramits.gencat.cat\/ca\/tramits\/tramits-temes\/titols-academics-no-universitaris\" target=\"_blank\" rel=\"noopener\">Sol\u00b7licitud de t\u00edtols acad\u00e8mics i professionals no universitaris<\/a>:<\/span><\/li>\n<\/ul>\n<p style=\"padding-left: 40px;\">Amb aquest tr\u00e0mit podeu demanar una primera expedici\u00f3, un duplicat o una actualitzaci\u00f3 del vostre t\u00edtol. Cal que envieu un correu al centre per avisar que heu fet la sol\u00b7licitud per poder validar les vostres dades. Aqu\u00ed teniu una guia del proc\u00e9s: <a href=\"https:\/\/agora.xtec.cat\/ins-itaeb\/wp-content\/uploads\/usu2388\/2026\/03\/sollicitud-primera-expedicio.pdf\" target=\"_blank\" rel=\"noopener\">Guia primera expedici\u00f3 del t\u00edtol.<\/a><\/p>\n<p><strong>M\u00c9S INFORMACI\u00d3<\/strong><\/p>\n<ul>\n<li><a href=\"https:\/\/fp.edubcn.cat\/oficina-acces\" target=\"_blank\" rel=\"noopener\">Oficina acc\u00e9s a la Formaci\u00f3 Professional<\/a>: Ofereixen assessorament sobre els itineraris a seguir i suport en el proc\u00e9s de preinscripci\u00f3 i matr\u00edcula per correu electr\u00f2nic, tel\u00e8fon, WhatsApp, videoconfer\u00e8ncia i de forma presencial.<\/li>\n<\/ul>\n","protected":false},"excerpt":{"rendered":"<p>HORARI\u00a0 SECRETARIA<br \/>\nAtenci\u00f3 presencial (Almog\u00e0vers, 131): Matins de dilluns a divendres de 9:30 a 13:30. Tardes de dimecres de 15:15h a 17:15h.<br \/>\nAtenci\u00f3 telef\u00f2nica (mateix horari): Tel. 935197149<br \/>\nPer qualsevol dubte, consulta o aclariment, contacteu-nos per correu electr\u00f2nic: secretaria@itaeb.cat<\/p>\n<ul>\n<li><a href=\"https:\/\/agora.xtec.cat\/ins-itaeb\/secretaria\/preinscripcio-i-matricula-curs-2025-26\/\" target=\"_blank\" rel=\"noopener\">PREINSCRIPCI\u00d3 I MATR\u00cdCULA CURS 2026-27<\/a><\/li>\n<li><a href=\"https:\/\/tramits.gencat.cat\/ca\/tramits\/tramits-temes\/titols-academics-no-universitaris\" target=\"_blank\"&hellip;  <a href=\"https:\/\/agora.xtec.cat\/ins-itaeb\/secretaria\/\" title=\"Read Tr\u00e0mits\">Llegeix m\u00e9s\u00bb<\/a><br \/>\n","protected":false},"author":1,"featured_media":0,"parent":0,"menu_order":0,"comment_status":"closed","ping_status":"closed","template":"","meta":{"_bbp_topic_count":0,"_bbp_reply_count":0,"_bbp_total_topic_count":0,"_bbp_total_reply_count":0,"_bbp_voice_count":0,"_bbp_anonymous_reply_count":0,"_bbp_topic_count_hidden":0,"_bbp_reply_count_hidden":0,"_bbp_forum_subforum_count":0,"footnotes":""},"class_list":["post-81","page","type-page","status-publish","hentry"],"post_mailing_queue_ids":[],"_links":{"self":[{"href":"https:\/\/agora.xtec.cat\/ins-itaeb\/wp-json\/wp\/v2\/pages\/81","targetHints":{"allow":["GET"]}}],"collection":[{"href":"https:\/\/agora.xtec.cat\/ins-itaeb\/wp-json\/wp\/v2\/pages"}],"about":[{"href":"https:\/\/agora.xtec.cat\/ins-itaeb\/wp-json\/wp\/v2\/types\/page"}],"author":[{"embeddable":true,"href":"https:\/\/agora.xtec.cat\/ins-itaeb\/wp-json\/wp\/v2\/users\/1"}],"replies":[{"embeddable":true,"href":"https:\/\/agora.xtec.cat\/ins-itaeb\/wp-json\/wp\/v2\/comments?post=81"}],"version-history":[{"count":6,"href":"https:\/\/agora.xtec.cat\/ins-itaeb\/wp-json\/wp\/v2\/pages\/81\/revisions"}],"predecessor-version":[{"id":3733,"href":"https:\/\/agora.xtec.cat\/ins-itaeb\/wp-json\/wp\/v2\/pages\/81\/revisions\/3733"}],"wp:attachment":[{"href":"https:\/\/agora.xtec.cat\/ins-itaeb\/wp-json\/wp\/v2\/media?parent=81"}],"curies":[{"name":"wp","href":"https:\/\/api.w.org\/{rel}","templated":true}]}}