{"id":794,"date":"2023-06-06T04:25:20","date_gmt":"2023-06-06T02:25:20","guid":{"rendered":"https:\/\/agora.xtec.cat\/ins-itaeb\/?page_id=794"},"modified":"2026-04-09T09:22:40","modified_gmt":"2026-04-09T07:22:40","slug":"cfgm-video-discjoquei-i-so","status":"publish","type":"page","link":"https:\/\/agora.xtec.cat\/ins-itaeb\/estudis\/cfgm-video-discjoquei-i-so\/","title":{"rendered":"CFGM Video, Discj\u00f2quei i So"},"content":{"rendered":"<p><span style=\"color: #ff0000;\"><strong>CAT<\/strong><\/span><\/p>\n<p><b>HORARIS:<\/b><span style=\"font-weight: 400;\"> Torn de mat\u00ed de 08:00 a 14:10h.<\/span><\/p>\n<p><b>UBICACI\u00d3:<\/b><span style=\"font-weight: 400;\"> Carrer Almog\u00e0vers, 131.<\/span><\/p>\n<p><b>PLACES:<\/b><span style=\"font-weight: 400;\"> 31 places.<\/span><\/p>\n<p><b>PREU:<\/b><span style=\"font-weight: 400;\"> Aquest estudi no t\u00e9 quota curricular (preu p\u00fablic) en els centres dependents del Departament d&#8217;Educaci\u00f3 (150\u20ac de quota anual per material + 50\u20ac sortides + material d&#8217;\u00fas personal).<\/span><\/p>\n<p><b>ESTUDIS:<\/b><span style=\"font-weight: 400;\"> Organitzats per M\u00f2duls Professionals com ordena el <\/span><a href=\"http:\/\/dogc.gencat.cat\/ca\/pdogc_canals_interns\/pdogc_resultats_fitxa\/?action=fitxa&amp;mode=single&amp;documentId=796226&amp;language=ca_ES\" target=\"_blank\" rel=\"noopener\"><span style=\"font-weight: 400;\">curr\u00edculum prescriptiu<\/span><\/a><span style=\"font-weight: 400;\">.\u00a0<\/span><\/p>\n<ul class=\"llista-especial\">\n<li>Instal\u00b7laci\u00f3 i muntatge d&#8217;equips de so<\/li>\n<li>Captaci\u00f3 i enregistrament de so<\/li>\n<li>Control, edici\u00f3 i mescla de so<\/li>\n<li>Preparaci\u00f3 de sessions de v\u00eddeo discj\u00f2quei<\/li>\n<li>Animaci\u00f3 musical en viu<\/li>\n<li>Animaci\u00f3 visual en viu<\/li>\n<li>Presa i edici\u00f3 digital d&#8217;imatge<\/li>\n<li>Angl\u00e8s professional<\/li>\n<li>Digitalitzaci\u00f3 aplicada als sectors productius<\/li>\n<li>Sostenibilitat aplicada al sistema productiu<\/li>\n<li>Itinerari personal per a l&#8217;ocupabilitat I<\/li>\n<li>Itinerari personal per a l&#8217;ocupabilitat II<\/li>\n<li>Projecte intermodular<\/li>\n<li>M\u00f2dul professional optatiu<\/li>\n<\/ul>\n<p><b>REQUISITS D&#8217;ACC\u00c9S: <\/b><span style=\"font-weight: 400;\">Tenir el t\u00edtol de graduat en educaci\u00f3 secund\u00e0ria obligat\u00f2ria, haver superat el <\/span><a href=\"https:\/\/triaeducativa.gencat.cat\/ca\/cursos-acces-cicles\/\" target=\"_blank\" rel=\"noopener\"><span style=\"font-weight: 400;\">curs espec\u00edfic per a l&#8217;acc\u00e9s als cicles de grau mitj\u00e0<\/span><\/a><span style=\"font-weight: 400;\"><a href=\"https:\/\/triaeducativa.gencat.cat\/ca\/cursos-acces-cicles\/\">,<\/a> tenir el t\u00edtol de t\u00e8cnic o de t\u00e8cnic auxiliar\u2026\u00a0<\/span><\/p>\n<p><b>PROFESSORAT:<\/b><span style=\"font-weight: 400;\"> titulats en comunicaci\u00f3 audiovisual, t\u00e8cnics d\u2019imatge i so, en actiu i amb experi\u00e8ncia en altres centres p\u00fablics.<\/span><\/p>\n<p><b>INSTAL\u00b7LACIONS:<\/b><span style=\"font-weight: 400;\"> El centre comptar\u00e0 amb una aula t\u00e8cnica d\u2019Imatge i So, estudi de so i discj\u00f2quei, estudi de realitzaci\u00f3 i producci\u00f3 audiovisual, a m\u00e9s d\u2019un espai esc\u00e8nic per poder fer pr\u00e0ctiques (Orfe\u00f3 Martinenc i Sala Razzmatazz).\u00a0<\/span><\/p>\n<p><b>PR\u00c0CTIQUES EN CENTRES DE TREBALL:<\/b><span style=\"font-weight: 400;\"> Activitats formatives de refer\u00e8ncia relacionades als diferents m\u00f2duls del cicle en empreses i entitats del sector.\u00a0<\/span><\/p>\n<p><span style=\"font-weight: 400;\">Trobareu m\u00e9s informaci\u00f3 sobre aquests estudis en els seg\u00fcents enlla\u00e7os:\u00a0<\/span><\/p>\n<ul>\n<li><a href=\"https:\/\/www.gencat.cat\/ensenyament\/eac\/pdf\/CFPM____IS10_CA.pdf\">FITXA DELS ESTUDIS<\/a><\/li>\n<li><a href=\"https:\/\/triaeducativa.gencat.cat\/ca\/estudis\/?video-discjoquei-so&amp;p_id=2050\">TRIA EDUCATIVA\u00a0<\/a><\/li>\n<\/ul>\n<p><span style=\"color: #ff0000;\"><strong>ENG<\/strong><\/span><\/p>\n<p><b>Intermediate Vocational Education and Training (VET) program:<\/b><\/p>\n<ul>\n<li style=\"font-weight: 400;\" aria-level=\"1\"><span style=\"font-weight: 400;\">\u00a0Video, DJ, and Sound:<\/span>\n<ul>\n<li style=\"font-weight: 400;\" aria-level=\"1\">Duration: 2 years (4 semesters), with a total of 2,000 hours of teaching, practical work, and assessment.<\/li>\n<li style=\"font-weight: 400;\" aria-level=\"1\">ECTS credits: 120 ECTS (60 ECTS per year)<\/li>\n<li aria-level=\"1\">Language: catalan<\/li>\n<\/ul>\n<\/li>\n<\/ul>\n","protected":false},"excerpt":{"rendered":"<p>CAT<br \/>\nHORARIS: Torn de mat\u00ed de 08:00 a 14:10h.<br \/>\nUBICACI\u00d3: Carrer Almog\u00e0vers, 131.<br \/>\nPLACES: 31 places.<br \/>\nPREU: Aquest estudi no t\u00e9 quota curricular (preu p\u00fablic) en els centres dependents del Departament d&#8217;Educaci\u00f3 (150\u20ac de quota anual per material + 50\u20ac sortides + material d&#8217;\u00fas personal).<br \/>\nESTUDIS: Organitzats per M\u00f2duls Professionals&hellip;  <a href=\"https:\/\/agora.xtec.cat\/ins-itaeb\/estudis\/cfgm-video-discjoquei-i-so\/\" title=\"Read CFGM Video, Discj\u00f2quei i So\">Llegeix m\u00e9s\u00bb<\/a><\/p>\n","protected":false},"author":1,"featured_media":0,"parent":195,"menu_order":0,"comment_status":"closed","ping_status":"closed","template":"page-templates\/side-menu.php","meta":{"_bbp_topic_count":0,"_bbp_reply_count":0,"_bbp_total_topic_count":0,"_bbp_total_reply_count":0,"_bbp_voice_count":0,"_bbp_anonymous_reply_count":0,"_bbp_topic_count_hidden":0,"_bbp_reply_count_hidden":0,"_bbp_forum_subforum_count":0,"footnotes":""},"class_list":["post-794","page","type-page","status-publish","hentry"],"post_mailing_queue_ids":[],"_links":{"self":[{"href":"https:\/\/agora.xtec.cat\/ins-itaeb\/wp-json\/wp\/v2\/pages\/794","targetHints":{"allow":["GET"]}}],"collection":[{"href":"https:\/\/agora.xtec.cat\/ins-itaeb\/wp-json\/wp\/v2\/pages"}],"about":[{"href":"https:\/\/agora.xtec.cat\/ins-itaeb\/wp-json\/wp\/v2\/types\/page"}],"author":[{"embeddable":true,"href":"https:\/\/agora.xtec.cat\/ins-itaeb\/wp-json\/wp\/v2\/users\/1"}],"replies":[{"embeddable":true,"href":"https:\/\/agora.xtec.cat\/ins-itaeb\/wp-json\/wp\/v2\/comments?post=794"}],"version-history":[{"count":6,"href":"https:\/\/agora.xtec.cat\/ins-itaeb\/wp-json\/wp\/v2\/pages\/794\/revisions"}],"predecessor-version":[{"id":3727,"href":"https:\/\/agora.xtec.cat\/ins-itaeb\/wp-json\/wp\/v2\/pages\/794\/revisions\/3727"}],"up":[{"embeddable":true,"href":"https:\/\/agora.xtec.cat\/ins-itaeb\/wp-json\/wp\/v2\/pages\/195"}],"wp:attachment":[{"href":"https:\/\/agora.xtec.cat\/ins-itaeb\/wp-json\/wp\/v2\/media?parent=794"}],"curies":[{"name":"wp","href":"https:\/\/api.w.org\/{rel}","templated":true}]}}