{"id":792,"date":"2023-06-06T04:22:29","date_gmt":"2023-06-06T02:22:29","guid":{"rendered":"https:\/\/agora.xtec.cat\/ins-itaeb\/?page_id=792"},"modified":"2026-03-25T17:52:54","modified_gmt":"2026-03-25T16:52:54","slug":"cfgs-tecniques-dactuacio-teatral","status":"publish","type":"page","link":"https:\/\/agora.xtec.cat\/ins-itaeb\/estudis\/cfgs-tecniques-dactuacio-teatral\/","title":{"rendered":"CFGS de T\u00e8cniques d&#8217;Actuaci\u00f3 Teatral"},"content":{"rendered":"<p><span style=\"color: #ff0000;\"><strong>CAT<\/strong><\/span><\/p>\n<p><b>HORARIS<\/b><span style=\"font-weight: 400;\">:\u00a0<\/span><\/p>\n<ul>\n<li>1r curs: torn de tarda, de 15:00 a 21:10h<\/li>\n<li>2n curs: torn de mat\u00ed, de 08:00 a 14:10h<\/li>\n<\/ul>\n<p><b>UBICACI\u00d3<\/b><span style=\"font-weight: 400;\">: Espai Esc\u00e8nic i Aules de l&#8217;edifici del carrer Almog\u00e0vers.<\/span><\/p>\n<p><b>PLACES<\/b><span style=\"font-weight: 400;\">: 30 places pel 1r curs.<\/span><\/p>\n<p><b>PREU<\/b><span style=\"font-weight: 400;\">: Les taxes p\u00fabliques del cicle s\u00f3n de 360\u20ac + quota de material 150\u20ac <span style=\"color: #808080;\"><em>(pendent actualitzaci\u00f3)<\/em><\/span> + 50\u20ac sortides <span style=\"color: #808080;\"><em>(pendent actualitzaci\u00f3)<\/em><\/span>. Total: 560\u20ac tot el curs.<\/span><\/p>\n<p><b>ESTUDIS<\/b><span style=\"font-weight: 400;\">: T\u00e9 una durada de 2.000 hores, en dos anys acad\u00e8mics. Organitzat en diferents m\u00f2duls i Unitats Formatives:<\/span><\/p>\n<ul>\n<li style=\"font-weight: 400;\" aria-level=\"1\"><span style=\"font-weight: 400;\">T\u00e8cniques d\u2019Interpretaci\u00f3 (462 hores)<\/span><\/li>\n<li style=\"font-weight: 400;\" aria-level=\"1\"><span style=\"font-weight: 400;\">T\u00e8cniques de Moviment (363 hores)<\/span><\/li>\n<li style=\"font-weight: 400;\" aria-level=\"1\"><span style=\"font-weight: 400;\">T\u00e8cniques de Veu i Cant (330 hores)<\/span><\/li>\n<li style=\"font-weight: 400;\" aria-level=\"1\"><span style=\"font-weight: 400;\">Entrenament en Activitats Comunicatives (33 hores)<\/span><\/li>\n<li style=\"font-weight: 400;\" aria-level=\"1\"><span style=\"font-weight: 400;\">Activitats de Dinamitzaci\u00f3 (33 hores)<\/span><\/li>\n<li style=\"font-weight: 400;\" aria-level=\"1\"><span style=\"font-weight: 400;\">Formaci\u00f3 i Orientaci\u00f3 Laboral (66 hores)<\/span><\/li>\n<li style=\"font-weight: 400;\" aria-level=\"1\"><span style=\"font-weight: 400;\">Projecte Integrat (119 hores)<\/span><\/li>\n<li style=\"font-weight: 400;\" aria-level=\"1\"><span style=\"font-weight: 400;\">Pr\u00e0ctiques en Empreses, Estudis o Tallers (165 hores)<\/span><\/li>\n<\/ul>\n<p><b>PROFESSORAT<\/b><span style=\"font-weight: 400;\">: Especialistes d\u2019arts esc\u00e8niques en actiu, de teatre, m\u00fasica i dansa amb \u00e0mplia experi\u00e8ncia docent en centres p\u00fablics i privats.<\/span><\/p>\n<p><b>INSTAL\u00b7LACIONS<\/b><span style=\"font-weight: 400;\">: Disposem d&#8217;aules te\u00f2riques m\u00e9s espais t\u00e8cnics d\u2019Imatge i So, estudi de so i discj\u00f2quei, estudi de realitzaci\u00f3 i producci\u00f3 audiovisual i els espais esc\u00e8nics del centre.<\/span><\/p>\n<p><b>PR\u00c0CTIQUES EN CENTRES DE TREBALL<\/b><span style=\"font-weight: 400;\">: Activitats formatives de refer\u00e8ncia relacionades als diferents m\u00f2duls del cicle en empreses i entitats del sector.\u00a0<\/span><\/p>\n<p><b>CONDICIONS D\u2019ACC\u00c9S: <\/b><\/p>\n<p>Per accedir a aquests cicles formatius cal complir dos requisits:<\/p>\n<ol>\n<li>Estar en possessi\u00f3 del t\u00edtol de batxillerat o un d&#8217;equivalent, (edat m\u00ednima de 18 anys complerts dins de l\u2019any natural) o haver superat la prova d&#8217;acc\u00e9s als cicles formatius de grau superior (en aquest segon cas, edat m\u00ednima de 19 anys complerts dins de l\u2019any natural). <a href=\"https:\/\/portaljuridic.gencat.cat\/ca\/document-del-pjur\/?documentId=656556\" target=\"_blank\" rel=\"noopener\">Article 30.2 del Decret 28\/2014 de 4 de mar\u00e7, d&#8217;ordenaci\u00f3 general dels ensenyaments professionals d&#8217;arts pl\u00e0stiques i disseny.<\/a><\/li>\n<li>Superar la prova espec\u00edfica d&#8217;acc\u00e9s, que permet a l&#8217;aspirant demostrar les aptituds necess\u00e0ries per cursar aquest ensenyament. La superaci\u00f3 d&#8217;aquesta prova tindr\u00e0 validesa durant el curs acad\u00e8mic corresponent a l&#8217;any en qu\u00e8 es faci la prova.<\/li>\n<\/ol>\n<p><b>PROVA ESPEC\u00cdFICA D\u2019ACC\u00c9S: <\/b>L\u2019objectiu de la prova espec\u00edfica d\u2019acc\u00e9s \u00e9s que la persona aspirant demostri les aptituds i els coneixements art\u00edstics necessaris per cursar amb aprofitament els ensenyaments conduents als t\u00edtols de la Generalitat de t\u00e8cnic o t\u00e8cnica superior en T\u00e8cniques d&#8217;Actuaci\u00f3 Teatral.<\/p>\n<p><strong>SOL\u00b7LICITUD D&#8217;ACC\u00c9S:<\/strong><\/p>\n<p>Amb la sol\u00b7licitud per fer la prova espec\u00edfica d\u2019acc\u00e9s en un centre es formalitza la sol\u00b7licitud de preinscripci\u00f3 en aquest mateix centre. La sol\u00b7licitud es formalitzar\u00e0 a trav\u00e9s d\u2019un formulari que es trobar\u00e0 a la p\u00e0gina web del centre.<\/p>\n<p>M\u00e9s informaci\u00f3 sobre la inscripci\u00f3 a les proves d&#8217;acc\u00e9s espec\u00edfiques: <a href=\"https:\/\/triaeducativa.gencat.cat\/ca\/proves\/proves-acces\/arts-esceniques\/actuacio-teatral\/\" target=\"_blank\" rel=\"noopener\"><strong>Inscripci\u00f3 a la prova<\/strong><\/a><\/p>\n<p>Trobareu m\u00e9s informaci\u00f3 sobre aquests estudis en els seg\u00fcents enlla\u00e7os:<\/p>\n<ul>\n<li style=\"font-weight: 400;\" aria-level=\"1\"><a href=\"https:\/\/www.gencat.cat\/ensenyament\/eac\/pdf\/ESCS____TEA0_CA.pdf\" target=\"_blank\" rel=\"noopener\">FITXA DELS ESTUDIS (https:\/\/www.gencat.cat\/ensenyament\/eac\/pdf\/ESCS____TEA0_CA.pdf)<\/a><\/li>\n<li style=\"font-weight: 400;\" aria-level=\"1\"><a href=\"https:\/\/triaeducativa.gencat.cat\/ca\/estudis\/?tecniques-actuacio-teatral&amp;p_id=4330\" target=\"_blank\" rel=\"noopener\">Tria educativa Gencat: https:\/\/triaeducativa.gencat.cat\/ca\/estudis\/?tecniques-actuacio-teatral&amp;p_id=4330<\/a><\/li>\n<\/ul>\n<p><span style=\"color: #ff0000;\"><strong>ENG<\/strong><\/span><\/p>\n<p><b>Higher Vocational Education and Training programs:<\/b><\/p>\n<ul>\n<li style=\"font-weight: 400;\" aria-level=\"1\"><span style=\"font-weight: 400;\">Theatre Performance Techniques:<\/span>\n<ul>\n<li style=\"font-weight: 400;\" aria-level=\"1\">Duration: 2 years (4 semesters), with a total of 2,000 hours of teaching, practical work, and assessment.<\/li>\n<li style=\"font-weight: 400;\" aria-level=\"1\">ECTS credits: 120 ECTS (60 ECTS per year)<\/li>\n<li aria-level=\"1\">Language: catalan<\/li>\n<\/ul>\n<\/li>\n<\/ul>\n","protected":false},"excerpt":{"rendered":"<p>CAT<br \/>\nHORARIS:\u00a0<\/p>\n<ul>\n<li>1r curs: torn de tarda, de 15:00 a 21:10h<\/li>\n<li>2n curs: torn de mat\u00ed, de 08:00 a 14:10h<\/li>\n<\/ul>\n<p>UBICACI\u00d3: Espai Esc\u00e8nic i Aules de l&#8217;edifici del carrer Almog\u00e0vers.<br \/>\nPLACES: 30 places pel 1r curs.<br \/>\nPREU: Les taxes p\u00fabliques del cicle s\u00f3n de 360\u20ac + quota de material 150\u20ac (pendent&hellip;  <a href=\"https:\/\/agora.xtec.cat\/ins-itaeb\/estudis\/cfgs-tecniques-dactuacio-teatral\/\" title=\"Read CFGS de T\u00e8cniques d&#8217;Actuaci\u00f3 Teatral\">Llegeix m\u00e9s\u00bb<\/a><\/p>\n","protected":false},"author":1,"featured_media":0,"parent":195,"menu_order":0,"comment_status":"closed","ping_status":"closed","template":"page-templates\/side-menu.php","meta":{"_bbp_topic_count":0,"_bbp_reply_count":0,"_bbp_total_topic_count":0,"_bbp_total_reply_count":0,"_bbp_voice_count":0,"_bbp_anonymous_reply_count":0,"_bbp_topic_count_hidden":0,"_bbp_reply_count_hidden":0,"_bbp_forum_subforum_count":0,"footnotes":""},"class_list":["post-792","page","type-page","status-publish","hentry"],"post_mailing_queue_ids":[],"_links":{"self":[{"href":"https:\/\/agora.xtec.cat\/ins-itaeb\/wp-json\/wp\/v2\/pages\/792","targetHints":{"allow":["GET"]}}],"collection":[{"href":"https:\/\/agora.xtec.cat\/ins-itaeb\/wp-json\/wp\/v2\/pages"}],"about":[{"href":"https:\/\/agora.xtec.cat\/ins-itaeb\/wp-json\/wp\/v2\/types\/page"}],"author":[{"embeddable":true,"href":"https:\/\/agora.xtec.cat\/ins-itaeb\/wp-json\/wp\/v2\/users\/1"}],"replies":[{"embeddable":true,"href":"https:\/\/agora.xtec.cat\/ins-itaeb\/wp-json\/wp\/v2\/comments?post=792"}],"version-history":[{"count":6,"href":"https:\/\/agora.xtec.cat\/ins-itaeb\/wp-json\/wp\/v2\/pages\/792\/revisions"}],"predecessor-version":[{"id":3617,"href":"https:\/\/agora.xtec.cat\/ins-itaeb\/wp-json\/wp\/v2\/pages\/792\/revisions\/3617"}],"up":[{"embeddable":true,"href":"https:\/\/agora.xtec.cat\/ins-itaeb\/wp-json\/wp\/v2\/pages\/195"}],"wp:attachment":[{"href":"https:\/\/agora.xtec.cat\/ins-itaeb\/wp-json\/wp\/v2\/media?parent=792"}],"curies":[{"name":"wp","href":"https:\/\/api.w.org\/{rel}","templated":true}]}}