{"id":784,"date":"2023-06-06T04:14:26","date_gmt":"2023-06-06T02:14:26","guid":{"rendered":"https:\/\/agora.xtec.cat\/ins-itaeb\/?page_id=784"},"modified":"2025-10-23T08:38:50","modified_gmt":"2025-10-23T06:38:50","slug":"cfgs-maquinaria-escenica","status":"publish","type":"page","link":"https:\/\/agora.xtec.cat\/ins-itaeb\/estudis\/cfgs-maquinaria-escenica\/","title":{"rendered":"CFGS en Maquin\u00e0ria Esc\u00e8nica"},"content":{"rendered":"<p><span style=\"color: #ff0000;\"><strong>CAT<\/strong><\/span><\/p>\n<p><b>HORARIS<\/b><span style=\"font-weight: 400;\">:\u00a0 <\/span><\/p>\n<ul>\n<li><span style=\"font-weight: 400;\">1r curs: torn de tarda, de 15:00 a 21:10h<\/span><\/li>\n<li>2n curs: torn de mat\u00ed, de 08:00 a 14:10h<\/li>\n<\/ul>\n<p><b>UBICACI\u00d3<\/b><span style=\"font-weight: 400;\">: Espais TNC.<\/span><\/p>\n<p><b>PLACES<\/b><span style=\"font-weight: 400;\">: 30 places pel 1r curs.<\/span><\/p>\n<p><b>PREU<\/b><span style=\"font-weight: 400;\">: Les taxes p\u00fabliques del cicle s\u00f3n de 360\u20ac + quota de material 150\u20ac + 50\u20ac sortides. Total: 560\u20ac tot el curs.<\/span><\/p>\n<p><b>ESTUDIS<\/b><span style=\"font-weight: 400;\">: T\u00e9 una durada de 2.000 hores, en dos anys acad\u00e8mics. Organitzat en diferents m\u00f2duls i Unitats Formatives:<\/span><\/p>\n<ul>\n<li style=\"font-weight: 400;\" aria-level=\"1\"><span style=\"font-weight: 400;\">Fonaments Culturals per a l&#8217;Escenot\u00e8cnia (132 hores)<\/span><\/li>\n<li style=\"font-weight: 400;\" aria-level=\"1\"><span style=\"font-weight: 400;\">Fonaments Tecnol\u00f2gics per a l&#8217;Escenot\u00e8cnia (264 hores)<\/span><\/li>\n<li style=\"font-weight: 400;\" aria-level=\"1\"><span style=\"font-weight: 400;\">Escenot\u00e8cnia (330 hores)<\/span><\/li>\n<li style=\"font-weight: 400;\" aria-level=\"1\"><span style=\"font-weight: 400;\">Pr\u00e0ctica Esc\u00e8nica d&#8217;Escenot\u00e8cnia (165 hores)<\/span><\/li>\n<li style=\"font-weight: 400;\" aria-level=\"1\"><span style=\"font-weight: 400;\">Equips i Instal\u00b7lacions per a la Maquin\u00e0ria Esc\u00e8nica (132 hores)<\/span><\/li>\n<li style=\"font-weight: 400;\" aria-level=\"1\"><span style=\"font-weight: 400;\">Disseny i T\u00e8cniques de Construcci\u00f3 i d&#8217;Acabats d&#8217;Elements Escenogr\u00e0fics (165 hore)<\/span><\/li>\n<li style=\"font-weight: 400;\" aria-level=\"1\"><span style=\"font-weight: 400;\">Fonaments Tecnol\u00f2gics per a la Maquin\u00e0ria Esc\u00e8nica (165 hores)<\/span><\/li>\n<li style=\"font-weight: 400;\" aria-level=\"1\"><span style=\"font-weight: 400;\">Pr\u00e0ctica Esc\u00e8nica de Maquin\u00e0ria Esc\u00e8nica (132 hores)<\/span><\/li>\n<li style=\"font-weight: 400;\" aria-level=\"1\"><span style=\"font-weight: 400;\">Projecte Integrat de Maquin\u00e0ria Esc\u00e8nica (66 hores)<\/span><\/li>\n<li style=\"font-weight: 400;\" aria-level=\"1\"><span style=\"font-weight: 400;\">Riscos Professionals en l&#8217;Espectacle en Viu (33 hores)<\/span><\/li>\n<li style=\"font-weight: 400;\" aria-level=\"1\"><span style=\"font-weight: 400;\">FOL (66 hores)<\/span><\/li>\n<li style=\"font-weight: 400;\" aria-level=\"1\"><span style=\"font-weight: 400;\">FCT (350 hores)\u00a0<\/span><\/li>\n<li style=\"font-weight: 400;\" aria-level=\"1\"><span style=\"font-weight: 400;\">Tutoria (33 hores)<\/span><\/li>\n<\/ul>\n<p><b>PROFESSORAT<\/b><span style=\"font-weight: 400;\">: Especialistes d\u2019arts esc\u00e8niques en actiu (TNC, Liceu, Razzmatazz&#8230;), amb experi\u00e8ncia docent en centres p\u00fablics.<\/span><\/p>\n<p><b>INSTAL\u00b7LACIONS<\/b><span style=\"font-weight: 400;\">: El centre comptar\u00e0 amb els espais del TNC, les instal\u00b7lacions del carrer Almog\u00e0vers i l\u2019espai esc\u00e8nic de l\u2019Orfe\u00f3 Martinenc.<\/span><\/p>\n<p><b>PR\u00c0CTIQUES EN CENTRES DE TREBALL<\/b><span style=\"font-weight: 400;\">: Activitats formatives de refer\u00e8ncia relacionades als diferents m\u00f2duls del cicle en empreses i entitats del sector.\u00a0<\/span><\/p>\n<p><b>CONDICIONS D\u2019ACC\u00c9S:\u00a0<\/b>T\u00e8cnic\/a superior de qualsevol ensenyament, t\u00e8cnic\/a superior d\u2019ensenyaments esportius, t\u00e8cnic\/a de qualsevol ensenyament, t\u00e8cnic\/a d\u2019ensenyaments esportius o un t\u00edtol declarats equivalents a efectes acad\u00e8mics.<\/p>\n<p><b>CONDICIONS D\u2019ACC\u00c9S: <\/b>T\u00e8cnic\/a superior de qualsevol ensenyament, t\u00e8cnic\/a superior d\u2019ensenyaments esportius, t\u00e8cnic\/a de qualsevol ensenyament, t\u00e8cnic\/a d\u2019ensenyaments esportius o un t\u00edtol declarats equivalents a efectes acad\u00e8mics.<\/p>\n<ul>\n<li>En el cas d&#8217;aspirants sense t\u00edtol de m\u00e9s de 19 anys, s&#8217;acredita el compliment del requisit acad\u00e8mic d&#8217;acc\u00e9s en els seg\u00fcents dos casos:<\/li>\n<\/ul>\n<p>a. superaci\u00f3 la part comuna de la prova d&#8217;acc\u00e9s als cicles de grau superior d&#8217;Arts pl\u00e0stiques i disseny.<\/p>\n<p>b. superaci\u00f3 del curs de formaci\u00f3 espec\u00edfic preparatori per a l&#8217;acc\u00e9s a cicles de grau superior.<\/p>\n<p>A m\u00e9s,<strong> tamb\u00e9 cal superar una prova d&#8217;acc\u00e9s espec\u00edfica<\/strong>. Aquesta prova nom\u00e9s t\u00e9 validesa en el curs acad\u00e8mic en qu\u00e8 es realitza. La superaci\u00f3 de la prova no garanteix la pla\u00e7a.<\/p>\n<p><a href=\"https:\/\/agora.xtec.cat\/ins-itaeb\/wp-content\/uploads\/usu2388\/2024\/08\/Acces-ESC0-Sonoritzacio-1-e1722933934168.jpg\"><img loading=\"lazy\" decoding=\"async\" class=\"alignnone size-large wp-image-2410\" src=\"https:\/\/agora.xtec.cat\/ins-itaeb\/wp-content\/uploads\/usu2388\/2024\/08\/Acces-ESC0-Sonoritzacio-1-e1722933934168-1024x474.jpg\" alt=\"\" width=\"1024\" height=\"474\" srcset=\"https:\/\/agora.xtec.cat\/ins-itaeb\/wp-content\/uploads\/usu2388\/2024\/08\/Acces-ESC0-Sonoritzacio-1-e1722933934168-1024x474.jpg 1024w, https:\/\/agora.xtec.cat\/ins-itaeb\/wp-content\/uploads\/usu2388\/2024\/08\/Acces-ESC0-Sonoritzacio-1-e1722933934168-300x139.jpg 300w, https:\/\/agora.xtec.cat\/ins-itaeb\/wp-content\/uploads\/usu2388\/2024\/08\/Acces-ESC0-Sonoritzacio-1-e1722933934168-768x355.jpg 768w, https:\/\/agora.xtec.cat\/ins-itaeb\/wp-content\/uploads\/usu2388\/2024\/08\/Acces-ESC0-Sonoritzacio-1-e1722933934168.jpg 1174w\" sizes=\"auto, (max-width: 1024px) 100vw, 1024px\" \/><\/a><\/p>\n<p><b>PROVA D\u2019ACC\u00c9S:\u00a0<\/b>L\u2019objectiu de la prova d\u2019acc\u00e9s \u00e9s que la persona aspirant demostri les aptituds i els coneixements art\u00edstics necessaris per cursar amb aprofitament els ensenyaments conduents als t\u00edtols de la Generalitat de t\u00e8cnic o t\u00e8cnica superior en Maquin\u00e0ria Esc\u00e8nica.<\/p>\n<p>Amb la sol\u00b7licitud per fer la prova espec\u00edfica d\u2019acc\u00e9s en un centre es formalitza la sol\u00b7licitud de preinscripci\u00f3 a aquest centre per al curs acad\u00e8mic que s\u2019inicia l\u2019any de la prova.<\/p>\n<p>La inscripci\u00f3 a la prova es far\u00e0 de manera telem\u00e0tica mitjan\u00e7ant un formulari online que trobareu a la nostra p\u00e0gina web.<\/p>\n<p>M\u00e9s informaci\u00f3 sobre la inscripci\u00f3 a les proves d&#8217;acc\u00e9s espec\u00edfiques: <a href=\"https:\/\/triaeducativa.gencat.cat\/ca\/proves\/proves-acces\/arts-esceniques\/maquinaria-escenica\/\" target=\"_blank\" rel=\"noopener\"><strong>Inscripci\u00f3 a la prov<\/strong><strong style=\"font-family: inherit; font-size: 1em;\">a<\/strong><\/a><\/p>\n<p>Trobareu m\u00e9s informaci\u00f3 sobre aquests estudis en els seg\u00fcents enlla\u00e7os:<\/p>\n<ul>\n<li style=\"font-weight: 400;\" aria-level=\"1\"><a href=\"https:\/\/www.gencat.cat\/ensenyament\/eac\/pdf\/ESCS____ESA0_CA.pdf\" target=\"_blank\" rel=\"noopener\">FITXA DELS ESTUDIS (https:\/\/www.gencat.cat\/ensenyament\/eac\/pdf\/ESCS____ESA0_CA.pdf)<\/a><\/li>\n<li style=\"font-weight: 400;\" aria-level=\"1\"><a href=\"https:\/\/triaeducativa.gencat.cat\/ca\/estudis\/?maquinaria-escenica&amp;p_id=6191\" target=\"_blank\" rel=\"noopener\"><span style=\"font-weight: 400;\">Tria educativa Gencat (https:\/\/triaeducativa.gencat.cat\/ca\/estudis?maquinaria-escenica&amp;p_id=5830)<\/span><\/a><\/li>\n<\/ul>\n<p><span style=\"color: #ff0000;\"><strong>ENG<\/strong><\/span><\/p>\n<p><b>Higher Vocational Education and Training programs:<\/b><\/p>\n<ul>\n<li style=\"font-weight: 400;\" aria-level=\"1\"><span style=\"font-weight: 400;\">Scenic Machinery<\/span>\n<ul>\n<li style=\"font-weight: 400;\" aria-level=\"1\">Duration: 2 years (4 semesters), with a total of 2,000 hours of teaching, practical work and assessment.<\/li>\n<li style=\"font-weight: 400;\" aria-level=\"1\">ECTS credits: 120 ECTS (60 ECTS per year)<\/li>\n<li aria-level=\"1\">Language: catalan<\/li>\n<\/ul>\n<\/li>\n<\/ul>\n","protected":false},"excerpt":{"rendered":"<p>CAT<br \/>\nHORARIS:\u00a0 <\/p>\n<ul>\n<li>1r curs: torn de tarda, de 15:00 a 21:10h<\/li>\n<li>2n curs: torn de mat\u00ed, de 08:00 a 14:10h<\/li>\n<\/ul>\n<p>UBICACI\u00d3: Espais TNC.<br \/>\nPLACES: 30 places pel 1r curs.<br \/>\nPREU: Les taxes p\u00fabliques del cicle s\u00f3n de 360\u20ac + quota de material 150\u20ac + 50\u20ac sortides. Total: 560\u20ac tot el&hellip;  <a href=\"https:\/\/agora.xtec.cat\/ins-itaeb\/estudis\/cfgs-maquinaria-escenica\/\" title=\"Read CFGS en Maquin\u00e0ria Esc\u00e8nica\">Llegeix m\u00e9s\u00bb<\/a><\/p>\n","protected":false},"author":1,"featured_media":0,"parent":195,"menu_order":0,"comment_status":"closed","ping_status":"closed","template":"page-templates\/side-menu.php","meta":{"_bbp_topic_count":0,"_bbp_reply_count":0,"_bbp_total_topic_count":0,"_bbp_total_reply_count":0,"_bbp_voice_count":0,"_bbp_anonymous_reply_count":0,"_bbp_topic_count_hidden":0,"_bbp_reply_count_hidden":0,"_bbp_forum_subforum_count":0,"footnotes":""},"class_list":["post-784","page","type-page","status-publish","hentry"],"post_mailing_queue_ids":[],"_links":{"self":[{"href":"https:\/\/agora.xtec.cat\/ins-itaeb\/wp-json\/wp\/v2\/pages\/784","targetHints":{"allow":["GET"]}}],"collection":[{"href":"https:\/\/agora.xtec.cat\/ins-itaeb\/wp-json\/wp\/v2\/pages"}],"about":[{"href":"https:\/\/agora.xtec.cat\/ins-itaeb\/wp-json\/wp\/v2\/types\/page"}],"author":[{"embeddable":true,"href":"https:\/\/agora.xtec.cat\/ins-itaeb\/wp-json\/wp\/v2\/users\/1"}],"replies":[{"embeddable":true,"href":"https:\/\/agora.xtec.cat\/ins-itaeb\/wp-json\/wp\/v2\/comments?post=784"}],"version-history":[{"count":6,"href":"https:\/\/agora.xtec.cat\/ins-itaeb\/wp-json\/wp\/v2\/pages\/784\/revisions"}],"predecessor-version":[{"id":3370,"href":"https:\/\/agora.xtec.cat\/ins-itaeb\/wp-json\/wp\/v2\/pages\/784\/revisions\/3370"}],"up":[{"embeddable":true,"href":"https:\/\/agora.xtec.cat\/ins-itaeb\/wp-json\/wp\/v2\/pages\/195"}],"wp:attachment":[{"href":"https:\/\/agora.xtec.cat\/ins-itaeb\/wp-json\/wp\/v2\/media?parent=784"}],"curies":[{"name":"wp","href":"https:\/\/api.w.org\/{rel}","templated":true}]}}