{"id":685,"date":"2023-05-29T02:58:20","date_gmt":"2023-05-29T00:58:20","guid":{"rendered":"https:\/\/agora.xtec.cat\/ins-itaeb\/?page_id=685"},"modified":"2025-12-16T10:16:26","modified_gmt":"2025-12-16T09:16:26","slug":"cfgs-realitzacio-de-projectes-audiovisuals-i-espectacles","status":"publish","type":"page","link":"https:\/\/agora.xtec.cat\/ins-itaeb\/estudis\/cfgs-realitzacio-de-projectes-audiovisuals-i-espectacles\/","title":{"rendered":"CFGS Realitzaci\u00f3 de projectes audiovisuals i espectacles"},"content":{"rendered":"<p><span style=\"color: #ff0000;\"><strong>CAT<\/strong><\/span><\/p>\n<p><b>HORARIS:\u00a0<\/b><\/p>\n<ul>\n<li>1r curs: torn de mat\u00ed, de 08:00 a 14:10h<\/li>\n<li>2n curs: torn de tarda, de 15:00 a 21:10h<\/li>\n<\/ul>\n<p><b>UBICACI\u00d3:<\/b><span style=\"font-weight: 400;\"> Carrer Almog\u00e0vers, 131.\u00a0<\/span><\/p>\n<p><b>PLACES:<\/b><span style=\"font-weight: 400;\"> L\u2019oferta inicial de places es publicar\u00e0: 22 de maig de 2025.<\/span><\/p>\n<p><b>PREU:<\/b><span style=\"font-weight: 400;\"> Total del curs acad\u00e8mic 2025-26: 560\u20ac (Taxes p\u00fabliques: 360\u20ac + quota de<\/span><span style=\"font-weight: 400;\"> material: 150\u20ac + sortides: 50\u20ac).\u00a0<\/span><span style=\"font-weight: 400;\"><br \/>\n<\/span><\/p>\n<p><b>ESTUDIS:<\/b><span style=\"font-weight: 400;\"> T\u00e9 una durada de 2.000 hores, en dos anys acad\u00e8mics. Organitzat en diferents M\u00f2duls Professionals:<\/span><\/p>\n<ul>\n<li style=\"font-weight: 400;\" aria-level=\"1\"><span style=\"font-weight: 400;\">Planificaci\u00f3 de la Realitzaci\u00f3 en Cinema i V\u00eddeo<\/span><\/li>\n<li style=\"font-weight: 400;\" aria-level=\"1\"><span style=\"font-weight: 400;\">Processos de Realitzaci\u00f3 en Cinema i V\u00eddeo<\/span><\/li>\n<li style=\"font-weight: 400;\" aria-level=\"1\"><span style=\"font-weight: 400;\">Planificaci\u00f3 de la Realitzaci\u00f3 en Televisi\u00f3<\/span><\/li>\n<li style=\"font-weight: 400;\" aria-level=\"1\"><span style=\"font-weight: 400;\">Processos de Realitzaci\u00f3 en Televisi\u00f3<\/span><\/li>\n<li style=\"font-weight: 400;\" aria-level=\"1\"><span style=\"font-weight: 400;\">Planificaci\u00f3 del Muntatge i la Postproducci\u00f3 d&#8217;Audiovisuals<\/span><\/li>\n<li style=\"font-weight: 400;\" aria-level=\"1\"><span style=\"font-weight: 400;\">Realitzaci\u00f3 del Muntatge i la Postproducci\u00f3 d&#8217;Audiovisuals<\/span><\/li>\n<li style=\"font-weight: 400;\" aria-level=\"1\"><span style=\"font-weight: 400;\">Planificaci\u00f3 de la Regidoria d&#8217;Espectacles i Esdeveniments<\/span><\/li>\n<li style=\"font-weight: 400;\" aria-level=\"1\"><span style=\"font-weight: 400;\">Processos de Regidoria d&#8217;Espectacles i Esdeveniments<\/span><\/li>\n<li style=\"font-weight: 400;\" aria-level=\"1\"><span style=\"font-weight: 400;\">Mitjans T\u00e8cnics Audiovisuals i Esc\u00e8nics<\/span><\/li>\n<li>Angl\u00e8s professional<\/li>\n<li>Digitalitzaci\u00f3 aplicada als sectors productius<\/li>\n<li>Sostenibilitat aplicada al sistema productiu<\/li>\n<li>Itinerari personal per a l&#8217;ocupabilitat I<\/li>\n<li>Itinerari personal per a l&#8217;ocupabilitat II<\/li>\n<li>Projecte intermodular de realitzaci\u00f3 de projectes d&#8217;audiovisuals i espectacles<\/li>\n<li>M\u00f2dul professional optatiu: Gesti\u00f3 i postproducci\u00f3 d&#8217;Audiovisuals i Espectacles<\/li>\n<li style=\"font-weight: 400;\" aria-level=\"1\"><span style=\"font-weight: 400;\">Estada en Centres de Treball<\/span><\/li>\n<\/ul>\n<p><b>REQUISITS D\u2019ACC\u00c9S: <\/b><span style=\"font-weight: 400;\">Batxillerat o titulaci\u00f3 equivalent<\/span><\/p>\n<p>Trobareu m\u00e9s informaci\u00f3 sobre aquests estudis en els seg\u00fcents enlla\u00e7os:<\/p>\n<ul>\n<li style=\"font-weight: 400;\" aria-level=\"1\"><a href=\"https:\/\/www.gencat.cat\/ensenyament\/eac\/pdf\/CFPS____ISA0_CA.pdf\" target=\"_blank\" rel=\"noopener\"><span style=\"font-weight: 400;\">FITXA DEL ESTUDIS \/ TRIA EDUCATIVA\u00a0<\/span><\/a><\/li>\n<\/ul>\n<p>Amb aquests estudis s\u2019obt\u00e9 el t\u00edtol de t\u00e8cnic o t\u00e8cnica superior, que permet accedir:<\/p>\n<ul>\n<li>a qualsevol estudi universitari oficial de grau o<\/li>\n<li>al m\u00f3n laboral.<\/li>\n<li style=\"list-style-type: none;\"><\/li>\n<\/ul>\n<p dir=\"ltr\">Amb aquests estudis s\u2019obt\u00e9 el t\u00edtol de\u00a0<em>t\u00e8cnic superior o t\u00e8cnica superior<\/em>, que permet accedir a qualsevol estudi universitari oficial de grau. L\u2019alumnat que s\u2019ha graduat en un cicle formatiu de grau superior pot obtenir la <strong>convalidaci\u00f3 de cr\u00e8dits universitaris ECTS<\/strong>.<\/p>\n<p dir=\"ltr\">Per a m\u00e9s informaci\u00f3, consulteu el\u00a0<a href=\"https:\/\/universitats.gencat.cat\/ca\/acces-universitat\/acces-segons-perfils-estudiants\/estudiant-cicle-formatiu\/\">Canal Universitats<\/a><\/p>\n<p><span style=\"color: #ff0000;\"><strong>ENG<\/strong><\/span><\/p>\n<p><b>Higher Vocational Education and Training programs:<\/b><\/p>\n<ul>\n<li style=\"font-weight: 400;\" aria-level=\"1\"><span style=\"font-weight: 400;\">Television production:<\/span>\n<ul>\n<li style=\"font-weight: 400;\" aria-level=\"1\">Duration: 2 years (4 semesters), with a total of 2,000 hours of teaching, practical work, and assessment.<\/li>\n<li style=\"font-weight: 400;\" aria-level=\"1\">ECTS credits: 120 ECTS (60 ECTS per year).<\/li>\n<li aria-level=\"1\">Language: catalan<\/li>\n<\/ul>\n<\/li>\n<\/ul>\n","protected":false},"excerpt":{"rendered":"<p>CAT<br \/>\nHORARIS:\u00a0<\/p>\n<ul>\n<li>1r curs: torn de mat\u00ed, de 08:00 a 14:10h<\/li>\n<li>2n curs: torn de tarda, de 15:00 a 21:10h<\/li>\n<\/ul>\n<p>UBICACI\u00d3: Carrer Almog\u00e0vers, 131.\u00a0<br \/>\nPLACES: L\u2019oferta inicial de places es publicar\u00e0: 22 de maig de 2025.<br \/>\nPREU: Total del curs acad\u00e8mic 2025-26: 560\u20ac (Taxes p\u00fabliques: 360\u20ac + quota de material: 150\u20ac&hellip;  <a href=\"https:\/\/agora.xtec.cat\/ins-itaeb\/estudis\/cfgs-realitzacio-de-projectes-audiovisuals-i-espectacles\/\" title=\"Read CFGS Realitzaci\u00f3 de projectes audiovisuals i espectacles\">Llegeix m\u00e9s\u00bb<\/a><\/p>\n","protected":false},"author":1,"featured_media":0,"parent":195,"menu_order":0,"comment_status":"closed","ping_status":"closed","template":"page-templates\/side-menu.php","meta":{"_bbp_topic_count":0,"_bbp_reply_count":0,"_bbp_total_topic_count":0,"_bbp_total_reply_count":0,"_bbp_voice_count":0,"_bbp_anonymous_reply_count":0,"_bbp_topic_count_hidden":0,"_bbp_reply_count_hidden":0,"_bbp_forum_subforum_count":0,"footnotes":""},"class_list":["post-685","page","type-page","status-publish","hentry"],"post_mailing_queue_ids":[],"_links":{"self":[{"href":"https:\/\/agora.xtec.cat\/ins-itaeb\/wp-json\/wp\/v2\/pages\/685","targetHints":{"allow":["GET"]}}],"collection":[{"href":"https:\/\/agora.xtec.cat\/ins-itaeb\/wp-json\/wp\/v2\/pages"}],"about":[{"href":"https:\/\/agora.xtec.cat\/ins-itaeb\/wp-json\/wp\/v2\/types\/page"}],"author":[{"embeddable":true,"href":"https:\/\/agora.xtec.cat\/ins-itaeb\/wp-json\/wp\/v2\/users\/1"}],"replies":[{"embeddable":true,"href":"https:\/\/agora.xtec.cat\/ins-itaeb\/wp-json\/wp\/v2\/comments?post=685"}],"version-history":[{"count":7,"href":"https:\/\/agora.xtec.cat\/ins-itaeb\/wp-json\/wp\/v2\/pages\/685\/revisions"}],"predecessor-version":[{"id":3436,"href":"https:\/\/agora.xtec.cat\/ins-itaeb\/wp-json\/wp\/v2\/pages\/685\/revisions\/3436"}],"up":[{"embeddable":true,"href":"https:\/\/agora.xtec.cat\/ins-itaeb\/wp-json\/wp\/v2\/pages\/195"}],"wp:attachment":[{"href":"https:\/\/agora.xtec.cat\/ins-itaeb\/wp-json\/wp\/v2\/media?parent=685"}],"curies":[{"name":"wp","href":"https:\/\/api.w.org\/{rel}","templated":true}]}}