{"id":681,"date":"2023-05-29T02:54:27","date_gmt":"2023-05-29T00:54:27","guid":{"rendered":"https:\/\/agora.xtec.cat\/ins-itaeb\/?page_id=681"},"modified":"2025-12-16T10:24:44","modified_gmt":"2025-12-16T09:24:44","slug":"cfgs-produccio-daudiovisuals-i-espectacles","status":"publish","type":"page","link":"https:\/\/agora.xtec.cat\/ins-itaeb\/estudis\/cfgs-produccio-daudiovisuals-i-espectacles\/","title":{"rendered":"CFGS Producci\u00f3 d&#8217;Audiovisuals i Espectacles"},"content":{"rendered":"<p><span style=\"color: #ff0000;\"><strong>CAT<\/strong><\/span><\/p>\n<p><b>HORARIS:<\/b><\/p>\n<ul>\n<li>1r curs: torn de mat\u00ed, de 08:00h a 14:10h<\/li>\n<li>2n curs: torn de tarda, de 15:00h a 21:10h<\/li>\n<\/ul>\n<p><b>UBICACI\u00d3: <\/b><span style=\"font-weight: 400;\">Carrer Almog\u00e0vers, 131.\u00a0<\/span><\/p>\n<p><b>PLACES:<\/b><span style=\"font-weight: 400;\"> 30 places.<\/span><\/p>\n<p><b>PREU:<\/b><span style=\"font-weight: 400;\"> Total del curs acad\u00e8mic 2025-26: 560\u20ac (Taxes p\u00fabliques: 360\u20ac + quota de material: 150\u20ac + sortides: 50\u20ac).<br \/>\n<\/span><\/p>\n<p><b>ESTUDIS:<\/b><span style=\"font-weight: 400;\"> T\u00e9 una durada de 2.000 hores, en dos anys acad\u00e8mics. Organitzat en diferents m\u00f2duls professionals:<\/span><\/p>\n<ul>\n<li style=\"font-weight: 400;\" aria-level=\"1\"><span style=\"font-weight: 400;\">Planificaci\u00f3 de Projectes Audiovisuals<\/span><\/li>\n<li style=\"font-weight: 400;\" aria-level=\"1\"><span style=\"font-weight: 400;\">Gesti\u00f3 de Projectes de Cinema, V\u00eddeo i Multim\u00e8dia<\/span><\/li>\n<li style=\"font-weight: 400;\" aria-level=\"1\"><span style=\"font-weight: 400;\">Gesti\u00f3 de Projectes de Televisi\u00f3 i R\u00e0dio<\/span><\/li>\n<li style=\"font-weight: 400;\" aria-level=\"1\"><span style=\"font-weight: 400;\">Planificaci\u00f3 de Projectes d&#8217;Espectacles i Esdeveniments<\/span><\/li>\n<li style=\"font-weight: 400;\" aria-level=\"1\"><span style=\"font-weight: 400;\">Gesti\u00f3 de Projectes d&#8217;Espectacles i Esdeveniments<\/span><\/li>\n<li style=\"font-weight: 400;\" aria-level=\"1\"><span style=\"font-weight: 400;\">Recursos Expressius Audiovisuals i Esc\u00e8nics<\/span><\/li>\n<li style=\"font-weight: 400;\" aria-level=\"1\"><span style=\"font-weight: 400;\">Mitjans T\u00e8cnics Audiovisuals i Esc\u00e8nics<\/span><\/li>\n<li style=\"font-weight: 400;\" aria-level=\"1\"><span style=\"font-weight: 400;\">Administraci\u00f3 i Promoci\u00f3 d&#8217;Audiovisuals i Espectacles<\/span><\/li>\n<li style=\"font-weight: 400;\" aria-level=\"1\"><span style=\"font-weight: 400;\">Formaci\u00f3 i Orientaci\u00f3 Laboral<\/span><\/li>\n<li style=\"font-weight: 400;\" aria-level=\"1\"><span style=\"font-weight: 400;\">Empresa i Iniciativa Emprenedora<\/span><\/li>\n<li style=\"font-weight: 400;\" aria-level=\"1\"><span style=\"font-weight: 400;\">Projecte de Producci\u00f3 d&#8217;Audiovisuals i Espectacles<\/span><\/li>\n<li style=\"font-weight: 400;\" aria-level=\"1\"><span style=\"font-weight: 400;\">Formaci\u00f3 en Centres de Treball<\/span><\/li>\n<li aria-level=\"1\">Sostenibilitat aplicada al sistema productiu<\/li>\n<li aria-level=\"1\">Eines digitals per a la producci\u00f3 audiovisual i d\u2019espectacles<\/li>\n<li aria-level=\"1\">Itinerari personal per a l&#8217;ocupabilitat<\/li>\n<li aria-level=\"1\">Angl\u00e8s professional<\/li>\n<\/ul>\n<p><b>REQUISITS D\u2019ACC\u00c9S: <\/b><span style=\"font-weight: 400;\">Batxillerat o titulaci\u00f3 equivalent<\/span><\/p>\n<p>Trobareu m\u00e9s informaci\u00f3 sobre aquests estudis en els seg\u00fcents enlla\u00e7os:<\/p>\n<ul>\n<li style=\"font-weight: 400;\" aria-level=\"1\"><a href=\"https:\/\/www.gencat.cat\/ensenyament\/eac\/pdf\/CFPS____ISD0_CA.pdf\" target=\"_blank\" rel=\"noopener\"><span style=\"font-weight: 400;\">FITXA DELS ESTUDIS (https:\/\/www.gencat.cat\/ensenyament\/eac\/pdf\/CFPS____ISD0_CA.pdf)\u00a0<\/span><\/a><\/li>\n<li aria-level=\"1\"><a href=\"https:\/\/triaeducativa.gencat.cat\/ca\/estudis\/?produccio-audiovisuals-espectacles&amp;p_id=1816\" target=\"_blank\" rel=\"noopener\">Tria educativa Gencat<\/a> (https:\/\/triaeducativa.gencat.cat\/ca\/estudis\/?produccio-audiovisuals-espectacles&amp;p_id=1816)<\/li>\n<\/ul>\n<p>Amb aquests estudis s\u2019obt\u00e9 el t\u00edtol de t\u00e8cnic o t\u00e8cnica superior, que permet accedir:<\/p>\n<ul>\n<li>a qualsevol estudi universitari oficial de grau o<\/li>\n<li>al m\u00f3n laboral.<\/li>\n<\/ul>\n<p dir=\"ltr\">Amb aquests estudis s\u2019obt\u00e9 el t\u00edtol de\u00a0<em>t\u00e8cnic superior o t\u00e8cnica superior<\/em>, que permet accedir a qualsevol estudi universitari oficial de grau. L\u2019alumnat que s\u2019ha graduat en un cicle formatiu de grau superior pot obtenir la <strong>convalidaci\u00f3 de cr\u00e8dits universitaris ECTS<\/strong>.<\/p>\n<p dir=\"ltr\">Per a m\u00e9s informaci\u00f3, consulteu el\u00a0<a href=\"https:\/\/universitats.gencat.cat\/ca\/acces-universitat\/acces-segons-perfils-estudiants\/estudiant-cicle-formatiu\/\">Canal Universitats<\/a>.<\/p>\n<p><span style=\"color: #ff0000;\"><strong>ENG<\/strong><\/span><\/p>\n<p><b>Higher Vocational Education and Training programs:<\/b><\/p>\n<ul>\n<li style=\"font-weight: 400;\" aria-level=\"1\"><span style=\"font-weight: 400;\">Production:<\/span>\n<ul>\n<li style=\"font-weight: 400;\" aria-level=\"1\">Duration: 2 years (4 semesters), with a total of 2,000 hours of teaching, practical work, and assessment.<\/li>\n<li style=\"font-weight: 400;\" aria-level=\"1\">ECTS credits: 120 ECTS (60 ECTS per year)<\/li>\n<li aria-level=\"1\">Language: catalan<\/li>\n<\/ul>\n<\/li>\n<\/ul>\n","protected":false},"excerpt":{"rendered":"<p>CAT<br \/>\nHORARIS:<\/p>\n<ul>\n<li>1r curs: torn de mat\u00ed, de 08:00h a 14:10h<\/li>\n<li>2n curs: torn de tarda, de 15:00h a 21:10h<\/li>\n<\/ul>\n<p>UBICACI\u00d3: Carrer Almog\u00e0vers, 131.\u00a0<br \/>\nPLACES: 30 places.<br \/>\nPREU: Total del curs acad\u00e8mic 2025-26: 560\u20ac (Taxes p\u00fabliques: 360\u20ac + quota de material: 150\u20ac + sortides: 50\u20ac).<\/p>\n<p>ESTUDIS: T\u00e9 una durada de 2.000 hores,&hellip;  <a href=\"https:\/\/agora.xtec.cat\/ins-itaeb\/estudis\/cfgs-produccio-daudiovisuals-i-espectacles\/\" title=\"Read CFGS Producci\u00f3 d&#8217;Audiovisuals i Espectacles\">Llegeix m\u00e9s\u00bb<\/a><\/p>\n","protected":false},"author":1,"featured_media":0,"parent":195,"menu_order":0,"comment_status":"closed","ping_status":"closed","template":"page-templates\/side-menu.php","meta":{"_bbp_topic_count":0,"_bbp_reply_count":0,"_bbp_total_topic_count":0,"_bbp_total_reply_count":0,"_bbp_voice_count":0,"_bbp_anonymous_reply_count":0,"_bbp_topic_count_hidden":0,"_bbp_reply_count_hidden":0,"_bbp_forum_subforum_count":0,"footnotes":""},"class_list":["post-681","page","type-page","status-publish","hentry"],"post_mailing_queue_ids":[],"_links":{"self":[{"href":"https:\/\/agora.xtec.cat\/ins-itaeb\/wp-json\/wp\/v2\/pages\/681","targetHints":{"allow":["GET"]}}],"collection":[{"href":"https:\/\/agora.xtec.cat\/ins-itaeb\/wp-json\/wp\/v2\/pages"}],"about":[{"href":"https:\/\/agora.xtec.cat\/ins-itaeb\/wp-json\/wp\/v2\/types\/page"}],"author":[{"embeddable":true,"href":"https:\/\/agora.xtec.cat\/ins-itaeb\/wp-json\/wp\/v2\/users\/1"}],"replies":[{"embeddable":true,"href":"https:\/\/agora.xtec.cat\/ins-itaeb\/wp-json\/wp\/v2\/comments?post=681"}],"version-history":[{"count":6,"href":"https:\/\/agora.xtec.cat\/ins-itaeb\/wp-json\/wp\/v2\/pages\/681\/revisions"}],"predecessor-version":[{"id":3441,"href":"https:\/\/agora.xtec.cat\/ins-itaeb\/wp-json\/wp\/v2\/pages\/681\/revisions\/3441"}],"up":[{"embeddable":true,"href":"https:\/\/agora.xtec.cat\/ins-itaeb\/wp-json\/wp\/v2\/pages\/195"}],"wp:attachment":[{"href":"https:\/\/agora.xtec.cat\/ins-itaeb\/wp-json\/wp\/v2\/media?parent=681"}],"curies":[{"name":"wp","href":"https:\/\/api.w.org\/{rel}","templated":true}]}}