{"id":621,"date":"2023-04-29T12:33:17","date_gmt":"2023-04-29T10:33:17","guid":{"rendered":"https:\/\/agora.xtec.cat\/ins-itaeb\/?page_id=621"},"modified":"2026-04-17T12:34:53","modified_gmt":"2026-04-17T10:34:53","slug":"preinscripcio-i-matricula-curs-2025-26","status":"publish","type":"page","link":"https:\/\/agora.xtec.cat\/ins-itaeb\/secretaria\/preinscripcio-i-matricula-curs-2025-26\/","title":{"rendered":"Preinscripci\u00f3 i Matr\u00edcula Curs 2026-27"},"content":{"rendered":"<h4><span style=\"color: #000000;\"><strong><em>INFORMACI\u00d3 SOBRE LA PREINSCRIPCI\u00d3 I MATR\u00cdCULA<\/em><\/strong><\/span><\/h4>\n<p>Les informacions que trobareu a cada estudi s&#8217;aniran actualitzant a mesura que avanci el proc\u00e9s de Preinscripci\u00f3 i Matr\u00edcula per el curs 2026-2027:<\/p>\n<pre><\/pre>\n<ul>\n<li><span style=\"color: #ff6600;\"><a style=\"color: #ff6600;\" href=\"https:\/\/agora.xtec.cat\/ins-itaeb\/secretaria\/preinscripcio-i-matricula-curs-2025-26\/preinscripcio-batxillerat\/\" target=\"_blank\" rel=\"noopener\"><strong>BATXILLERAT Tecnol\u00f2gic (Audiovisual) i BATXILLERAT d&#8217;Arts Esc\u00e8niques<\/strong><\/a><\/span><\/li>\n<\/ul>\n<p style=\"padding-left: 40px;\"><span style=\"font-family: inherit; font-size: 1em;\">Presentaci\u00f3 Portes Obertes Batxillerat<\/span> <a href=\"https:\/\/agora.xtec.cat\/ins-itaeb\/wp-content\/uploads\/usu2388\/2026\/03\/0.-PPOO-BTX-26.pdf\" target=\"_blank\" rel=\"noopener\">AQU\u00cd<\/a><\/p>\n<ul>\n<li><span style=\"color: #ff6600;\"><a style=\"color: #ff6600;\" href=\"https:\/\/agora.xtec.cat\/ins-itaeb\/secretaria\/preinscripcio-i-matricula-curs-2025-26\/preinscripcio-fp-grau-mitja-video-discjoquei-i-so\/\" target=\"_blank\" rel=\"noopener\"><strong>CICLE FORMATIU DE GRAU MITJ\u00c0\u00a0 (CFGM V\u00eddeo, discj\u00f2quei i so)<\/strong><\/a><\/span><\/li>\n<\/ul>\n<p style=\"padding-left: 40px;\">Presentaci\u00f3 Portes Obertes CFGM V\u00eddeo, discj\u00f2quei i so <a href=\"https:\/\/agora.xtec.cat\/ins-itaeb\/wp-content\/uploads\/usu2388\/2026\/04\/0.-PPOO-VDJ-26.pptx.pdf\" target=\"_blank\" rel=\"noopener\">AQU\u00cd<\/a><\/p>\n<ul>\n<li><span style=\"color: #ff6600;\"><a style=\"color: #ff6600;\" href=\"https:\/\/agora.xtec.cat\/ins-itaeb\/secretaria\/preinscripcio-i-matricula-curs-2025-26\/preinscripcio-cfgs-imatge-i-so\/\" target=\"_blank\" rel=\"noopener\"><strong>CICLE FORMATIU DE GRAU SUPERIOR (CFGS Realitzaci\u00f3 de projectes audiovisuals i espectacles I CFGS Producci\u00f3 d&#8217;audiovisuals i espectacles)<\/strong><\/a><\/span><\/li>\n<\/ul>\n<p style=\"padding-left: 40px;\">Presentaci\u00f3 Portes Obertes CFGS Realitzaci\u00f3 i Producci\u00f3 <a href=\"https:\/\/agora.xtec.cat\/ins-itaeb\/wp-content\/uploads\/usu2388\/2026\/02\/0.-PPOO-REA-PROD-26.pdf\" target=\"_blank\" rel=\"noopener\">AQU\u00cd<\/a><\/p>\n<ul>\n<li><span style=\"color: #ff6600;\"><a style=\"color: #ff6600;\" href=\"https:\/\/agora.xtec.cat\/ins-itaeb\/secretaria\/preinscripcio-i-matricula-curs-2025-26\/preinscripcio-cicles-darts-esceniques\/\" target=\"_blank\" rel=\"noopener\"><strong>CICLES SUPERIORS D&#8217;ARTS ESC\u00c8NIQUES (ESCS Sonoritzaci\u00f3 per a les Arts Esc\u00e8niques, ESCS Luminot\u00e8cnia per a les Arts Esc\u00e8niques, ESCS Maquinaria Esc\u00e8nica)<\/strong><\/a><\/span><\/li>\n<\/ul>\n<p style=\"padding-left: 40px;\">Presentaci\u00f3 Portes Obertes CFGS Arts Esc\u00e8niques <strong>AQU\u00cd\u00a0<\/strong><em>(Es publicar\u00e0 un cop finalitzada la Jornada de Portes Obertes)<\/em><\/p>\n<ul>\n<li><span style=\"color: #ff6600;\"><a style=\"color: #ff6600;\" href=\"https:\/\/agora.xtec.cat\/ins-itaeb\/secretaria\/preinscripcio-i-matricula-curs-2025-26\/preinscripcio-cfgs-de-tecniques-dactuacio-teatral\/\" target=\"_blank\" rel=\"noopener\"><strong>CICLE SUPERIOR D&#8217;ARTS ESC\u00c8NIQUES (ESCS T\u00e8cniques d&#8217;Actuaci\u00f3 Teatral)<\/strong><\/a><\/span><\/li>\n<\/ul>\n<p style=\"padding-left: 40px;\">Presentaci\u00f3 Portes Obertes CFGS T\u00e8cniques Actuaci\u00f3 Teatral <a href=\"https:\/\/agora.xtec.cat\/ins-itaeb\/wp-content\/uploads\/usu2388\/2026\/03\/0.-PPOO-TAT-26.pdf\" target=\"_blank\" rel=\"noopener\">AQU\u00cd<\/a><\/p>\n<p><strong>M\u00c9S INFORMACI\u00d3 SOBRE LA PREINSCRIPCI\u00d3 I MATR\u00cdCULA<\/strong><\/p>\n<ul>\n<li style=\"font-weight: 400;\" aria-level=\"1\"><a href=\"https:\/\/triaeducativa.gencat.cat\/ca\/inici\" target=\"_blank\" rel=\"noopener\"><span style=\"font-weight: 400;\">Tria Educativa<\/span><\/a><\/li>\n<li style=\"font-weight: 400;\" aria-level=\"1\"><a href=\"https:\/\/preinscripcio.gencat.cat\/ca\/inici\" target=\"_blank\" rel=\"noopener\"><span style=\"font-weight: 400;\">Preinscripci\u00f3 curs 2026-2027 del<\/span><i><span style=\"font-weight: 400;\"> Departament d\u2019Educaci\u00f3<\/span><\/i><\/a><\/li>\n<li style=\"font-weight: 400;\" aria-level=\"1\"><a href=\"https:\/\/www.edubcn.cat\/ca\/alumnat_i_familia\/informacio_general_matriculacio\/preinscripcio_info\" target=\"_blank\" rel=\"noopener\"><span style=\"font-weight: 400;\">Preinscripci\u00f3 curs 2026-2027 de Consorci d\u2019Educaci\u00f3 de Barcelona<\/span><\/a><\/li>\n<li aria-level=\"1\"><a href=\"https:\/\/fp.edubcn.cat\/oficina-acces\" target=\"_blank\" rel=\"noopener\">Xarxa Be Pro &#8211; oficina acc\u00e9s FP<\/a><\/li>\n<li style=\"font-weight: 400;\" aria-level=\"1\"><a href=\"https:\/\/fp.edubcn.cat\/\" target=\"_blank\" rel=\"noopener\"><span style=\"font-weight: 400;\">Xarxa Be Pro Coneix la FP<\/span><\/a><\/li>\n<\/ul>\n","protected":false},"excerpt":{"rendered":"<p>INFORMACI\u00d3 SOBRE LA PREINSCRIPCI\u00d3 I MATR\u00cdCULA<br \/>\nLes informacions que trobareu a cada estudi s&#8217;aniran actualitzant a mesura que avanci el proc\u00e9s de Preinscripci\u00f3 i Matr\u00edcula per el curs 2026-2027:<\/p>\n<ul>\n<li><a style=\"color: #ff6600;\" href=\"https:\/\/agora.xtec.cat\/ins-itaeb\/secretaria\/preinscripcio-i-matricula-curs-2025-26\/preinscripcio-batxillerat\/\" target=\"_blank\" rel=\"noopener\">BATXILLERAT Tecnol\u00f2gic (Audiovisual) i BATXILLERAT d&#8217;Arts Esc\u00e8niques<\/a><\/li>\n<\/ul>\n<p>Presentaci\u00f3 Portes Obertes Batxillerat <a href=\"https:\/\/agora.xtec.cat\/ins-itaeb\/wp-content\/uploads\/usu2388\/2026\/03\/0.-PPOO-BTX-26.pdf\" target=\"_blank\"&hellip;  <a href=\"https:\/\/agora.xtec.cat\/ins-itaeb\/secretaria\/preinscripcio-i-matricula-curs-2025-26\/\" title=\"Read Preinscripci\u00f3 i Matr\u00edcula Curs 2026-27\">Llegeix m\u00e9s\u00bb<\/a><\/p>\n","protected":false},"author":1,"featured_media":0,"parent":81,"menu_order":0,"comment_status":"closed","ping_status":"closed","template":"page-templates\/side-menu.php","meta":{"_bbp_topic_count":0,"_bbp_reply_count":0,"_bbp_total_topic_count":0,"_bbp_total_reply_count":0,"_bbp_voice_count":0,"_bbp_anonymous_reply_count":0,"_bbp_topic_count_hidden":0,"_bbp_reply_count_hidden":0,"_bbp_forum_subforum_count":0,"footnotes":""},"class_list":["post-621","page","type-page","status-publish","hentry"],"post_mailing_queue_ids":[],"_links":{"self":[{"href":"https:\/\/agora.xtec.cat\/ins-itaeb\/wp-json\/wp\/v2\/pages\/621","targetHints":{"allow":["GET"]}}],"collection":[{"href":"https:\/\/agora.xtec.cat\/ins-itaeb\/wp-json\/wp\/v2\/pages"}],"about":[{"href":"https:\/\/agora.xtec.cat\/ins-itaeb\/wp-json\/wp\/v2\/types\/page"}],"author":[{"embeddable":true,"href":"https:\/\/agora.xtec.cat\/ins-itaeb\/wp-json\/wp\/v2\/users\/1"}],"replies":[{"embeddable":true,"href":"https:\/\/agora.xtec.cat\/ins-itaeb\/wp-json\/wp\/v2\/comments?post=621"}],"version-history":[{"count":7,"href":"https:\/\/agora.xtec.cat\/ins-itaeb\/wp-json\/wp\/v2\/pages\/621\/revisions"}],"predecessor-version":[{"id":3738,"href":"https:\/\/agora.xtec.cat\/ins-itaeb\/wp-json\/wp\/v2\/pages\/621\/revisions\/3738"}],"up":[{"embeddable":true,"href":"https:\/\/agora.xtec.cat\/ins-itaeb\/wp-json\/wp\/v2\/pages\/81"}],"wp:attachment":[{"href":"https:\/\/agora.xtec.cat\/ins-itaeb\/wp-json\/wp\/v2\/media?parent=621"}],"curies":[{"name":"wp","href":"https:\/\/api.w.org\/{rel}","templated":true}]}}