{"id":46,"date":"2014-09-17T16:53:45","date_gmt":"2014-09-17T16:53:45","guid":{"rendered":"http:\/\/agora.xtec.cat\/ins-itaeb\/?page_id=46"},"modified":"2025-12-16T10:40:50","modified_gmt":"2025-12-16T09:40:50","slug":"organigrama","status":"publish","type":"page","link":"https:\/\/agora.xtec.cat\/ins-itaeb\/linstitut\/organigrama\/","title":{"rendered":"Organigrama"},"content":{"rendered":"<h4><strong>DIRECCI\u00d3<\/strong><\/h4>\n<ul>\n<li><strong>Direcci\u00f3:<\/strong> Joan Pedroche<\/li>\n<li><strong>Cap d&#8217;estudis:<\/strong> Inma Red\u00f3n<\/li>\n<li><strong>Cap d&#8217;estudis adjunt:<\/strong> Rub\u00e9n Ventura<\/li>\n<li><strong>Coordinaci\u00f3 pedag\u00f2gica:<\/strong> Roger Granel<\/li>\n<li><strong>Secretaria acad\u00e8mica: <\/strong>M\u00edriam Prieto<\/li>\n<\/ul>\n<h4><strong>DEPARTAMENTS<\/strong><\/h4>\n<ul>\n<li><strong>Arts Esc\u00e8niques TNC: <\/strong>\u00a0Albert Villalb\u00ed<\/li>\n<li><strong>T\u00e8cniques d&#8217;Actuaci\u00f3 Teatral: <\/strong>Meritxell Manyoses<\/li>\n<li><strong>Batxillerat:<\/strong> David Arnaiz<\/li>\n<li><strong>Imatge i so:<\/strong> Merche Collado<\/li>\n<\/ul>\n<h4><strong>COORDINACIONS<\/strong><\/h4>\n<ul>\n<li><strong>Coordinaci\u00f3 T\u00e8cnica: <\/strong>Rub\u00e9n Ventura<\/li>\n<li><strong>Coordinaci\u00f3 FCT i PR\u00c0CTIQUES &#8211; DUAL\u00a0 <\/strong>Paloma Ba\u00f1uls i Albert Mart\u00ed\u00a0 \u00a0(coord.fct@itaeb.cat \/ coord.practiques@itaeb.cat)<\/li>\n<li><strong>Coordinaci\u00f3 Digital: <\/strong>David Llamas<\/li>\n<li><strong>Coordinaci\u00f3 Mobilitat (Erasmus+):<\/strong> Carmen Jim\u00e9nez\u00a0 \u00a0(mobilitat@itaeb.cat)<\/li>\n<li><strong>Coordinaci\u00f3 Comunicaci\u00f3:<\/strong> Tanit Plana\u00a0 (coord.comunicacio@itaeb.cat)<\/li>\n<li><strong>Coordinaci\u00f3 Ling\u00fc\u00edstica (Projecte ling\u00fc\u00edstic de Centre):<\/strong> Jaume Ricart<\/li>\n<li><strong>Coordinaci\u00f3 Qualitat i Millora:<\/strong> Mireia Devesa\u00a0 \u00a0(coord.qualitat@itaeb.cat)<\/li>\n<li><strong>Coordinaci\u00f3 Xarxes FP:<\/strong> \u00d3scar Fern\u00e1ndez\u00a0 \u00a0(coord.xarxes@itaeb.cat)<\/li>\n<li><strong>Coordinaci\u00f3 Riscos Laborals: <\/strong>Judith Tello<\/li>\n<li><strong>Coordinaci\u00f3 Coeducaci\u00f3, conviv\u00e8ncia, benestar educatiu:\u00a0<\/strong>Anna Mart\u00ednez\u00a0 (coord.cocobe@itaeb.cat)<\/li>\n<\/ul>\n<h4><strong>PAS<\/strong><\/h4>\n<ul>\n<li><strong>Auxiliar administrativa:<\/strong> Esther Acosta &#8211; secretaria@itaeb.cat<\/li>\n<li><strong>Subalterns:<\/strong> Bel\u00e9n Garcia i Abel Rom\u00e1n &#8211; consergeria<span class=\"atwho-query\">@itaeb.cat<\/span><\/li>\n<li><strong>Correu del centre: <\/strong>a8078403<span class=\"\"><span class=\"\"><span class=\"\">@xtec.ca<\/span><\/span><\/span>t<\/li>\n<\/ul>\n","protected":false},"excerpt":{"rendered":"<p>DIRECCI\u00d3<\/p>\n<ul>\n<li>Direcci\u00f3: Joan Pedroche<\/li>\n<li>Cap d&#8217;estudis: Inma Red\u00f3n<\/li>\n<li>Cap d&#8217;estudis adjunt: Rub\u00e9n Ventura<\/li>\n<li>Coordinaci\u00f3 pedag\u00f2gica: Roger Granel<\/li>\n<li>Secretaria acad\u00e8mica: M\u00edriam Prieto<\/li>\n<\/ul>\n<p>DEPARTAMENTS<\/p>\n<ul>\n<li>Arts Esc\u00e8niques TNC: \u00a0Albert Villalb\u00ed<\/li>\n<li>T\u00e8cniques d&#8217;Actuaci\u00f3 Teatral: Meritxell Manyoses<\/li>\n<li>Batxillerat: David Arnaiz<\/li>\n<li>Imatge i so: Merche Collado<\/li>\n<\/ul>\n<p>COORDINACIONS<\/p>\n<ul>\n<li>Coordinaci\u00f3 T\u00e8cnica: Rub\u00e9n Ventura<\/li>\n<li>Coordinaci\u00f3 FCT i PR\u00c0CTIQUES &#8211; DUAL\u00a0 Paloma Ba\u00f1uls i Albert Mart\u00ed\u00a0 \u00a0(coord.fct@itaeb.cat \/&hellip;  <a href=\"https:\/\/agora.xtec.cat\/ins-itaeb\/linstitut\/organigrama\/\" title=\"Read Organigrama\">Llegeix m\u00e9s\u00bb<\/a><br \/>\n","protected":false},"author":1,"featured_media":0,"parent":19,"menu_order":50,"comment_status":"closed","ping_status":"closed","template":"page-templates\/side-menu.php","meta":{"_bbp_topic_count":0,"_bbp_reply_count":0,"_bbp_total_topic_count":0,"_bbp_total_reply_count":0,"_bbp_voice_count":0,"_bbp_anonymous_reply_count":0,"_bbp_topic_count_hidden":0,"_bbp_reply_count_hidden":0,"_bbp_forum_subforum_count":0,"footnotes":""},"class_list":["post-46","page","type-page","status-publish","hentry"],"post_mailing_queue_ids":[],"_links":{"self":[{"href":"https:\/\/agora.xtec.cat\/ins-itaeb\/wp-json\/wp\/v2\/pages\/46","targetHints":{"allow":["GET"]}}],"collection":[{"href":"https:\/\/agora.xtec.cat\/ins-itaeb\/wp-json\/wp\/v2\/pages"}],"about":[{"href":"https:\/\/agora.xtec.cat\/ins-itaeb\/wp-json\/wp\/v2\/types\/page"}],"author":[{"embeddable":true,"href":"https:\/\/agora.xtec.cat\/ins-itaeb\/wp-json\/wp\/v2\/users\/1"}],"replies":[{"embeddable":true,"href":"https:\/\/agora.xtec.cat\/ins-itaeb\/wp-json\/wp\/v2\/comments?post=46"}],"version-history":[{"count":6,"href":"https:\/\/agora.xtec.cat\/ins-itaeb\/wp-json\/wp\/v2\/pages\/46\/revisions"}],"predecessor-version":[{"id":3444,"href":"https:\/\/agora.xtec.cat\/ins-itaeb\/wp-json\/wp\/v2\/pages\/46\/revisions\/3444"}],"up":[{"embeddable":true,"href":"https:\/\/agora.xtec.cat\/ins-itaeb\/wp-json\/wp\/v2\/pages\/19"}],"wp:attachment":[{"href":"https:\/\/agora.xtec.cat\/ins-itaeb\/wp-json\/wp\/v2\/media?parent=46"}],"curies":[{"name":"wp","href":"https:\/\/api.w.org\/{rel}","templated":true}]}}