{"id":3746,"date":"2026-04-22T01:31:07","date_gmt":"2026-04-21T23:31:07","guid":{"rendered":"https:\/\/agora.xtec.cat\/ins-itaeb\/?page_id=3746"},"modified":"2026-04-22T01:35:22","modified_gmt":"2026-04-21T23:35:22","slug":"projecte-de-direccio","status":"publish","type":"page","link":"https:\/\/agora.xtec.cat\/ins-itaeb\/documents-centre\/projecte-de-direccio\/","title":{"rendered":"Projecte de Direcci\u00f3"},"content":{"rendered":"<p>El projecte de Direcci\u00f3 <a href=\"https:\/\/agora.xtec.cat\/ins-itaeb\/wp-content\/uploads\/usu2388\/2026\/04\/PdD-ITAEB.pdf\">PdD ITAEB<\/a> \u00e9s el document que defineix el full de ruta del centre per als propers cursos, amb la voluntat de consolidar-se com a referent en la formaci\u00f3 professional d\u2019arts esc\u00e8niques i audiovisuals. El projecte s\u2019articula al voltant d\u2019una mirada pedag\u00f2gica innovadora, centrada en l\u2019alumnat i orientada al desenvolupament de compet\u00e8ncies professionals reals, mitjan\u00e7ant metodologies actives com el treball per projectes, les situacions d\u2019aprenentatge i l\u2019\u00fas del portfoli. Alhora, aposta per un sistema d\u2019orientaci\u00f3 i seguiment personalitzat basat en evid\u00e8ncies, que permeti acompanyar l\u2019alumnat en el seu itinerari formatiu i professional.<\/p>\n<p>En paral\u00b7lel, el projecte refor\u00e7a la connexi\u00f3 de l\u2019ITAEB amb el sector i el territori, mitjan\u00e7ant aliances amb institucions i empreses de refer\u00e8ncia com el <span class=\"hover:entity-accent entity-underline inline cursor-pointer align-baseline\"><span class=\"whitespace-normal\">Teatre Nacional de Catalunya<\/span><\/span>, <span class=\"hover:entity-accent entity-underline inline cursor-pointer align-baseline\"><span class=\"whitespace-normal\">Betev\u00e9<\/span><\/span>, Razzmatazz i el <span class=\"hover:entity-accent entity-underline inline cursor-pointer align-baseline\"><span class=\"whitespace-normal\">Cluster Audiovisual de Catalunya<\/span><\/span>. Aquesta xarxa de col\u00b7laboracions, juntament amb la participaci\u00f3 activa en el districte de <span class=\"hover:entity-accent entity-underline inline cursor-pointer align-baseline\"><span class=\"whitespace-normal\">Sant Mart\u00ed<\/span><\/span> i en xarxes educatives, permet oferir a l\u2019alumnat experi\u00e8ncies formatives vinculades a contextos reals de producci\u00f3 i creaci\u00f3. El <a href=\"https:\/\/agora.xtec.cat\/ins-itaeb\/wp-content\/uploads\/usu2388\/2026\/04\/PdD-ITAEB.pdf\">Projecte de Direcci\u00f3<\/a> es configura aix\u00ed com una eina estrat\u00e8gica per impulsar la qualitat, la innovaci\u00f3 i la projecci\u00f3 de l\u2019ITAEB.<\/p>\n","protected":false},"excerpt":{"rendered":"<p>El projecte de Direcci\u00f3 <a href=\"https:\/\/agora.xtec.cat\/ins-itaeb\/wp-content\/uploads\/usu2388\/2026\/04\/PdD-ITAEB.pdf\">PdD ITAEB<\/a> \u00e9s el document que defineix el full de ruta del centre per als propers cursos, amb la voluntat de consolidar-se com a referent en la formaci\u00f3 professional d\u2019arts esc\u00e8niques i audiovisuals. El projecte s\u2019articula al voltant d\u2019una mirada&hellip;  <a href=\"https:\/\/agora.xtec.cat\/ins-itaeb\/documents-centre\/projecte-de-direccio\/\" title=\"Read Projecte de Direcci\u00f3\">Llegeix m\u00e9s\u00bb<\/a><\/p>\n","protected":false},"author":1,"featured_media":0,"parent":1291,"menu_order":0,"comment_status":"closed","ping_status":"closed","template":"page-templates\/side-menu.php","meta":{"_bbp_topic_count":0,"_bbp_reply_count":0,"_bbp_total_topic_count":0,"_bbp_total_reply_count":0,"_bbp_voice_count":0,"_bbp_anonymous_reply_count":0,"_bbp_topic_count_hidden":0,"_bbp_reply_count_hidden":0,"_bbp_forum_subforum_count":0,"footnotes":""},"class_list":["post-3746","page","type-page","status-publish","hentry"],"post_mailing_queue_ids":[],"_links":{"self":[{"href":"https:\/\/agora.xtec.cat\/ins-itaeb\/wp-json\/wp\/v2\/pages\/3746","targetHints":{"allow":["GET"]}}],"collection":[{"href":"https:\/\/agora.xtec.cat\/ins-itaeb\/wp-json\/wp\/v2\/pages"}],"about":[{"href":"https:\/\/agora.xtec.cat\/ins-itaeb\/wp-json\/wp\/v2\/types\/page"}],"author":[{"embeddable":true,"href":"https:\/\/agora.xtec.cat\/ins-itaeb\/wp-json\/wp\/v2\/users\/1"}],"replies":[{"embeddable":true,"href":"https:\/\/agora.xtec.cat\/ins-itaeb\/wp-json\/wp\/v2\/comments?post=3746"}],"version-history":[{"count":3,"href":"https:\/\/agora.xtec.cat\/ins-itaeb\/wp-json\/wp\/v2\/pages\/3746\/revisions"}],"predecessor-version":[{"id":3750,"href":"https:\/\/agora.xtec.cat\/ins-itaeb\/wp-json\/wp\/v2\/pages\/3746\/revisions\/3750"}],"up":[{"embeddable":true,"href":"https:\/\/agora.xtec.cat\/ins-itaeb\/wp-json\/wp\/v2\/pages\/1291"}],"wp:attachment":[{"href":"https:\/\/agora.xtec.cat\/ins-itaeb\/wp-json\/wp\/v2\/media?parent=3746"}],"curies":[{"name":"wp","href":"https:\/\/api.w.org\/{rel}","templated":true}]}}