{"id":3415,"date":"2025-11-15T21:28:48","date_gmt":"2025-11-15T20:28:48","guid":{"rendered":"https:\/\/agora.xtec.cat\/ins-itaeb\/?page_id=3415"},"modified":"2025-11-15T23:08:36","modified_gmt":"2025-11-15T22:08:36","slug":"projecte-linguistic-de-centre","status":"publish","type":"page","link":"https:\/\/agora.xtec.cat\/ins-itaeb\/documents-centre\/projecte-linguistic-de-centre\/","title":{"rendered":"Projecte Ling\u00fc\u00edstic de Centre"},"content":{"rendered":"<p>El projecte ling\u00fc\u00edstic \u00e9s el document que recull els aspectes relatius a l&#8217;ensenyament i a l&#8217;\u00fas de les lleng\u00fces en el centre educatiu. El <a href=\"https:\/\/agora.xtec.cat\/ins-itaeb\/wp-content\/uploads\/usu2388\/2025\/11\/PROJECTE-LINGUISTIC-ITAEB.v01.pdf\">projecte ling\u00fc\u00edstic de l&#8217;ITAEB<\/a> \u00e9s un document elaborat per la comissi\u00f3 LIC del centre que t\u00e9 per objectius:<\/p>\n<ol>\n<li style=\"list-style-type: none;\">\n<ol>\n<li style=\"list-style-type: none;\">\n<ol>\n<li style=\"list-style-type: none;\">\n<ol>\n<li>Establir les bases per a un \u00fas coherent i adequat de les lleng\u00fces al Centre.<\/li>\n<li>Assegurar que el catal\u00e0 sigui la llengua normalment emprada com a vehicular<br \/>\ni d\u2019aprenentatge.<\/li>\n<li>Assegurar la compet\u00e8ncia ling\u00fc\u00edstica de l\u2019alumnat en qualsevol de les<br \/>\nlleng\u00fces objecte d\u2019aprenentatge, tot compensant-ne les possibles<br \/>\nmancances.<\/li>\n<li>Identificar les necessitats socioling\u00fc\u00edstiques espec\u00edfiques del Centre i establir<br \/>\naccions per a la seva millora.<\/li>\n<\/ol>\n<\/li>\n<\/ol>\n<\/li>\n<\/ol>\n<\/li>\n<\/ol>\n<p>El podeu consultar en el seg\u00fcent enlla\u00e7: <a href=\"https:\/\/agora.xtec.cat\/ins-itaeb\/wp-content\/uploads\/usu2388\/2025\/11\/PROJECTE-LINGUISTIC-ITAEB.v01.pdf\">PROJECTE LING\u00dc\u00cdSTIC ITAEB<\/a><\/p>\n","protected":false},"excerpt":{"rendered":"<p>El projecte ling\u00fc\u00edstic \u00e9s el document que recull els aspectes relatius a l&#8217;ensenyament i a l&#8217;\u00fas de les lleng\u00fces en el centre educatiu. El <a href=\"https:\/\/agora.xtec.cat\/ins-itaeb\/wp-content\/uploads\/usu2388\/2025\/11\/PROJECTE-LINGUISTIC-ITAEB.v01.pdf\">projecte ling\u00fc\u00edstic de l&#8217;ITAEB<\/a> \u00e9s un document elaborat per la comissi\u00f3 LIC del centre que t\u00e9 per objectius:<\/p>\n<ol>\n<li style=\"list-style-type: none;\">\n<ol>\n<li&hellip;  <a href=\"https:\/\/agora.xtec.cat\/ins-itaeb\/documents-centre\/projecte-linguistic-de-centre\/\" title=\"Read Projecte Ling\u00fc\u00edstic de Centre\">Llegeix m\u00e9s\u00bb<\/a><\/p>\n","protected":false},"author":1,"featured_media":0,"parent":1291,"menu_order":0,"comment_status":"closed","ping_status":"closed","template":"page-templates\/side-menu.php","meta":{"_bbp_topic_count":0,"_bbp_reply_count":0,"_bbp_total_topic_count":0,"_bbp_total_reply_count":0,"_bbp_voice_count":0,"_bbp_anonymous_reply_count":0,"_bbp_topic_count_hidden":0,"_bbp_reply_count_hidden":0,"_bbp_forum_subforum_count":0,"footnotes":""},"class_list":["post-3415","page","type-page","status-publish","hentry"],"post_mailing_queue_ids":[],"_links":{"self":[{"href":"https:\/\/agora.xtec.cat\/ins-itaeb\/wp-json\/wp\/v2\/pages\/3415","targetHints":{"allow":["GET"]}}],"collection":[{"href":"https:\/\/agora.xtec.cat\/ins-itaeb\/wp-json\/wp\/v2\/pages"}],"about":[{"href":"https:\/\/agora.xtec.cat\/ins-itaeb\/wp-json\/wp\/v2\/types\/page"}],"author":[{"embeddable":true,"href":"https:\/\/agora.xtec.cat\/ins-itaeb\/wp-json\/wp\/v2\/users\/1"}],"replies":[{"embeddable":true,"href":"https:\/\/agora.xtec.cat\/ins-itaeb\/wp-json\/wp\/v2\/comments?post=3415"}],"version-history":[{"count":2,"href":"https:\/\/agora.xtec.cat\/ins-itaeb\/wp-json\/wp\/v2\/pages\/3415\/revisions"}],"predecessor-version":[{"id":3417,"href":"https:\/\/agora.xtec.cat\/ins-itaeb\/wp-json\/wp\/v2\/pages\/3415\/revisions\/3417"}],"up":[{"embeddable":true,"href":"https:\/\/agora.xtec.cat\/ins-itaeb\/wp-json\/wp\/v2\/pages\/1291"}],"wp:attachment":[{"href":"https:\/\/agora.xtec.cat\/ins-itaeb\/wp-json\/wp\/v2\/media?parent=3415"}],"curies":[{"name":"wp","href":"https:\/\/api.w.org\/{rel}","templated":true}]}}