{"id":3078,"date":"2025-05-24T18:18:55","date_gmt":"2025-05-24T16:18:55","guid":{"rendered":"https:\/\/agora.xtec.cat\/ins-itaeb\/?page_id=3078"},"modified":"2026-02-26T14:18:57","modified_gmt":"2026-02-26T13:18:57","slug":"curs-defectes-visuals-amb-fusion","status":"publish","type":"page","link":"https:\/\/agora.xtec.cat\/ins-itaeb\/curs-defectes-visuals-amb-fusion\/","title":{"rendered":"Curs d&#8217;Efectes Visuals amb Fusion"},"content":{"rendered":"<p><a href=\"https:\/\/agora.xtec.cat\/ins-itaeb\/wp-content\/uploads\/usu2388\/2025\/05\/Screenshot-2025-05-24-at-18.18.13.png\"><img loading=\"lazy\" decoding=\"async\" class=\"aligncenter size-full wp-image-3079\" src=\"https:\/\/agora.xtec.cat\/ins-itaeb\/wp-content\/uploads\/usu2388\/2025\/05\/Screenshot-2025-05-24-at-18.18.13.png\" alt=\"\" width=\"1888\" height=\"874\" srcset=\"https:\/\/agora.xtec.cat\/ins-itaeb\/wp-content\/uploads\/usu2388\/2025\/05\/Screenshot-2025-05-24-at-18.18.13.png 1888w, https:\/\/agora.xtec.cat\/ins-itaeb\/wp-content\/uploads\/usu2388\/2025\/05\/Screenshot-2025-05-24-at-18.18.13-300x139.png 300w, https:\/\/agora.xtec.cat\/ins-itaeb\/wp-content\/uploads\/usu2388\/2025\/05\/Screenshot-2025-05-24-at-18.18.13-1024x474.png 1024w, https:\/\/agora.xtec.cat\/ins-itaeb\/wp-content\/uploads\/usu2388\/2025\/05\/Screenshot-2025-05-24-at-18.18.13-768x356.png 768w, https:\/\/agora.xtec.cat\/ins-itaeb\/wp-content\/uploads\/usu2388\/2025\/05\/Screenshot-2025-05-24-at-18.18.13-1536x711.png 1536w\" sizes=\"auto, (max-width: 1888px) 100vw, 1888px\" \/><\/a><\/p>\n<p>Continguts:<\/p>\n<p>Introducci\u00f3 a la p\u00e0gina de Fusion<\/p>\n<p>Creaci\u00f3 de m\u00e0scares i composici\u00f3<\/p>\n<p>Substituir el cel<\/p>\n<p>Substituci\u00f3 d&#8217;altres elements<\/p>\n<p>Composici\u00f3 amb chroma key<\/p>\n<p>L&#8217;art dels cr\u00e8dits<\/p>\n<p>Creaci\u00f3 de plantilles de t\u00edtols<\/p>\n<p>Animaci\u00f3 amb Keyframes<\/p>\n<p>Creaci\u00f3 d&#8217;escenes 3D<\/p>\n<p>Disseny de gr\u00e0fics 3D<\/p>\n<p>Sistemes de part\u00edcules 3D<\/p>\n<p>Es segueix el contingut del llibre oficial de Blackmagic i en acabar s&#8217;ofereix l&#8217;examen de certificaci\u00f3.<\/p>\n","protected":false},"excerpt":{"rendered":"<p><a href=\"https:\/\/agora.xtec.cat\/ins-itaeb\/wp-content\/uploads\/usu2388\/2025\/05\/Screenshot-2025-05-24-at-18.18.13.png\"><\/a><br \/>\nContinguts:<br \/>\nIntroducci\u00f3 a la p\u00e0gina de Fusion<br \/>\nCreaci\u00f3 de m\u00e0scares i composici\u00f3<br \/>\nSubstituir el cel<br \/>\nSubstituci\u00f3 d&#8217;altres elements<br \/>\nComposici\u00f3 amb chroma key<br \/>\nL&#8217;art dels cr\u00e8dits<br \/>\nCreaci\u00f3 de plantilles de t\u00edtols<br \/>\nAnimaci\u00f3 amb Keyframes<br \/>\nCreaci\u00f3 d&#8217;escenes 3D<br \/>\nDisseny de gr\u00e0fics 3D<br \/>\nSistemes de part\u00edcules 3D<br \/>\nEs segueix el contingut del llibre oficial de Blackmagic i en acabar&hellip;  <a href=\"https:\/\/agora.xtec.cat\/ins-itaeb\/curs-defectes-visuals-amb-fusion\/\" title=\"Read Curs d&#8217;Efectes Visuals amb Fusion\">Llegeix m\u00e9s\u00bb<\/a><\/p>\n","protected":false},"author":1,"featured_media":0,"parent":0,"menu_order":0,"comment_status":"closed","ping_status":"closed","template":"page-templates\/side-menu.php","meta":{"_bbp_topic_count":0,"_bbp_reply_count":0,"_bbp_total_topic_count":0,"_bbp_total_reply_count":0,"_bbp_voice_count":0,"_bbp_anonymous_reply_count":0,"_bbp_topic_count_hidden":0,"_bbp_reply_count_hidden":0,"_bbp_forum_subforum_count":0,"footnotes":""},"class_list":["post-3078","page","type-page","status-publish","hentry"],"post_mailing_queue_ids":[],"_links":{"self":[{"href":"https:\/\/agora.xtec.cat\/ins-itaeb\/wp-json\/wp\/v2\/pages\/3078","targetHints":{"allow":["GET"]}}],"collection":[{"href":"https:\/\/agora.xtec.cat\/ins-itaeb\/wp-json\/wp\/v2\/pages"}],"about":[{"href":"https:\/\/agora.xtec.cat\/ins-itaeb\/wp-json\/wp\/v2\/types\/page"}],"author":[{"embeddable":true,"href":"https:\/\/agora.xtec.cat\/ins-itaeb\/wp-json\/wp\/v2\/users\/1"}],"replies":[{"embeddable":true,"href":"https:\/\/agora.xtec.cat\/ins-itaeb\/wp-json\/wp\/v2\/comments?post=3078"}],"version-history":[{"count":3,"href":"https:\/\/agora.xtec.cat\/ins-itaeb\/wp-json\/wp\/v2\/pages\/3078\/revisions"}],"predecessor-version":[{"id":3568,"href":"https:\/\/agora.xtec.cat\/ins-itaeb\/wp-json\/wp\/v2\/pages\/3078\/revisions\/3568"}],"wp:attachment":[{"href":"https:\/\/agora.xtec.cat\/ins-itaeb\/wp-json\/wp\/v2\/media?parent=3078"}],"curies":[{"name":"wp","href":"https:\/\/api.w.org\/{rel}","templated":true}]}}