{"id":3070,"date":"2025-05-24T17:54:32","date_gmt":"2025-05-24T15:54:32","guid":{"rendered":"https:\/\/agora.xtec.cat\/ins-itaeb\/?page_id=3070"},"modified":"2026-02-26T12:41:21","modified_gmt":"2026-02-26T11:41:21","slug":"curs-dedicio-amb-da-vinci-resolve","status":"publish","type":"page","link":"https:\/\/agora.xtec.cat\/ins-itaeb\/curs-dedicio-amb-da-vinci-resolve\/","title":{"rendered":"Curs d&#8217;Edici\u00f3 amb Da Vinci Resolve"},"content":{"rendered":"<p>Curs d&#8217;edic\u00f3 amb Da Vinci Resolve amb certificaci\u00f3 oficial de Blackmagic.<\/p>\n<p><a href=\"https:\/\/agora.xtec.cat\/ins-itaeb\/wp-content\/uploads\/usu2388\/2025\/05\/Screenshot-2025-05-24-at-17.53.00.png\"><img loading=\"lazy\" decoding=\"async\" class=\"aligncenter size-full wp-image-3071\" src=\"https:\/\/agora.xtec.cat\/ins-itaeb\/wp-content\/uploads\/usu2388\/2025\/05\/Screenshot-2025-05-24-at-17.53.00.png\" alt=\"\" width=\"1024\" height=\"551\" srcset=\"https:\/\/agora.xtec.cat\/ins-itaeb\/wp-content\/uploads\/usu2388\/2025\/05\/Screenshot-2025-05-24-at-17.53.00.png 1024w, https:\/\/agora.xtec.cat\/ins-itaeb\/wp-content\/uploads\/usu2388\/2025\/05\/Screenshot-2025-05-24-at-17.53.00-300x161.png 300w, https:\/\/agora.xtec.cat\/ins-itaeb\/wp-content\/uploads\/usu2388\/2025\/05\/Screenshot-2025-05-24-at-17.53.00-768x413.png 768w\" sizes=\"auto, (max-width: 1024px) 100vw, 1024px\" \/><\/a><\/p>\n<p>Continguts:<\/p>\n<ol>\n<li>Edici\u00f3 B\u00e0sica<\/li>\n<li>Eines de perfeccionament de l&#8217;edici\u00f3<\/li>\n<li>Edici\u00f3 d&#8217;entrevistes<\/li>\n<li>Edici\u00f3 d&#8217;escenes dram\u00e0tiques<\/li>\n<li>Edici\u00f3 amb multic\u00e0mera<\/li>\n<li>Organitzaci\u00f3 del projecte<\/li>\n<li>Efectes de la p\u00e0gina d&#8217;edici\u00f3<\/li>\n<li>Edici\u00f3 i mescla de so<\/li>\n<li>Exportaci\u00f3 final del projecte<\/li>\n<\/ol>\n<p>Es segueix el contingut del llibre oficial de Blackmagic.<\/p>\n","protected":false},"excerpt":{"rendered":"<p>Curs d&#8217;edic\u00f3 amb Da Vinci Resolve amb certificaci\u00f3 oficial de Blackmagic.<br \/>\n<a href=\"https:\/\/agora.xtec.cat\/ins-itaeb\/wp-content\/uploads\/usu2388\/2025\/05\/Screenshot-2025-05-24-at-17.53.00.png\"><\/a><br \/>\nContinguts:<\/p>\n<ol>\n<li>Edici\u00f3 B\u00e0sica<\/li>\n<li>Eines de perfeccionament de l&#8217;edici\u00f3<\/li>\n<li>Edici\u00f3 d&#8217;entrevistes<\/li>\n<li>Edici\u00f3 d&#8217;escenes dram\u00e0tiques<\/li>\n<li>Edici\u00f3 amb multic\u00e0mera<\/li>\n<li>Organitzaci\u00f3 del projecte<\/li>\n<li>Efectes de la p\u00e0gina d&#8217;edici\u00f3<\/li>\n<li>Edici\u00f3 i mescla de so<\/li>\n<li>Exportaci\u00f3 final del projecte<\/li>\n<\/ol>\n<p>Es segueix el contingut del llibre oficial de Blackmagic.<\/p>\n","protected":false},"author":1,"featured_media":0,"parent":0,"menu_order":0,"comment_status":"closed","ping_status":"closed","template":"page-templates\/side-menu.php","meta":{"_bbp_topic_count":0,"_bbp_reply_count":0,"_bbp_total_topic_count":0,"_bbp_total_reply_count":0,"_bbp_voice_count":0,"_bbp_anonymous_reply_count":0,"_bbp_topic_count_hidden":0,"_bbp_reply_count_hidden":0,"_bbp_forum_subforum_count":0,"footnotes":""},"class_list":["post-3070","page","type-page","status-publish","hentry"],"post_mailing_queue_ids":[],"_links":{"self":[{"href":"https:\/\/agora.xtec.cat\/ins-itaeb\/wp-json\/wp\/v2\/pages\/3070","targetHints":{"allow":["GET"]}}],"collection":[{"href":"https:\/\/agora.xtec.cat\/ins-itaeb\/wp-json\/wp\/v2\/pages"}],"about":[{"href":"https:\/\/agora.xtec.cat\/ins-itaeb\/wp-json\/wp\/v2\/types\/page"}],"author":[{"embeddable":true,"href":"https:\/\/agora.xtec.cat\/ins-itaeb\/wp-json\/wp\/v2\/users\/1"}],"replies":[{"embeddable":true,"href":"https:\/\/agora.xtec.cat\/ins-itaeb\/wp-json\/wp\/v2\/comments?post=3070"}],"version-history":[{"count":2,"href":"https:\/\/agora.xtec.cat\/ins-itaeb\/wp-json\/wp\/v2\/pages\/3070\/revisions"}],"predecessor-version":[{"id":3082,"href":"https:\/\/agora.xtec.cat\/ins-itaeb\/wp-json\/wp\/v2\/pages\/3070\/revisions\/3082"}],"wp:attachment":[{"href":"https:\/\/agora.xtec.cat\/ins-itaeb\/wp-json\/wp\/v2\/media?parent=3070"}],"curies":[{"name":"wp","href":"https:\/\/api.w.org\/{rel}","templated":true}]}}