{"id":3065,"date":"2025-05-24T10:22:30","date_gmt":"2025-05-24T08:22:30","guid":{"rendered":"https:\/\/agora.xtec.cat\/ins-itaeb\/?page_id=3065"},"modified":"2026-02-26T12:41:31","modified_gmt":"2026-02-26T11:41:31","slug":"curs-dintroduccio-a-da-vinci-resolve","status":"publish","type":"page","link":"https:\/\/agora.xtec.cat\/ins-itaeb\/curs-dintroduccio-a-da-vinci-resolve\/","title":{"rendered":"Curs d&#8217;Introducci\u00f3 a Da Vinci Resolve 19"},"content":{"rendered":"<p>Curs amb certificaci\u00f3 oficial de Blackmagic que ofereix una visi\u00f3 global de les eines del programa.<\/p>\n<p><a href=\"https:\/\/agora.xtec.cat\/ins-itaeb\/wp-content\/uploads\/usu2388\/2025\/05\/Screenshot-2025-05-24-at-10.28.27.png\"><img loading=\"lazy\" decoding=\"async\" class=\"aligncenter size-full wp-image-3068\" src=\"https:\/\/agora.xtec.cat\/ins-itaeb\/wp-content\/uploads\/usu2388\/2025\/05\/Screenshot-2025-05-24-at-10.28.27.png\" alt=\"\" width=\"1024\" height=\"434\" srcset=\"https:\/\/agora.xtec.cat\/ins-itaeb\/wp-content\/uploads\/usu2388\/2025\/05\/Screenshot-2025-05-24-at-10.28.27.png 1024w, https:\/\/agora.xtec.cat\/ins-itaeb\/wp-content\/uploads\/usu2388\/2025\/05\/Screenshot-2025-05-24-at-10.28.27-300x127.png 300w, https:\/\/agora.xtec.cat\/ins-itaeb\/wp-content\/uploads\/usu2388\/2025\/05\/Screenshot-2025-05-24-at-10.28.27-768x326.png 768w\" sizes=\"auto, (max-width: 1024px) 100vw, 1024px\" \/><\/a><\/p>\n<ol>\n<li>Edici\u00f3 b\u00e1sica<\/li>\n<li>Eines de perfeccionament del muntatge<\/li>\n<li>Edici\u00f3 b\u00e0sica d&#8217;\u00e0udio<\/li>\n<li>Introducci\u00f3 a la correcci\u00f3 de color: correccions prim\u00e0ries<\/li>\n<li>Color: correccions secund\u00e0ries<\/li>\n<li>Acabat i gesti\u00f3 de color grades<\/li>\n<li>Prefer\u00e8ncies i ajustos del projecte<\/li>\n<li>Introducci\u00f3 al disseny i posproducci\u00f3 de so<\/li>\n<li>Masteritzaci\u00f3<\/li>\n<\/ol>\n<p>Es segueix el contingut del llibre oficial de Blackmagic i en acabar el curs s&#8217;ofereix l&#8217;examen de certificaci\u00f3.<\/p>\n","protected":false},"excerpt":{"rendered":"<p>Curs amb certificaci\u00f3 oficial de Blackmagic que ofereix una visi\u00f3 global de les eines del programa.<br \/>\n<a href=\"https:\/\/agora.xtec.cat\/ins-itaeb\/wp-content\/uploads\/usu2388\/2025\/05\/Screenshot-2025-05-24-at-10.28.27.png\"><\/a><\/p>\n<ol>\n<li>Edici\u00f3 b\u00e1sica<\/li>\n<li>Eines de perfeccionament del muntatge<\/li>\n<li>Edici\u00f3 b\u00e0sica d&#8217;\u00e0udio<\/li>\n<li>Introducci\u00f3 a la correcci\u00f3 de color: correccions prim\u00e0ries<\/li>\n<li>Color: correccions secund\u00e0ries<\/li>\n<li>Acabat i gesti\u00f3 de color grades<\/li>\n<li>Prefer\u00e8ncies i ajustos del projecte<\/li>\n<li>Introducci\u00f3 al disseny i&hellip;  <a href=\"https:\/\/agora.xtec.cat\/ins-itaeb\/curs-dintroduccio-a-da-vinci-resolve\/\" title=\"Read Curs d&#8217;Introducci\u00f3 a Da Vinci Resolve 19\">Llegeix m\u00e9s\u00bb<\/a><br \/>\n","protected":false},"author":1,"featured_media":0,"parent":0,"menu_order":0,"comment_status":"closed","ping_status":"closed","template":"page-templates\/side-menu.php","meta":{"_bbp_topic_count":0,"_bbp_reply_count":0,"_bbp_total_topic_count":0,"_bbp_total_reply_count":0,"_bbp_voice_count":0,"_bbp_anonymous_reply_count":0,"_bbp_topic_count_hidden":0,"_bbp_reply_count_hidden":0,"_bbp_forum_subforum_count":0,"footnotes":""},"class_list":["post-3065","page","type-page","status-publish","hentry"],"post_mailing_queue_ids":[],"_links":{"self":[{"href":"https:\/\/agora.xtec.cat\/ins-itaeb\/wp-json\/wp\/v2\/pages\/3065","targetHints":{"allow":["GET"]}}],"collection":[{"href":"https:\/\/agora.xtec.cat\/ins-itaeb\/wp-json\/wp\/v2\/pages"}],"about":[{"href":"https:\/\/agora.xtec.cat\/ins-itaeb\/wp-json\/wp\/v2\/types\/page"}],"author":[{"embeddable":true,"href":"https:\/\/agora.xtec.cat\/ins-itaeb\/wp-json\/wp\/v2\/users\/1"}],"replies":[{"embeddable":true,"href":"https:\/\/agora.xtec.cat\/ins-itaeb\/wp-json\/wp\/v2\/comments?post=3065"}],"version-history":[{"count":4,"href":"https:\/\/agora.xtec.cat\/ins-itaeb\/wp-json\/wp\/v2\/pages\/3065\/revisions"}],"predecessor-version":[{"id":3067,"href":"https:\/\/agora.xtec.cat\/ins-itaeb\/wp-json\/wp\/v2\/pages\/3065\/revisions\/3067"}],"wp:attachment":[{"href":"https:\/\/agora.xtec.cat\/ins-itaeb\/wp-json\/wp\/v2\/media?parent=3065"}],"curies":[{"name":"wp","href":"https:\/\/api.w.org\/{rel}","templated":true}]}}