{"id":2710,"date":"2025-01-31T11:46:41","date_gmt":"2025-01-31T10:46:41","guid":{"rendered":"https:\/\/agora.xtec.cat\/ins-itaeb\/?page_id=2710"},"modified":"2025-01-31T11:58:00","modified_gmt":"2025-01-31T10:58:00","slug":"normes-dorganitzacio-i-funcionament-de-centre","status":"publish","type":"page","link":"https:\/\/agora.xtec.cat\/ins-itaeb\/normes-dorganitzacio-i-funcionament-de-centre\/","title":{"rendered":"Normes d&#8217;Organitzaci\u00f3 i Funcionament de Centre"},"content":{"rendered":"<p>La Llei d\u2019educaci\u00f3 de Catalunya (LEC) estableix que un dels principis organitzatius pel qual s\u2019ha de regir el sistema educatiu ha de ser el de l\u2019autonomia de cada centre. Aix\u00ed doncs, la present Normativa d\u2019Organitzaci\u00f3 i Funcionament de Centre ha estat elaborada per l\u2019Equip Directiu amb l\u2019aportaci\u00f3 de criteris i propostes per part dels docents, degudament aprovat en sessi\u00f3 de Claustre el 3 d&#8217;octubre de 2024 i t\u00e9 el suport del Consell Escolar, d\u2019acord amb la normativa vigent.<\/p>\n<p>Podeu consultar la \u00faltima versi\u00f3 del document NOFC al seg\u00fcent enlla\u00e7: <a href=\"https:\/\/agora.xtec.cat\/ins-itaeb\/wp-content\/uploads\/usu2388\/2025\/01\/NOFC-ITAEB.v03.docx.pdf\" target=\"_blank\" rel=\"noopener\">Normes d&#8217;Organitzaci\u00f3 i Funcionament del Centre<\/a><\/p>\n<p>&nbsp;<\/p>\n","protected":false},"excerpt":{"rendered":"<p>La Llei d\u2019educaci\u00f3 de Catalunya (LEC) estableix que un dels principis organitzatius pel qual s\u2019ha de regir el sistema educatiu ha de ser el de l\u2019autonomia de cada centre. Aix\u00ed doncs, la present Normativa d\u2019Organitzaci\u00f3 i Funcionament de Centre ha estat elaborada per l\u2019Equip Directiu&hellip;  <a href=\"https:\/\/agora.xtec.cat\/ins-itaeb\/normes-dorganitzacio-i-funcionament-de-centre\/\" title=\"Read Normes d&#8217;Organitzaci\u00f3 i Funcionament de Centre\">Llegeix m\u00e9s\u00bb<\/a><\/p>\n","protected":false},"author":1,"featured_media":0,"parent":0,"menu_order":0,"comment_status":"closed","ping_status":"closed","template":"","meta":{"_bbp_topic_count":0,"_bbp_reply_count":0,"_bbp_total_topic_count":0,"_bbp_total_reply_count":0,"_bbp_voice_count":0,"_bbp_anonymous_reply_count":0,"_bbp_topic_count_hidden":0,"_bbp_reply_count_hidden":0,"_bbp_forum_subforum_count":0,"footnotes":""},"class_list":["post-2710","page","type-page","status-publish","hentry"],"post_mailing_queue_ids":[],"_links":{"self":[{"href":"https:\/\/agora.xtec.cat\/ins-itaeb\/wp-json\/wp\/v2\/pages\/2710","targetHints":{"allow":["GET"]}}],"collection":[{"href":"https:\/\/agora.xtec.cat\/ins-itaeb\/wp-json\/wp\/v2\/pages"}],"about":[{"href":"https:\/\/agora.xtec.cat\/ins-itaeb\/wp-json\/wp\/v2\/types\/page"}],"author":[{"embeddable":true,"href":"https:\/\/agora.xtec.cat\/ins-itaeb\/wp-json\/wp\/v2\/users\/1"}],"replies":[{"embeddable":true,"href":"https:\/\/agora.xtec.cat\/ins-itaeb\/wp-json\/wp\/v2\/comments?post=2710"}],"version-history":[{"count":3,"href":"https:\/\/agora.xtec.cat\/ins-itaeb\/wp-json\/wp\/v2\/pages\/2710\/revisions"}],"predecessor-version":[{"id":2721,"href":"https:\/\/agora.xtec.cat\/ins-itaeb\/wp-json\/wp\/v2\/pages\/2710\/revisions\/2721"}],"wp:attachment":[{"href":"https:\/\/agora.xtec.cat\/ins-itaeb\/wp-json\/wp\/v2\/media?parent=2710"}],"curies":[{"name":"wp","href":"https:\/\/api.w.org\/{rel}","templated":true}]}}