{"id":1876,"date":"2024-04-11T14:01:46","date_gmt":"2024-04-11T12:01:46","guid":{"rendered":"https:\/\/agora.xtec.cat\/ins-itaeb\/?page_id=1876"},"modified":"2024-04-11T14:24:45","modified_gmt":"2024-04-11T12:24:45","slug":"projecte-escenic-de-creacio-collectiva","status":"publish","type":"page","link":"https:\/\/agora.xtec.cat\/ins-itaeb\/serveisiprojectes\/projecte-escenic-de-creacio-collectiva\/","title":{"rendered":"Projecte esc\u00e8nic de creaci\u00f3 col\u00b7lectiva (Beckett-Ivanow)"},"content":{"rendered":"<p><a href=\"https:\/\/agora.xtec.cat\/ins-itaeb\/wp-content\/uploads\/usu2388\/2024\/04\/Cartell_sientate_perra_02.png\"><img loading=\"lazy\" decoding=\"async\" class=\"aligncenter wp-image-1879\" src=\"https:\/\/agora.xtec.cat\/ins-itaeb\/wp-content\/uploads\/usu2388\/2024\/04\/Cartell_sientate_perra_02.png\" alt=\"\" width=\"287\" height=\"406\" srcset=\"https:\/\/agora.xtec.cat\/ins-itaeb\/wp-content\/uploads\/usu2388\/2024\/04\/Cartell_sientate_perra_02.png 800w, https:\/\/agora.xtec.cat\/ins-itaeb\/wp-content\/uploads\/usu2388\/2024\/04\/Cartell_sientate_perra_02-212x300.png 212w, https:\/\/agora.xtec.cat\/ins-itaeb\/wp-content\/uploads\/usu2388\/2024\/04\/Cartell_sientate_perra_02-724x1024.png 724w, https:\/\/agora.xtec.cat\/ins-itaeb\/wp-content\/uploads\/usu2388\/2024\/04\/Cartell_sientate_perra_02-768x1087.png 768w\" sizes=\"auto, (max-width: 287px) 100vw, 287px\" \/><\/a><\/p>\n<p>Dins de la mat\u00e8ria d&#8217;<strong>Arts Esc\u00e8niques<\/strong>, l&#8217;alumnat de Batxillerat Esc\u00e8nic crea i desenvolupa un projecte esc\u00e8nic de creaci\u00f3 col\u00b7lectiva, amb la col\u00b7laboraci\u00f3 de la <a href=\"https:\/\/www.salabeckett.cat\/activitat-resta\/sientate-perra\/\" target=\"_blank\" rel=\"noopener\"><strong>Sala Beckett<\/strong><\/a> i la<a href=\"https:\/\/nauivanow.com\/es\/\" target=\"_blank\" rel=\"noopener\"><strong> Nau Ivanow<\/strong><\/a>.<\/p>\n<p>Durant el segon trimestre, l&#8217;alumnat ha realitzat <strong>improvisacions dramat\u00fargiques<\/strong> que han servit per construir la pe\u00e7a esc\u00e8nica que estrenar\u00e0 el 15 de maig a la Sala Beckett. Un cop fixat el text de la pe\u00e7a, en el tercer trimestre tocar\u00e0 preparar la posada en escena i assajar.<\/p>\n<p>Enguany l&#8217;obra porta el t\u00edtol de &#8220;Si\u00e9ntate, perra&#8221; i tracta temes com l&#8217;ansietat, la depressi\u00f3, l&#8217;amor man\u00edac, les addiccions i el desig de llibertat.<\/p>\n<p>Durant tot el proc\u00e9s, l&#8217;alumnat rep l&#8217;<strong>acompanyament i assessorament<\/strong> del docent David Arnaiz, de la dramaturga Paloma Dom\u00ednguez (Nau Ivanow) i de V\u00edctor Mu\u00f1oz, responsable del contacte amb escoles de la Sala Beckett.<\/p>\n<p><a href=\"https:\/\/agora.xtec.cat\/ins-itaeb\/wp-content\/uploads\/usu2388\/2024\/04\/teatre_esceniques_02-scaled.jpg\"><img loading=\"lazy\" decoding=\"async\" class=\"wp-image-1878 alignleft\" src=\"https:\/\/agora.xtec.cat\/ins-itaeb\/wp-content\/uploads\/usu2388\/2024\/04\/teatre_esceniques_02-scaled.jpg\" alt=\"\" width=\"315\" height=\"155\" srcset=\"https:\/\/agora.xtec.cat\/ins-itaeb\/wp-content\/uploads\/usu2388\/2024\/04\/teatre_esceniques_02-scaled.jpg 2560w, https:\/\/agora.xtec.cat\/ins-itaeb\/wp-content\/uploads\/usu2388\/2024\/04\/teatre_esceniques_02-300x148.jpg 300w, https:\/\/agora.xtec.cat\/ins-itaeb\/wp-content\/uploads\/usu2388\/2024\/04\/teatre_esceniques_02-1024x503.jpg 1024w, https:\/\/agora.xtec.cat\/ins-itaeb\/wp-content\/uploads\/usu2388\/2024\/04\/teatre_esceniques_02-768x378.jpg 768w, https:\/\/agora.xtec.cat\/ins-itaeb\/wp-content\/uploads\/usu2388\/2024\/04\/teatre_esceniques_02-1536x755.jpg 1536w, https:\/\/agora.xtec.cat\/ins-itaeb\/wp-content\/uploads\/usu2388\/2024\/04\/teatre_esceniques_02-2048x1007.jpg 2048w\" sizes=\"auto, (max-width: 315px) 100vw, 315px\" \/><\/a><\/p>\n<p><a href=\"https:\/\/agora.xtec.cat\/ins-itaeb\/wp-content\/uploads\/usu2388\/2024\/04\/teatre_esceniques_01-scaled.jpg\"><img loading=\"lazy\" decoding=\"async\" class=\"wp-image-1877 alignleft\" src=\"https:\/\/agora.xtec.cat\/ins-itaeb\/wp-content\/uploads\/usu2388\/2024\/04\/teatre_esceniques_01-scaled.jpg\" alt=\"\" width=\"434\" height=\"153\" srcset=\"https:\/\/agora.xtec.cat\/ins-itaeb\/wp-content\/uploads\/usu2388\/2024\/04\/teatre_esceniques_01-scaled.jpg 2560w, https:\/\/agora.xtec.cat\/ins-itaeb\/wp-content\/uploads\/usu2388\/2024\/04\/teatre_esceniques_01-300x106.jpg 300w, https:\/\/agora.xtec.cat\/ins-itaeb\/wp-content\/uploads\/usu2388\/2024\/04\/teatre_esceniques_01-1024x361.jpg 1024w, https:\/\/agora.xtec.cat\/ins-itaeb\/wp-content\/uploads\/usu2388\/2024\/04\/teatre_esceniques_01-768x270.jpg 768w, https:\/\/agora.xtec.cat\/ins-itaeb\/wp-content\/uploads\/usu2388\/2024\/04\/teatre_esceniques_01-1536x541.jpg 1536w, https:\/\/agora.xtec.cat\/ins-itaeb\/wp-content\/uploads\/usu2388\/2024\/04\/teatre_esceniques_01-2048x721.jpg 2048w\" sizes=\"auto, (max-width: 434px) 100vw, 434px\" \/><\/a><\/p>\n","protected":false},"excerpt":{"rendered":"<p><a href=\"https:\/\/agora.xtec.cat\/ins-itaeb\/wp-content\/uploads\/usu2388\/2024\/04\/Cartell_sientate_perra_02.png\"><\/a><br \/>\nDins de la mat\u00e8ria d&#8217;Arts Esc\u00e8niques, l&#8217;alumnat de Batxillerat Esc\u00e8nic crea i desenvolupa un projecte esc\u00e8nic de creaci\u00f3 col\u00b7lectiva, amb la col\u00b7laboraci\u00f3 de la <a href=\"https:\/\/www.salabeckett.cat\/activitat-resta\/sientate-perra\/\" target=\"_blank\" rel=\"noopener\">Sala Beckett<\/a> i la<a href=\"https:\/\/nauivanow.com\/es\/\" target=\"_blank\" rel=\"noopener\"> Nau Ivanow<\/a>.<br \/>\nDurant el segon trimestre, l&#8217;alumnat ha realitzat improvisacions dramat\u00fargiques&hellip;  <a href=\"https:\/\/agora.xtec.cat\/ins-itaeb\/serveisiprojectes\/projecte-escenic-de-creacio-collectiva\/\" title=\"Read Projecte esc\u00e8nic de creaci\u00f3 col\u00b7lectiva (Beckett-Ivanow)\">Llegeix m\u00e9s\u00bb<\/a><\/p>\n","protected":false},"author":1,"featured_media":0,"parent":1599,"menu_order":0,"comment_status":"closed","ping_status":"closed","template":"","meta":{"_bbp_topic_count":0,"_bbp_reply_count":0,"_bbp_total_topic_count":0,"_bbp_total_reply_count":0,"_bbp_voice_count":0,"_bbp_anonymous_reply_count":0,"_bbp_topic_count_hidden":0,"_bbp_reply_count_hidden":0,"_bbp_forum_subforum_count":0,"footnotes":""},"class_list":["post-1876","page","type-page","status-publish","hentry"],"post_mailing_queue_ids":[],"_links":{"self":[{"href":"https:\/\/agora.xtec.cat\/ins-itaeb\/wp-json\/wp\/v2\/pages\/1876","targetHints":{"allow":["GET"]}}],"collection":[{"href":"https:\/\/agora.xtec.cat\/ins-itaeb\/wp-json\/wp\/v2\/pages"}],"about":[{"href":"https:\/\/agora.xtec.cat\/ins-itaeb\/wp-json\/wp\/v2\/types\/page"}],"author":[{"embeddable":true,"href":"https:\/\/agora.xtec.cat\/ins-itaeb\/wp-json\/wp\/v2\/users\/1"}],"replies":[{"embeddable":true,"href":"https:\/\/agora.xtec.cat\/ins-itaeb\/wp-json\/wp\/v2\/comments?post=1876"}],"version-history":[{"count":3,"href":"https:\/\/agora.xtec.cat\/ins-itaeb\/wp-json\/wp\/v2\/pages\/1876\/revisions"}],"predecessor-version":[{"id":1891,"href":"https:\/\/agora.xtec.cat\/ins-itaeb\/wp-json\/wp\/v2\/pages\/1876\/revisions\/1891"}],"up":[{"embeddable":true,"href":"https:\/\/agora.xtec.cat\/ins-itaeb\/wp-json\/wp\/v2\/pages\/1599"}],"wp:attachment":[{"href":"https:\/\/agora.xtec.cat\/ins-itaeb\/wp-json\/wp\/v2\/media?parent=1876"}],"curies":[{"name":"wp","href":"https:\/\/api.w.org\/{rel}","templated":true}]}}