{"id":1753,"date":"2024-03-26T17:41:29","date_gmt":"2024-03-26T16:41:29","guid":{"rendered":"https:\/\/agora.xtec.cat\/ins-itaeb\/?page_id=1753"},"modified":"2024-03-26T18:29:49","modified_gmt":"2024-03-26T17:29:49","slug":"projecte-fotografic-eix-comercial-poble-nou","status":"publish","type":"page","link":"https:\/\/agora.xtec.cat\/ins-itaeb\/serveisiprojectes\/projecte-fotografic-eix-comercial-poble-nou\/","title":{"rendered":"Projecte fotogr\u00e0fic Eix Comercial Poblenou"},"content":{"rendered":"<p>L&#8217;alumnat del Grau Mitj\u00e0 de <strong>V\u00eddeo, discj\u00f2quei i So<\/strong> ha sortir de les aules per posar en marxa un <strong>projecte fotogr\u00e0fic<\/strong> en col\u00b7laboraci\u00f3 amb l&#8217;<strong>Eix Comercial Poblenou<\/strong>, una entitat que promou i defensa els comer\u00e7os i serveis del barri.<\/p>\n<p><a href=\"https:\/\/agora.xtec.cat\/ins-itaeb\/wp-content\/uploads\/usu2388\/2024\/03\/Collage-projecte-fotografic-vdj.jpg\"><img loading=\"lazy\" decoding=\"async\" class=\"aligncenter wp-image-1764\" src=\"https:\/\/agora.xtec.cat\/ins-itaeb\/wp-content\/uploads\/usu2388\/2024\/03\/Collage-projecte-fotografic-vdj.jpg\" alt=\"\" width=\"538\" height=\"430\" srcset=\"https:\/\/agora.xtec.cat\/ins-itaeb\/wp-content\/uploads\/usu2388\/2024\/03\/Collage-projecte-fotografic-vdj.jpg 2000w, https:\/\/agora.xtec.cat\/ins-itaeb\/wp-content\/uploads\/usu2388\/2024\/03\/Collage-projecte-fotografic-vdj-300x240.jpg 300w, https:\/\/agora.xtec.cat\/ins-itaeb\/wp-content\/uploads\/usu2388\/2024\/03\/Collage-projecte-fotografic-vdj-1024x819.jpg 1024w, https:\/\/agora.xtec.cat\/ins-itaeb\/wp-content\/uploads\/usu2388\/2024\/03\/Collage-projecte-fotografic-vdj-768x614.jpg 768w, https:\/\/agora.xtec.cat\/ins-itaeb\/wp-content\/uploads\/usu2388\/2024\/03\/Collage-projecte-fotografic-vdj-1536x1229.jpg 1536w\" sizes=\"auto, (max-width: 538px) 100vw, 538px\" \/><\/a><\/p>\n<p>Podeu gaudir del resultat del treball d&#8217;enguany en <a href=\"https:\/\/www.eixcomercialpoblenou.com\/cat\/noticia\/litaeb-collabora-amb-leix-comercial-poblenou\" target=\"_blank\" rel=\"noopener\">aquest enlla\u00e7.\u00a0<\/a><\/p>\n","protected":false},"excerpt":{"rendered":"<p>L&#8217;alumnat del Grau Mitj\u00e0 de V\u00eddeo, discj\u00f2quei i So ha sortir de les aules per posar en marxa un projecte fotogr\u00e0fic en col\u00b7laboraci\u00f3 amb l&#8217;Eix Comercial Poblenou, una entitat que promou i defensa els comer\u00e7os i serveis del barri.<br \/>\n<a href=\"https:\/\/agora.xtec.cat\/ins-itaeb\/wp-content\/uploads\/usu2388\/2024\/03\/Collage-projecte-fotografic-vdj.jpg\"><\/a><br \/>\nPodeu gaudir del resultat del treball&hellip;  <a href=\"https:\/\/agora.xtec.cat\/ins-itaeb\/serveisiprojectes\/projecte-fotografic-eix-comercial-poble-nou\/\" title=\"Read Projecte fotogr\u00e0fic Eix Comercial Poblenou\">Llegeix m\u00e9s\u00bb<\/a><\/p>\n","protected":false},"author":1,"featured_media":0,"parent":1599,"menu_order":0,"comment_status":"closed","ping_status":"closed","template":"","meta":{"_bbp_topic_count":0,"_bbp_reply_count":0,"_bbp_total_topic_count":0,"_bbp_total_reply_count":0,"_bbp_voice_count":0,"_bbp_anonymous_reply_count":0,"_bbp_topic_count_hidden":0,"_bbp_reply_count_hidden":0,"_bbp_forum_subforum_count":0,"footnotes":""},"class_list":["post-1753","page","type-page","status-publish","hentry"],"post_mailing_queue_ids":[],"_links":{"self":[{"href":"https:\/\/agora.xtec.cat\/ins-itaeb\/wp-json\/wp\/v2\/pages\/1753","targetHints":{"allow":["GET"]}}],"collection":[{"href":"https:\/\/agora.xtec.cat\/ins-itaeb\/wp-json\/wp\/v2\/pages"}],"about":[{"href":"https:\/\/agora.xtec.cat\/ins-itaeb\/wp-json\/wp\/v2\/types\/page"}],"author":[{"embeddable":true,"href":"https:\/\/agora.xtec.cat\/ins-itaeb\/wp-json\/wp\/v2\/users\/1"}],"replies":[{"embeddable":true,"href":"https:\/\/agora.xtec.cat\/ins-itaeb\/wp-json\/wp\/v2\/comments?post=1753"}],"version-history":[{"count":6,"href":"https:\/\/agora.xtec.cat\/ins-itaeb\/wp-json\/wp\/v2\/pages\/1753\/revisions"}],"predecessor-version":[{"id":1765,"href":"https:\/\/agora.xtec.cat\/ins-itaeb\/wp-json\/wp\/v2\/pages\/1753\/revisions\/1765"}],"up":[{"embeddable":true,"href":"https:\/\/agora.xtec.cat\/ins-itaeb\/wp-json\/wp\/v2\/pages\/1599"}],"wp:attachment":[{"href":"https:\/\/agora.xtec.cat\/ins-itaeb\/wp-json\/wp\/v2\/media?parent=1753"}],"curies":[{"name":"wp","href":"https:\/\/api.w.org\/{rel}","templated":true}]}}