{"id":1637,"date":"2024-03-19T13:37:17","date_gmt":"2024-03-19T12:37:17","guid":{"rendered":"https:\/\/agora.xtec.cat\/ins-itaeb\/?page_id=1637"},"modified":"2026-01-09T11:38:59","modified_gmt":"2026-01-09T10:38:59","slug":"mobilitat-fp","status":"publish","type":"page","link":"https:\/\/agora.xtec.cat\/ins-itaeb\/serveisiprojectes\/mobilitat-fp\/","title":{"rendered":"Erasmus +"},"content":{"rendered":"<h5><a href=\"http:\/\/www.erasmusplus.gob.es\/\"><strong>Erasmus+<\/strong><\/a> \u00e9s el programa de la UE per donar suport a l<strong>\u2019educaci\u00f3, la formaci\u00f3, la joventut i l\u2019esport<\/strong> a Europa.<\/h5>\n<p>Aquest programa s\u2019emmarca en les pol\u00edtiques educatives de la Uni\u00f3 Europea i segueix els objectius de l\u2019Espai Europeu d\u2019Educaci\u00f3, el Pla d\u2019acci\u00f3 d\u2019Educaci\u00f3 Digital i l\u2019Agenda de Capacitats Europea.<\/p>\n<p>Ofereix oportunitat de <strong>mobilitat i cooperaci\u00f3 en els \u00e0mbits de l\u2019educaci\u00f3 superior<\/strong>, l\u2019educaci\u00f3 de persones adultes i de l\u2019educaci\u00f3 escolar, la joventut i el personal esportiu.<\/p>\n<p>Per al per\u00edode 2021-2027, el programa dona especial rellev\u00e0ncia a la <strong>inclusi\u00f3 social,<\/strong> a les <strong>transicions ecol\u00f2giques i digitals<\/strong>, i al foment de la <strong>participaci\u00f3 dels joves en la vida democr\u00e0tica<\/strong>.<\/p>\n<p>Erasmus+ \u00e9s un programa inclusiu, on tothom t\u00e9 cabuda, especialment les persones amb menys oportunitat i organitzacions petites.<\/p>\n<p>A Espanya s\u00f3n dues les organitzacions designades com ag\u00e8ncies nacionals per a la gesti\u00f3 coordinada del programa Erasmus+:\u00a0<strong>el Servei Espanyol per a la internacionalitzaci\u00f3 de l\u2019Educaci\u00f3 (SEPIE)<\/strong>, per a l\u2019\u00e0mbit de la\u00a0<em>educaci\u00f3 i la formaci\u00f3\u00a0<\/em>i l\u2019Ag\u00e8ncia Nacional Espanyola (ANE), integrada a l\u2019<strong>Institut de la Joventut (INJUVE)<\/strong>\u00a0per a l\u2019\u00e0mbit\u00a0<em>joventut<\/em>. Les accions d\u2019Erasmus+ Esport estan gestionades directament per la Comissi\u00f3 Europea a trav\u00e9s de la seua Ag\u00e8ncia Executiva en l\u2019\u00e0mbit Educatiu, Audiovisual i Cultural (<a href=\"https:\/\/eacea.ec.europa.eu\/homepage_en\">EACEA<\/a>).<\/p>\n<p><strong>OBERT EL TERMINI PER SOL\u00b7LICITAR LA PARTICIPACI\u00d3 PER AL CURS 2025-2026 (Alumnat Cicle Formatiu Grau Mitj\u00e0). Trobareu tota la informaci\u00f3 <a href=\"https:\/\/agora.xtec.cat\/ins-itaeb\/general\/beca-erasmus-per-a-grau-mitja-de-la-fundacio-bcn-fp\/\" target=\"_blank\" rel=\"noopener\">AQU\u00cd<\/a><\/strong><\/p>\n<p><strong>Coordinaci\u00f3 Mobilitat:<\/strong> mobilitat@itaeb.cat<\/p>\n<p><a href=\"https:\/\/agora.xtec.cat\/ins-itaeb\/wp-content\/uploads\/usu2388\/2024\/03\/erasmus-logo.png\"><img loading=\"lazy\" decoding=\"async\" class=\" wp-image-1665 alignleft\" src=\"https:\/\/agora.xtec.cat\/ins-itaeb\/wp-content\/uploads\/usu2388\/2024\/03\/erasmus-logo.png\" alt=\"\" width=\"318\" height=\"179\" srcset=\"https:\/\/agora.xtec.cat\/ins-itaeb\/wp-content\/uploads\/usu2388\/2024\/03\/erasmus-logo.png 371w, https:\/\/agora.xtec.cat\/ins-itaeb\/wp-content\/uploads\/usu2388\/2024\/03\/erasmus-logo-300x169.png 300w\" sizes=\"auto, (max-width: 318px) 100vw, 318px\" \/><\/a><\/p>\n","protected":false},"excerpt":{"rendered":"<p><a href=\"http:\/\/www.erasmusplus.gob.es\/\">Erasmus+<\/a> \u00e9s el programa de la UE per donar suport a l\u2019educaci\u00f3, la formaci\u00f3, la joventut i l\u2019esport a Europa.<br \/>\nAquest programa s\u2019emmarca en les pol\u00edtiques educatives de la Uni\u00f3 Europea i segueix els objectius de l\u2019Espai Europeu d\u2019Educaci\u00f3, el Pla d\u2019acci\u00f3 d\u2019Educaci\u00f3 Digital i&hellip;  <a href=\"https:\/\/agora.xtec.cat\/ins-itaeb\/serveisiprojectes\/mobilitat-fp\/\" title=\"Read Erasmus +\">Llegeix m\u00e9s\u00bb<\/a><\/p>\n","protected":false},"author":1,"featured_media":0,"parent":1599,"menu_order":0,"comment_status":"closed","ping_status":"closed","template":"","meta":{"_bbp_topic_count":0,"_bbp_reply_count":0,"_bbp_total_topic_count":0,"_bbp_total_reply_count":0,"_bbp_voice_count":0,"_bbp_anonymous_reply_count":0,"_bbp_topic_count_hidden":0,"_bbp_reply_count_hidden":0,"_bbp_forum_subforum_count":0,"footnotes":""},"class_list":["post-1637","page","type-page","status-publish","hentry"],"post_mailing_queue_ids":[],"_links":{"self":[{"href":"https:\/\/agora.xtec.cat\/ins-itaeb\/wp-json\/wp\/v2\/pages\/1637","targetHints":{"allow":["GET"]}}],"collection":[{"href":"https:\/\/agora.xtec.cat\/ins-itaeb\/wp-json\/wp\/v2\/pages"}],"about":[{"href":"https:\/\/agora.xtec.cat\/ins-itaeb\/wp-json\/wp\/v2\/types\/page"}],"author":[{"embeddable":true,"href":"https:\/\/agora.xtec.cat\/ins-itaeb\/wp-json\/wp\/v2\/users\/1"}],"replies":[{"embeddable":true,"href":"https:\/\/agora.xtec.cat\/ins-itaeb\/wp-json\/wp\/v2\/comments?post=1637"}],"version-history":[{"count":6,"href":"https:\/\/agora.xtec.cat\/ins-itaeb\/wp-json\/wp\/v2\/pages\/1637\/revisions"}],"predecessor-version":[{"id":3467,"href":"https:\/\/agora.xtec.cat\/ins-itaeb\/wp-json\/wp\/v2\/pages\/1637\/revisions\/3467"}],"up":[{"embeddable":true,"href":"https:\/\/agora.xtec.cat\/ins-itaeb\/wp-json\/wp\/v2\/pages\/1599"}],"wp:attachment":[{"href":"https:\/\/agora.xtec.cat\/ins-itaeb\/wp-json\/wp\/v2\/media?parent=1637"}],"curies":[{"name":"wp","href":"https:\/\/api.w.org\/{rel}","templated":true}]}}