{"id":1622,"date":"2024-03-19T12:50:33","date_gmt":"2024-03-19T11:50:33","guid":{"rendered":"https:\/\/agora.xtec.cat\/ins-itaeb\/?page_id=1622"},"modified":"2024-03-25T11:46:01","modified_gmt":"2024-03-25T10:46:01","slug":"impuls-fp","status":"publish","type":"page","link":"https:\/\/agora.xtec.cat\/ins-itaeb\/serveisiprojectes\/impuls-fp\/","title":{"rendered":"Impuls FP"},"content":{"rendered":"<p>Impuls FP \u00e9s la unitat d&#8217;innovaci\u00f3 de la Direcci\u00f3 General de Formaci\u00f3 Professional Inicial i Ensenyaments de R\u00e8gim Especial i <strong>cerca impulsar els estudis professionalitzadors<\/strong>\u00a0a trav\u00e9s de diversos<strong> programes<\/strong>\u00a0que cerquen la innovaci\u00f3 en diferents \u00e0mbits:\u00a0<strong>el canvi metodol\u00f2gic, l&#8217;orientaci\u00f3, la transfer\u00e8ncia del coneixement dels centres a les empreses, l\u2019emprenedoria i la cerca de l\u2019excel\u00b7l\u00e8ncia en les compet\u00e8ncies professionals i les competicions<\/strong>.<\/p>\n<p>Actualment, ITAEB participa com a oient en els programes seg\u00fcents:<\/p>\n<ul>\n<li><a href=\"https:\/\/projectes.xtec.cat\/impulsfp\/activa-fp\/\" target=\"_blank\" rel=\"noopener\">Activa FP<\/a>: Proposa contextualitzar els curr\u00edculums de formaci\u00f3 professional a trav\u00e9s de l\u2019aprenentatge per projectes, impulsant metodologies actives d\u2019aula als centres educatius d\u2019FP d\u2019arreu de Catalunya. <a href=\"https:\/\/agora.xtec.cat\/ins-itaeb\/wp-content\/uploads\/usu2388\/2024\/03\/ActivaFP.png\"><img loading=\"lazy\" decoding=\"async\" class=\"aligncenter wp-image-1633\" src=\"https:\/\/agora.xtec.cat\/ins-itaeb\/wp-content\/uploads\/usu2388\/2024\/03\/ActivaFP.png\" alt=\"\" width=\"260\" height=\"70\" srcset=\"https:\/\/agora.xtec.cat\/ins-itaeb\/wp-content\/uploads\/usu2388\/2024\/03\/ActivaFP.png 668w, https:\/\/agora.xtec.cat\/ins-itaeb\/wp-content\/uploads\/usu2388\/2024\/03\/ActivaFP-300x81.png 300w\" sizes=\"auto, (max-width: 260px) 100vw, 260px\" \/><\/a><\/li>\n<li><a href=\"https:\/\/projectes.xtec.cat\/impulsfp\/innovafp\/?_ga=2.38108259.1356947654.1710615808-737797307.1704923641\" target=\"_blank\" rel=\"noopener\">Innova FP<\/a>: Cerca l\u2019actualitzaci\u00f3 de coneixements a la formaci\u00f3 professional i la cooperaci\u00f3 amb les empreses i altres organitzacions de l\u2019entorn, mitjan\u00e7ant la col\u00b7laboraci\u00f3 en el desenvolupament de projectes d\u2019innovaci\u00f3 i transfer\u00e8ncia de coneixement.<img loading=\"lazy\" decoding=\"async\" class=\"aligncenter wp-image-1634\" src=\"https:\/\/agora.xtec.cat\/ins-itaeb\/wp-content\/uploads\/usu2388\/2024\/03\/Innovafp.png\" alt=\"\" width=\"240\" height=\"68\" srcset=\"https:\/\/agora.xtec.cat\/ins-itaeb\/wp-content\/uploads\/usu2388\/2024\/03\/Innovafp.png 664w, https:\/\/agora.xtec.cat\/ins-itaeb\/wp-content\/uploads\/usu2388\/2024\/03\/Innovafp-300x85.png 300w\" sizes=\"auto, (max-width: 240px) 100vw, 240px\" \/><\/li>\n<li><a href=\"https:\/\/projectes.xtec.cat\/impulsfp\/futurafp\/?_ga=2.82645974.1356947654.1710615808-737797307.1704923641\" target=\"_blank\" rel=\"noopener\">Futura FP<\/a>: \u00a0Impulsa la recerca i desenvolupament a trav\u00e9s de la identificaci\u00f3, implementaci\u00f3, millora cont\u00ednua i difusi\u00f3 de la innovaci\u00f3 educativa, per assolir les expectatives d\u2019una FP de qualitat en el present i el futur.<a href=\"https:\/\/agora.xtec.cat\/ins-itaeb\/wp-content\/uploads\/usu2388\/2024\/03\/futuraFP-complet-color-300x142-1.png\"><img loading=\"lazy\" decoding=\"async\" class=\"aligncenter wp-image-1635\" src=\"https:\/\/agora.xtec.cat\/ins-itaeb\/wp-content\/uploads\/usu2388\/2024\/03\/futuraFP-complet-color-300x142-1.png\" alt=\"\" width=\"207\" height=\"98\" \/><\/a><\/li>\n<\/ul>\n","protected":false},"excerpt":{"rendered":"<p>Impuls FP \u00e9s la unitat d&#8217;innovaci\u00f3 de la Direcci\u00f3 General de Formaci\u00f3 Professional Inicial i Ensenyaments de R\u00e8gim Especial i cerca impulsar els estudis professionalitzadors\u00a0a trav\u00e9s de diversos programes\u00a0que cerquen la innovaci\u00f3 en diferents \u00e0mbits:\u00a0el canvi metodol\u00f2gic, l&#8217;orientaci\u00f3, la transfer\u00e8ncia del coneixement dels centres a&hellip;  <a href=\"https:\/\/agora.xtec.cat\/ins-itaeb\/serveisiprojectes\/impuls-fp\/\" title=\"Read Impuls FP\">Llegeix m\u00e9s\u00bb<\/a><\/p>\n","protected":false},"author":1,"featured_media":0,"parent":1599,"menu_order":0,"comment_status":"closed","ping_status":"closed","template":"","meta":{"_bbp_topic_count":0,"_bbp_reply_count":0,"_bbp_total_topic_count":0,"_bbp_total_reply_count":0,"_bbp_voice_count":0,"_bbp_anonymous_reply_count":0,"_bbp_topic_count_hidden":0,"_bbp_reply_count_hidden":0,"_bbp_forum_subforum_count":0,"footnotes":""},"class_list":["post-1622","page","type-page","status-publish","hentry"],"post_mailing_queue_ids":[],"_links":{"self":[{"href":"https:\/\/agora.xtec.cat\/ins-itaeb\/wp-json\/wp\/v2\/pages\/1622","targetHints":{"allow":["GET"]}}],"collection":[{"href":"https:\/\/agora.xtec.cat\/ins-itaeb\/wp-json\/wp\/v2\/pages"}],"about":[{"href":"https:\/\/agora.xtec.cat\/ins-itaeb\/wp-json\/wp\/v2\/types\/page"}],"author":[{"embeddable":true,"href":"https:\/\/agora.xtec.cat\/ins-itaeb\/wp-json\/wp\/v2\/users\/1"}],"replies":[{"embeddable":true,"href":"https:\/\/agora.xtec.cat\/ins-itaeb\/wp-json\/wp\/v2\/comments?post=1622"}],"version-history":[{"count":3,"href":"https:\/\/agora.xtec.cat\/ins-itaeb\/wp-json\/wp\/v2\/pages\/1622\/revisions"}],"predecessor-version":[{"id":1636,"href":"https:\/\/agora.xtec.cat\/ins-itaeb\/wp-json\/wp\/v2\/pages\/1622\/revisions\/1636"}],"up":[{"embeddable":true,"href":"https:\/\/agora.xtec.cat\/ins-itaeb\/wp-json\/wp\/v2\/pages\/1599"}],"wp:attachment":[{"href":"https:\/\/agora.xtec.cat\/ins-itaeb\/wp-json\/wp\/v2\/media?parent=1622"}],"curies":[{"name":"wp","href":"https:\/\/api.w.org\/{rel}","templated":true}]}}