{"id":1299,"date":"2024-01-18T12:20:39","date_gmt":"2024-01-18T11:20:39","guid":{"rendered":"https:\/\/agora.xtec.cat\/ins-itaeb\/?page_id=1299"},"modified":"2026-02-03T11:40:32","modified_gmt":"2026-02-03T10:40:32","slug":"programa-de-qualitat-i-millora","status":"publish","type":"page","link":"https:\/\/agora.xtec.cat\/ins-itaeb\/documents-centre\/programa-de-qualitat-i-millora\/","title":{"rendered":"Programa de Qualitat i Millora"},"content":{"rendered":"<p><strong>POL\u00cdTICA DE QUALITAT ITAEB<\/strong><\/p>\n<p>La pol\u00edtica de qualitat de l\u2019Institut de T\u00e8cniques Audiovisuals i de l\u2019Espectacle de Barcelona, s&#8217;emmarca dins del <strong>projecte de qualitat i millora cont\u00ednua<\/strong> del Departament d\u2019Educaci\u00f3 de la Generalitat de Catalunya.<\/p>\n<p>Aquesta pol\u00edtica de qualitat respon a la voluntat d\u2019aplicar els principis de millora cont\u00ednua, amb responsabilitat, confian\u00e7a i voluntat de treballar per part de tota la comunitat cap a l&#8217;<strong>excel\u00b7l\u00e8ncia educativa<\/strong>, col\u00b7laborant aix\u00ed en la millora de l\u2019espai sociocultural de l\u2019entorn en el qual es troba aquesta instituci\u00f3. \u00c9s per aix\u00f2 que l\u2019abast d\u2019aquest projecte de millora es dur\u00e0 a terme en tot el centre, tant als ensenyaments de Batxillerat com als Cicles Formatius, i inclou tota la comunitat educativa: alumnat, professorat i personal laboral del centre.<\/p>\n<p>L\u2019equip directiu amb la col\u00b7laboraci\u00f3 de la comissi\u00f3 de millora cont\u00ednua es compromet a desenvolupar, implantar, avaluar, actualitzar i vetllar per a la implementaci\u00f3 d\u2019un sistema de millora cont\u00ednua i qualitat; amb el compliment dels requisits legals d&#8217;<strong>ISO: 9001-2015<\/strong>, i de comunicar-ho a tota la comunitat educativa perqu\u00e8 en sigui part\u00edcip, aix\u00ed com a incorporar el sistema de gesti\u00f3 de la qualitat a l&#8217;estrat\u00e8gia de centre.<\/p>\n<p>La <strong>missi\u00f3<\/strong> del projecte educatiu de l\u2019ITAEB es basa en l\u2019assoliment de l&#8217;excel\u00b7l\u00e8ncia educativa aix\u00ed com una aposta en l&#8217;\u00e0mbit de la prevenci\u00f3 de<strong> riscos laborals<\/strong> en un entorn de gesti\u00f3 integrada, proporcionant condicions de treball de qualitat, segures i saludables.<\/p>\n<p>La <strong>visi\u00f3<\/strong> del projecte educatiu de l\u2019ITAEB est\u00e0 enfocada a implementar una cultura de la millora cont\u00ednua en tot el funcionament i organitzaci\u00f3 del sistema educatiu del centre.<\/p>\n<p>Pel que fa als <strong>valors<\/strong>, el centre fomentar\u00e0: L\u2019educaci\u00f3 en l\u2019exercici de la toler\u00e0ncia i de la llibertat dins dels principis democr\u00e0tics de conviv\u00e8ncia, aix\u00ed com la prevenci\u00f3 de conflictes i la resoluci\u00f3 pac\u00edfica d&#8217;aquests. La preparaci\u00f3 per a l\u2019exercici de la ciutadania i per a la participaci\u00f3 activa en la vida econ\u00f2mica, social i cultural, amb actitud cr\u00edtica i responsable i amb capacitat d\u2019adaptaci\u00f3 a les situacions canviants de la societat del coneixement. L\u2019institut estimular\u00e0 l\u2019aplicaci\u00f3 de les noves tecnologies i els aven\u00e7os cient\u00edfics i culturals. Contribuir\u00e0 a la millora de la societat amb la<br \/>\nformaci\u00f3 continuada en m\u00f3n professional canviant i en progr\u00e9s continu.<\/p>\n<p>Aix\u00ed doncs, amb aquesta pol\u00edtica el centre expressa la ferma voluntat d&#8217;adherir-se als principis de qualitat i millora cont\u00ednua per a l\u2019assoliment de l&#8217;excel\u00b7l\u00e8ncia educativa, no nom\u00e9s en l\u2019\u00e0mbit de les accions educatives del nostre propi centre, sin\u00f3 ajudant tamb\u00e9 a transformar el nostre entorn m\u00e9s proper.<\/p>\n","protected":false},"excerpt":{"rendered":"<p>POL\u00cdTICA DE QUALITAT ITAEB<br \/>\nLa pol\u00edtica de qualitat de l\u2019Institut de T\u00e8cniques Audiovisuals i de l\u2019Espectacle de Barcelona, s&#8217;emmarca dins del projecte de qualitat i millora cont\u00ednua del Departament d\u2019Educaci\u00f3 de la Generalitat de Catalunya.<br \/>\nAquesta pol\u00edtica de qualitat respon a la voluntat d\u2019aplicar els principis de&hellip;  <a href=\"https:\/\/agora.xtec.cat\/ins-itaeb\/documents-centre\/programa-de-qualitat-i-millora\/\" title=\"Read Programa de Qualitat i Millora\">Llegeix m\u00e9s\u00bb<\/a><\/p>\n","protected":false},"author":1,"featured_media":0,"parent":1291,"menu_order":0,"comment_status":"closed","ping_status":"closed","template":"","meta":{"_bbp_topic_count":0,"_bbp_reply_count":0,"_bbp_total_topic_count":0,"_bbp_total_reply_count":0,"_bbp_voice_count":0,"_bbp_anonymous_reply_count":0,"_bbp_topic_count_hidden":0,"_bbp_reply_count_hidden":0,"_bbp_forum_subforum_count":0,"footnotes":""},"class_list":["post-1299","page","type-page","status-publish","hentry"],"post_mailing_queue_ids":[],"_links":{"self":[{"href":"https:\/\/agora.xtec.cat\/ins-itaeb\/wp-json\/wp\/v2\/pages\/1299","targetHints":{"allow":["GET"]}}],"collection":[{"href":"https:\/\/agora.xtec.cat\/ins-itaeb\/wp-json\/wp\/v2\/pages"}],"about":[{"href":"https:\/\/agora.xtec.cat\/ins-itaeb\/wp-json\/wp\/v2\/types\/page"}],"author":[{"embeddable":true,"href":"https:\/\/agora.xtec.cat\/ins-itaeb\/wp-json\/wp\/v2\/users\/1"}],"replies":[{"embeddable":true,"href":"https:\/\/agora.xtec.cat\/ins-itaeb\/wp-json\/wp\/v2\/comments?post=1299"}],"version-history":[{"count":5,"href":"https:\/\/agora.xtec.cat\/ins-itaeb\/wp-json\/wp\/v2\/pages\/1299\/revisions"}],"predecessor-version":[{"id":1410,"href":"https:\/\/agora.xtec.cat\/ins-itaeb\/wp-json\/wp\/v2\/pages\/1299\/revisions\/1410"}],"up":[{"embeddable":true,"href":"https:\/\/agora.xtec.cat\/ins-itaeb\/wp-json\/wp\/v2\/pages\/1291"}],"wp:attachment":[{"href":"https:\/\/agora.xtec.cat\/ins-itaeb\/wp-json\/wp\/v2\/media?parent=1299"}],"curies":[{"name":"wp","href":"https:\/\/api.w.org\/{rel}","templated":true}]}}