{"id":81,"date":"2014-09-18T10:38:05","date_gmt":"2014-09-18T10:38:05","guid":{"rendered":"http:\/\/agora.xtec.cat\/ins-iptem\/?page_id=81"},"modified":"2025-09-09T22:46:09","modified_gmt":"2025-09-09T20:46:09","slug":"secretaria","status":"publish","type":"page","link":"https:\/\/agora.xtec.cat\/ins-iptem\/secretaria\/","title":{"rendered":"Secretaria"},"content":{"rendered":"<p><img loading=\"lazy\" decoding=\"async\" class=\"alignnone size-medium wp-image-1546\" src=\"https:\/\/agora.xtec.cat\/ins-iptem\/wp-content\/uploads\/usu2201\/2023\/02\/WhatsApp-Image-2023-02-13-at-13.22.46-300x225.jpeg\" alt=\"\" width=\"300\" height=\"225\" srcset=\"https:\/\/agora.xtec.cat\/ins-iptem\/wp-content\/uploads\/usu2201\/2023\/02\/WhatsApp-Image-2023-02-13-at-13.22.46-300x225.jpeg 300w, https:\/\/agora.xtec.cat\/ins-iptem\/wp-content\/uploads\/usu2201\/2023\/02\/WhatsApp-Image-2023-02-13-at-13.22.46-1024x768.jpeg 1024w, https:\/\/agora.xtec.cat\/ins-iptem\/wp-content\/uploads\/usu2201\/2023\/02\/WhatsApp-Image-2023-02-13-at-13.22.46-768x576.jpeg 768w, https:\/\/agora.xtec.cat\/ins-iptem\/wp-content\/uploads\/usu2201\/2023\/02\/WhatsApp-Image-2023-02-13-at-13.22.46-1536x1152.jpeg 1536w, https:\/\/agora.xtec.cat\/ins-iptem\/wp-content\/uploads\/usu2201\/2023\/02\/WhatsApp-Image-2023-02-13-at-13.22.46-200x150.jpeg 200w, https:\/\/agora.xtec.cat\/ins-iptem\/wp-content\/uploads\/usu2201\/2023\/02\/WhatsApp-Image-2023-02-13-at-13.22.46.jpeg 2048w\" sizes=\"auto, (max-width: 300px) 100vw, 300px\" \/><\/p>\n<p><strong>Horari d&#8217;atenci\u00f3:<\/strong> Cal demanar cita pr\u00e8via. Dimarts i dijous de 9:30 a 13&#8217;30h. I els divendres de 11:30 a 14h. Tamb\u00e9 via email (administracio@insiptem.com) o tel\u00e8fon (722196194).<\/p>\n<p>Si voleu veure els requisits de les<strong> Beques \u2192<span style=\"color: #ff0000;\"><a style=\"color: #ff0000;\" href=\"https:\/\/web.gencat.cat\/ca\/tramits\/tramits-temes\/Beques-de-caracter-general-per-a-estudis-postobligatoris?category=7449fd1c-a82c-11e3-a972-000c29052e2c\">CLICA <\/a><\/span><\/strong><strong>. <\/strong>P<span style=\"color: #ff0000;\"><span style=\"color: #000000;\">er veure un breu tutorial <\/span><\/span><strong><span style=\"color: #ff0000;\"><span style=\"color: #000000;\"><a style=\"color: #ff0000;\" href=\"https:\/\/drive.google.com\/file\/d\/1e5rxxc4vsAcn8jrS5kQP7vink-owFPCd\/view?usp=sharing\">CLICA<\/a><\/span><\/span><\/strong><\/p>\n<p>&nbsp;<\/p>\n<p>&nbsp;<\/p>\n","protected":false},"excerpt":{"rendered":"<p>Horari d&#8217;atenci\u00f3: Cal demanar cita pr\u00e8via. Dimarts i dijous de 9:30 a 13&#8217;30h. I els divendres de 11:30 a 14h. Tamb\u00e9 via email (administracio@insiptem.com) o tel\u00e8fon (722196194).<br \/>\nSi voleu veure els requisits de les Beques \u2192<a style=\"color: #ff0000;\" href=\"https:\/\/web.gencat.cat\/ca\/tramits\/tramits-temes\/Beques-de-caracter-general-per-a-estudis-postobligatoris?category=7449fd1c-a82c-11e3-a972-000c29052e2c\">CLICA <\/a>. Per veure un breu tutorial <a&hellip;  <a href=\"https:\/\/agora.xtec.cat\/ins-iptem\/secretaria\/\" title=\"Read Secretaria\">Llegeix m\u00e9s\u00bb<\/a><\/p>\n","protected":false},"author":1,"featured_media":0,"parent":0,"menu_order":0,"comment_status":"closed","ping_status":"closed","template":"page-templates\/side-menu.php","meta":{"_bbp_topic_count":0,"_bbp_reply_count":0,"_bbp_total_topic_count":0,"_bbp_total_reply_count":0,"_bbp_voice_count":0,"_bbp_anonymous_reply_count":0,"_bbp_topic_count_hidden":0,"_bbp_reply_count_hidden":0,"_bbp_forum_subforum_count":0,"footnotes":""},"class_list":["post-81","page","type-page","status-publish","hentry"],"post_mailing_queue_ids":[],"_links":{"self":[{"href":"https:\/\/agora.xtec.cat\/ins-iptem\/wp-json\/wp\/v2\/pages\/81","targetHints":{"allow":["GET"]}}],"collection":[{"href":"https:\/\/agora.xtec.cat\/ins-iptem\/wp-json\/wp\/v2\/pages"}],"about":[{"href":"https:\/\/agora.xtec.cat\/ins-iptem\/wp-json\/wp\/v2\/types\/page"}],"author":[{"embeddable":true,"href":"https:\/\/agora.xtec.cat\/ins-iptem\/wp-json\/wp\/v2\/users\/1"}],"replies":[{"embeddable":true,"href":"https:\/\/agora.xtec.cat\/ins-iptem\/wp-json\/wp\/v2\/comments?post=81"}],"version-history":[{"count":5,"href":"https:\/\/agora.xtec.cat\/ins-iptem\/wp-json\/wp\/v2\/pages\/81\/revisions"}],"predecessor-version":[{"id":2610,"href":"https:\/\/agora.xtec.cat\/ins-iptem\/wp-json\/wp\/v2\/pages\/81\/revisions\/2610"}],"wp:attachment":[{"href":"https:\/\/agora.xtec.cat\/ins-iptem\/wp-json\/wp\/v2\/media?parent=81"}],"curies":[{"name":"wp","href":"https:\/\/api.w.org\/{rel}","templated":true}]}}