{"id":573,"date":"2020-06-25T18:23:03","date_gmt":"2020-06-25T16:23:03","guid":{"rendered":"https:\/\/agora.xtec.cat\/ins-iptem\/?page_id=573"},"modified":"2025-09-05T13:06:39","modified_gmt":"2025-09-05T11:06:39","slug":"matricula-i-inscripcions","status":"publish","type":"page","link":"https:\/\/agora.xtec.cat\/ins-iptem\/secretaria\/matricula-i-inscripcions\/","title":{"rendered":"Matr\u00edcula"},"content":{"rendered":"<p>&nbsp;<\/p>\n<p>Per <strong>matricular-te:<\/strong><\/p>\n<p>Has d&#8217;enviar un correu electr\u00f2nic amb tota la documentaci\u00f3 <strong>escanejada<\/strong> (<em>cada document amb cognoms, nom, curs i t\u00edtol<\/em>) per<strong> email<\/strong> (administracio<span class=\"\">@insiptem.com) i tamb\u00e9 omplir un <strong>q\u00fcestionari<\/strong> (per poder fer el <strong>pagament \u00edntegre<\/strong>\u00a0de la quota escolar <strong>a trav\u00e9s de la TPV<\/strong>).<\/span><\/p>\n<p><em><strong>*<\/strong>Si tens algun problema per matricular-te digitalment, pots portar els originals i fotoc\u00f2pies.<\/em><\/p>\n<h3><strong>QUINS DOCUMENTS?<\/strong><\/h3>\n<p>&nbsp;<\/p>\n<p><span class=\"\">-Documentaci\u00f3 acreditativa (4 o 6) (<em><strong>nom\u00e9s nou alumnat<\/strong><\/em>) :<\/span><\/p>\n<p style=\"font-weight: 400;\">*<strong>DNI<\/strong> de l\u2019alumne\/a i si \u00e9s menor d\u2019edat tamb\u00e9 del tutor legal (<em>per les 2 cares<\/em>).<\/p>\n<p style=\"font-weight: 400;\">*<strong>Llibre de fam\u00edlia<\/strong> nom\u00e9s si l\u2019alumne\/a \u00e9s menor d\u2019edat (<em>fins a la p\u00e0gina a on surt l&#8217;alumne<\/em>).<\/p>\n<p style=\"font-weight: 400;\">*<strong>Targeta Sanit\u00e0ria<\/strong> de l\u2019alumne\/a.<\/p>\n<p style=\"font-weight: 400;\">*<strong>Certificat de les notes<\/strong> segons la via d\u2019acc\u00e9s demanada.<\/p>\n<p style=\"font-weight: 400;\">*<strong>Foto<\/strong> de l\u2019alumne\/a tipus carnet.<\/p>\n<p>&nbsp;<\/p>\n<p>-Documentaci\u00f3 declarativa (5):<\/p>\n<p>*Carta de <strong>comprom\u00eds<\/strong> educatiu (menors) (<strong><em>nom\u00e9s nou alumnat<\/em><\/strong>): <a href=\"https:\/\/drive.google.com\/file\/d\/1fu2iNPHQpoMK1zuO6sao0RU_QCs--XxU\/view?usp=sharing\">CLICA<\/a><\/p>\n<p>*Carta de<strong> comprom\u00eds<\/strong> educatiu (majors) (<em><strong>nom\u00e9s nou alumnat<\/strong><\/em>): <a href=\"https:\/\/drive.google.com\/file\/d\/1XwuF-2rdE5f-MuQQs5kWpThVjv2Lfykg\/view?usp=sharing\">CLICA<\/a><\/p>\n<p>*<strong>Informaci\u00f3<\/strong> de la Presencialitat, Exteriors, Intend\u00e8ncia i Malalties:\u00a0<a href=\"https:\/\/drive.google.com\/file\/d\/1FPJwrdHgpFg9EtfR1lWtySL7dYxP3luO\/view?usp=share_link\">CLICA<\/a><\/p>\n<p>*Autoritzaci\u00f3 de <strong>serveis<\/strong> i recursos: <a href=\"https:\/\/drive.google.com\/file\/d\/19-xjk94YlwmZUXAf1FYrv9s9C2DguRWi\/view?usp=share_link\">CLICA<\/a><\/p>\n<p>*Autoritzaci\u00f3 d&#8217;\u00fas d&#8217;<strong>imatges<\/strong>: <a href=\"https:\/\/drive.google.com\/file\/d\/1IszmTefC3HFUoEga-e72KCq--WI4BvMT\/view?usp=sharing\">CLICA<\/a><\/p>\n<p>*Autoritzaci\u00f3 per l&#8217;<strong>orientaci\u00f3 formativa<\/strong> i professional A1550:\u00a0<a href=\"https:\/\/drive.google.com\/file\/d\/1ngHKgvVobhkscYA5EKO5AKpJZQQnOJUW\/view?usp=share_link\">CLICA<\/a><\/p>\n<h3><strong>QUIN Q\u00dcESTIONARI?<\/strong><\/h3>\n<ol>\n<li>Entra i <strong>omple<\/strong>&#8216;l:\u00a0<a href=\"https:\/\/docs.google.com\/forms\/d\/e\/1FAIpQLScxbqI2mtvINDWobAx6bMsWCyARN7bQzN2dGEPnzFvzUOYtvg\/viewform?usp=header\">CLICA<\/a><\/li>\n<li><strong style=\"font-family: inherit; font-size: 1em;\">Rebr\u00e0s un email <\/strong>(durant el mat\u00ed)<span style=\"font-family: inherit; font-size: 1em;\">\u00a0per poder <\/span><strong style=\"font-family: inherit; font-size: 1em;\">entrar a la TPV<\/strong><span style=\"font-family: inherit; font-size: 1em;\"> escola i fer el <\/span><strong style=\"font-family: inherit; font-size: 1em;\">pagament \u00edntegre<\/strong><span style=\"font-family: inherit; font-size: 1em;\">\u00a0de la quota escolar (1.060\u20ac x cada curs de TAE i 1.150\u20ac x cada curs de GEEMN).<\/span><\/li>\n<\/ol>\n<p>Qu\u00e8 \u00e9s l&#8217;app <a href=\"https:\/\/tpvescola.com\/Default2.aspx\">TPV escola<\/a>.<\/p>\n<p><a href=\"https:\/\/tpvescola.com\/Default2.aspx\"><img loading=\"lazy\" decoding=\"async\" class=\"alignnone size-thumbnail wp-image-1616\" src=\"https:\/\/agora.xtec.cat\/ins-iptem\/wp-content\/uploads\/usu2201\/2023\/03\/TPV-escola-150x150.png\" alt=\"\" width=\"150\" height=\"150\" \/><\/a><\/p>\n<p>&nbsp;<\/p>\n<p>&nbsp;<\/p>\n<p>&nbsp;<\/p>\n<p>&nbsp;<\/p>\n<p>&nbsp;<\/p>\n","protected":false},"excerpt":{"rendered":"<p>&nbsp;<br \/>\nPer matricular-te:<br \/>\nHas d&#8217;enviar un correu electr\u00f2nic amb tota la documentaci\u00f3 escanejada (cada document amb cognoms, nom, curs i t\u00edtol) per email (administracio@insiptem.com) i tamb\u00e9 omplir un q\u00fcestionari (per poder fer el pagament \u00edntegre\u00a0de la quota escolar a trav\u00e9s de la TPV).<br \/>\n*Si tens algun problema per&hellip;  <a href=\"https:\/\/agora.xtec.cat\/ins-iptem\/secretaria\/matricula-i-inscripcions\/\" title=\"Read Matr\u00edcula\">Llegeix m\u00e9s\u00bb<\/a><\/p>\n","protected":false},"author":1,"featured_media":0,"parent":81,"menu_order":0,"comment_status":"closed","ping_status":"closed","template":"page-templates\/side-menu.php","meta":{"_bbp_topic_count":0,"_bbp_reply_count":0,"_bbp_total_topic_count":0,"_bbp_total_reply_count":0,"_bbp_voice_count":0,"_bbp_anonymous_reply_count":0,"_bbp_topic_count_hidden":0,"_bbp_reply_count_hidden":0,"_bbp_forum_subforum_count":0,"footnotes":""},"class_list":["post-573","page","type-page","status-publish","hentry"],"post_mailing_queue_ids":[],"_links":{"self":[{"href":"https:\/\/agora.xtec.cat\/ins-iptem\/wp-json\/wp\/v2\/pages\/573","targetHints":{"allow":["GET"]}}],"collection":[{"href":"https:\/\/agora.xtec.cat\/ins-iptem\/wp-json\/wp\/v2\/pages"}],"about":[{"href":"https:\/\/agora.xtec.cat\/ins-iptem\/wp-json\/wp\/v2\/types\/page"}],"author":[{"embeddable":true,"href":"https:\/\/agora.xtec.cat\/ins-iptem\/wp-json\/wp\/v2\/users\/1"}],"replies":[{"embeddable":true,"href":"https:\/\/agora.xtec.cat\/ins-iptem\/wp-json\/wp\/v2\/comments?post=573"}],"version-history":[{"count":7,"href":"https:\/\/agora.xtec.cat\/ins-iptem\/wp-json\/wp\/v2\/pages\/573\/revisions"}],"predecessor-version":[{"id":2600,"href":"https:\/\/agora.xtec.cat\/ins-iptem\/wp-json\/wp\/v2\/pages\/573\/revisions\/2600"}],"up":[{"embeddable":true,"href":"https:\/\/agora.xtec.cat\/ins-iptem\/wp-json\/wp\/v2\/pages\/81"}],"wp:attachment":[{"href":"https:\/\/agora.xtec.cat\/ins-iptem\/wp-json\/wp\/v2\/media?parent=573"}],"curies":[{"name":"wp","href":"https:\/\/api.w.org\/{rel}","templated":true}]}}