{"id":55,"date":"2014-09-17T16:59:49","date_gmt":"2014-09-17T16:59:49","guid":{"rendered":"http:\/\/agora.xtec.cat\/ins-iptem\/?page_id=55"},"modified":"2025-07-17T12:53:53","modified_gmt":"2025-07-17T10:53:53","slug":"horaris","status":"publish","type":"page","link":"https:\/\/agora.xtec.cat\/ins-iptem\/linstitut\/horaris\/","title":{"rendered":"Calendari Escolar 25-26"},"content":{"rendered":"<p><span style=\"color: #800000;\">L&#8217;ins-IPTEM \u00e9s un centre de FP que concentra tota la seva activitat lectiva en horari di\u00fcrn, de 8h a 14.30h, dins el calendari escolar que determina el Departament d&#8217;Educaci\u00f3 de la Generalitat de Catalunya.<\/span><\/p>\n<h1><span style=\"color: #ff0000;\"><span style=\"caret-color: #ff0000;\"><b>Calendari&#8217;25-26: <a href=\"https:\/\/drive.google.com\/file\/d\/123kFlB-7GXisDXmdvXuRSRC4EJNP_bB-\/view?usp=sharing\">CLICA<\/a><\/b><\/span><\/span><\/h1>\n<h1><\/h1>\n<p>&nbsp;<\/p>\n<h1><\/h1>\n<p>&nbsp;<\/p>\n<p>&nbsp;<\/p>\n<p>&nbsp;<\/p>\n<p>&nbsp;<\/p>\n","protected":false},"excerpt":{"rendered":"<p>L&#8217;ins-IPTEM \u00e9s un centre de FP que concentra tota la seva activitat lectiva en horari di\u00fcrn, de 8h a 14.30h, dins el calendari escolar que determina el Departament d&#8217;Educaci\u00f3 de la Generalitat de Catalunya.<br \/>\nCalendari&#8217;25-26: <a href=\"https:\/\/drive.google.com\/file\/d\/123kFlB-7GXisDXmdvXuRSRC4EJNP_bB-\/view?usp=sharing\">CLICA<\/a><\/p>\n<p>&nbsp;<\/p>\n<p>&nbsp;<br \/>\n&nbsp;<br \/>\n&nbsp;<br \/>\n&nbsp;<\/p>\n","protected":false},"author":1,"featured_media":0,"parent":19,"menu_order":80,"comment_status":"closed","ping_status":"closed","template":"page-templates\/side-menu.php","meta":{"_bbp_topic_count":0,"_bbp_reply_count":0,"_bbp_total_topic_count":0,"_bbp_total_reply_count":0,"_bbp_voice_count":0,"_bbp_anonymous_reply_count":0,"_bbp_topic_count_hidden":0,"_bbp_reply_count_hidden":0,"_bbp_forum_subforum_count":0,"footnotes":""},"class_list":["post-55","page","type-page","status-publish","hentry"],"post_mailing_queue_ids":[],"_links":{"self":[{"href":"https:\/\/agora.xtec.cat\/ins-iptem\/wp-json\/wp\/v2\/pages\/55","targetHints":{"allow":["GET"]}}],"collection":[{"href":"https:\/\/agora.xtec.cat\/ins-iptem\/wp-json\/wp\/v2\/pages"}],"about":[{"href":"https:\/\/agora.xtec.cat\/ins-iptem\/wp-json\/wp\/v2\/types\/page"}],"author":[{"embeddable":true,"href":"https:\/\/agora.xtec.cat\/ins-iptem\/wp-json\/wp\/v2\/users\/1"}],"replies":[{"embeddable":true,"href":"https:\/\/agora.xtec.cat\/ins-iptem\/wp-json\/wp\/v2\/comments?post=55"}],"version-history":[{"count":7,"href":"https:\/\/agora.xtec.cat\/ins-iptem\/wp-json\/wp\/v2\/pages\/55\/revisions"}],"predecessor-version":[{"id":2534,"href":"https:\/\/agora.xtec.cat\/ins-iptem\/wp-json\/wp\/v2\/pages\/55\/revisions\/2534"}],"up":[{"embeddable":true,"href":"https:\/\/agora.xtec.cat\/ins-iptem\/wp-json\/wp\/v2\/pages\/19"}],"wp:attachment":[{"href":"https:\/\/agora.xtec.cat\/ins-iptem\/wp-json\/wp\/v2\/media?parent=55"}],"curies":[{"name":"wp","href":"https:\/\/api.w.org\/{rel}","templated":true}]}}