{"id":46,"date":"2014-09-17T16:53:45","date_gmt":"2014-09-17T16:53:45","guid":{"rendered":"http:\/\/agora.xtec.cat\/ins-iptem\/?page_id=46"},"modified":"2020-06-29T20:01:48","modified_gmt":"2020-06-29T18:01:48","slug":"organigrama","status":"publish","type":"page","link":"https:\/\/agora.xtec.cat\/ins-iptem\/linstitut\/organigrama\/","title":{"rendered":"Organigrama"},"content":{"rendered":"<p><span style=\"color: #800000;\">En l&#8217;organigrama ens agrada englobar tota la <strong>Comunitat educativa<\/strong> de l&#8217;Institut. Tot l&#8217;equip de professorat i personal laboral (conserge i administrativa) i altres agents que tamb\u00e9 s\u00f3n importants pel nostre funcionament diari (com la Federaci\u00f3 Catalana de Turisme Eq\u00fcestre de Catalunya -FCTEC-, l&#8217;Ajuntament i el consell escolar del municipi, el Departament d&#8217;Educaci\u00f3 i altres entitats). Tots sumem esfor\u00e7os que es focalitzen en l&#8217;alumnat i les seves fam\u00edlies.<\/span><\/p>\n<p><a href=\"https:\/\/agora.xtec.cat\/ins-iptem\/wp-content\/uploads\/usu2201\/2020\/06\/Organigrama-1.png\"><img loading=\"lazy\" decoding=\"async\" class=\"wp-image-538 aligncenter\" src=\"https:\/\/agora.xtec.cat\/ins-iptem\/wp-content\/uploads\/usu2201\/2020\/06\/Organigrama-1-1024x765.png\" alt=\"\" width=\"419\" height=\"313\" srcset=\"https:\/\/agora.xtec.cat\/ins-iptem\/wp-content\/uploads\/usu2201\/2020\/06\/Organigrama-1-1024x765.png 1024w, https:\/\/agora.xtec.cat\/ins-iptem\/wp-content\/uploads\/usu2201\/2020\/06\/Organigrama-1-300x224.png 300w, https:\/\/agora.xtec.cat\/ins-iptem\/wp-content\/uploads\/usu2201\/2020\/06\/Organigrama-1-768x574.png 768w, https:\/\/agora.xtec.cat\/ins-iptem\/wp-content\/uploads\/usu2201\/2020\/06\/Organigrama-1-200x150.png 200w\" sizes=\"auto, (max-width: 419px) 100vw, 419px\" \/><\/a><\/p>\n<p>&nbsp;<\/p>\n<p>&nbsp;<\/p>\n","protected":false},"excerpt":{"rendered":"<p>En l&#8217;organigrama ens agrada englobar tota la Comunitat educativa de l&#8217;Institut. Tot l&#8217;equip de professorat i personal laboral (conserge i administrativa) i altres agents que tamb\u00e9 s\u00f3n importants pel nostre funcionament diari (com la Federaci\u00f3 Catalana de Turisme Eq\u00fcestre de Catalunya -FCTEC-, l&#8217;Ajuntament i el&hellip;  <a href=\"https:\/\/agora.xtec.cat\/ins-iptem\/linstitut\/organigrama\/\" title=\"Read Organigrama\">Llegeix m\u00e9s\u00bb<\/a><\/p>\n","protected":false},"author":1,"featured_media":0,"parent":19,"menu_order":50,"comment_status":"closed","ping_status":"closed","template":"page-templates\/side-menu.php","meta":{"_bbp_topic_count":0,"_bbp_reply_count":0,"_bbp_total_topic_count":0,"_bbp_total_reply_count":0,"_bbp_voice_count":0,"_bbp_anonymous_reply_count":0,"_bbp_topic_count_hidden":0,"_bbp_reply_count_hidden":0,"_bbp_forum_subforum_count":0,"footnotes":""},"class_list":["post-46","page","type-page","status-publish","hentry"],"post_mailing_queue_ids":[],"_links":{"self":[{"href":"https:\/\/agora.xtec.cat\/ins-iptem\/wp-json\/wp\/v2\/pages\/46","targetHints":{"allow":["GET"]}}],"collection":[{"href":"https:\/\/agora.xtec.cat\/ins-iptem\/wp-json\/wp\/v2\/pages"}],"about":[{"href":"https:\/\/agora.xtec.cat\/ins-iptem\/wp-json\/wp\/v2\/types\/page"}],"author":[{"embeddable":true,"href":"https:\/\/agora.xtec.cat\/ins-iptem\/wp-json\/wp\/v2\/users\/1"}],"replies":[{"embeddable":true,"href":"https:\/\/agora.xtec.cat\/ins-iptem\/wp-json\/wp\/v2\/comments?post=46"}],"version-history":[{"count":3,"href":"https:\/\/agora.xtec.cat\/ins-iptem\/wp-json\/wp\/v2\/pages\/46\/revisions"}],"predecessor-version":[{"id":645,"href":"https:\/\/agora.xtec.cat\/ins-iptem\/wp-json\/wp\/v2\/pages\/46\/revisions\/645"}],"up":[{"embeddable":true,"href":"https:\/\/agora.xtec.cat\/ins-iptem\/wp-json\/wp\/v2\/pages\/19"}],"wp:attachment":[{"href":"https:\/\/agora.xtec.cat\/ins-iptem\/wp-json\/wp\/v2\/media?parent=46"}],"curies":[{"name":"wp","href":"https:\/\/api.w.org\/{rel}","templated":true}]}}