{"id":39,"date":"2014-09-17T16:36:44","date_gmt":"2014-09-17T16:36:44","guid":{"rendered":"http:\/\/agora.xtec.cat\/ins-iptem\/?page_id=39"},"modified":"2026-03-15T21:54:54","modified_gmt":"2026-03-15T20:54:54","slug":"instal%c2%b7lacions","status":"publish","type":"page","link":"https:\/\/agora.xtec.cat\/ins-iptem\/linstitut\/instal%c2%b7lacions\/","title":{"rendered":"Instal\u00b7lacions"},"content":{"rendered":"<p>&nbsp;<\/p>\n<p><span style=\"color: #800000;\"><em><strong><a href=\"https:\/\/agora.xtec.cat\/ins-iptem\/linstitut\/instal%c2%b7lacions\/attachment\/whatsapp-image-2023-09-14-at-08-55-23\/\" rel=\"attachment wp-att-1937\"><img loading=\"lazy\" decoding=\"async\" class=\"alignnone size-large wp-image-1937\" src=\"https:\/\/agora.xtec.cat\/ins-iptem\/wp-content\/uploads\/usu2201\/2023\/09\/WhatsApp-Image-2023-09-14-at-08.55.23-1024x461.jpeg\" alt=\"\" width=\"1024\" height=\"461\" srcset=\"https:\/\/agora.xtec.cat\/ins-iptem\/wp-content\/uploads\/usu2201\/2023\/09\/WhatsApp-Image-2023-09-14-at-08.55.23-1024x461.jpeg 1024w, https:\/\/agora.xtec.cat\/ins-iptem\/wp-content\/uploads\/usu2201\/2023\/09\/WhatsApp-Image-2023-09-14-at-08.55.23-300x135.jpeg 300w, https:\/\/agora.xtec.cat\/ins-iptem\/wp-content\/uploads\/usu2201\/2023\/09\/WhatsApp-Image-2023-09-14-at-08.55.23-768x346.jpeg 768w, https:\/\/agora.xtec.cat\/ins-iptem\/wp-content\/uploads\/usu2201\/2023\/09\/WhatsApp-Image-2023-09-14-at-08.55.23-1536x691.jpeg 1536w, https:\/\/agora.xtec.cat\/ins-iptem\/wp-content\/uploads\/usu2201\/2023\/09\/WhatsApp-Image-2023-09-14-at-08.55.23.jpeg 1600w\" sizes=\"auto, (max-width: 1024px) 100vw, 1024px\" \/><\/a><\/strong><\/em><\/span><\/p>\n<p><span style=\"color: #800000;\"><em><strong>E<\/strong><\/em><\/span><span style=\"color: #800000;\"><em><strong>ns trobareu al c\/ Salvador Espriu, n.15<\/strong><\/em><\/span><\/p>\n<p><span style=\"color: #800000;\">L&#8217;ins-IPTEM ara est\u00e0 en uns m\u00f2duls moderns prefabricats de dues plantes totalment equipats. En una pla\u00e7a a tocar de la Llar d&#8217;infants municipal i el complex esportiu municipal (pavell\u00f3 i piscina).\u00a0<\/span><\/p>\n<p><span style=\"color: #800000;\"><em><strong>El Centre Eq\u00fcestre de Santa Susanna (Cam\u00ed de la Riera de Santa Susanna s\/n): <a href=\"https:\/\/maps.app.goo.gl\/Y7WkpQdJKSbArFSR8\">CLICA<\/a> <\/strong><\/em><\/span><\/p>\n<p><span style=\"color: #800000;\">Les classes pr\u00e0ctiques del CFGM d&#8217;Activitats Eq\u00fcestres i els MPs 1 i 2 del CFGM de Guia en el Medi Natural i Temps de Lleure, es realitzen al Centre Eq\u00fcestre de Santa Susanna (Can Xoriguera), a nom\u00e9s 5 minuts caminant. En all\u00e0 s&#8217;hi allotgen els cavalls i hi trobem tots els equipaments i instal\u00b7lacions (pistes, paddocks, boxes, magatzems, vestuaris, etc\u00e8tera) per a la pr\u00e0ctica de l&#8217;equitaci\u00f3 i el maneig dels cavalls.\u00a0<\/span><\/p>\n<p><span style=\"color: #800000;\">Per\u00f2 per a la formaci\u00f3 de <strong>t\u00e8cniques i t\u00e8cnics de turisme eq\u00fcestre<\/strong>, tamb\u00e9 estem en estreta relaci\u00f3 amb l&#8217;entorn que ens envolta, on realitzem les diverses rutes a cavall, pel qu\u00e8 tamb\u00e9 el considerem un espai d&#8217;aprenentatge del nostre institut.<\/span><\/p>\n\r\n\t<div class=\"slideshow_container slideshow_container_style-light\" style=\" \" data-slideshow-id=\"1948\" data-style-name=\"style-light\" data-style-version=\"2.3.1\" >\r\n\r\n\t\t\t\t\t<div class=\"slideshow_loading_icon\"><\/div>\r\n\t\t\r\n\t\t<div class=\"slideshow_content\" style=\"display: none;\">\r\n\r\n\t\t\t<div class=\"slideshow_view\">\r\n\t\t\t\t<div class=\"slideshow_slide slideshow_slide_image\">\r\n\t\t\t\t\t\t\t\t\t\t\t<img src=\"https:\/\/agora.xtec.cat\/ins-iptem\/wp-content\/uploads\/usu2201\/2023\/09\/WhatsApp-Image-2023-09-14-at-08.55.23-1.jpeg\" alt=\"WhatsApp Image 2023-09-14 at 08.55.23\" width=\"1600\" height=\"720\" \/>\r\n\t\t\t\t\t\t\t\t\t\t<div class=\"slideshow_description_box slideshow_transparent\">\r\n\t\t\t\t\t\t<div class=\"slideshow_title\">WhatsApp Image 2023-09-14 at 08.55.23<\/div>\t\t\t\t\t\t\t\t\t\t\t<\/div>\r\n\t\t\t\t<\/div>\r\n\r\n\t\t\t\t\t\t<div style=\"clear: both;\"><\/div><\/div><div class=\"slideshow_view\">\r\n\t\t\t\t<div class=\"slideshow_slide slideshow_slide_image\">\r\n\t\t\t\t\t\t\t\t\t\t\t<img src=\"https:\/\/agora.xtec.cat\/ins-iptem\/wp-content\/uploads\/usu2201\/2023\/09\/WhatsApp-Image-2023-09-15-at-14.41.31.jpeg\" alt=\"WhatsApp Image 2023-09-15 at 14.41.31\" width=\"1152\" height=\"2048\" \/>\r\n\t\t\t\t\t\t\t\t\t\t<div class=\"slideshow_description_box slideshow_transparent\">\r\n\t\t\t\t\t\t<div class=\"slideshow_title\">WhatsApp Image 2023-09-15 at 14.41.31<\/div>\t\t\t\t\t\t\t\t\t\t\t<\/div>\r\n\t\t\t\t<\/div>\r\n\r\n\t\t\t\t\t\t<div style=\"clear: both;\"><\/div><\/div><div class=\"slideshow_view\">\r\n\t\t\t\t<div class=\"slideshow_slide slideshow_slide_image\">\r\n\t\t\t\t\t\t\t\t\t\t\t<img src=\"https:\/\/agora.xtec.cat\/ins-iptem\/wp-content\/uploads\/usu2201\/2023\/09\/WhatsApp-Image-2023-09-15-at-14.41.30.jpeg\" alt=\"WhatsApp Image 2023-09-15 at 14.41.30\" width=\"1536\" height=\"2048\" \/>\r\n\t\t\t\t\t\t\t\t\t\t<div class=\"slideshow_description_box slideshow_transparent\">\r\n\t\t\t\t\t\t<div class=\"slideshow_title\">WhatsApp Image 2023-09-15 at 14.41.30<\/div>\t\t\t\t\t\t\t\t\t\t\t<\/div>\r\n\t\t\t\t<\/div>\r\n\r\n\t\t\t\t\t\t<div style=\"clear: both;\"><\/div><\/div><div class=\"slideshow_view\">\r\n\t\t\t\t<div class=\"slideshow_slide slideshow_slide_image\">\r\n\t\t\t\t\t\t\t\t\t\t\t<img src=\"https:\/\/agora.xtec.cat\/ins-iptem\/wp-content\/uploads\/usu2201\/2023\/09\/WhatsApp-Image-2023-09-15-at-14.22.34-2.jpeg\" alt=\"WhatsApp Image 2023-09-15 at 14.22.34-2\" width=\"2048\" height=\"1536\" \/>\r\n\t\t\t\t\t\t\t\t\t\t<div class=\"slideshow_description_box slideshow_transparent\">\r\n\t\t\t\t\t\t<div class=\"slideshow_title\">WhatsApp Image 2023-09-15 at 14.22.34-2<\/div>\t\t\t\t\t\t\t\t\t\t\t<\/div>\r\n\t\t\t\t<\/div>\r\n\r\n\t\t\t\t\t\t<div style=\"clear: both;\"><\/div><\/div><div class=\"slideshow_view\">\r\n\t\t\t\t<div class=\"slideshow_slide slideshow_slide_image\">\r\n\t\t\t\t\t\t\t\t\t\t\t<img src=\"https:\/\/agora.xtec.cat\/ins-iptem\/wp-content\/uploads\/usu2201\/2023\/09\/WhatsApp-Image-2023-09-15-at-14.22.34.jpeg\" alt=\"WhatsApp Image 2023-09-15 at 14.22.34\" width=\"1824\" height=\"1368\" \/>\r\n\t\t\t\t\t\t\t\t\t\t<div class=\"slideshow_description_box slideshow_transparent\">\r\n\t\t\t\t\t\t<div class=\"slideshow_title\">WhatsApp Image 2023-09-15 at 14.22.34<\/div>\t\t\t\t\t\t\t\t\t\t\t<\/div>\r\n\t\t\t\t<\/div>\r\n\r\n\t\t\t\t\t\t<div style=\"clear: both;\"><\/div><\/div><div class=\"slideshow_view\">\r\n\t\t\t\t<div class=\"slideshow_slide slideshow_slide_image\">\r\n\t\t\t\t\t\t\t\t\t\t\t<img src=\"https:\/\/agora.xtec.cat\/ins-iptem\/wp-content\/uploads\/usu2201\/2023\/09\/WhatsApp-Image-2023-09-15-at-14.22.31.jpeg\" alt=\"WhatsApp Image 2023-09-15 at 14.22.31\" width=\"2048\" height=\"1536\" \/>\r\n\t\t\t\t\t\t\t\t\t\t<div class=\"slideshow_description_box slideshow_transparent\">\r\n\t\t\t\t\t\t<div class=\"slideshow_title\">WhatsApp Image 2023-09-15 at 14.22.31<\/div>\t\t\t\t\t\t\t\t\t\t\t<\/div>\r\n\t\t\t\t<\/div>\r\n\r\n\t\t\t\t\t\t<div style=\"clear: both;\"><\/div><\/div>\r\n\t\t<\/div>\r\n\r\n\t\t<div class=\"slideshow_controlPanel slideshow_transparent\" style=\"display: none;\"><ul><li class=\"slideshow_togglePlay\" data-play-text=\"Visualitza\" data-pause-text=\"Pausa\"><\/li><\/ul><\/div>\r\n\r\n\t\t<div class=\"slideshow_button slideshow_previous slideshow_transparent\" role=\"button\" data-previous-text=\"Anterior\" style=\"display: none;\"><\/div>\r\n\t\t<div class=\"slideshow_button slideshow_next slideshow_transparent\" role=\"button\" data-next-text=\"Seg\u00fcent\" style=\"display: none;\"><\/div>\r\n\r\n\t\t<div class=\"slideshow_pagination\" style=\"display: none;\" data-go-to-text=\"V\u00e9s a la diapositiva\"><div class=\"slideshow_pagination_center\"><\/div><\/div>\r\n\r\n\t\t<!-- WordPress Slideshow Version 2.3.1 -->\r\n\r\n\t\t\t<\/div>\r\n\r\n\n<p><strong><span style=\"color: #800000;\">EL PAVELL\u00d3 I LA PISCINA MUNICIPAL<\/span><\/strong><\/p>\n<p><span style=\"color: #800000;\">A on fem alguns MPs del CFGM de Guia en el Medi Natural i Temps de Lleure<\/span><\/p>\n<p><strong><span style=\"color: #800000;\">ALTRES INSTAL\u00b7LACIONS<\/span><\/strong><\/p>\n<p><span style=\"color: #800000;\">Tenim contractades diferents empreses de serveis per fer els altres MPs del CFGM de Guia en el Medi Natural i Temps de Lleure: <a href=\"https:\/\/agora.xtec.cat\/ins-iptem\/serveis\/\">CLICA<\/a>\u00a0 <\/span><\/p>\n<p><span style=\"color: #800000;\">I naturalment l&#8217;entorn natural de Santa Susanna (serralada del Corredor-Montnegre i el mar) i multitud de sortides planificades arreu.<\/span><\/p>\n<p>&nbsp;<\/p>\n","protected":false},"excerpt":{"rendered":"<p>&nbsp;<br \/>\n<a href=\"https:\/\/agora.xtec.cat\/ins-iptem\/linstitut\/instal%c2%b7lacions\/attachment\/whatsapp-image-2023-09-14-at-08-55-23\/\" rel=\"attachment wp-att-1937\"><\/a><br \/>\nEns trobareu al c\/ Salvador Espriu, n.15<br \/>\nL&#8217;ins-IPTEM ara est\u00e0 en uns m\u00f2duls moderns prefabricats de dues plantes totalment equipats. En una pla\u00e7a a tocar de la Llar d&#8217;infants municipal i el complex esportiu municipal (pavell\u00f3 i piscina).\u00a0<br \/>\nEl Centre Eq\u00fcestre de Santa Susanna&hellip;  <a href=\"https:\/\/agora.xtec.cat\/ins-iptem\/linstitut\/instal%c2%b7lacions\/\" title=\"Read Instal\u00b7lacions\">Llegeix m\u00e9s\u00bb<\/a><\/p>\n","protected":false},"author":1,"featured_media":0,"parent":19,"menu_order":30,"comment_status":"closed","ping_status":"closed","template":"page-templates\/side-menu.php","meta":{"_bbp_topic_count":0,"_bbp_reply_count":0,"_bbp_total_topic_count":0,"_bbp_total_reply_count":0,"_bbp_voice_count":0,"_bbp_anonymous_reply_count":0,"_bbp_topic_count_hidden":0,"_bbp_reply_count_hidden":0,"_bbp_forum_subforum_count":0,"footnotes":""},"class_list":["post-39","page","type-page","status-publish","hentry"],"post_mailing_queue_ids":[],"_links":{"self":[{"href":"https:\/\/agora.xtec.cat\/ins-iptem\/wp-json\/wp\/v2\/pages\/39","targetHints":{"allow":["GET"]}}],"collection":[{"href":"https:\/\/agora.xtec.cat\/ins-iptem\/wp-json\/wp\/v2\/pages"}],"about":[{"href":"https:\/\/agora.xtec.cat\/ins-iptem\/wp-json\/wp\/v2\/types\/page"}],"author":[{"embeddable":true,"href":"https:\/\/agora.xtec.cat\/ins-iptem\/wp-json\/wp\/v2\/users\/1"}],"replies":[{"embeddable":true,"href":"https:\/\/agora.xtec.cat\/ins-iptem\/wp-json\/wp\/v2\/comments?post=39"}],"version-history":[{"count":7,"href":"https:\/\/agora.xtec.cat\/ins-iptem\/wp-json\/wp\/v2\/pages\/39\/revisions"}],"predecessor-version":[{"id":2705,"href":"https:\/\/agora.xtec.cat\/ins-iptem\/wp-json\/wp\/v2\/pages\/39\/revisions\/2705"}],"up":[{"embeddable":true,"href":"https:\/\/agora.xtec.cat\/ins-iptem\/wp-json\/wp\/v2\/pages\/19"}],"wp:attachment":[{"href":"https:\/\/agora.xtec.cat\/ins-iptem\/wp-json\/wp\/v2\/media?parent=39"}],"curies":[{"name":"wp","href":"https:\/\/api.w.org\/{rel}","templated":true}]}}