{"id":2086,"date":"2024-01-17T20:46:35","date_gmt":"2024-01-17T19:46:35","guid":{"rendered":"https:\/\/agora.xtec.cat\/ins-iptem\/?page_id=2086"},"modified":"2026-04-15T12:43:59","modified_gmt":"2026-04-15T10:43:59","slug":"raidiptem-raid-daventura","status":"publish","type":"page","link":"https:\/\/agora.xtec.cat\/ins-iptem\/raidiptem-raid-daventura\/","title":{"rendered":"Activitats iptem"},"content":{"rendered":"<h3>Som una FP plena d&#8217;experi\u00e8ncies.<\/h3>\n<h4>Tenim una web per les grans experi\u00e8ncies a &#8220;activitatsiptem.cat&#8221;: <a href=\"https:\/\/www.activitatsiptem.cat\">CLICA<\/a><\/h4>\n<h4>Tamb\u00e9 organitzem nombroses activitats extraordin\u00e0ries <img decoding=\"async\" class=\"an1\" draggable=\"false\" src=\"https:\/\/fonts.gstatic.com\/s\/e\/notoemoji\/15.1\/1f929\/32.png\" alt=\"\ud83e\udd29\" data-emoji=\"\ud83e\udd29\" aria-label=\"\ud83e\udd29\" \/> : <a href=\"https:\/\/docs.google.com\/spreadsheets\/d\/1h-TKfpuxhJ4GafWu9A3Ioe2ciZ3T3ytJzajeDuy2NmI\/edit?usp=sharing\">CLICA<\/a><\/h4>\n<h4>I l&#8217;Ajuntament en proposa de nacionals i internacionals:\u00a0<a href=\"https:\/\/www.stasusanna.cat\/ca\/temes\/esports\/esdeveniments-esportius-al-llarg-de-lany\">CLICA<\/a><\/h4>\n<h3><\/h3>\n<h1>Raidiptem&#8217;26 (d&#8217;aventura), 6 i 7 de maig.<\/h1>\n<h3>Raidiptem&#8217;25 (d&#8217;aventura):\u00a0<a href=\"https:\/\/www.activitatsiptem.cat\/activitats-iptem\/raid-daventura-iptem\">CLICA<\/a><\/h3>\n<h1>V\u00eddeo oficial&#8217;25:\u00a0<a href=\"https:\/\/youtu.be\/L3nglLxkHGM\">CLICA<\/a><\/h1>\n<p><a href=\"https:\/\/agora.xtec.cat\/ins-iptem\/pagines-dinici\/pagina-dinici-buida\/attachment\/retol-raid25_page-0001\/\" rel=\"attachment wp-att-2483\"><img loading=\"lazy\" decoding=\"async\" class=\"alignnone wp-image-2483 size-large\" src=\"https:\/\/agora.xtec.cat\/ins-iptem\/wp-content\/uploads\/usu2201\/2025\/05\/Retol-raid25_page-0001-724x1024.jpg\" alt=\"\" width=\"724\" height=\"1024\" srcset=\"https:\/\/agora.xtec.cat\/ins-iptem\/wp-content\/uploads\/usu2201\/2025\/05\/Retol-raid25_page-0001-724x1024.jpg 724w, https:\/\/agora.xtec.cat\/ins-iptem\/wp-content\/uploads\/usu2201\/2025\/05\/Retol-raid25_page-0001-212x300.jpg 212w, https:\/\/agora.xtec.cat\/ins-iptem\/wp-content\/uploads\/usu2201\/2025\/05\/Retol-raid25_page-0001-768x1086.jpg 768w, https:\/\/agora.xtec.cat\/ins-iptem\/wp-content\/uploads\/usu2201\/2025\/05\/Retol-raid25_page-0001-1086x1536.jpg 1086w, https:\/\/agora.xtec.cat\/ins-iptem\/wp-content\/uploads\/usu2201\/2025\/05\/Retol-raid25_page-0001.jpg 1241w\" sizes=\"auto, (max-width: 724px) 100vw, 724px\" \/><\/a><\/p>\n<h3>El 8 i 9 de maig&#8217;25. 100 participants. Cal dur bicicleta i tenda d&#8217;acampada.<\/h3>\n<h4>Centres participants: Ins Vicen\u00e7 Plantada (Mollet del Vall\u00e8s) x 4 equips; Ins Lauro (Les Franqueses del Vall\u00e8s) x 4; Ins Lli\u00e7\u00e0 (Lli\u00e7\u00e0 d&#8217;Amunt) x 4; Ins Joan Coromines (Pineda de Mar) x 2; Escola Ginebr\u00f3 (Llinars del Vall\u00e8s) x 5; Ins IPTEM (Santa Susanna) x 4.<\/h4>\n<div class=\"oKdM2c ZZyype\">\n<div id=\"h.4c68f367fd98bc65_35\" class=\"hJDwNd-AhqUyc-qWD73c Ft7HRd-AhqUyc-qWD73c jXK9ad D2fZ2 zu5uec wHaque g5GTcb\">\n<div class=\"jXK9ad-SmKAyb\">\n<div class=\"tyJCtd mGzaTb Depvyb baZpAe\">\n<ul class=\"n8H08c UVNKR \">\n<li dir=\"ltr\">\n<div class=\"oKdM2c ZZyype\">\n<div id=\"h.4c68f367fd98bc65_42\" class=\"hJDwNd-AhqUyc-qWD73c Ft7HRd-AhqUyc-qWD73c jXK9ad D2fZ2 zu5uec wHaque g5GTcb\">\n<div class=\"jXK9ad-SmKAyb\">\n<div class=\"tyJCtd mGzaTb Depvyb baZpAe\">\n<ul class=\"n8H08c UVNKR \">\n<li class=\"zfr3Q TYR86d eD0Rn \" dir=\"ltr\">\n<p class=\"zfr3Q CDt4Ke \" dir=\"ltr\" role=\"presentation\">\n<\/li>\n<\/ul>\n<\/div>\n<\/div>\n<\/div>\n<\/div>\n<\/li>\n<\/ul>\n<\/div>\n<\/div>\n<\/div>\n<\/div>\n<table dir=\"ltr\" style=\"width: 33.619909%; height: 1113px;\" border=\"1\" cellspacing=\"0\" cellpadding=\"0\" data-sheets-root=\"1\" data-sheets-baot=\"1\">\n<colgroup>\n<col width=\"100\" \/>\n<col width=\"314\" \/><\/colgroup>\n<tbody>\n<tr style=\"height: 33px;\">\n<td style=\"height: 32px; width: 24.698795%;\">8 de maig<\/td>\n<td style=\"height: 32px; width: 125.301205%;\"><\/td>\n<\/tr>\n<tr style=\"height: 33px;\">\n<td style=\"height: 33px; width: 24.698795%;\">8:00<\/td>\n<td style=\"height: 33px; width: 125.301205%;\">motxilles<\/td>\n<\/tr>\n<tr style=\"height: 33px;\">\n<td style=\"height: 33px; width: 24.698795%;\">8:30<\/td>\n<td style=\"height: 33px; width: 125.301205%;\">briefing<\/td>\n<\/tr>\n<tr style=\"height: 33px;\">\n<td style=\"height: 33px; width: 24.698795%;\">9:00<\/td>\n<td style=\"height: 33px; width: 125.301205%;\">Cursa Obstacles + trail<\/td>\n<\/tr>\n<tr style=\"height: 33px;\">\n<td style=\"height: 33px; width: 24.698795%;\">10:00<\/td>\n<td style=\"height: 33px; width: 125.301205%;\">Bici CO<\/td>\n<\/tr>\n<tr style=\"height: 33px;\">\n<td style=\"height: 33px; width: 24.698795%;\"><\/td>\n<td style=\"height: 33px; width: 125.301205%;\">Avituallament 1 (masia)<\/td>\n<\/tr>\n<tr style=\"height: 48px;\">\n<td style=\"height: 48px; width: 24.698795%;\"><\/td>\n<td style=\"height: 48px; width: 125.301205%;\">transici\u00f3 del descampat a l&#8217;hipica\/jocs cooperatius<\/td>\n<\/tr>\n<tr style=\"height: 33px;\">\n<td style=\"height: 33px; width: 24.698795%;\">12:30<\/td>\n<td style=\"height: 33px; width: 125.301205%;\">A l&#8217;H\u00edpica: jocs cooperatius<\/td>\n<\/tr>\n<tr style=\"height: 33px;\">\n<td style=\"height: 33px; width: 24.698795%;\"><\/td>\n<td style=\"height: 33px; width: 125.301205%;\">transici\u00f3 hipica Base N\u00e0utica<\/td>\n<\/tr>\n<tr style=\"height: 33px;\">\n<td style=\"height: 33px; width: 24.698795%;\">14:00<\/td>\n<td style=\"height: 33px; width: 125.301205%;\">Dinar Base N\u00e0utica<\/td>\n<\/tr>\n<tr style=\"height: 33px;\">\n<td style=\"height: 33px; width: 24.698795%;\"><\/td>\n<td style=\"height: 33px; width: 125.301205%;\">muntar tendes i escape room<\/td>\n<\/tr>\n<tr style=\"height: 33px;\">\n<td style=\"height: 33px; width: 24.698795%;\">14:45<\/td>\n<td style=\"height: 33px; width: 125.301205%;\">Inici briefing proves tarda<\/td>\n<\/tr>\n<tr style=\"height: 33px;\">\n<td style=\"height: 33px; width: 24.698795%;\">15:00<\/td>\n<td style=\"height: 33px; width: 125.301205%;\">Prova Base N\u00e0utica<\/td>\n<\/tr>\n<tr style=\"height: 33px;\">\n<td style=\"height: 33px; width: 24.698795%;\"><\/td>\n<td style=\"height: 33px; width: 125.301205%;\">transici\u00f3 de Base N\u00e0utica a activ<\/td>\n<\/tr>\n<tr style=\"height: 33px;\">\n<td style=\"height: 33px; width: 24.698795%;\">16:00<\/td>\n<td style=\"height: 33px; width: 125.301205%;\">Lasertag+Bosc Vertical<\/td>\n<\/tr>\n<tr style=\"height: 33px;\">\n<td style=\"height: 33px; width: 24.698795%;\"><\/td>\n<td style=\"height: 33px; width: 125.301205%;\">transici\u00f3 de activ al masia<\/td>\n<\/tr>\n<tr style=\"height: 33px;\">\n<td style=\"height: 33px; width: 24.698795%;\">19:00<\/td>\n<td style=\"height: 33px; width: 125.301205%;\">FI (dutxes, sopar i relax)<\/td>\n<\/tr>\n<tr style=\"height: 33px;\">\n<td style=\"height: 33px; width: 24.698795%;\"><\/td>\n<td style=\"height: 33px; width: 125.301205%;\"><\/td>\n<\/tr>\n<tr style=\"height: 33px;\">\n<td style=\"height: 33px; width: 24.698795%;\">21:00<\/td>\n<td style=\"height: 33px; width: 125.301205%;\">briefing escape room de monitors<\/td>\n<\/tr>\n<tr style=\"height: 33px;\">\n<td style=\"height: 33px; width: 24.698795%;\">21:45<\/td>\n<td style=\"height: 33px; width: 125.301205%;\">briefing escape room participants<\/td>\n<\/tr>\n<tr style=\"height: 33px;\">\n<td style=\"height: 33px; width: 24.698795%;\">22:00<\/td>\n<td style=\"height: 33px; width: 125.301205%;\">Escape Room<\/td>\n<\/tr>\n<tr style=\"height: 33px;\">\n<td style=\"height: 33px; width: 24.698795%;\"><\/td>\n<td style=\"height: 33px; width: 125.301205%;\"><\/td>\n<\/tr>\n<tr style=\"height: 33px;\">\n<td style=\"height: 33px; width: 24.698795%;\"><\/td>\n<td style=\"height: 33px; width: 125.301205%;\"><\/td>\n<\/tr>\n<tr style=\"height: 33px;\">\n<td style=\"height: 33px; width: 24.698795%;\"><\/td>\n<td style=\"height: 33px; width: 125.301205%;\"><\/td>\n<\/tr>\n<tr style=\"height: 10px;\">\n<td style=\"height: 10px; width: 24.698795%;\">9 de maig<\/td>\n<td style=\"height: 10px; width: 125.301205%;\"><\/td>\n<\/tr>\n<tr style=\"height: 33px;\">\n<td style=\"height: 33px; width: 24.698795%;\">8:00<\/td>\n<td style=\"height: 33px; width: 125.301205%;\">despertar- esmorzar<\/td>\n<\/tr>\n<tr style=\"height: 33px;\">\n<td style=\"height: 33px; width: 24.698795%;\">9:00<\/td>\n<td style=\"height: 33px; width: 125.301205%;\">briefing masia<\/td>\n<\/tr>\n<tr style=\"height: 33px;\">\n<td style=\"height: 33px; width: 24.698795%;\"><\/td>\n<td style=\"height: 33px; width: 125.301205%;\">Desmontar tendes<\/td>\n<\/tr>\n<tr style=\"height: 33px;\">\n<td style=\"height: 33px; width: 24.698795%;\">9:20<\/td>\n<td style=\"height: 33px; width: 125.301205%;\">Sortida mol\u00ed Jord\u00e0\/Inici CO miralles<\/td>\n<\/tr>\n<tr style=\"height: 33px;\">\n<td style=\"height: 33px; width: 24.698795%;\">10<\/td>\n<td style=\"height: 33px; width: 125.301205%;\">Inici CO senderisme<\/td>\n<\/tr>\n<tr style=\"height: 33px;\">\n<td style=\"height: 33px; width: 24.698795%;\"><\/td>\n<td style=\"height: 33px; width: 125.301205%;\">avituallament (on deixen bicis)<\/td>\n<\/tr>\n<tr style=\"height: 33px;\">\n<td style=\"height: 33px; width: 24.698795%;\">12:00<\/td>\n<td style=\"height: 33px; width: 125.301205%;\">Fi cursa\/Tornada BTT<\/td>\n<\/tr>\n<tr style=\"height: 33px;\">\n<td style=\"height: 33px; width: 24.698795%;\">12:30<\/td>\n<td style=\"height: 33px; width: 125.301205%;\">Socorrisme\/piscina<\/td>\n<\/tr>\n<tr style=\"height: 33px;\">\n<td style=\"height: 33px; width: 24.698795%;\">14:00<\/td>\n<td style=\"height: 33px; width: 125.301205%;\">Parlament+ Pica-Pica<\/td>\n<\/tr>\n<\/tbody>\n<\/table>\n<p>Patrocinadors:<\/p>\n<p><img loading=\"lazy\" decoding=\"async\" class=\"alignnone wp-image-2160\" src=\"https:\/\/agora.xtec.cat\/ins-iptem\/wp-content\/uploads\/usu2201\/2024\/04\/LOGO_GRUP_ActivNature-1600px-1024x230.png\" alt=\"\" width=\"465\" height=\"105\" srcset=\"https:\/\/agora.xtec.cat\/ins-iptem\/wp-content\/uploads\/usu2201\/2024\/04\/LOGO_GRUP_ActivNature-1600px-1024x230.png 1024w, https:\/\/agora.xtec.cat\/ins-iptem\/wp-content\/uploads\/usu2201\/2024\/04\/LOGO_GRUP_ActivNature-1600px-300x68.png 300w, https:\/\/agora.xtec.cat\/ins-iptem\/wp-content\/uploads\/usu2201\/2024\/04\/LOGO_GRUP_ActivNature-1600px-768x173.png 768w, https:\/\/agora.xtec.cat\/ins-iptem\/wp-content\/uploads\/usu2201\/2024\/04\/LOGO_GRUP_ActivNature-1600px-1536x346.png 1536w, https:\/\/agora.xtec.cat\/ins-iptem\/wp-content\/uploads\/usu2201\/2024\/04\/LOGO_GRUP_ActivNature-1600px.png 1600w\" sizes=\"auto, (max-width: 465px) 100vw, 465px\" \/><\/p>\n<p><img loading=\"lazy\" decoding=\"async\" class=\"alignnone wp-image-2162\" src=\"https:\/\/agora.xtec.cat\/ins-iptem\/wp-content\/uploads\/usu2201\/2024\/04\/Captura-de-pantalla-2024-04-22-a-las-11.25.57.png\" alt=\"\" width=\"370\" height=\"127\" \/><\/p>\n<p>Col\u00b7laboradors:<\/p>\n<h3><strong>Ajuntament de Santa Susanna<\/strong><\/h3>\n<p><img loading=\"lazy\" decoding=\"async\" class=\"alignnone wp-image-1474\" src=\"https:\/\/agora.xtec.cat\/ins-iptem\/wp-content\/uploads\/usu2201\/2022\/12\/Base-Nautica-Pineda-de-Mar-300x243.png\" alt=\"\" width=\"100\" height=\"81\" srcset=\"https:\/\/agora.xtec.cat\/ins-iptem\/wp-content\/uploads\/usu2201\/2022\/12\/Base-Nautica-Pineda-de-Mar-300x243.png 300w, https:\/\/agora.xtec.cat\/ins-iptem\/wp-content\/uploads\/usu2201\/2022\/12\/Base-Nautica-Pineda-de-Mar.png 361w\" sizes=\"auto, (max-width: 100px) 100vw, 100px\" \/><\/p>\n<p>CLASSIFICACI\u00d3:\u00a0<a href=\"https:\/\/docs.google.com\/spreadsheets\/d\/140UtGNrr8Zj31itQgsA5upT-3s4veQrpmmnMOENGG_0\/edit?usp=sharing\">CLICA<\/a><\/p>\n<table dir=\"ltr\" border=\"1\" cellspacing=\"0\" cellpadding=\"0\" data-sheets-root=\"1\" data-sheets-baot=\"1\">\n<colgroup>\n<col width=\"122\" \/>\n<col width=\"100\" \/>\n<col width=\"100\" \/>\n<col width=\"100\" \/>\n<col width=\"100\" \/>\n<col width=\"100\" \/>\n<col width=\"100\" \/>\n<col width=\"100\" \/>\n<col width=\"100\" \/>\n<col width=\"100\" \/><\/colgroup>\n<tbody>\n<tr>\n<td>NOM EQUIP<\/td>\n<td>TRAIL<\/td>\n<td>CO BICI<\/td>\n<td>H\u00cdPICA<\/td>\n<td>B. N\u00c0UTICA<\/td>\n<td>ACT. NATURA<\/td>\n<td>ESC. ROOM<\/td>\n<td>CO MOL\u00cd<\/td>\n<td>TOTAL<\/td>\n<td>Equip<\/td>\n<\/tr>\n<tr>\n<td>Vicen\u00e7 Plantada 1 22.1-22.4<\/td>\n<td>48<\/td>\n<td><\/td>\n<td>90<\/td>\n<td>100<\/td>\n<td>50<\/td>\n<td>100<\/td>\n<td><\/td>\n<td>388<\/td>\n<td>1<\/td>\n<\/tr>\n<tr>\n<td>Vicen\u00e7 Plantada 2 21<\/td>\n<td>66<\/td>\n<td><\/td>\n<td>100<\/td>\n<td>70<\/td>\n<td>50<\/td>\n<td>100<\/td>\n<td><\/td>\n<td>386<\/td>\n<td>2<\/td>\n<\/tr>\n<tr>\n<td>Vicen\u00e7 Plantada 3 9.1-9.4<\/td>\n<td>99<\/td>\n<td>98<\/td>\n<td>80<\/td>\n<td>90<\/td>\n<td>75<\/td>\n<td>100<\/td>\n<td>5<\/td>\n<td>547<\/td>\n<td>3<\/td>\n<\/tr>\n<tr>\n<td>Vicen\u00e7 Plantada 4 15.1-15.3<\/td>\n<td>89<\/td>\n<td>80<\/td>\n<td>100<\/td>\n<td>70<\/td>\n<td>50<\/td>\n<td>100<\/td>\n<td>4<\/td>\n<td>489<\/td>\n<td>4<\/td>\n<\/tr>\n<tr>\n<td>Ginebr\u00f3 1 6.1-6.430.1<\/td>\n<td>54<\/td>\n<td><\/td>\n<td>45<\/td>\n<td>50<\/td>\n<td>50<\/td>\n<td>100<\/td>\n<td><\/td>\n<td>299<\/td>\n<td>5<\/td>\n<\/tr>\n<tr>\n<td>Ginebr\u00f3 2 16<\/td>\n<td>64<\/td>\n<td><\/td>\n<td>60<\/td>\n<td>60<\/td>\n<td>50<\/td>\n<td>100<\/td>\n<td><\/td>\n<td>334<\/td>\n<td>6<\/td>\n<\/tr>\n<tr>\n<td>Ginebr\u00f3 3 14<\/td>\n<td>84<\/td>\n<td><\/td>\n<td>100<\/td>\n<td>60<\/td>\n<td>50<\/td>\n<td>100<\/td>\n<td><\/td>\n<td>394<\/td>\n<td>7<\/td>\n<\/tr>\n<tr>\n<td>Ginebr\u00f3 4 11.1-11.4<\/td>\n<td>76<\/td>\n<td>86<\/td>\n<td>85<\/td>\n<td>80<\/td>\n<td>100<\/td>\n<td>100<\/td>\n<td><\/td>\n<td>527<\/td>\n<td>8<\/td>\n<\/tr>\n<tr>\n<td>Ginebr\u00f3 5 13<\/td>\n<td>72<\/td>\n<td>84<\/td>\n<td>100<\/td>\n<td>90<\/td>\n<td>75<\/td>\n<td>100<\/td>\n<td><\/td>\n<td>521<\/td>\n<td>9<\/td>\n<\/tr>\n<tr>\n<td>Ginebr\u00f3 6 12.1-12.4<\/td>\n<td>95<\/td>\n<td>86<\/td>\n<td>90<\/td>\n<td>60<\/td>\n<td>75<\/td>\n<td>100<\/td>\n<td><\/td>\n<td>506<\/td>\n<td>10<\/td>\n<\/tr>\n<tr>\n<td>Lauro 1 5.1-5.4<\/td>\n<td>74<\/td>\n<td>86<\/td>\n<td>100<\/td>\n<td>60<\/td>\n<td>100<\/td>\n<td>100<\/td>\n<td>13<\/td>\n<td>520<\/td>\n<td>11<\/td>\n<\/tr>\n<tr>\n<td>Lauro 2 8.1-8.4<\/td>\n<td>93<\/td>\n<td>82<\/td>\n<td>100<\/td>\n<td>60<\/td>\n<td>100<\/td>\n<td>100<\/td>\n<td>7<\/td>\n<td>535<\/td>\n<td>12<\/td>\n<\/tr>\n<tr>\n<td>Lauro 3 10.1-10.4<\/td>\n<td>80<\/td>\n<td>88<\/td>\n<td>65<\/td>\n<td>60<\/td>\n<td>100<\/td>\n<td>100<\/td>\n<td>20<\/td>\n<td>493<\/td>\n<td>13<\/td>\n<\/tr>\n<tr>\n<td>Lauro 4 4.1-4.4<\/td>\n<td>97<\/td>\n<td>78<\/td>\n<td>100<\/td>\n<td>80<\/td>\n<td>100<\/td>\n<td>100<\/td>\n<td><\/td>\n<td>555<\/td>\n<td>14<\/td>\n<\/tr>\n<tr>\n<td>Lli\u00e7\u00e0 1 17<\/td>\n<td>82<\/td>\n<td><\/td>\n<td>85<\/td>\n<td>100<\/td>\n<td>100<\/td>\n<td>100<\/td>\n<td><\/td>\n<td>467<\/td>\n<td>15<\/td>\n<\/tr>\n<tr>\n<td>Lli\u00e7\u00e0 2 20<\/td>\n<td>78<\/td>\n<td><\/td>\n<td>100<\/td>\n<td>70<\/td>\n<td>75<\/td>\n<td>100<\/td>\n<td><\/td>\n<td>423<\/td>\n<td>16<\/td>\n<\/tr>\n<tr>\n<td>Lli\u00e7\u00e0 3 18.1-18.4<\/td>\n<td>68<\/td>\n<td><\/td>\n<td>75<\/td>\n<td>90<\/td>\n<td>75<\/td>\n<td>100<\/td>\n<td><\/td>\n<td>408<\/td>\n<td>17<\/td>\n<\/tr>\n<tr>\n<td>Lli\u00e7\u00e0 4 7.1-7.4<\/td>\n<td>47<\/td>\n<td>100<\/td>\n<td>65<\/td>\n<td>80<\/td>\n<td>75<\/td>\n<td>100<\/td>\n<td><\/td>\n<td>467<\/td>\n<td>18<\/td>\n<\/tr>\n<tr>\n<td>Coromines 1 24.1-24.4<\/td>\n<td>70<\/td>\n<td>96<\/td>\n<td><\/td>\n<td><\/td>\n<td>50<\/td>\n<td>100<\/td>\n<td>2<\/td>\n<td>316<\/td>\n<td>19<\/td>\n<\/tr>\n<tr>\n<td>Coromines 2 23<\/td>\n<td>51<\/td>\n<td><\/td>\n<td>70<\/td>\n<td>100<\/td>\n<td>75<\/td>\n<td>100<\/td>\n<td><\/td>\n<td>396<\/td>\n<td>20<\/td>\n<\/tr>\n<tr>\n<td>IPTEM 1 1.1-1.4<\/td>\n<td>100<\/td>\n<td>90<\/td>\n<td>85<\/td>\n<td>60<\/td>\n<td>25<\/td>\n<td>100<\/td>\n<td>7<\/td>\n<td>460<\/td>\n<td>21<\/td>\n<\/tr>\n<tr>\n<td>IPTEM 2 2.1-2.4<\/td>\n<td>86<\/td>\n<td>92<\/td>\n<td>55<\/td>\n<td>60<\/td>\n<td>75<\/td>\n<td>100<\/td>\n<td>14<\/td>\n<td>468<\/td>\n<td>22<\/td>\n<\/tr>\n<tr>\n<td>IPTEM 3 3.1-3.4<\/td>\n<td>91<\/td>\n<td>94<\/td>\n<td>50<\/td>\n<td>50<\/td>\n<td>75<\/td>\n<td>100<\/td>\n<td>30<\/td>\n<td>460<\/td>\n<td>23<\/td>\n<\/tr>\n<\/tbody>\n<\/table>\n<p>Per veure l&#8217;edici\u00f3 del curs passat i fer un tast aproximat:<\/p>\n<h6>V\u00eddeo oficial Raidiptem&#8217;24 Santa Susanna: <a href=\"https:\/\/youtu.be\/OxPp9TPBuIo\">CLICA<\/a><\/h6>\n<h6><a href=\"https:\/\/youtu.be\/OxPp9TPBuIo\"><img loading=\"lazy\" decoding=\"async\" class=\"alignnone size-medium wp-image-2184\" src=\"https:\/\/agora.xtec.cat\/ins-iptem\/wp-content\/uploads\/usu2201\/2024\/05\/Cartell-Raid-IPTEM-logo_page-0001-2-212x300.jpg\" alt=\"\" width=\"212\" height=\"300\" srcset=\"https:\/\/agora.xtec.cat\/ins-iptem\/wp-content\/uploads\/usu2201\/2024\/05\/Cartell-Raid-IPTEM-logo_page-0001-2-212x300.jpg 212w, https:\/\/agora.xtec.cat\/ins-iptem\/wp-content\/uploads\/usu2201\/2024\/05\/Cartell-Raid-IPTEM-logo_page-0001-2-724x1024.jpg 724w, https:\/\/agora.xtec.cat\/ins-iptem\/wp-content\/uploads\/usu2201\/2024\/05\/Cartell-Raid-IPTEM-logo_page-0001-2-768x1086.jpg 768w, https:\/\/agora.xtec.cat\/ins-iptem\/wp-content\/uploads\/usu2201\/2024\/05\/Cartell-Raid-IPTEM-logo_page-0001-2-1087x1536.jpg 1087w, https:\/\/agora.xtec.cat\/ins-iptem\/wp-content\/uploads\/usu2201\/2024\/05\/Cartell-Raid-IPTEM-logo_page-0001-2-1449x2048.jpg 1449w, https:\/\/agora.xtec.cat\/ins-iptem\/wp-content\/uploads\/usu2201\/2024\/05\/Cartell-Raid-IPTEM-logo_page-0001-2-scaled.jpg 1811w\" sizes=\"auto, (max-width: 212px) 100vw, 212px\" \/><\/a><\/h6>\n<pre class=\"gmail_default\"><span style=\"color: #0000ff; font-family: tahoma, sans-serif; font-size: large;\">Adre\u00e7at a l'alumnat t\u00e8cnic guia en el medi natural i temps de lleure, tant de 1r com de 2n curs.\u00a0<\/span>\r\n\r\n<span style=\"color: #0000ff; font-family: tahoma, sans-serif; font-size: large;\">Es tracta d'un raid d'aventura que tindr\u00e0 lloc a Santa Susanna els dies 9 i 10 de maig de 2024.\u00a0<\/span>\r\n\r\n<span style=\"color: #0000ff; font-family: tahoma, sans-serif; font-size: large;\">Aquest raid no competitiu t\u00e9 com a objectiu posar a prova les habilitats curriculars dels seus millors t\u00e8cnics\/es, que en equips de 4 persones, hauran de fer front a proves d'orientaci\u00f3 a peu, en bicicleta, trams de caiac, d'espeleologia, cordes en bosc vertical, proves de nataci\u00f3, de socorrisme i d'h\u00edpica durant dos dies.\u00a0<\/span>\r\n\r\n<span style=\"color: #0000ff; font-family: tahoma, sans-serif; font-size: large;\">Cada institut participa amb equips de 4 persones en categoria \u00fanica o mixta, acompanyat de m\u00ednim un professor\/a. <\/span>\r\n\r\n<span style=\"color: #0000ff; font-family: tahoma, sans-serif; font-size: large;\">Els centres participants s\u00f3n:<\/span>\r\n\r\nIns Lli\u00e7\u00e0 (LLi\u00e7\u00e0 d'Amunt); Ins Vicen\u00e7 Plantada (Mollet del Vall\u00e9s); Ins Joan Coromines (P\u00eeneda de Mar); Ins Premi\u00e0 de Mar; Ins Salvador Espriu (Salt). Juntament amb l'Ins IPTEM (participants i organitzadors), som m\u00e9s de 150 persones.\r\n\r\n<span style=\"color: #0000ff; font-family: tahoma, sans-serif; font-size: large;\">La inscripci\u00f3 t\u00e9 un preu de 15 euros per participant i inclou els avituallaments i \u00e0pats m\u00e9s una samarreta per cada participant. Dormirem als hotels (<a href=\"https:\/\/maps.app.goo.gl\/KngGuhCM5m28KuDU7\">Reymar Playa<\/a> i\u00a0<a href=\"https:\/\/maps.app.goo.gl\/hNKKnkdvobqFDPuE9\">Caprici Beach<\/a>).<\/span>\r\n\r\n<span style=\"color: #0000ff; font-family: tahoma, sans-serif; font-size: large;\">Hi haur\u00e0 espai per guardar el material i les bicicletes.\u00a0<\/span>\r\n\r\n<span style=\"color: #0000ff; font-family: tahoma, sans-serif; font-size: large;\">Com es tracta d'un esdeveniment complex, esperem comptar amb el vostre suport fomentant la participaci\u00f3 del vostre alumnat i professorat. \u00c9s una <b>experi\u00e8ncia formativa<\/b> i professional que segur que ens enriqueix.\u00a0<\/span><\/pre>\n<p>Patrocinadors:<\/p>\n<p><img loading=\"lazy\" decoding=\"async\" class=\"alignnone wp-image-2160\" src=\"https:\/\/agora.xtec.cat\/ins-iptem\/wp-content\/uploads\/usu2201\/2024\/04\/LOGO_GRUP_ActivNature-1600px-1024x230.png\" alt=\"\" width=\"465\" height=\"105\" srcset=\"https:\/\/agora.xtec.cat\/ins-iptem\/wp-content\/uploads\/usu2201\/2024\/04\/LOGO_GRUP_ActivNature-1600px-1024x230.png 1024w, https:\/\/agora.xtec.cat\/ins-iptem\/wp-content\/uploads\/usu2201\/2024\/04\/LOGO_GRUP_ActivNature-1600px-300x68.png 300w, https:\/\/agora.xtec.cat\/ins-iptem\/wp-content\/uploads\/usu2201\/2024\/04\/LOGO_GRUP_ActivNature-1600px-768x173.png 768w, https:\/\/agora.xtec.cat\/ins-iptem\/wp-content\/uploads\/usu2201\/2024\/04\/LOGO_GRUP_ActivNature-1600px-1536x346.png 1536w, https:\/\/agora.xtec.cat\/ins-iptem\/wp-content\/uploads\/usu2201\/2024\/04\/LOGO_GRUP_ActivNature-1600px.png 1600w\" sizes=\"auto, (max-width: 465px) 100vw, 465px\" \/><\/p>\n<p><img loading=\"lazy\" decoding=\"async\" class=\"alignnone wp-image-2189\" src=\"https:\/\/agora.xtec.cat\/ins-iptem\/wp-content\/uploads\/usu2201\/2024\/05\/Captura-de-pantalla-2024-05-08-a-las-20.05.53-300x99.png\" alt=\"\" width=\"340\" height=\"112\" srcset=\"https:\/\/agora.xtec.cat\/ins-iptem\/wp-content\/uploads\/usu2201\/2024\/05\/Captura-de-pantalla-2024-05-08-a-las-20.05.53-300x99.png 300w, https:\/\/agora.xtec.cat\/ins-iptem\/wp-content\/uploads\/usu2201\/2024\/05\/Captura-de-pantalla-2024-05-08-a-las-20.05.53-1024x337.png 1024w, https:\/\/agora.xtec.cat\/ins-iptem\/wp-content\/uploads\/usu2201\/2024\/05\/Captura-de-pantalla-2024-05-08-a-las-20.05.53-768x253.png 768w, https:\/\/agora.xtec.cat\/ins-iptem\/wp-content\/uploads\/usu2201\/2024\/05\/Captura-de-pantalla-2024-05-08-a-las-20.05.53.png 1390w\" sizes=\"auto, (max-width: 340px) 100vw, 340px\" \/><\/p>\n<p><img loading=\"lazy\" decoding=\"async\" class=\"alignnone size-full wp-image-2162\" src=\"https:\/\/agora.xtec.cat\/ins-iptem\/wp-content\/uploads\/usu2201\/2024\/04\/Captura-de-pantalla-2024-04-22-a-las-11.25.57.png\" alt=\"\" width=\"180\" height=\"62\" \/><\/p>\n<p>Col\u00b7laboradors:<\/p>\n<p><strong>Ajuntament de Santa Susanna<\/strong><\/p>\n<p><img loading=\"lazy\" decoding=\"async\" class=\"alignnone wp-image-1474\" src=\"https:\/\/agora.xtec.cat\/ins-iptem\/wp-content\/uploads\/usu2201\/2022\/12\/Base-Nautica-Pineda-de-Mar-300x243.png\" alt=\"\" width=\"100\" height=\"81\" srcset=\"https:\/\/agora.xtec.cat\/ins-iptem\/wp-content\/uploads\/usu2201\/2022\/12\/Base-Nautica-Pineda-de-Mar-300x243.png 300w, https:\/\/agora.xtec.cat\/ins-iptem\/wp-content\/uploads\/usu2201\/2022\/12\/Base-Nautica-Pineda-de-Mar.png 361w\" sizes=\"auto, (max-width: 100px) 100vw, 100px\" \/><\/p>\n<p>&nbsp;<\/p>\n<p>&nbsp;<\/p>\n<p>&nbsp;<\/p>\n<p>&nbsp;<\/p>\n","protected":false},"excerpt":{"rendered":"<p>Som una FP plena d&#8217;experi\u00e8ncies.<br \/>\nTenim una web per les grans experi\u00e8ncies a &#8220;activitatsiptem.cat&#8221;: <a href=\"https:\/\/www.activitatsiptem.cat\">CLICA<\/a><br \/>\nTamb\u00e9 organitzem nombroses activitats extraordin\u00e0ries  : <a href=\"https:\/\/docs.google.com\/spreadsheets\/d\/1h-TKfpuxhJ4GafWu9A3Ioe2ciZ3T3ytJzajeDuy2NmI\/edit?usp=sharing\">CLICA<\/a><br \/>\nI l&#8217;Ajuntament en proposa de nacionals i internacionals:\u00a0<a href=\"https:\/\/www.stasusanna.cat\/ca\/temes\/esports\/esdeveniments-esportius-al-llarg-de-lany\">CLICA<\/a><\/p>\n<p>Raidiptem&#8217;26 (d&#8217;aventura), 6 i 7 de maig.<br \/>\nRaidiptem&#8217;25 (d&#8217;aventura):\u00a0<a href=\"https:\/\/www.activitatsiptem.cat\/activitats-iptem\/raid-daventura-iptem\">CLICA<\/a><br \/>\nV\u00eddeo oficial&#8217;25:\u00a0<a href=\"https:\/\/youtu.be\/L3nglLxkHGM\">CLICA<\/a><br \/>\n<a href=\"https:\/\/agora.xtec.cat\/ins-iptem\/pagines-dinici\/pagina-dinici-buida\/attachment\/retol-raid25_page-0001\/\" rel=\"attachment wp-att-2483\"><\/a><br \/>\nEl 8&hellip;  <a href=\"https:\/\/agora.xtec.cat\/ins-iptem\/raidiptem-raid-daventura\/\" title=\"Read Activitats iptem\">Llegeix m\u00e9s\u00bb<\/a><\/p>\n","protected":false},"author":1,"featured_media":0,"parent":0,"menu_order":0,"comment_status":"closed","ping_status":"closed","template":"","meta":{"_bbp_topic_count":0,"_bbp_reply_count":0,"_bbp_total_topic_count":0,"_bbp_total_reply_count":0,"_bbp_voice_count":0,"_bbp_anonymous_reply_count":0,"_bbp_topic_count_hidden":0,"_bbp_reply_count_hidden":0,"_bbp_forum_subforum_count":0,"footnotes":""},"class_list":["post-2086","page","type-page","status-publish","hentry"],"post_mailing_queue_ids":[],"_links":{"self":[{"href":"https:\/\/agora.xtec.cat\/ins-iptem\/wp-json\/wp\/v2\/pages\/2086","targetHints":{"allow":["GET"]}}],"collection":[{"href":"https:\/\/agora.xtec.cat\/ins-iptem\/wp-json\/wp\/v2\/pages"}],"about":[{"href":"https:\/\/agora.xtec.cat\/ins-iptem\/wp-json\/wp\/v2\/types\/page"}],"author":[{"embeddable":true,"href":"https:\/\/agora.xtec.cat\/ins-iptem\/wp-json\/wp\/v2\/users\/1"}],"replies":[{"embeddable":true,"href":"https:\/\/agora.xtec.cat\/ins-iptem\/wp-json\/wp\/v2\/comments?post=2086"}],"version-history":[{"count":7,"href":"https:\/\/agora.xtec.cat\/ins-iptem\/wp-json\/wp\/v2\/pages\/2086\/revisions"}],"predecessor-version":[{"id":2719,"href":"https:\/\/agora.xtec.cat\/ins-iptem\/wp-json\/wp\/v2\/pages\/2086\/revisions\/2719"}],"wp:attachment":[{"href":"https:\/\/agora.xtec.cat\/ins-iptem\/wp-json\/wp\/v2\/media?parent=2086"}],"curies":[{"name":"wp","href":"https:\/\/api.w.org\/{rel}","templated":true}]}}