{"id":19,"date":"2014-09-17T14:56:56","date_gmt":"2014-09-17T14:56:56","guid":{"rendered":"http:\/\/agora.xtec.cat\/ins-iptem\/?page_id=19"},"modified":"2025-07-24T14:07:33","modified_gmt":"2025-07-24T12:07:33","slug":"linstitut","status":"publish","type":"page","link":"https:\/\/agora.xtec.cat\/ins-iptem\/linstitut\/","title":{"rendered":"L&#8217;institut"},"content":{"rendered":"<p><img loading=\"lazy\" decoding=\"async\" class=\"alignnone size-medium wp-image-1548\" src=\"https:\/\/agora.xtec.cat\/ins-iptem\/wp-content\/uploads\/usu2201\/2023\/02\/WhatsApp-Image-2023-02-17-at-09.21.58-169x300.jpeg\" alt=\"\" width=\"169\" height=\"300\" srcset=\"https:\/\/agora.xtec.cat\/ins-iptem\/wp-content\/uploads\/usu2201\/2023\/02\/WhatsApp-Image-2023-02-17-at-09.21.58-169x300.jpeg 169w, https:\/\/agora.xtec.cat\/ins-iptem\/wp-content\/uploads\/usu2201\/2023\/02\/WhatsApp-Image-2023-02-17-at-09.21.58-578x1024.jpeg 578w, https:\/\/agora.xtec.cat\/ins-iptem\/wp-content\/uploads\/usu2201\/2023\/02\/WhatsApp-Image-2023-02-17-at-09.21.58-768x1362.jpeg 768w, https:\/\/agora.xtec.cat\/ins-iptem\/wp-content\/uploads\/usu2201\/2023\/02\/WhatsApp-Image-2023-02-17-at-09.21.58-866x1536.jpeg 866w, https:\/\/agora.xtec.cat\/ins-iptem\/wp-content\/uploads\/usu2201\/2023\/02\/WhatsApp-Image-2023-02-17-at-09.21.58.jpeg 1128w\" sizes=\"auto, (max-width: 169px) 100vw, 169px\" \/><\/p>\n<p><span style=\"font-weight: 400; color: #800000;\">L\u2019institut IPTEM (Institut Professional de Turisme Eq\u00fcestre del Maresme) \u00e9s l\u2019\u00fanic centre del Maresme dedicat exclusivament a la formaci\u00f3 professional. Neix de la voluntat de fer cr\u00e9ixer i promocionar el turisme eq\u00fcestre. Despr\u00e9s d\u2019anys en qu\u00e8, la FCTE (Federaci\u00f3 Catalana de Turisme Eq\u00fcestre) i l\u2019Ajuntament de Santa Susanna han sumat grans esfor\u00e7os, sorgeix aquest centre educatiu, situat al c\/ Salvador Espriu, n.15.<\/span><\/p>\n<p><span style=\"font-weight: 400; color: #800000;\">Iniciem el cam\u00ed implementant el CFGM Activitats Eq\u00fcestres (curs&#8217;20-21), que despr\u00e9s es complementar\u00e0 amb altres estudis que desenvolupin aquest itinerari acad\u00e8mic (CFGM Guia en el Medi Natural i Temps de Lleure (curs&#8217;21-22).\u00a0<\/span><\/p>\n<p><span style=\"font-weight: 400; color: #800000;\">Establint lla\u00e7os amb les anteriors entitats locals i d\u2019altres, volem aconseguir que l\u2019IPTEM esdevingui un centre de refer\u00e8ncia per a la formaci\u00f3 i el gaudi d\u2019aquelles activitats i disciplines que es poden dur a terme a partir dels \u00e8quids i les activitats d&#8217;aventura.<\/span><\/p>\n<p><span style=\"font-weight: 400; color: #800000;\">Els cavalls, com a eix vertebrador, i l\u2019entorn privilegiat que ens envolta, s\u00f3n el punt d\u2019inici d\u2019aquest llarg recorregut que engeguem al curs 20-21.<\/span><\/p>\n<p><span style=\"font-weight: 400; color: #800000;\">El nostre objectiu \u00e9s formar persones, transformant les experi\u00e8ncies en capacitats i professionalisme.\u00a0<\/span><\/p>\n<p><span style=\"color: #800000;\"><span style=\"font-weight: 400;\">\u201c<\/span><i><span style=\"font-weight: 400;\">La intel\u00b7lig\u00e8ncia \u00e9s la capacitat d\u2019adaptar-se a diverses situacions<\/span><\/i><span style=\"font-weight: 400;\">.\u201d<\/span><\/span><\/p>\n<p><span style=\"color: #ff0000;\"><strong><a style=\"color: #ff0000;\" href=\"https:\/\/drive.google.com\/file\/d\/1iHh874O0bbVO5co-dSH-bz0a658Pvdmw\/view?usp=sharing\">CLICA<\/a><\/strong><\/span>\u00a0<span style=\"color: #000000;\">per veure la <strong>not\u00edcia del naixement.<\/strong><\/span><\/p>\n","protected":false},"excerpt":{"rendered":"<p>L\u2019institut IPTEM (Institut Professional de Turisme Eq\u00fcestre del Maresme) \u00e9s l\u2019\u00fanic centre del Maresme dedicat exclusivament a la formaci\u00f3 professional. Neix de la voluntat de fer cr\u00e9ixer i promocionar el turisme eq\u00fcestre. Despr\u00e9s d\u2019anys en qu\u00e8, la FCTE (Federaci\u00f3 Catalana de Turisme Eq\u00fcestre) i l\u2019Ajuntament&hellip;  <a href=\"https:\/\/agora.xtec.cat\/ins-iptem\/linstitut\/\" title=\"Read L&#8217;institut\">Llegeix m\u00e9s\u00bb<\/a><\/p>\n","protected":false},"author":1,"featured_media":0,"parent":0,"menu_order":0,"comment_status":"closed","ping_status":"closed","template":"page-templates\/side-menu.php","meta":{"_bbp_topic_count":0,"_bbp_reply_count":0,"_bbp_total_topic_count":0,"_bbp_total_reply_count":0,"_bbp_voice_count":0,"_bbp_anonymous_reply_count":0,"_bbp_topic_count_hidden":0,"_bbp_reply_count_hidden":0,"_bbp_forum_subforum_count":0,"footnotes":""},"class_list":["post-19","page","type-page","status-publish","hentry"],"post_mailing_queue_ids":[],"_links":{"self":[{"href":"https:\/\/agora.xtec.cat\/ins-iptem\/wp-json\/wp\/v2\/pages\/19","targetHints":{"allow":["GET"]}}],"collection":[{"href":"https:\/\/agora.xtec.cat\/ins-iptem\/wp-json\/wp\/v2\/pages"}],"about":[{"href":"https:\/\/agora.xtec.cat\/ins-iptem\/wp-json\/wp\/v2\/types\/page"}],"author":[{"embeddable":true,"href":"https:\/\/agora.xtec.cat\/ins-iptem\/wp-json\/wp\/v2\/users\/1"}],"replies":[{"embeddable":true,"href":"https:\/\/agora.xtec.cat\/ins-iptem\/wp-json\/wp\/v2\/comments?post=19"}],"version-history":[{"count":6,"href":"https:\/\/agora.xtec.cat\/ins-iptem\/wp-json\/wp\/v2\/pages\/19\/revisions"}],"predecessor-version":[{"id":2571,"href":"https:\/\/agora.xtec.cat\/ins-iptem\/wp-json\/wp\/v2\/pages\/19\/revisions\/2571"}],"wp:attachment":[{"href":"https:\/\/agora.xtec.cat\/ins-iptem\/wp-json\/wp\/v2\/media?parent=19"}],"curies":[{"name":"wp","href":"https:\/\/api.w.org\/{rel}","templated":true}]}}