{"id":1846,"date":"2023-06-29T10:51:01","date_gmt":"2023-06-29T08:51:01","guid":{"rendered":"https:\/\/agora.xtec.cat\/ins-iptem\/?page_id=1846"},"modified":"2023-06-29T10:51:01","modified_gmt":"2023-06-29T08:51:01","slug":"mp16_geemn-formacio-en-centres-de-treball","status":"publish","type":"page","link":"https:\/\/agora.xtec.cat\/ins-iptem\/estudis\/geemn\/mp16_geemn-formacio-en-centres-de-treball\/","title":{"rendered":"MP16_GEEMN: Formaci\u00f3 en Centres de Treball"},"content":{"rendered":"<p><span style=\"font-weight: 400;\">Les pr\u00e0ctiques a un centre de formaci\u00f3 de treball tenen una durada de 383 hores i permeten con\u00e8ixer l\u2019estructura i organitzaci\u00f3 d\u2019una empresa de l\u2019\u00e0mbit esportiu i del temps de lleure.<\/span><\/p>\n<p><span style=\"font-weight: 400;\">Aquest m\u00f2dul brinda a l\u2019alumnat l\u2019oportunitat de submergir-se en el m\u00f3n laboral i aplicar tots els aprenentatges del cicle en un context professional real. <\/span><\/p>\n","protected":false},"excerpt":{"rendered":"<p>Les pr\u00e0ctiques a un centre de formaci\u00f3 de treball tenen una durada de 383 hores i permeten con\u00e8ixer l\u2019estructura i organitzaci\u00f3 d\u2019una empresa de l\u2019\u00e0mbit esportiu i del temps de lleure.<br \/>\nAquest m\u00f2dul brinda a l\u2019alumnat l\u2019oportunitat de submergir-se en el m\u00f3n laboral i aplicar tots&hellip;  <a href=\"https:\/\/agora.xtec.cat\/ins-iptem\/estudis\/geemn\/mp16_geemn-formacio-en-centres-de-treball\/\" title=\"Read MP16_GEEMN: Formaci\u00f3 en Centres de Treball\">Llegeix m\u00e9s\u00bb<\/a><\/p>\n","protected":false},"author":1,"featured_media":0,"parent":1709,"menu_order":0,"comment_status":"closed","ping_status":"closed","template":"","meta":{"_bbp_topic_count":0,"_bbp_reply_count":0,"_bbp_total_topic_count":0,"_bbp_total_reply_count":0,"_bbp_voice_count":0,"_bbp_anonymous_reply_count":0,"_bbp_topic_count_hidden":0,"_bbp_reply_count_hidden":0,"_bbp_forum_subforum_count":0,"footnotes":""},"class_list":["post-1846","page","type-page","status-publish","hentry"],"post_mailing_queue_ids":[],"_links":{"self":[{"href":"https:\/\/agora.xtec.cat\/ins-iptem\/wp-json\/wp\/v2\/pages\/1846","targetHints":{"allow":["GET"]}}],"collection":[{"href":"https:\/\/agora.xtec.cat\/ins-iptem\/wp-json\/wp\/v2\/pages"}],"about":[{"href":"https:\/\/agora.xtec.cat\/ins-iptem\/wp-json\/wp\/v2\/types\/page"}],"author":[{"embeddable":true,"href":"https:\/\/agora.xtec.cat\/ins-iptem\/wp-json\/wp\/v2\/users\/1"}],"replies":[{"embeddable":true,"href":"https:\/\/agora.xtec.cat\/ins-iptem\/wp-json\/wp\/v2\/comments?post=1846"}],"version-history":[{"count":1,"href":"https:\/\/agora.xtec.cat\/ins-iptem\/wp-json\/wp\/v2\/pages\/1846\/revisions"}],"predecessor-version":[{"id":1847,"href":"https:\/\/agora.xtec.cat\/ins-iptem\/wp-json\/wp\/v2\/pages\/1846\/revisions\/1847"}],"up":[{"embeddable":true,"href":"https:\/\/agora.xtec.cat\/ins-iptem\/wp-json\/wp\/v2\/pages\/1709"}],"wp:attachment":[{"href":"https:\/\/agora.xtec.cat\/ins-iptem\/wp-json\/wp\/v2\/media?parent=1846"}],"curies":[{"name":"wp","href":"https:\/\/api.w.org\/{rel}","templated":true}]}}