{"id":1842,"date":"2023-06-29T10:49:25","date_gmt":"2023-06-29T08:49:25","guid":{"rendered":"https:\/\/agora.xtec.cat\/ins-iptem\/?page_id=1842"},"modified":"2023-06-29T10:49:25","modified_gmt":"2023-06-29T08:49:25","slug":"mp14_geemn-angles-tecnic","status":"publish","type":"page","link":"https:\/\/agora.xtec.cat\/ins-iptem\/estudis\/geemn\/mp14_geemn-angles-tecnic\/","title":{"rendered":"MP14_GEEMN: Angl\u00e8s T\u00e8cnic"},"content":{"rendered":"<p><span style=\"font-weight: 400;\">El m\u00f2dul d\u2019angl\u00e8s t\u00e8cnic est\u00e0 constitu\u00eft per una sola unitat formativa que engloba les quatre destreses comunicatives principals (reading, listening, speaking i writing) i l\u2019aplicaci\u00f3 d\u2019actituds i comportaments professionals.<\/span><\/p>\n<p><span style=\"font-weight: 400;\">Els alumnes aprenen vocabulari t\u00e8cnic relacionat amb l\u2019\u00e0mbit del medi natural i el temps de lleure i duen a terme activitats contextualitzades que els permeten desenvolupar les seves capacitats comunicatives i de guiatge (briefing d\u2019una ruta, role-plays per aprendre a gestionar situacions dif\u00edcils durant una ruta, e-mails formals, lectures d\u2019articles t\u00e8cnics, audici\u00f3 de converses relacionades amb l\u2019\u00e0mbit professional, etc.)<\/span><\/p>\n","protected":false},"excerpt":{"rendered":"<p>El m\u00f2dul d\u2019angl\u00e8s t\u00e8cnic est\u00e0 constitu\u00eft per una sola unitat formativa que engloba les quatre destreses comunicatives principals (reading, listening, speaking i writing) i l\u2019aplicaci\u00f3 d\u2019actituds i comportaments professionals.<br \/>\nEls alumnes aprenen vocabulari t\u00e8cnic relacionat amb l\u2019\u00e0mbit del medi natural i el temps de lleure i&hellip;  <a href=\"https:\/\/agora.xtec.cat\/ins-iptem\/estudis\/geemn\/mp14_geemn-angles-tecnic\/\" title=\"Read MP14_GEEMN: Angl\u00e8s T\u00e8cnic\">Llegeix m\u00e9s\u00bb<\/a><\/p>\n","protected":false},"author":1,"featured_media":0,"parent":1709,"menu_order":0,"comment_status":"closed","ping_status":"closed","template":"","meta":{"_bbp_topic_count":0,"_bbp_reply_count":0,"_bbp_total_topic_count":0,"_bbp_total_reply_count":0,"_bbp_voice_count":0,"_bbp_anonymous_reply_count":0,"_bbp_topic_count_hidden":0,"_bbp_reply_count_hidden":0,"_bbp_forum_subforum_count":0,"footnotes":""},"class_list":["post-1842","page","type-page","status-publish","hentry"],"post_mailing_queue_ids":[],"_links":{"self":[{"href":"https:\/\/agora.xtec.cat\/ins-iptem\/wp-json\/wp\/v2\/pages\/1842","targetHints":{"allow":["GET"]}}],"collection":[{"href":"https:\/\/agora.xtec.cat\/ins-iptem\/wp-json\/wp\/v2\/pages"}],"about":[{"href":"https:\/\/agora.xtec.cat\/ins-iptem\/wp-json\/wp\/v2\/types\/page"}],"author":[{"embeddable":true,"href":"https:\/\/agora.xtec.cat\/ins-iptem\/wp-json\/wp\/v2\/users\/1"}],"replies":[{"embeddable":true,"href":"https:\/\/agora.xtec.cat\/ins-iptem\/wp-json\/wp\/v2\/comments?post=1842"}],"version-history":[{"count":1,"href":"https:\/\/agora.xtec.cat\/ins-iptem\/wp-json\/wp\/v2\/pages\/1842\/revisions"}],"predecessor-version":[{"id":1843,"href":"https:\/\/agora.xtec.cat\/ins-iptem\/wp-json\/wp\/v2\/pages\/1842\/revisions\/1843"}],"up":[{"embeddable":true,"href":"https:\/\/agora.xtec.cat\/ins-iptem\/wp-json\/wp\/v2\/pages\/1709"}],"wp:attachment":[{"href":"https:\/\/agora.xtec.cat\/ins-iptem\/wp-json\/wp\/v2\/media?parent=1842"}],"curies":[{"name":"wp","href":"https:\/\/api.w.org\/{rel}","templated":true}]}}