{"id":1838,"date":"2023-06-29T10:47:52","date_gmt":"2023-06-29T08:47:52","guid":{"rendered":"https:\/\/agora.xtec.cat\/ins-iptem\/?page_id=1838"},"modified":"2023-06-29T10:47:52","modified_gmt":"2023-06-29T08:47:52","slug":"mp12_geemn-formacio-i-orientacio-laboral","status":"publish","type":"page","link":"https:\/\/agora.xtec.cat\/ins-iptem\/estudis\/geemn\/mp12_geemn-formacio-i-orientacio-laboral\/","title":{"rendered":"MP12_GEEMN: Formaci\u00f3 i Orientaci\u00f3 Laboral"},"content":{"rendered":"<p><span style=\"font-weight: 400;\">El m\u00f2dul de Formaci\u00f3 i Orientaci\u00f3 Laboral (FOL) proporciona les eines i destreses b\u00e0siques perqu\u00e8 els alumnes puguin desenvolupar-se en l\u2019entorn laboral de manera professional i responsable.\u00a0<\/span><\/p>\n<p><span style=\"font-weight: 400;\">El m\u00f2dul es divideix en dues unitats formatives. A la primera, relacionada amb la incorporaci\u00f3 al treball, l\u2019alumnat es familiaritza amb conceptes com la realitzaci\u00f3 del seu propi projecte professional, la cerca de feina, el treball en equip, els tipus de contracte o el funcionament de la seguretat social. A la segona, els alumnes reben coneixements b\u00e0sics sobre la prevenci\u00f3 de riscos laborals en una empresa relacionada amb el seu sector professional.<\/span><\/p>\n","protected":false},"excerpt":{"rendered":"<p>El m\u00f2dul de Formaci\u00f3 i Orientaci\u00f3 Laboral (FOL) proporciona les eines i destreses b\u00e0siques perqu\u00e8 els alumnes puguin desenvolupar-se en l\u2019entorn laboral de manera professional i responsable.\u00a0<br \/>\nEl m\u00f2dul es divideix en dues unitats formatives. A la primera, relacionada amb la incorporaci\u00f3 al treball, l\u2019alumnat es&hellip;  <a href=\"https:\/\/agora.xtec.cat\/ins-iptem\/estudis\/geemn\/mp12_geemn-formacio-i-orientacio-laboral\/\" title=\"Read MP12_GEEMN: Formaci\u00f3 i Orientaci\u00f3 Laboral\">Llegeix m\u00e9s\u00bb<\/a><\/p>\n","protected":false},"author":1,"featured_media":0,"parent":1709,"menu_order":0,"comment_status":"closed","ping_status":"closed","template":"","meta":{"_bbp_topic_count":0,"_bbp_reply_count":0,"_bbp_total_topic_count":0,"_bbp_total_reply_count":0,"_bbp_voice_count":0,"_bbp_anonymous_reply_count":0,"_bbp_topic_count_hidden":0,"_bbp_reply_count_hidden":0,"_bbp_forum_subforum_count":0,"footnotes":""},"class_list":["post-1838","page","type-page","status-publish","hentry"],"post_mailing_queue_ids":[],"_links":{"self":[{"href":"https:\/\/agora.xtec.cat\/ins-iptem\/wp-json\/wp\/v2\/pages\/1838","targetHints":{"allow":["GET"]}}],"collection":[{"href":"https:\/\/agora.xtec.cat\/ins-iptem\/wp-json\/wp\/v2\/pages"}],"about":[{"href":"https:\/\/agora.xtec.cat\/ins-iptem\/wp-json\/wp\/v2\/types\/page"}],"author":[{"embeddable":true,"href":"https:\/\/agora.xtec.cat\/ins-iptem\/wp-json\/wp\/v2\/users\/1"}],"replies":[{"embeddable":true,"href":"https:\/\/agora.xtec.cat\/ins-iptem\/wp-json\/wp\/v2\/comments?post=1838"}],"version-history":[{"count":1,"href":"https:\/\/agora.xtec.cat\/ins-iptem\/wp-json\/wp\/v2\/pages\/1838\/revisions"}],"predecessor-version":[{"id":1839,"href":"https:\/\/agora.xtec.cat\/ins-iptem\/wp-json\/wp\/v2\/pages\/1838\/revisions\/1839"}],"up":[{"embeddable":true,"href":"https:\/\/agora.xtec.cat\/ins-iptem\/wp-json\/wp\/v2\/pages\/1709"}],"wp:attachment":[{"href":"https:\/\/agora.xtec.cat\/ins-iptem\/wp-json\/wp\/v2\/media?parent=1838"}],"curies":[{"name":"wp","href":"https:\/\/api.w.org\/{rel}","templated":true}]}}