{"id":1826,"date":"2023-06-29T10:42:11","date_gmt":"2023-06-29T08:42:11","guid":{"rendered":"https:\/\/agora.xtec.cat\/ins-iptem\/?page_id=1826"},"modified":"2023-06-29T10:42:11","modified_gmt":"2023-06-29T08:42:11","slug":"mp07_geemn-tecniques-de-temps-de-lleure","status":"publish","type":"page","link":"https:\/\/agora.xtec.cat\/ins-iptem\/estudis\/geemn\/mp07_geemn-tecniques-de-temps-de-lleure\/","title":{"rendered":"MP07_GEEMN: T\u00e8cniques de Temps de Lleure"},"content":{"rendered":"<p><span style=\"font-weight: 400;\">El m\u00f2dul de T\u00e8cniques de Temps de Lleure t\u00e9 una durada de 99h i prepara a l\u2019alumnat per treballar com a monitors de lleure o campaments.<\/span><\/p>\n<p><span style=\"font-weight: 400;\">A la primera unitat formativa, relacionada amb les activitats de temps de lleure, l\u2019alumnat prepara i dinamitza activitats de lleure tenint en compte les caracter\u00edstiques socioculturals dels participants, els espais i recursos disponibles, aix\u00ed com la normativa en mat\u00e8ria de prevenci\u00f3 i seguretat. A la segona unitat formativa, els alumnes desenvolupen activitats recreatives en el medi natural i aprenen quins s\u00f3n els protocols d\u2019actuaci\u00f3 en situacions d\u2019emerg\u00e8ncia. <\/span><\/p>\n","protected":false},"excerpt":{"rendered":"<p>El m\u00f2dul de T\u00e8cniques de Temps de Lleure t\u00e9 una durada de 99h i prepara a l\u2019alumnat per treballar com a monitors de lleure o campaments.<br \/>\nA la primera unitat formativa, relacionada amb les activitats de temps de lleure, l\u2019alumnat prepara i dinamitza activitats de lleure&hellip;  <a href=\"https:\/\/agora.xtec.cat\/ins-iptem\/estudis\/geemn\/mp07_geemn-tecniques-de-temps-de-lleure\/\" title=\"Read MP07_GEEMN: T\u00e8cniques de Temps de Lleure\">Llegeix m\u00e9s\u00bb<\/a><\/p>\n","protected":false},"author":1,"featured_media":0,"parent":1709,"menu_order":0,"comment_status":"closed","ping_status":"closed","template":"","meta":{"_bbp_topic_count":0,"_bbp_reply_count":0,"_bbp_total_topic_count":0,"_bbp_total_reply_count":0,"_bbp_voice_count":0,"_bbp_anonymous_reply_count":0,"_bbp_topic_count_hidden":0,"_bbp_reply_count_hidden":0,"_bbp_forum_subforum_count":0,"footnotes":""},"class_list":["post-1826","page","type-page","status-publish","hentry"],"post_mailing_queue_ids":[],"_links":{"self":[{"href":"https:\/\/agora.xtec.cat\/ins-iptem\/wp-json\/wp\/v2\/pages\/1826","targetHints":{"allow":["GET"]}}],"collection":[{"href":"https:\/\/agora.xtec.cat\/ins-iptem\/wp-json\/wp\/v2\/pages"}],"about":[{"href":"https:\/\/agora.xtec.cat\/ins-iptem\/wp-json\/wp\/v2\/types\/page"}],"author":[{"embeddable":true,"href":"https:\/\/agora.xtec.cat\/ins-iptem\/wp-json\/wp\/v2\/users\/1"}],"replies":[{"embeddable":true,"href":"https:\/\/agora.xtec.cat\/ins-iptem\/wp-json\/wp\/v2\/comments?post=1826"}],"version-history":[{"count":1,"href":"https:\/\/agora.xtec.cat\/ins-iptem\/wp-json\/wp\/v2\/pages\/1826\/revisions"}],"predecessor-version":[{"id":1827,"href":"https:\/\/agora.xtec.cat\/ins-iptem\/wp-json\/wp\/v2\/pages\/1826\/revisions\/1827"}],"up":[{"embeddable":true,"href":"https:\/\/agora.xtec.cat\/ins-iptem\/wp-json\/wp\/v2\/pages\/1709"}],"wp:attachment":[{"href":"https:\/\/agora.xtec.cat\/ins-iptem\/wp-json\/wp\/v2\/media?parent=1826"}],"curies":[{"name":"wp","href":"https:\/\/api.w.org\/{rel}","templated":true}]}}