{"id":1824,"date":"2023-06-29T10:41:18","date_gmt":"2023-06-29T08:41:18","guid":{"rendered":"https:\/\/agora.xtec.cat\/ins-iptem\/?page_id=1824"},"modified":"2023-06-29T10:41:18","modified_gmt":"2023-06-29T08:41:18","slug":"mp06_geemn-guia-de-bicicleta","status":"publish","type":"page","link":"https:\/\/agora.xtec.cat\/ins-iptem\/estudis\/geemn\/mp06_geemn-guia-de-bicicleta\/","title":{"rendered":"MP06_GEEMN: Guia de Bicicleta"},"content":{"rendered":"<p><span style=\"font-weight: 400;\">El m\u00f2dul de guia en bicicleta est\u00e0 dividit en dues unitats formatives i t\u00e9 una durada de 132h.<\/span><\/p>\n<p><span style=\"font-weight: 400;\">A la primera unitat, l\u2019alumnat es familiaritza amb les parts de la bicicleta, diagnostica i repara avaries freq\u00fcents i efectua accions de manteniment i reparaci\u00f3. A la segona, l\u2019alumnat condueix grups d\u2019usuaris en l\u2019entorn natural, es familiaritza amb la planificaci\u00f3 i el guiatge de grups, les normes de circulaci\u00f3, punts d\u2019inter\u00e8s cultural i mediambiental i demostra t\u00e8cniques b\u00e0siques de bicicleta. <\/span><\/p>\n","protected":false},"excerpt":{"rendered":"<p>El m\u00f2dul de guia en bicicleta est\u00e0 dividit en dues unitats formatives i t\u00e9 una durada de 132h.<br \/>\nA la primera unitat, l\u2019alumnat es familiaritza amb les parts de la bicicleta, diagnostica i repara avaries freq\u00fcents i efectua accions de manteniment i reparaci\u00f3. A la segona,&hellip;  <a href=\"https:\/\/agora.xtec.cat\/ins-iptem\/estudis\/geemn\/mp06_geemn-guia-de-bicicleta\/\" title=\"Read MP06_GEEMN: Guia de Bicicleta\">Llegeix m\u00e9s\u00bb<\/a><\/p>\n","protected":false},"author":1,"featured_media":0,"parent":1709,"menu_order":0,"comment_status":"closed","ping_status":"closed","template":"","meta":{"_bbp_topic_count":0,"_bbp_reply_count":0,"_bbp_total_topic_count":0,"_bbp_total_reply_count":0,"_bbp_voice_count":0,"_bbp_anonymous_reply_count":0,"_bbp_topic_count_hidden":0,"_bbp_reply_count_hidden":0,"_bbp_forum_subforum_count":0,"footnotes":""},"class_list":["post-1824","page","type-page","status-publish","hentry"],"post_mailing_queue_ids":[],"_links":{"self":[{"href":"https:\/\/agora.xtec.cat\/ins-iptem\/wp-json\/wp\/v2\/pages\/1824","targetHints":{"allow":["GET"]}}],"collection":[{"href":"https:\/\/agora.xtec.cat\/ins-iptem\/wp-json\/wp\/v2\/pages"}],"about":[{"href":"https:\/\/agora.xtec.cat\/ins-iptem\/wp-json\/wp\/v2\/types\/page"}],"author":[{"embeddable":true,"href":"https:\/\/agora.xtec.cat\/ins-iptem\/wp-json\/wp\/v2\/users\/1"}],"replies":[{"embeddable":true,"href":"https:\/\/agora.xtec.cat\/ins-iptem\/wp-json\/wp\/v2\/comments?post=1824"}],"version-history":[{"count":1,"href":"https:\/\/agora.xtec.cat\/ins-iptem\/wp-json\/wp\/v2\/pages\/1824\/revisions"}],"predecessor-version":[{"id":1825,"href":"https:\/\/agora.xtec.cat\/ins-iptem\/wp-json\/wp\/v2\/pages\/1824\/revisions\/1825"}],"up":[{"embeddable":true,"href":"https:\/\/agora.xtec.cat\/ins-iptem\/wp-json\/wp\/v2\/pages\/1709"}],"wp:attachment":[{"href":"https:\/\/agora.xtec.cat\/ins-iptem\/wp-json\/wp\/v2\/media?parent=1824"}],"curies":[{"name":"wp","href":"https:\/\/api.w.org\/{rel}","templated":true}]}}