{"id":1816,"date":"2023-06-29T10:36:07","date_gmt":"2023-06-29T08:36:07","guid":{"rendered":"https:\/\/agora.xtec.cat\/ins-iptem\/?page_id=1816"},"modified":"2023-06-29T10:36:07","modified_gmt":"2023-06-29T08:36:07","slug":"mp02_geemn-guia-equestre","status":"publish","type":"page","link":"https:\/\/agora.xtec.cat\/ins-iptem\/estudis\/geemn\/mp02_geemn-guia-equestre\/","title":{"rendered":"MP02_GEEMN: Guia Eq\u00fcestre"},"content":{"rendered":"<p><span style=\"font-weight: 400;\">El m\u00f2dul 2 es duu a terme despr\u00e9s de cursar el m\u00f2dul 1 de t\u00e8cniques d\u2019equitaci\u00f3, i se centra en el desenvolupament de rutes eq\u00fcestres en el medi natural. Es divideix en dues unitats formatives.<\/span><\/p>\n<p><span style=\"font-weight: 400;\">A la primera, l\u2019alumnat duu a terme rutes eq\u00fcestres en el medi natural. Dissenya itineraris eq\u00fcestres, prepara els cavalls i els mitjans per a la ruta i realitza itineraris eq\u00fcestres tot practicant les seves habilitats de guiatge.\u00a0<\/span><\/p>\n<p><span style=\"font-weight: 400;\">A la segona, l\u2019alumnat realitza activitats recreatives relacionades amb el m\u00f3n eq\u00fcestre i posa a prova les seves habilitats de monitoratge. <\/span><\/p>\n","protected":false},"excerpt":{"rendered":"<p>El m\u00f2dul 2 es duu a terme despr\u00e9s de cursar el m\u00f2dul 1 de t\u00e8cniques d\u2019equitaci\u00f3, i se centra en el desenvolupament de rutes eq\u00fcestres en el medi natural. Es divideix en dues unitats formatives.<br \/>\nA la primera, l\u2019alumnat duu a terme rutes eq\u00fcestres en el&hellip;  <a href=\"https:\/\/agora.xtec.cat\/ins-iptem\/estudis\/geemn\/mp02_geemn-guia-equestre\/\" title=\"Read MP02_GEEMN: Guia Eq\u00fcestre\">Llegeix m\u00e9s\u00bb<\/a><\/p>\n","protected":false},"author":1,"featured_media":0,"parent":1709,"menu_order":0,"comment_status":"closed","ping_status":"closed","template":"","meta":{"_bbp_topic_count":0,"_bbp_reply_count":0,"_bbp_total_topic_count":0,"_bbp_total_reply_count":0,"_bbp_voice_count":0,"_bbp_anonymous_reply_count":0,"_bbp_topic_count_hidden":0,"_bbp_reply_count_hidden":0,"_bbp_forum_subforum_count":0,"footnotes":""},"class_list":["post-1816","page","type-page","status-publish","hentry"],"post_mailing_queue_ids":[],"_links":{"self":[{"href":"https:\/\/agora.xtec.cat\/ins-iptem\/wp-json\/wp\/v2\/pages\/1816","targetHints":{"allow":["GET"]}}],"collection":[{"href":"https:\/\/agora.xtec.cat\/ins-iptem\/wp-json\/wp\/v2\/pages"}],"about":[{"href":"https:\/\/agora.xtec.cat\/ins-iptem\/wp-json\/wp\/v2\/types\/page"}],"author":[{"embeddable":true,"href":"https:\/\/agora.xtec.cat\/ins-iptem\/wp-json\/wp\/v2\/users\/1"}],"replies":[{"embeddable":true,"href":"https:\/\/agora.xtec.cat\/ins-iptem\/wp-json\/wp\/v2\/comments?post=1816"}],"version-history":[{"count":1,"href":"https:\/\/agora.xtec.cat\/ins-iptem\/wp-json\/wp\/v2\/pages\/1816\/revisions"}],"predecessor-version":[{"id":1817,"href":"https:\/\/agora.xtec.cat\/ins-iptem\/wp-json\/wp\/v2\/pages\/1816\/revisions\/1817"}],"up":[{"embeddable":true,"href":"https:\/\/agora.xtec.cat\/ins-iptem\/wp-json\/wp\/v2\/pages\/1709"}],"wp:attachment":[{"href":"https:\/\/agora.xtec.cat\/ins-iptem\/wp-json\/wp\/v2\/media?parent=1816"}],"curies":[{"name":"wp","href":"https:\/\/api.w.org\/{rel}","templated":true}]}}