{"id":1812,"date":"2023-06-29T10:26:43","date_gmt":"2023-06-29T08:26:43","guid":{"rendered":"https:\/\/agora.xtec.cat\/ins-iptem\/?page_id=1812"},"modified":"2023-06-29T10:34:49","modified_gmt":"2023-06-29T08:34:49","slug":"mp01_geemn-tecniques-dequitacio","status":"publish","type":"page","link":"https:\/\/agora.xtec.cat\/ins-iptem\/estudis\/geemn\/mp01_geemn-tecniques-dequitacio\/","title":{"rendered":"MP01_GEEMN: T\u00e8cniques d\u2019Equitaci\u00f3"},"content":{"rendered":"<p><span style=\"font-weight: 400;\">El m\u00f2dul de t\u00e8cniques d\u2019equitaci\u00f3 t\u00e9 una durada de 99h i cont\u00e9 dues unitats formatives.<\/span><\/p>\n<p><span style=\"font-weight: 400;\">A la primera, l\u2019alumnat es familiaritza amb les instal\u00b7lacions on viuen els \u00e8quids i apr\u00e8n\u00a0 quins s\u00f3n tots els procediments previs a la muntada del cavall. Apr\u00e8n a analitzar la conducta i reaccions de l\u2019\u00e8quid i a seleccionar, col\u00b7locar i retirar els equips per a la pr\u00e0ctica d\u2019equitaci\u00f3.<\/span><\/p>\n<p><span style=\"font-weight: 400;\">A la segona, l\u2019alumnat apr\u00e8n les t\u00e8cniques b\u00e0siques d\u2019equitaci\u00f3: la postura correcta sobre el cavall, despla\u00e7ament fent servir diversos aires, superaci\u00f3 de petits obstacles, ajudes, etc. Tamb\u00e9 es familiaritza amb el benestar de l\u2019\u00e8quid i les condicions \u00f2ptimes d\u2019higiene. <\/span><\/p>\n","protected":false},"excerpt":{"rendered":"<p>El m\u00f2dul de t\u00e8cniques d\u2019equitaci\u00f3 t\u00e9 una durada de 99h i cont\u00e9 dues unitats formatives.<br \/>\nA la primera, l\u2019alumnat es familiaritza amb les instal\u00b7lacions on viuen els \u00e8quids i apr\u00e8n\u00a0 quins s\u00f3n tots els procediments previs a la muntada del cavall. Apr\u00e8n a analitzar la conducta&hellip;  <a href=\"https:\/\/agora.xtec.cat\/ins-iptem\/estudis\/geemn\/mp01_geemn-tecniques-dequitacio\/\" title=\"Read MP01_GEEMN: T\u00e8cniques d\u2019Equitaci\u00f3\">Llegeix m\u00e9s\u00bb<\/a><\/p>\n","protected":false},"author":1,"featured_media":0,"parent":1709,"menu_order":0,"comment_status":"closed","ping_status":"closed","template":"","meta":{"_bbp_topic_count":0,"_bbp_reply_count":0,"_bbp_total_topic_count":0,"_bbp_total_reply_count":0,"_bbp_voice_count":0,"_bbp_anonymous_reply_count":0,"_bbp_topic_count_hidden":0,"_bbp_reply_count_hidden":0,"_bbp_forum_subforum_count":0,"footnotes":""},"class_list":["post-1812","page","type-page","status-publish","hentry"],"post_mailing_queue_ids":[],"_links":{"self":[{"href":"https:\/\/agora.xtec.cat\/ins-iptem\/wp-json\/wp\/v2\/pages\/1812","targetHints":{"allow":["GET"]}}],"collection":[{"href":"https:\/\/agora.xtec.cat\/ins-iptem\/wp-json\/wp\/v2\/pages"}],"about":[{"href":"https:\/\/agora.xtec.cat\/ins-iptem\/wp-json\/wp\/v2\/types\/page"}],"author":[{"embeddable":true,"href":"https:\/\/agora.xtec.cat\/ins-iptem\/wp-json\/wp\/v2\/users\/1"}],"replies":[{"embeddable":true,"href":"https:\/\/agora.xtec.cat\/ins-iptem\/wp-json\/wp\/v2\/comments?post=1812"}],"version-history":[{"count":2,"href":"https:\/\/agora.xtec.cat\/ins-iptem\/wp-json\/wp\/v2\/pages\/1812\/revisions"}],"predecessor-version":[{"id":1814,"href":"https:\/\/agora.xtec.cat\/ins-iptem\/wp-json\/wp\/v2\/pages\/1812\/revisions\/1814"}],"up":[{"embeddable":true,"href":"https:\/\/agora.xtec.cat\/ins-iptem\/wp-json\/wp\/v2\/pages\/1709"}],"wp:attachment":[{"href":"https:\/\/agora.xtec.cat\/ins-iptem\/wp-json\/wp\/v2\/media?parent=1812"}],"curies":[{"name":"wp","href":"https:\/\/api.w.org\/{rel}","templated":true}]}}