{"id":1733,"date":"2023-05-12T15:28:44","date_gmt":"2023-05-12T13:28:44","guid":{"rendered":"https:\/\/agora.xtec.cat\/ins-iptem\/?page_id=1733"},"modified":"2025-04-07T08:46:17","modified_gmt":"2025-04-07T06:46:17","slug":"iptem-ofeers","status":"publish","type":"page","link":"https:\/\/agora.xtec.cat\/ins-iptem\/serveis\/iptem-ofeers\/","title":{"rendered":"iptem OFFERS"},"content":{"rendered":"<p><strong>iptem OFFERS<\/strong> \u00e9s un servei a on pots trobar ofertes laborals o de material. Al tauler de suro de davant secretaria pots penjar amb un postsitck l&#8217;oferiment que trobis adient. Per ex, un casc d&#8217;h\u00edpica, una btt o una feina com a guia. Setmanalment, fem una foto del suro perqu\u00e8 des de casa, tamb\u00e9 puguis veure les ofertes.<\/p>\n<h2>NOVETATS. Borses de treball de Socorrista Aqu\u00e0tic:<\/h2>\n<h2>A Blanes, fins el 15\/04\/25: <a href=\"https:\/\/www.blanes.cat\/docweb\/rrhh.proces-2025-909T\">CLICA<\/a><\/h2>\n<h2>O a les Costes del Maresme i Brava amb Marsave per treballar del 15\/06 al 15\/09\/25:<\/h2>\n<p><a href=\"https:\/\/agora.xtec.cat\/ins-iptem\/wp-content\/uploads\/usu2201\/2025\/04\/Feina-socorrista-Marsave.png\"><img loading=\"lazy\" decoding=\"async\" class=\"alignnone wp-image-2450 size-medium\" src=\"https:\/\/agora.xtec.cat\/ins-iptem\/wp-content\/uploads\/usu2201\/2025\/04\/Feina-socorrista-Marsave-300x295.png\" alt=\"\" width=\"300\" height=\"295\" srcset=\"https:\/\/agora.xtec.cat\/ins-iptem\/wp-content\/uploads\/usu2201\/2025\/04\/Feina-socorrista-Marsave-300x295.png 300w, https:\/\/agora.xtec.cat\/ins-iptem\/wp-content\/uploads\/usu2201\/2025\/04\/Feina-socorrista-Marsave-768x755.png 768w, https:\/\/agora.xtec.cat\/ins-iptem\/wp-content\/uploads\/usu2201\/2025\/04\/Feina-socorrista-Marsave.png 862w\" sizes=\"auto, (max-width: 300px) 100vw, 300px\" \/><\/a><\/p>\n<p>Al postsitck cal posar, com a m\u00ednim l&#8217;objecte i el tel\u00e8fon. Per veure el suro, <a href=\"https:\/\/drive.google.com\/file\/d\/1tTVyw_i57D2G1udfdCs3aKXqVwb6aJBF\/view?usp=sharing\">CLICA<\/a>\u00a0a la foto:<\/p>\n<p><a href=\"https:\/\/drive.google.com\/file\/d\/1tTVyw_i57D2G1udfdCs3aKXqVwb6aJBF\/view?usp=sharing\"><img loading=\"lazy\" decoding=\"async\" class=\"alignnone wp-image-1724\" src=\"https:\/\/agora.xtec.cat\/ins-iptem\/wp-content\/uploads\/usu2201\/2023\/05\/IPTEM-OFFERS-300x169.jpeg\" alt=\"\" width=\"382\" height=\"215\" srcset=\"https:\/\/agora.xtec.cat\/ins-iptem\/wp-content\/uploads\/usu2201\/2023\/05\/IPTEM-OFFERS-300x169.jpeg 300w, https:\/\/agora.xtec.cat\/ins-iptem\/wp-content\/uploads\/usu2201\/2023\/05\/IPTEM-OFFERS-1024x576.jpeg 1024w, https:\/\/agora.xtec.cat\/ins-iptem\/wp-content\/uploads\/usu2201\/2023\/05\/IPTEM-OFFERS-768x432.jpeg 768w, https:\/\/agora.xtec.cat\/ins-iptem\/wp-content\/uploads\/usu2201\/2023\/05\/IPTEM-OFFERS-1536x864.jpeg 1536w, https:\/\/agora.xtec.cat\/ins-iptem\/wp-content\/uploads\/usu2201\/2023\/05\/IPTEM-OFFERS.jpeg 1920w\" sizes=\"auto, (max-width: 382px) 100vw, 382px\" \/><\/a><\/p>\n<p>&nbsp;<\/p>\n<p>&nbsp;<\/p>\n","protected":false},"excerpt":{"rendered":"<p>iptem OFFERS \u00e9s un servei a on pots trobar ofertes laborals o de material. Al tauler de suro de davant secretaria pots penjar amb un postsitck l&#8217;oferiment que trobis adient. Per ex, un casc d&#8217;h\u00edpica, una btt o una feina com a guia. Setmanalment, fem&hellip;  <a href=\"https:\/\/agora.xtec.cat\/ins-iptem\/serveis\/iptem-ofeers\/\" title=\"Read iptem OFFERS\">Llegeix m\u00e9s\u00bb<\/a><\/p>\n","protected":false},"author":1,"featured_media":0,"parent":63,"menu_order":0,"comment_status":"closed","ping_status":"closed","template":"","meta":{"_bbp_topic_count":0,"_bbp_reply_count":0,"_bbp_total_topic_count":0,"_bbp_total_reply_count":0,"_bbp_voice_count":0,"_bbp_anonymous_reply_count":0,"_bbp_topic_count_hidden":0,"_bbp_reply_count_hidden":0,"_bbp_forum_subforum_count":0,"footnotes":""},"class_list":["post-1733","page","type-page","status-publish","hentry"],"post_mailing_queue_ids":[],"_links":{"self":[{"href":"https:\/\/agora.xtec.cat\/ins-iptem\/wp-json\/wp\/v2\/pages\/1733","targetHints":{"allow":["GET"]}}],"collection":[{"href":"https:\/\/agora.xtec.cat\/ins-iptem\/wp-json\/wp\/v2\/pages"}],"about":[{"href":"https:\/\/agora.xtec.cat\/ins-iptem\/wp-json\/wp\/v2\/types\/page"}],"author":[{"embeddable":true,"href":"https:\/\/agora.xtec.cat\/ins-iptem\/wp-json\/wp\/v2\/users\/1"}],"replies":[{"embeddable":true,"href":"https:\/\/agora.xtec.cat\/ins-iptem\/wp-json\/wp\/v2\/comments?post=1733"}],"version-history":[{"count":7,"href":"https:\/\/agora.xtec.cat\/ins-iptem\/wp-json\/wp\/v2\/pages\/1733\/revisions"}],"predecessor-version":[{"id":2456,"href":"https:\/\/agora.xtec.cat\/ins-iptem\/wp-json\/wp\/v2\/pages\/1733\/revisions\/2456"}],"up":[{"embeddable":true,"href":"https:\/\/agora.xtec.cat\/ins-iptem\/wp-json\/wp\/v2\/pages\/63"}],"wp:attachment":[{"href":"https:\/\/agora.xtec.cat\/ins-iptem\/wp-json\/wp\/v2\/media?parent=1733"}],"curies":[{"name":"wp","href":"https:\/\/api.w.org\/{rel}","templated":true}]}}