{"id":1709,"date":"2023-04-18T21:50:19","date_gmt":"2023-04-18T19:50:19","guid":{"rendered":"https:\/\/agora.xtec.cat\/ins-iptem\/?page_id=1709"},"modified":"2025-07-18T13:15:27","modified_gmt":"2025-07-18T11:15:27","slug":"geemn","status":"publish","type":"page","link":"https:\/\/agora.xtec.cat\/ins-iptem\/estudis\/geemn\/","title":{"rendered":"GEEMN"},"content":{"rendered":"<h3><strong>Guia en el Medi Natural i el Temps de Lleure \ud83c\udfd5<\/strong><\/h3>\n<p><span style=\"text-decoration: underline;\"><span style=\"font-weight: 400;\">Informaci\u00f3 general sobre el cicle (PLA ANTIC), <strong>ALGUNS M\u00d2DULS NO S\u00d3N CORRECTES I LES FCTS ARA S\u00d3N 515H<\/strong><\/span><\/span><\/p>\n<p><span style=\"font-weight: 400;\">Aquests estudis postobligatoris capaciten per organitzar itineraris i guiar grups per entorns naturals de muntanya baixa i mitjana, terreny nevat de tipus no\u0300rdic, cavitats de dificultat baixa, barrancs de risc baix, medi aqua\u0300tic i instal\u00b7lacions d&#8217;oci i aventura (progressant a peu, amb cordes, en bicicleta, en embarcacions i a cavall), aixi\u0301 com dinamitzar activitats de temps de lleure, adaptant les activitats a la tipologia dels participants, i respectant el medi ambient i garantint-ne la qualitat i la seguretat.<\/span><\/p>\n<p><span style=\"font-weight: 400;\">La durada e\u0301s de 2.000 hores (1617 hores a l\u2019institut i 383 en un centre de treball), que es distribueixen en <\/span><b>dos cursos <\/b><span style=\"font-weight: 400;\">acade\u0300mics.<\/span><\/p>\n<p><a href=\"https:\/\/agora.xtec.cat\/ins-iptem\/estudis\/geemn\/mp01_geemn-tecniques-dequitacio\/?preview_id=1812&amp;preview_nonce=b52ffd4f9e&amp;preview=true\"><img loading=\"lazy\" decoding=\"async\" class=\"alignnone wp-image-1796\" src=\"https:\/\/agora.xtec.cat\/ins-iptem\/wp-content\/uploads\/usu2201\/2023\/06\/1.png\" alt=\"\" width=\"289\" height=\"165\" srcset=\"https:\/\/agora.xtec.cat\/ins-iptem\/wp-content\/uploads\/usu2201\/2023\/06\/1.png 1050w, https:\/\/agora.xtec.cat\/ins-iptem\/wp-content\/uploads\/usu2201\/2023\/06\/1-300x171.png 300w, https:\/\/agora.xtec.cat\/ins-iptem\/wp-content\/uploads\/usu2201\/2023\/06\/1-1024x585.png 1024w, https:\/\/agora.xtec.cat\/ins-iptem\/wp-content\/uploads\/usu2201\/2023\/06\/1-768x439.png 768w\" sizes=\"auto, (max-width: 289px) 100vw, 289px\" \/><\/a> \u00a0<a href=\"https:\/\/agora.xtec.cat\/ins-iptem\/estudis\/geemn\/mp02_geemn-guia-equestre\/\"><img loading=\"lazy\" decoding=\"async\" class=\"alignnone wp-image-1797\" src=\"https:\/\/agora.xtec.cat\/ins-iptem\/wp-content\/uploads\/usu2201\/2023\/06\/2.png\" alt=\"\" width=\"291\" height=\"166\" srcset=\"https:\/\/agora.xtec.cat\/ins-iptem\/wp-content\/uploads\/usu2201\/2023\/06\/2.png 1050w, https:\/\/agora.xtec.cat\/ins-iptem\/wp-content\/uploads\/usu2201\/2023\/06\/2-300x171.png 300w, https:\/\/agora.xtec.cat\/ins-iptem\/wp-content\/uploads\/usu2201\/2023\/06\/2-1024x585.png 1024w, https:\/\/agora.xtec.cat\/ins-iptem\/wp-content\/uploads\/usu2201\/2023\/06\/2-768x439.png 768w\" sizes=\"auto, (max-width: 291px) 100vw, 291px\" \/><\/a> \u00a0<a href=\"https:\/\/agora.xtec.cat\/ins-iptem\/estudis\/geemn\/mp03_geemn-atencio-a-grups\/\"><img loading=\"lazy\" decoding=\"async\" class=\"alignnone wp-image-1798\" src=\"https:\/\/agora.xtec.cat\/ins-iptem\/wp-content\/uploads\/usu2201\/2023\/06\/3.png\" alt=\"\" width=\"296\" height=\"169\" srcset=\"https:\/\/agora.xtec.cat\/ins-iptem\/wp-content\/uploads\/usu2201\/2023\/06\/3.png 1050w, https:\/\/agora.xtec.cat\/ins-iptem\/wp-content\/uploads\/usu2201\/2023\/06\/3-300x171.png 300w, https:\/\/agora.xtec.cat\/ins-iptem\/wp-content\/uploads\/usu2201\/2023\/06\/3-1024x585.png 1024w, https:\/\/agora.xtec.cat\/ins-iptem\/wp-content\/uploads\/usu2201\/2023\/06\/3-768x439.png 768w\" sizes=\"auto, (max-width: 296px) 100vw, 296px\" \/><\/a><\/p>\n<p><a href=\"https:\/\/agora.xtec.cat\/ins-iptem\/estudis\/geemn\/mp04-organitzacio-ditineraris\/\"><img loading=\"lazy\" decoding=\"async\" class=\"alignnone wp-image-1799\" src=\"https:\/\/agora.xtec.cat\/ins-iptem\/wp-content\/uploads\/usu2201\/2023\/06\/4.png\" alt=\"\" width=\"289\" height=\"165\" srcset=\"https:\/\/agora.xtec.cat\/ins-iptem\/wp-content\/uploads\/usu2201\/2023\/06\/4.png 1050w, https:\/\/agora.xtec.cat\/ins-iptem\/wp-content\/uploads\/usu2201\/2023\/06\/4-300x171.png 300w, https:\/\/agora.xtec.cat\/ins-iptem\/wp-content\/uploads\/usu2201\/2023\/06\/4-1024x585.png 1024w, https:\/\/agora.xtec.cat\/ins-iptem\/wp-content\/uploads\/usu2201\/2023\/06\/4-768x439.png 768w\" sizes=\"auto, (max-width: 289px) 100vw, 289px\" \/><\/a>\u00a0 <a href=\"https:\/\/agora.xtec.cat\/ins-iptem\/estudis\/geemn\/mp05_geemn-guia-de-muntanya-baixa-i-mitjana\/\"><img loading=\"lazy\" decoding=\"async\" class=\"alignnone wp-image-1800\" src=\"https:\/\/agora.xtec.cat\/ins-iptem\/wp-content\/uploads\/usu2201\/2023\/06\/5.png\" alt=\"\" width=\"290\" height=\"166\" srcset=\"https:\/\/agora.xtec.cat\/ins-iptem\/wp-content\/uploads\/usu2201\/2023\/06\/5.png 1050w, https:\/\/agora.xtec.cat\/ins-iptem\/wp-content\/uploads\/usu2201\/2023\/06\/5-300x171.png 300w, https:\/\/agora.xtec.cat\/ins-iptem\/wp-content\/uploads\/usu2201\/2023\/06\/5-1024x585.png 1024w, https:\/\/agora.xtec.cat\/ins-iptem\/wp-content\/uploads\/usu2201\/2023\/06\/5-768x439.png 768w\" sizes=\"auto, (max-width: 290px) 100vw, 290px\" \/><\/a>\u00a0 \u00a0<a href=\"https:\/\/agora.xtec.cat\/ins-iptem\/estudis\/geemn\/mp06_geemn-guia-de-bicicleta\/\"><img loading=\"lazy\" decoding=\"async\" class=\"alignnone wp-image-1801\" src=\"https:\/\/agora.xtec.cat\/ins-iptem\/wp-content\/uploads\/usu2201\/2023\/06\/6.png\" alt=\"\" width=\"296\" height=\"169\" srcset=\"https:\/\/agora.xtec.cat\/ins-iptem\/wp-content\/uploads\/usu2201\/2023\/06\/6.png 1050w, https:\/\/agora.xtec.cat\/ins-iptem\/wp-content\/uploads\/usu2201\/2023\/06\/6-300x171.png 300w, https:\/\/agora.xtec.cat\/ins-iptem\/wp-content\/uploads\/usu2201\/2023\/06\/6-1024x585.png 1024w, https:\/\/agora.xtec.cat\/ins-iptem\/wp-content\/uploads\/usu2201\/2023\/06\/6-768x439.png 768w\" sizes=\"auto, (max-width: 296px) 100vw, 296px\" \/><\/a><\/p>\n<p><a href=\"https:\/\/agora.xtec.cat\/ins-iptem\/estudis\/geemn\/mp07_geemn-tecniques-de-temps-de-lleure\/\"><img loading=\"lazy\" decoding=\"async\" class=\"alignnone wp-image-1802\" src=\"https:\/\/agora.xtec.cat\/ins-iptem\/wp-content\/uploads\/usu2201\/2023\/06\/7.png\" alt=\"\" width=\"288\" height=\"164\" srcset=\"https:\/\/agora.xtec.cat\/ins-iptem\/wp-content\/uploads\/usu2201\/2023\/06\/7.png 1050w, https:\/\/agora.xtec.cat\/ins-iptem\/wp-content\/uploads\/usu2201\/2023\/06\/7-300x171.png 300w, https:\/\/agora.xtec.cat\/ins-iptem\/wp-content\/uploads\/usu2201\/2023\/06\/7-1024x585.png 1024w, https:\/\/agora.xtec.cat\/ins-iptem\/wp-content\/uploads\/usu2201\/2023\/06\/7-768x439.png 768w\" sizes=\"auto, (max-width: 288px) 100vw, 288px\" \/><\/a>\u00a0 <a href=\"https:\/\/agora.xtec.cat\/ins-iptem\/estudis\/geemn\/mp08_geemn-socorrisme-en-el-medi-natural\/\"><img loading=\"lazy\" decoding=\"async\" class=\"alignnone wp-image-1803\" src=\"https:\/\/agora.xtec.cat\/ins-iptem\/wp-content\/uploads\/usu2201\/2023\/06\/8.png\" alt=\"\" width=\"296\" height=\"169\" srcset=\"https:\/\/agora.xtec.cat\/ins-iptem\/wp-content\/uploads\/usu2201\/2023\/06\/8.png 1050w, https:\/\/agora.xtec.cat\/ins-iptem\/wp-content\/uploads\/usu2201\/2023\/06\/8-300x171.png 300w, https:\/\/agora.xtec.cat\/ins-iptem\/wp-content\/uploads\/usu2201\/2023\/06\/8-1024x585.png 1024w, https:\/\/agora.xtec.cat\/ins-iptem\/wp-content\/uploads\/usu2201\/2023\/06\/8-768x439.png 768w\" sizes=\"auto, (max-width: 296px) 100vw, 296px\" \/><\/a>\u00a0 \u00a0<a href=\"https:\/\/agora.xtec.cat\/ins-iptem\/estudis\/geemn\/mp09_geemn-socorrisme-en-el-medi-natural\/\"><img loading=\"lazy\" decoding=\"async\" class=\"alignnone wp-image-1804\" src=\"https:\/\/agora.xtec.cat\/ins-iptem\/wp-content\/uploads\/usu2201\/2023\/06\/9.png\" alt=\"\" width=\"293\" height=\"168\" srcset=\"https:\/\/agora.xtec.cat\/ins-iptem\/wp-content\/uploads\/usu2201\/2023\/06\/9.png 1050w, https:\/\/agora.xtec.cat\/ins-iptem\/wp-content\/uploads\/usu2201\/2023\/06\/9-300x171.png 300w, https:\/\/agora.xtec.cat\/ins-iptem\/wp-content\/uploads\/usu2201\/2023\/06\/9-1024x585.png 1024w, https:\/\/agora.xtec.cat\/ins-iptem\/wp-content\/uploads\/usu2201\/2023\/06\/9-768x439.png 768w\" sizes=\"auto, (max-width: 293px) 100vw, 293px\" \/><\/a><\/p>\n<p><a href=\"https:\/\/agora.xtec.cat\/ins-iptem\/estudis\/geemn\/mp10_geemn-guia-en-el-medi-natural-aquatic\/\"><img loading=\"lazy\" decoding=\"async\" class=\"alignnone wp-image-1805\" src=\"https:\/\/agora.xtec.cat\/ins-iptem\/wp-content\/uploads\/usu2201\/2023\/06\/10.png\" alt=\"\" width=\"290\" height=\"166\" srcset=\"https:\/\/agora.xtec.cat\/ins-iptem\/wp-content\/uploads\/usu2201\/2023\/06\/10.png 1050w, https:\/\/agora.xtec.cat\/ins-iptem\/wp-content\/uploads\/usu2201\/2023\/06\/10-300x171.png 300w, https:\/\/agora.xtec.cat\/ins-iptem\/wp-content\/uploads\/usu2201\/2023\/06\/10-1024x585.png 1024w, https:\/\/agora.xtec.cat\/ins-iptem\/wp-content\/uploads\/usu2201\/2023\/06\/10-768x439.png 768w\" sizes=\"auto, (max-width: 290px) 100vw, 290px\" \/><\/a>\u00a0 \u00a0<a href=\"https:\/\/agora.xtec.cat\/ins-iptem\/estudis\/geemn\/mp11_geemn-maniobres-amb-cordes\/\"><img loading=\"lazy\" decoding=\"async\" class=\"alignnone wp-image-1806\" src=\"https:\/\/agora.xtec.cat\/ins-iptem\/wp-content\/uploads\/usu2201\/2023\/06\/11.png\" alt=\"\" width=\"292\" height=\"167\" srcset=\"https:\/\/agora.xtec.cat\/ins-iptem\/wp-content\/uploads\/usu2201\/2023\/06\/11.png 1050w, https:\/\/agora.xtec.cat\/ins-iptem\/wp-content\/uploads\/usu2201\/2023\/06\/11-300x171.png 300w, https:\/\/agora.xtec.cat\/ins-iptem\/wp-content\/uploads\/usu2201\/2023\/06\/11-1024x585.png 1024w, https:\/\/agora.xtec.cat\/ins-iptem\/wp-content\/uploads\/usu2201\/2023\/06\/11-768x439.png 768w\" sizes=\"auto, (max-width: 292px) 100vw, 292px\" \/><\/a> \u00a0 <a href=\"https:\/\/agora.xtec.cat\/ins-iptem\/estudis\/geemn\/mp12_geemn-formacio-i-orientacio-laboral\/\"><img loading=\"lazy\" decoding=\"async\" class=\"alignnone wp-image-1807\" src=\"https:\/\/agora.xtec.cat\/ins-iptem\/wp-content\/uploads\/usu2201\/2023\/06\/12.png\" alt=\"\" width=\"293\" height=\"167\" srcset=\"https:\/\/agora.xtec.cat\/ins-iptem\/wp-content\/uploads\/usu2201\/2023\/06\/12.png 1050w, https:\/\/agora.xtec.cat\/ins-iptem\/wp-content\/uploads\/usu2201\/2023\/06\/12-300x171.png 300w, https:\/\/agora.xtec.cat\/ins-iptem\/wp-content\/uploads\/usu2201\/2023\/06\/12-1024x585.png 1024w, https:\/\/agora.xtec.cat\/ins-iptem\/wp-content\/uploads\/usu2201\/2023\/06\/12-768x439.png 768w\" sizes=\"auto, (max-width: 293px) 100vw, 293px\" \/><\/a><\/p>\n<p><a href=\"https:\/\/agora.xtec.cat\/ins-iptem\/estudis\/geemn\/mp13_geemn-empresa-i-iniciativa-emprenedora\/\"><img loading=\"lazy\" decoding=\"async\" class=\"alignnone wp-image-1808\" src=\"https:\/\/agora.xtec.cat\/ins-iptem\/wp-content\/uploads\/usu2201\/2023\/06\/13.png\" alt=\"\" width=\"293\" height=\"167\" srcset=\"https:\/\/agora.xtec.cat\/ins-iptem\/wp-content\/uploads\/usu2201\/2023\/06\/13.png 1050w, https:\/\/agora.xtec.cat\/ins-iptem\/wp-content\/uploads\/usu2201\/2023\/06\/13-300x171.png 300w, https:\/\/agora.xtec.cat\/ins-iptem\/wp-content\/uploads\/usu2201\/2023\/06\/13-1024x585.png 1024w, https:\/\/agora.xtec.cat\/ins-iptem\/wp-content\/uploads\/usu2201\/2023\/06\/13-768x439.png 768w\" sizes=\"auto, (max-width: 293px) 100vw, 293px\" \/><\/a> \u00a0<a href=\"https:\/\/agora.xtec.cat\/ins-iptem\/estudis\/geemn\/mp14_geemn-angles-tecnic\/\"><img loading=\"lazy\" decoding=\"async\" class=\"alignnone wp-image-1809\" src=\"https:\/\/agora.xtec.cat\/ins-iptem\/wp-content\/uploads\/usu2201\/2023\/06\/14.png\" alt=\"\" width=\"290\" height=\"166\" srcset=\"https:\/\/agora.xtec.cat\/ins-iptem\/wp-content\/uploads\/usu2201\/2023\/06\/14.png 1050w, https:\/\/agora.xtec.cat\/ins-iptem\/wp-content\/uploads\/usu2201\/2023\/06\/14-300x171.png 300w, https:\/\/agora.xtec.cat\/ins-iptem\/wp-content\/uploads\/usu2201\/2023\/06\/14-1024x585.png 1024w, https:\/\/agora.xtec.cat\/ins-iptem\/wp-content\/uploads\/usu2201\/2023\/06\/14-768x439.png 768w\" sizes=\"auto, (max-width: 290px) 100vw, 290px\" \/><\/a>\u00a0 \u00a0<a href=\"https:\/\/agora.xtec.cat\/ins-iptem\/estudis\/geemn\/mp15_geemn-sintesi\/\"><img loading=\"lazy\" decoding=\"async\" class=\"alignnone wp-image-1811\" src=\"https:\/\/agora.xtec.cat\/ins-iptem\/wp-content\/uploads\/usu2201\/2023\/06\/16.png\" alt=\"\" width=\"298\" height=\"170\" srcset=\"https:\/\/agora.xtec.cat\/ins-iptem\/wp-content\/uploads\/usu2201\/2023\/06\/16.png 1050w, https:\/\/agora.xtec.cat\/ins-iptem\/wp-content\/uploads\/usu2201\/2023\/06\/16-300x171.png 300w, https:\/\/agora.xtec.cat\/ins-iptem\/wp-content\/uploads\/usu2201\/2023\/06\/16-1024x585.png 1024w, https:\/\/agora.xtec.cat\/ins-iptem\/wp-content\/uploads\/usu2201\/2023\/06\/16-768x439.png 768w\" sizes=\"auto, (max-width: 298px) 100vw, 298px\" \/><\/a><\/p>\n<p><a href=\"https:\/\/agora.xtec.cat\/ins-iptem\/estudis\/geemn\/mp16_geemn-formacio-en-centres-de-treball\/\"><img loading=\"lazy\" decoding=\"async\" class=\"alignnone wp-image-1810\" src=\"https:\/\/agora.xtec.cat\/ins-iptem\/wp-content\/uploads\/usu2201\/2023\/06\/15.png\" alt=\"\" width=\"289\" height=\"165\" srcset=\"https:\/\/agora.xtec.cat\/ins-iptem\/wp-content\/uploads\/usu2201\/2023\/06\/15.png 1050w, https:\/\/agora.xtec.cat\/ins-iptem\/wp-content\/uploads\/usu2201\/2023\/06\/15-300x171.png 300w, https:\/\/agora.xtec.cat\/ins-iptem\/wp-content\/uploads\/usu2201\/2023\/06\/15-1024x585.png 1024w, https:\/\/agora.xtec.cat\/ins-iptem\/wp-content\/uploads\/usu2201\/2023\/06\/15-768x439.png 768w\" sizes=\"auto, (max-width: 289px) 100vw, 289px\" \/><\/a><\/p>\n","protected":false},"excerpt":{"rendered":"<p>Guia en el Medi Natural i el Temps de Lleure \ud83c\udfd5<br \/>\nInformaci\u00f3 general sobre el cicle (PLA ANTIC), ALGUNS M\u00d2DULS NO S\u00d3N CORRECTES I LES FCTS ARA S\u00d3N 515H<br \/>\nAquests estudis postobligatoris capaciten per organitzar itineraris i guiar grups per entorns naturals de muntanya baixa i mitjana,&hellip;  <a href=\"https:\/\/agora.xtec.cat\/ins-iptem\/estudis\/geemn\/\" title=\"Read GEEMN\">Llegeix m\u00e9s\u00bb<\/a><\/p>\n","protected":false},"author":1,"featured_media":0,"parent":195,"menu_order":2,"comment_status":"closed","ping_status":"closed","template":"page-templates\/side-menu.php","meta":{"_bbp_topic_count":0,"_bbp_reply_count":0,"_bbp_total_topic_count":0,"_bbp_total_reply_count":0,"_bbp_voice_count":0,"_bbp_anonymous_reply_count":0,"_bbp_topic_count_hidden":0,"_bbp_reply_count_hidden":0,"_bbp_forum_subforum_count":0,"footnotes":""},"class_list":["post-1709","page","type-page","status-publish","hentry"],"post_mailing_queue_ids":[],"_links":{"self":[{"href":"https:\/\/agora.xtec.cat\/ins-iptem\/wp-json\/wp\/v2\/pages\/1709","targetHints":{"allow":["GET"]}}],"collection":[{"href":"https:\/\/agora.xtec.cat\/ins-iptem\/wp-json\/wp\/v2\/pages"}],"about":[{"href":"https:\/\/agora.xtec.cat\/ins-iptem\/wp-json\/wp\/v2\/types\/page"}],"author":[{"embeddable":true,"href":"https:\/\/agora.xtec.cat\/ins-iptem\/wp-json\/wp\/v2\/users\/1"}],"replies":[{"embeddable":true,"href":"https:\/\/agora.xtec.cat\/ins-iptem\/wp-json\/wp\/v2\/comments?post=1709"}],"version-history":[{"count":4,"href":"https:\/\/agora.xtec.cat\/ins-iptem\/wp-json\/wp\/v2\/pages\/1709\/revisions"}],"predecessor-version":[{"id":2543,"href":"https:\/\/agora.xtec.cat\/ins-iptem\/wp-json\/wp\/v2\/pages\/1709\/revisions\/2543"}],"up":[{"embeddable":true,"href":"https:\/\/agora.xtec.cat\/ins-iptem\/wp-json\/wp\/v2\/pages\/195"}],"wp:attachment":[{"href":"https:\/\/agora.xtec.cat\/ins-iptem\/wp-json\/wp\/v2\/media?parent=1709"}],"curies":[{"name":"wp","href":"https:\/\/api.w.org\/{rel}","templated":true}]}}