{"id":1704,"date":"2023-04-18T21:31:45","date_gmt":"2023-04-18T19:31:45","guid":{"rendered":"https:\/\/agora.xtec.cat\/ins-iptem\/?page_id=1704"},"modified":"2026-02-04T15:00:43","modified_gmt":"2026-02-04T14:00:43","slug":"mp18_tae-etiques-equestres","status":"publish","type":"page","link":"https:\/\/agora.xtec.cat\/ins-iptem\/estudis\/tae\/mp18_tae-etiques-equestres\/","title":{"rendered":"MP18_TAE: Turisme Eq\u00fcestre"},"content":{"rendered":"<p><span style=\"font-weight: 400;\">El m\u00f2dul de Turisme Eq\u00fcestre \u00e9s un m\u00f2dul creat a l\u2019institut IPTEM i que t\u00e9 com a objectiu principal planificar, assistir i guiar a grups de turistes o practicants en rutes eq\u00fcestres tot dotant-les d&#8217;un valor afegit.\u00a0<\/span><\/p>\n<p>&nbsp;<\/p>\n","protected":false},"excerpt":{"rendered":"<p>El m\u00f2dul de Turisme Eq\u00fcestre \u00e9s un m\u00f2dul creat a l\u2019institut IPTEM i que t\u00e9 com a objectiu principal planificar, assistir i guiar a grups de turistes o practicants en rutes eq\u00fcestres tot dotant-les d&#8217;un valor afegit.\u00a0<br \/>\n&nbsp;<\/p>\n","protected":false},"author":1,"featured_media":0,"parent":1632,"menu_order":18,"comment_status":"closed","ping_status":"closed","template":"","meta":{"_bbp_topic_count":0,"_bbp_reply_count":0,"_bbp_total_topic_count":0,"_bbp_total_reply_count":0,"_bbp_voice_count":0,"_bbp_anonymous_reply_count":0,"_bbp_topic_count_hidden":0,"_bbp_reply_count_hidden":0,"_bbp_forum_subforum_count":0,"footnotes":""},"class_list":["post-1704","page","type-page","status-publish","hentry"],"post_mailing_queue_ids":[],"_links":{"self":[{"href":"https:\/\/agora.xtec.cat\/ins-iptem\/wp-json\/wp\/v2\/pages\/1704","targetHints":{"allow":["GET"]}}],"collection":[{"href":"https:\/\/agora.xtec.cat\/ins-iptem\/wp-json\/wp\/v2\/pages"}],"about":[{"href":"https:\/\/agora.xtec.cat\/ins-iptem\/wp-json\/wp\/v2\/types\/page"}],"author":[{"embeddable":true,"href":"https:\/\/agora.xtec.cat\/ins-iptem\/wp-json\/wp\/v2\/users\/1"}],"replies":[{"embeddable":true,"href":"https:\/\/agora.xtec.cat\/ins-iptem\/wp-json\/wp\/v2\/comments?post=1704"}],"version-history":[{"count":4,"href":"https:\/\/agora.xtec.cat\/ins-iptem\/wp-json\/wp\/v2\/pages\/1704\/revisions"}],"predecessor-version":[{"id":2682,"href":"https:\/\/agora.xtec.cat\/ins-iptem\/wp-json\/wp\/v2\/pages\/1704\/revisions\/2682"}],"up":[{"embeddable":true,"href":"https:\/\/agora.xtec.cat\/ins-iptem\/wp-json\/wp\/v2\/pages\/1632"}],"wp:attachment":[{"href":"https:\/\/agora.xtec.cat\/ins-iptem\/wp-json\/wp\/v2\/media?parent=1704"}],"curies":[{"name":"wp","href":"https:\/\/api.w.org\/{rel}","templated":true}]}}