{"id":1698,"date":"2023-04-18T21:29:37","date_gmt":"2023-04-18T19:29:37","guid":{"rendered":"https:\/\/agora.xtec.cat\/ins-iptem\/?page_id=1698"},"modified":"2023-04-18T21:29:37","modified_gmt":"2023-04-18T19:29:37","slug":"mp15_tae-angles-tecnic","status":"publish","type":"page","link":"https:\/\/agora.xtec.cat\/ins-iptem\/estudis\/tae\/mp15_tae-angles-tecnic\/","title":{"rendered":"MP15_TAE: Angl\u00e8s T\u00e8cnic"},"content":{"rendered":"<p><span style=\"font-weight: 400;\">El m\u00f2dul d\u2019angl\u00e8s t\u00e8cnic est\u00e0 constitu\u00eft per una sola unitat formativa que engloba les quatre destreses comunicatives principals (reading, listening, speaking i writing) i l\u2019aplicaci\u00f3 d\u2019actituds i comportaments professionals.<\/span><\/p>\n<p><span style=\"font-weight: 400;\">Els alumnes aprenen vocabulari t\u00e8cnic relacionat amb l\u2019\u00e0mbit eq\u00fcestre i duen a terme activitats contextualitzades que els permeten desenvolupar les seves capacitats comunicatives (donar instruccions per muntar un cavall, role-plays per donar informaci\u00f3 sobre una ruta als clients, emails formals, lectures d\u2019articles t\u00e8cnics, audici\u00f3 de converses relacionades amb l\u2019\u00e0mbit professional, etc.).<\/span><\/p>\n","protected":false},"excerpt":{"rendered":"<p>El m\u00f2dul d\u2019angl\u00e8s t\u00e8cnic est\u00e0 constitu\u00eft per una sola unitat formativa que engloba les quatre destreses comunicatives principals (reading, listening, speaking i writing) i l\u2019aplicaci\u00f3 d\u2019actituds i comportaments professionals.<br \/>\nEls alumnes aprenen vocabulari t\u00e8cnic relacionat amb l\u2019\u00e0mbit eq\u00fcestre i duen a terme activitats contextualitzades que els&hellip;  <a href=\"https:\/\/agora.xtec.cat\/ins-iptem\/estudis\/tae\/mp15_tae-angles-tecnic\/\" title=\"Read MP15_TAE: Angl\u00e8s T\u00e8cnic\">Llegeix m\u00e9s\u00bb<\/a><\/p>\n","protected":false},"author":1,"featured_media":0,"parent":1632,"menu_order":15,"comment_status":"closed","ping_status":"closed","template":"","meta":{"_bbp_topic_count":0,"_bbp_reply_count":0,"_bbp_total_topic_count":0,"_bbp_total_reply_count":0,"_bbp_voice_count":0,"_bbp_anonymous_reply_count":0,"_bbp_topic_count_hidden":0,"_bbp_reply_count_hidden":0,"_bbp_forum_subforum_count":0,"footnotes":""},"class_list":["post-1698","page","type-page","status-publish","hentry"],"post_mailing_queue_ids":[],"_links":{"self":[{"href":"https:\/\/agora.xtec.cat\/ins-iptem\/wp-json\/wp\/v2\/pages\/1698","targetHints":{"allow":["GET"]}}],"collection":[{"href":"https:\/\/agora.xtec.cat\/ins-iptem\/wp-json\/wp\/v2\/pages"}],"about":[{"href":"https:\/\/agora.xtec.cat\/ins-iptem\/wp-json\/wp\/v2\/types\/page"}],"author":[{"embeddable":true,"href":"https:\/\/agora.xtec.cat\/ins-iptem\/wp-json\/wp\/v2\/users\/1"}],"replies":[{"embeddable":true,"href":"https:\/\/agora.xtec.cat\/ins-iptem\/wp-json\/wp\/v2\/comments?post=1698"}],"version-history":[{"count":1,"href":"https:\/\/agora.xtec.cat\/ins-iptem\/wp-json\/wp\/v2\/pages\/1698\/revisions"}],"predecessor-version":[{"id":1699,"href":"https:\/\/agora.xtec.cat\/ins-iptem\/wp-json\/wp\/v2\/pages\/1698\/revisions\/1699"}],"up":[{"embeddable":true,"href":"https:\/\/agora.xtec.cat\/ins-iptem\/wp-json\/wp\/v2\/pages\/1632"}],"wp:attachment":[{"href":"https:\/\/agora.xtec.cat\/ins-iptem\/wp-json\/wp\/v2\/media?parent=1698"}],"curies":[{"name":"wp","href":"https:\/\/api.w.org\/{rel}","templated":true}]}}