{"id":1692,"date":"2023-04-18T21:27:24","date_gmt":"2023-04-18T19:27:24","guid":{"rendered":"https:\/\/agora.xtec.cat\/ins-iptem\/?page_id=1692"},"modified":"2023-04-18T21:27:24","modified_gmt":"2023-04-18T19:27:24","slug":"mp12_tae-primers-auxilis","status":"publish","type":"page","link":"https:\/\/agora.xtec.cat\/ins-iptem\/estudis\/tae\/mp12_tae-primers-auxilis\/","title":{"rendered":"MP12_TAE: Primers Auxilis"},"content":{"rendered":"<p><span style=\"font-weight: 400;\">El m\u00f2dul de primers auxilis t\u00e9 una durada de 66h i es distribueix en tres unitats formatives diferents.\u00a0<\/span><\/p>\n<p><span style=\"font-weight: 400;\">La primera ensenya a l\u2019alumnat com avaluar una situaci\u00f3 d\u2019urg\u00e8ncia i com aplicar procediments d\u2019immobilitzaci\u00f3 i mobilitzaci\u00f3 de v\u00edctimes.\u00a0<\/span><\/p>\n<p><span style=\"font-weight: 400;\">A la segona, l\u2019alumnat aplica t\u00e8cniques de suport vital b\u00e0sic com ara la reanimaci\u00f3 cardiopulmonar i utilitza aparells desfibril\u00b7ladors segons els protocols establerts.\u00a0<\/span><\/p>\n<p><span style=\"font-weight: 400;\">Finalment, a la tercera unitat formativa, l\u2019alumnat apr\u00e8n diverses t\u00e8cniques de primers auxilis per aplicar en patologies d\u2019urg\u00e8ncia i es familiaritza amb estrat\u00e8gies de comunicaci\u00f3 per proporcionar suport psicol\u00f2gic en situacions dif\u00edcils.\u00a0<\/span><\/p>\n","protected":false},"excerpt":{"rendered":"<p>El m\u00f2dul de primers auxilis t\u00e9 una durada de 66h i es distribueix en tres unitats formatives diferents.\u00a0<br \/>\nLa primera ensenya a l\u2019alumnat com avaluar una situaci\u00f3 d\u2019urg\u00e8ncia i com aplicar procediments d\u2019immobilitzaci\u00f3 i mobilitzaci\u00f3 de v\u00edctimes.\u00a0<br \/>\nA la segona, l\u2019alumnat aplica t\u00e8cniques de suport vital b\u00e0sic&hellip;  <a href=\"https:\/\/agora.xtec.cat\/ins-iptem\/estudis\/tae\/mp12_tae-primers-auxilis\/\" title=\"Read MP12_TAE: Primers Auxilis\">Llegeix m\u00e9s\u00bb<\/a><\/p>\n","protected":false},"author":1,"featured_media":0,"parent":1632,"menu_order":12,"comment_status":"closed","ping_status":"closed","template":"","meta":{"_bbp_topic_count":0,"_bbp_reply_count":0,"_bbp_total_topic_count":0,"_bbp_total_reply_count":0,"_bbp_voice_count":0,"_bbp_anonymous_reply_count":0,"_bbp_topic_count_hidden":0,"_bbp_reply_count_hidden":0,"_bbp_forum_subforum_count":0,"footnotes":""},"class_list":["post-1692","page","type-page","status-publish","hentry"],"post_mailing_queue_ids":[],"_links":{"self":[{"href":"https:\/\/agora.xtec.cat\/ins-iptem\/wp-json\/wp\/v2\/pages\/1692","targetHints":{"allow":["GET"]}}],"collection":[{"href":"https:\/\/agora.xtec.cat\/ins-iptem\/wp-json\/wp\/v2\/pages"}],"about":[{"href":"https:\/\/agora.xtec.cat\/ins-iptem\/wp-json\/wp\/v2\/types\/page"}],"author":[{"embeddable":true,"href":"https:\/\/agora.xtec.cat\/ins-iptem\/wp-json\/wp\/v2\/users\/1"}],"replies":[{"embeddable":true,"href":"https:\/\/agora.xtec.cat\/ins-iptem\/wp-json\/wp\/v2\/comments?post=1692"}],"version-history":[{"count":1,"href":"https:\/\/agora.xtec.cat\/ins-iptem\/wp-json\/wp\/v2\/pages\/1692\/revisions"}],"predecessor-version":[{"id":1693,"href":"https:\/\/agora.xtec.cat\/ins-iptem\/wp-json\/wp\/v2\/pages\/1692\/revisions\/1693"}],"up":[{"embeddable":true,"href":"https:\/\/agora.xtec.cat\/ins-iptem\/wp-json\/wp\/v2\/pages\/1632"}],"wp:attachment":[{"href":"https:\/\/agora.xtec.cat\/ins-iptem\/wp-json\/wp\/v2\/media?parent=1692"}],"curies":[{"name":"wp","href":"https:\/\/api.w.org\/{rel}","templated":true}]}}