{"id":1688,"date":"2023-04-18T21:25:48","date_gmt":"2023-04-18T19:25:48","guid":{"rendered":"https:\/\/agora.xtec.cat\/ins-iptem\/?page_id=1688"},"modified":"2023-04-18T21:25:48","modified_gmt":"2023-04-18T19:25:48","slug":"mp10_tae-atencio-a-grups","status":"publish","type":"page","link":"https:\/\/agora.xtec.cat\/ins-iptem\/estudis\/tae\/mp10_tae-atencio-a-grups\/","title":{"rendered":"MP10_TAE: Atenci\u00f3 a Grups"},"content":{"rendered":"<p><span style=\"font-weight: 400;\">El m\u00f2dul d\u2019atenci\u00f3 a grups familiaritza a l\u2019alumnat amb diverses t\u00e8cniques de comunicaci\u00f3 amb la finalitat de guiar persones en el medi natural i dinamitzar activitats grupals en el temps de lleure.\u00a0<\/span><\/p>\n<p><span style=\"font-weight: 400;\">La primera unitat formativa introdueix diverses t\u00e8cniques de comunicaci\u00f3 i proporciona estrat\u00e8gies de gesti\u00f3 i resoluci\u00f3 de conflictes. La segona unitat, de car\u00e0cter m\u00e9s pr\u00e0ctic, permet a l\u2019alumne dur a terme diverses din\u00e0miques de grup tenint en compte les caracter\u00edstiques espec\u00edfiques dels participants. <\/span><\/p>\n","protected":false},"excerpt":{"rendered":"<p>El m\u00f2dul d\u2019atenci\u00f3 a grups familiaritza a l\u2019alumnat amb diverses t\u00e8cniques de comunicaci\u00f3 amb la finalitat de guiar persones en el medi natural i dinamitzar activitats grupals en el temps de lleure.\u00a0<br \/>\nLa primera unitat formativa introdueix diverses t\u00e8cniques de comunicaci\u00f3 i proporciona estrat\u00e8gies de gesti\u00f3&hellip;  <a href=\"https:\/\/agora.xtec.cat\/ins-iptem\/estudis\/tae\/mp10_tae-atencio-a-grups\/\" title=\"Read MP10_TAE: Atenci\u00f3 a Grups\">Llegeix m\u00e9s\u00bb<\/a><\/p>\n","protected":false},"author":1,"featured_media":0,"parent":1632,"menu_order":10,"comment_status":"closed","ping_status":"closed","template":"","meta":{"_bbp_topic_count":0,"_bbp_reply_count":0,"_bbp_total_topic_count":0,"_bbp_total_reply_count":0,"_bbp_voice_count":0,"_bbp_anonymous_reply_count":0,"_bbp_topic_count_hidden":0,"_bbp_reply_count_hidden":0,"_bbp_forum_subforum_count":0,"footnotes":""},"class_list":["post-1688","page","type-page","status-publish","hentry"],"post_mailing_queue_ids":[],"_links":{"self":[{"href":"https:\/\/agora.xtec.cat\/ins-iptem\/wp-json\/wp\/v2\/pages\/1688","targetHints":{"allow":["GET"]}}],"collection":[{"href":"https:\/\/agora.xtec.cat\/ins-iptem\/wp-json\/wp\/v2\/pages"}],"about":[{"href":"https:\/\/agora.xtec.cat\/ins-iptem\/wp-json\/wp\/v2\/types\/page"}],"author":[{"embeddable":true,"href":"https:\/\/agora.xtec.cat\/ins-iptem\/wp-json\/wp\/v2\/users\/1"}],"replies":[{"embeddable":true,"href":"https:\/\/agora.xtec.cat\/ins-iptem\/wp-json\/wp\/v2\/comments?post=1688"}],"version-history":[{"count":1,"href":"https:\/\/agora.xtec.cat\/ins-iptem\/wp-json\/wp\/v2\/pages\/1688\/revisions"}],"predecessor-version":[{"id":1689,"href":"https:\/\/agora.xtec.cat\/ins-iptem\/wp-json\/wp\/v2\/pages\/1688\/revisions\/1689"}],"up":[{"embeddable":true,"href":"https:\/\/agora.xtec.cat\/ins-iptem\/wp-json\/wp\/v2\/pages\/1632"}],"wp:attachment":[{"href":"https:\/\/agora.xtec.cat\/ins-iptem\/wp-json\/wp\/v2\/media?parent=1688"}],"curies":[{"name":"wp","href":"https:\/\/api.w.org\/{rel}","templated":true}]}}