{"id":1679,"date":"2023-04-18T21:21:52","date_gmt":"2023-04-18T19:21:52","guid":{"rendered":"https:\/\/agora.xtec.cat\/ins-iptem\/?page_id=1679"},"modified":"2023-04-18T21:22:13","modified_gmt":"2023-04-18T19:22:13","slug":"mp06-ensinistrament","status":"publish","type":"page","link":"https:\/\/agora.xtec.cat\/ins-iptem\/estudis\/tae\/mp06-ensinistrament\/","title":{"rendered":"MP06_TAE: Ensinistrament"},"content":{"rendered":"<p><span style=\"font-weight: 400;\">El m\u00f2dul 6 t\u00e9 una durada de 132h i se centra en l\u2019ensinistrament de poltres.<\/span><\/p>\n<p><span style=\"font-weight: 400;\">L\u2019alumnat apr\u00e8n a aplicar t\u00e8cniques de dessensibilitzaci\u00f3 tot valorant les reaccions del poltre i es familiaritza amb les t\u00e8cniques b\u00e0siques de muntada inicial i lliure. A m\u00e9s, aplica t\u00e8cniques de doma b\u00e0sica, salt i inicia el poltre al tir, equipant-lo amb les guarnicions i equips adequats. <\/span><\/p>\n<p><br style=\"font-weight: 400;\" \/><br style=\"font-weight: 400;\" \/><\/p>\n","protected":false},"excerpt":{"rendered":"<p>El m\u00f2dul 6 t\u00e9 una durada de 132h i se centra en l\u2019ensinistrament de poltres.<br \/>\nL\u2019alumnat apr\u00e8n a aplicar t\u00e8cniques de dessensibilitzaci\u00f3 tot valorant les reaccions del poltre i es familiaritza amb les t\u00e8cniques b\u00e0siques de muntada inicial i lliure. A m\u00e9s, aplica t\u00e8cniques de doma&hellip;  <a href=\"https:\/\/agora.xtec.cat\/ins-iptem\/estudis\/tae\/mp06-ensinistrament\/\" title=\"Read MP06_TAE: Ensinistrament\">Llegeix m\u00e9s\u00bb<\/a><\/p>\n","protected":false},"author":1,"featured_media":0,"parent":1632,"menu_order":6,"comment_status":"closed","ping_status":"closed","template":"","meta":{"_bbp_topic_count":0,"_bbp_reply_count":0,"_bbp_total_topic_count":0,"_bbp_total_reply_count":0,"_bbp_voice_count":0,"_bbp_anonymous_reply_count":0,"_bbp_topic_count_hidden":0,"_bbp_reply_count_hidden":0,"_bbp_forum_subforum_count":0,"footnotes":""},"class_list":["post-1679","page","type-page","status-publish","hentry"],"post_mailing_queue_ids":[],"_links":{"self":[{"href":"https:\/\/agora.xtec.cat\/ins-iptem\/wp-json\/wp\/v2\/pages\/1679","targetHints":{"allow":["GET"]}}],"collection":[{"href":"https:\/\/agora.xtec.cat\/ins-iptem\/wp-json\/wp\/v2\/pages"}],"about":[{"href":"https:\/\/agora.xtec.cat\/ins-iptem\/wp-json\/wp\/v2\/types\/page"}],"author":[{"embeddable":true,"href":"https:\/\/agora.xtec.cat\/ins-iptem\/wp-json\/wp\/v2\/users\/1"}],"replies":[{"embeddable":true,"href":"https:\/\/agora.xtec.cat\/ins-iptem\/wp-json\/wp\/v2\/comments?post=1679"}],"version-history":[{"count":2,"href":"https:\/\/agora.xtec.cat\/ins-iptem\/wp-json\/wp\/v2\/pages\/1679\/revisions"}],"predecessor-version":[{"id":1681,"href":"https:\/\/agora.xtec.cat\/ins-iptem\/wp-json\/wp\/v2\/pages\/1679\/revisions\/1681"}],"up":[{"embeddable":true,"href":"https:\/\/agora.xtec.cat\/ins-iptem\/wp-json\/wp\/v2\/pages\/1632"}],"wp:attachment":[{"href":"https:\/\/agora.xtec.cat\/ins-iptem\/wp-json\/wp\/v2\/media?parent=1679"}],"curies":[{"name":"wp","href":"https:\/\/api.w.org\/{rel}","templated":true}]}}