{"id":1646,"date":"2023-04-18T14:39:04","date_gmt":"2023-04-18T12:39:04","guid":{"rendered":"https:\/\/agora.xtec.cat\/ins-iptem\/?page_id=1646"},"modified":"2023-04-18T21:05:38","modified_gmt":"2023-04-18T19:05:38","slug":"mp01-tae","status":"publish","type":"page","link":"https:\/\/agora.xtec.cat\/ins-iptem\/estudis\/tae\/mp01-tae\/","title":{"rendered":"MP01_TAE: Alimentaci\u00f3, Maneig General i Primers Auxilis d&#8217;\u00c8quids"},"content":{"rendered":"<p><span style=\"font-weight: 400;\">El m\u00f2dul 1 t\u00e9 una durada de 99h i es distribueix en dues unitats formatives.<\/span><\/p>\n<p><span style=\"font-weight: 400;\">La primera, relacionada amb el maneig general dels \u00e8quids, proporciona t\u00e8cniques i m\u00e8todes per manejar, controlar i traslladar els \u00e8quids evitant situacions de risc i aplicant la normativa de benestar animal.<\/span><\/p>\n<p><span style=\"font-weight: 400;\">La segona, en canvi, posa el focus en l\u2019alimentaci\u00f3 i els primers auxilis, i capacita a l\u2019alumnat per realitzar tasques d\u2019emmagatzematge i conservaci\u00f3 d\u2019aliments, alimentar els \u00e8quids tenint en compte les seves caracter\u00edstiques individuals i aplicar t\u00e8cniques de primers auxilis, com la cura de ferides i realitzar diversos embenats.<\/span><\/p>\n<p>&nbsp;<\/p>\n<p><br style=\"font-weight: 400;\" \/><br style=\"font-weight: 400;\" \/><\/p>\n","protected":false},"excerpt":{"rendered":"<p>El m\u00f2dul 1 t\u00e9 una durada de 99h i es distribueix en dues unitats formatives.<br \/>\nLa primera, relacionada amb el maneig general dels \u00e8quids, proporciona t\u00e8cniques i m\u00e8todes per manejar, controlar i traslladar els \u00e8quids evitant situacions de risc i aplicant la normativa de benestar animal.<br \/>\nLa&hellip;  <a href=\"https:\/\/agora.xtec.cat\/ins-iptem\/estudis\/tae\/mp01-tae\/\" title=\"Read MP01_TAE: Alimentaci\u00f3, Maneig General i Primers Auxilis d&#8217;\u00c8quids\">Llegeix m\u00e9s\u00bb<\/a><\/p>\n","protected":false},"author":1,"featured_media":0,"parent":1632,"menu_order":0,"comment_status":"closed","ping_status":"closed","template":"page-templates\/side-menu.php","meta":{"_bbp_topic_count":0,"_bbp_reply_count":0,"_bbp_total_topic_count":0,"_bbp_total_reply_count":0,"_bbp_voice_count":0,"_bbp_anonymous_reply_count":0,"_bbp_topic_count_hidden":0,"_bbp_reply_count_hidden":0,"_bbp_forum_subforum_count":0,"footnotes":""},"class_list":["post-1646","page","type-page","status-publish","hentry"],"post_mailing_queue_ids":[],"_links":{"self":[{"href":"https:\/\/agora.xtec.cat\/ins-iptem\/wp-json\/wp\/v2\/pages\/1646","targetHints":{"allow":["GET"]}}],"collection":[{"href":"https:\/\/agora.xtec.cat\/ins-iptem\/wp-json\/wp\/v2\/pages"}],"about":[{"href":"https:\/\/agora.xtec.cat\/ins-iptem\/wp-json\/wp\/v2\/types\/page"}],"author":[{"embeddable":true,"href":"https:\/\/agora.xtec.cat\/ins-iptem\/wp-json\/wp\/v2\/users\/1"}],"replies":[{"embeddable":true,"href":"https:\/\/agora.xtec.cat\/ins-iptem\/wp-json\/wp\/v2\/comments?post=1646"}],"version-history":[{"count":3,"href":"https:\/\/agora.xtec.cat\/ins-iptem\/wp-json\/wp\/v2\/pages\/1646\/revisions"}],"predecessor-version":[{"id":1652,"href":"https:\/\/agora.xtec.cat\/ins-iptem\/wp-json\/wp\/v2\/pages\/1646\/revisions\/1652"}],"up":[{"embeddable":true,"href":"https:\/\/agora.xtec.cat\/ins-iptem\/wp-json\/wp\/v2\/pages\/1632"}],"wp:attachment":[{"href":"https:\/\/agora.xtec.cat\/ins-iptem\/wp-json\/wp\/v2\/media?parent=1646"}],"curies":[{"name":"wp","href":"https:\/\/api.w.org\/{rel}","templated":true}]}}