{"id":1632,"date":"2023-04-18T14:05:44","date_gmt":"2023-04-18T12:05:44","guid":{"rendered":"https:\/\/agora.xtec.cat\/ins-iptem\/?page_id=1632"},"modified":"2026-02-04T15:04:21","modified_gmt":"2026-02-04T14:04:21","slug":"tae","status":"publish","type":"page","link":"https:\/\/agora.xtec.cat\/ins-iptem\/estudis\/tae\/","title":{"rendered":"TAE"},"content":{"rendered":"<h2><strong>T\u00e8cnic en Activitats Eq\u00fcestres \ud83d\udc34<\/strong><\/h2>\n<p><span style=\"text-decoration: underline;\"><span style=\"font-weight: 400;\">Informaci\u00f3 general sobre el cicle (PLA ANTIC), <strong>ALGUNS M\u00d2DULS NO S\u00d3N CORRECTES I LES FCTS ARA S\u00d3N 515H<\/strong><\/span><\/span><\/p>\n<p><span style=\"font-weight: 400;\">Aquests estudis postobligatoris capaciten per menar i cuidar el bestiar equi\u0301 en cadascuna de les fases productives, i tambe\u0301 per desenvolupar activitats de guia per itineraris equ\u0308estres, amb atencio\u0301 especial a la seguretat i benestar animal, utilitzant i mantenint les instal\u00b7lacions, maquina\u0300ria i equips i complint la normativa de benestar animal de prevencio\u0301 de riscos laborals, i de proteccio\u0301 ambiental.<\/span><\/p>\n<p><span style=\"font-weight: 400;\">La durada e\u0301s de 2.000 hores (1.650 en un centre educatiu i 350 en un centre de treball), distribui\u0308des en <\/span><b>dos cursos <\/b><span style=\"font-weight: 400;\">acade\u0300mics.<\/span><\/p>\n<p><a href=\"https:\/\/agora.xtec.cat\/ins-iptem\/estudis\/tae\/mp01-tae\/\"><img loading=\"lazy\" decoding=\"async\" class=\"alignnone wp-image-1648\" src=\"https:\/\/agora.xtec.cat\/ins-iptem\/wp-content\/uploads\/usu2201\/2023\/04\/1-modified.png\" alt=\"\" width=\"292\" height=\"167\" srcset=\"https:\/\/agora.xtec.cat\/ins-iptem\/wp-content\/uploads\/usu2201\/2023\/04\/1-modified.png 1050w, https:\/\/agora.xtec.cat\/ins-iptem\/wp-content\/uploads\/usu2201\/2023\/04\/1-modified-300x171.png 300w, https:\/\/agora.xtec.cat\/ins-iptem\/wp-content\/uploads\/usu2201\/2023\/04\/1-modified-1024x585.png 1024w, https:\/\/agora.xtec.cat\/ins-iptem\/wp-content\/uploads\/usu2201\/2023\/04\/1-modified-768x439.png 768w\" sizes=\"auto, (max-width: 292px) 100vw, 292px\" \/><\/a>\u00a0 \u00a0 \u00a0<a href=\"https:\/\/agora.xtec.cat\/ins-iptem\/estudis\/tae\/mp02_tae-manteniment-fisic-cures-i-higiene-equina\/\"><img loading=\"lazy\" decoding=\"async\" class=\"alignnone wp-image-1637\" src=\"https:\/\/agora.xtec.cat\/ins-iptem\/wp-content\/uploads\/usu2201\/2023\/04\/2-modified.png\" alt=\"\" width=\"289\" height=\"165\" srcset=\"https:\/\/agora.xtec.cat\/ins-iptem\/wp-content\/uploads\/usu2201\/2023\/04\/2-modified.png 1050w, https:\/\/agora.xtec.cat\/ins-iptem\/wp-content\/uploads\/usu2201\/2023\/04\/2-modified-300x171.png 300w, https:\/\/agora.xtec.cat\/ins-iptem\/wp-content\/uploads\/usu2201\/2023\/04\/2-modified-1024x585.png 1024w, https:\/\/agora.xtec.cat\/ins-iptem\/wp-content\/uploads\/usu2201\/2023\/04\/2-modified-768x439.png 768w\" sizes=\"auto, (max-width: 289px) 100vw, 289px\" \/><\/a>\u00a0 \u00a0 \u00a0<a href=\"https:\/\/agora.xtec.cat\/ins-iptem\/estudis\/tae\/mp03_tae-reproduccio-cria-i-recria-dequids\/\"><img loading=\"lazy\" decoding=\"async\" class=\"alignnone wp-image-1638\" src=\"https:\/\/agora.xtec.cat\/ins-iptem\/wp-content\/uploads\/usu2201\/2023\/04\/3-modified.png\" alt=\"\" width=\"285\" height=\"163\" srcset=\"https:\/\/agora.xtec.cat\/ins-iptem\/wp-content\/uploads\/usu2201\/2023\/04\/3-modified.png 1050w, https:\/\/agora.xtec.cat\/ins-iptem\/wp-content\/uploads\/usu2201\/2023\/04\/3-modified-300x171.png 300w, https:\/\/agora.xtec.cat\/ins-iptem\/wp-content\/uploads\/usu2201\/2023\/04\/3-modified-1024x585.png 1024w, https:\/\/agora.xtec.cat\/ins-iptem\/wp-content\/uploads\/usu2201\/2023\/04\/3-modified-768x439.png 768w\" sizes=\"auto, (max-width: 285px) 100vw, 285px\" \/><\/a><\/p>\n<p><a href=\"https:\/\/agora.xtec.cat\/ins-iptem\/estudis\/tae\/mp05_tae-esbravament-i-doma-a-la-corda-de-poltres\/\"><img loading=\"lazy\" decoding=\"async\" class=\"alignnone wp-image-1640\" src=\"https:\/\/agora.xtec.cat\/ins-iptem\/wp-content\/uploads\/usu2201\/2023\/04\/5-modified.png\" alt=\"\" width=\"289\" height=\"165\" srcset=\"https:\/\/agora.xtec.cat\/ins-iptem\/wp-content\/uploads\/usu2201\/2023\/04\/5-modified.png 1050w, https:\/\/agora.xtec.cat\/ins-iptem\/wp-content\/uploads\/usu2201\/2023\/04\/5-modified-300x171.png 300w, https:\/\/agora.xtec.cat\/ins-iptem\/wp-content\/uploads\/usu2201\/2023\/04\/5-modified-1024x585.png 1024w, https:\/\/agora.xtec.cat\/ins-iptem\/wp-content\/uploads\/usu2201\/2023\/04\/5-modified-768x439.png 768w\" sizes=\"auto, (max-width: 289px) 100vw, 289px\" \/><\/a>\u00a0 \u00a0 \u00a0\u00a0<a href=\"https:\/\/agora.xtec.cat\/ins-iptem\/estudis\/tae\/mp06-ensinistrament\/\"><img loading=\"lazy\" decoding=\"async\" class=\"alignnone wp-image-1641\" src=\"https:\/\/agora.xtec.cat\/ins-iptem\/wp-content\/uploads\/usu2201\/2023\/04\/6-modified.png\" alt=\"\" width=\"286\" height=\"164\" srcset=\"https:\/\/agora.xtec.cat\/ins-iptem\/wp-content\/uploads\/usu2201\/2023\/04\/6-modified.png 1050w, https:\/\/agora.xtec.cat\/ins-iptem\/wp-content\/uploads\/usu2201\/2023\/04\/6-modified-300x171.png 300w, https:\/\/agora.xtec.cat\/ins-iptem\/wp-content\/uploads\/usu2201\/2023\/04\/6-modified-1024x585.png 1024w, https:\/\/agora.xtec.cat\/ins-iptem\/wp-content\/uploads\/usu2201\/2023\/04\/6-modified-768x439.png 768w\" sizes=\"auto, (max-width: 286px) 100vw, 286px\" \/>\u00a0 \u00a0 \u00a0\u00a0<\/a><a href=\"https:\/\/agora.xtec.cat\/ins-iptem\/estudis\/tae\/mp07_tae-tecniques-dequitacio\/\"><img loading=\"lazy\" decoding=\"async\" class=\"alignnone wp-image-1653\" src=\"https:\/\/agora.xtec.cat\/ins-iptem\/wp-content\/uploads\/usu2201\/2023\/04\/7-modified.png\" alt=\"\" width=\"281\" height=\"161\" srcset=\"https:\/\/agora.xtec.cat\/ins-iptem\/wp-content\/uploads\/usu2201\/2023\/04\/7-modified.png 1050w, https:\/\/agora.xtec.cat\/ins-iptem\/wp-content\/uploads\/usu2201\/2023\/04\/7-modified-300x171.png 300w, https:\/\/agora.xtec.cat\/ins-iptem\/wp-content\/uploads\/usu2201\/2023\/04\/7-modified-1024x585.png 1024w, https:\/\/agora.xtec.cat\/ins-iptem\/wp-content\/uploads\/usu2201\/2023\/04\/7-modified-768x439.png 768w\" sizes=\"auto, (max-width: 281px) 100vw, 281px\" \/><\/a><\/p>\n<p><a href=\"https:\/\/agora.xtec.cat\/ins-iptem\/estudis\/tae\/mp08_tae-exhibicions-i-concursos-de-bestiar-equi\/\"><img loading=\"lazy\" decoding=\"async\" class=\"alignnone wp-image-1654\" src=\"https:\/\/agora.xtec.cat\/ins-iptem\/wp-content\/uploads\/usu2201\/2023\/04\/8-modified.png\" alt=\"\" width=\"286\" height=\"163\" srcset=\"https:\/\/agora.xtec.cat\/ins-iptem\/wp-content\/uploads\/usu2201\/2023\/04\/8-modified.png 1050w, https:\/\/agora.xtec.cat\/ins-iptem\/wp-content\/uploads\/usu2201\/2023\/04\/8-modified-300x171.png 300w, https:\/\/agora.xtec.cat\/ins-iptem\/wp-content\/uploads\/usu2201\/2023\/04\/8-modified-1024x585.png 1024w, https:\/\/agora.xtec.cat\/ins-iptem\/wp-content\/uploads\/usu2201\/2023\/04\/8-modified-768x439.png 768w\" sizes=\"auto, (max-width: 286px) 100vw, 286px\" \/><\/a>\u00a0 \u00a0 \u00a0 \u00a0<a href=\"https:\/\/agora.xtec.cat\/ins-iptem\/estudis\/tae\/mp09_tae-guia-equestre\/\"><img loading=\"lazy\" decoding=\"async\" class=\"alignnone wp-image-1655\" src=\"https:\/\/agora.xtec.cat\/ins-iptem\/wp-content\/uploads\/usu2201\/2023\/04\/9-modified.png\" alt=\"\" width=\"282\" height=\"161\" srcset=\"https:\/\/agora.xtec.cat\/ins-iptem\/wp-content\/uploads\/usu2201\/2023\/04\/9-modified.png 1050w, https:\/\/agora.xtec.cat\/ins-iptem\/wp-content\/uploads\/usu2201\/2023\/04\/9-modified-300x171.png 300w, https:\/\/agora.xtec.cat\/ins-iptem\/wp-content\/uploads\/usu2201\/2023\/04\/9-modified-1024x585.png 1024w, https:\/\/agora.xtec.cat\/ins-iptem\/wp-content\/uploads\/usu2201\/2023\/04\/9-modified-768x439.png 768w\" sizes=\"auto, (max-width: 282px) 100vw, 282px\" \/>\u00a0 \u00a0 \u00a0 \u00a0<\/a><a href=\"https:\/\/agora.xtec.cat\/ins-iptem\/estudis\/tae\/mp10_tae-atencio-a-grups\/\"><img loading=\"lazy\" decoding=\"async\" class=\"alignnone wp-image-1656\" src=\"https:\/\/agora.xtec.cat\/ins-iptem\/wp-content\/uploads\/usu2201\/2023\/04\/10-modified.png\" alt=\"\" width=\"277\" height=\"158\" srcset=\"https:\/\/agora.xtec.cat\/ins-iptem\/wp-content\/uploads\/usu2201\/2023\/04\/10-modified.png 1050w, https:\/\/agora.xtec.cat\/ins-iptem\/wp-content\/uploads\/usu2201\/2023\/04\/10-modified-300x171.png 300w, https:\/\/agora.xtec.cat\/ins-iptem\/wp-content\/uploads\/usu2201\/2023\/04\/10-modified-1024x585.png 1024w, https:\/\/agora.xtec.cat\/ins-iptem\/wp-content\/uploads\/usu2201\/2023\/04\/10-modified-768x439.png 768w\" sizes=\"auto, (max-width: 277px) 100vw, 277px\" \/><\/a><\/p>\n<p><a href=\"https:\/\/agora.xtec.cat\/ins-iptem\/estudis\/tae\/mp11_tae-organitzacio-ditineraris\/\"><img loading=\"lazy\" decoding=\"async\" class=\"alignnone wp-image-1657\" src=\"https:\/\/agora.xtec.cat\/ins-iptem\/wp-content\/uploads\/usu2201\/2023\/04\/11-modified.png\" alt=\"\" width=\"282\" height=\"161\" srcset=\"https:\/\/agora.xtec.cat\/ins-iptem\/wp-content\/uploads\/usu2201\/2023\/04\/11-modified.png 1050w, https:\/\/agora.xtec.cat\/ins-iptem\/wp-content\/uploads\/usu2201\/2023\/04\/11-modified-300x171.png 300w, https:\/\/agora.xtec.cat\/ins-iptem\/wp-content\/uploads\/usu2201\/2023\/04\/11-modified-1024x585.png 1024w, https:\/\/agora.xtec.cat\/ins-iptem\/wp-content\/uploads\/usu2201\/2023\/04\/11-modified-768x439.png 768w\" sizes=\"auto, (max-width: 282px) 100vw, 282px\" \/><\/a>\u00a0 \u00a0 \u00a0 \u00a0<a href=\"https:\/\/agora.xtec.cat\/ins-iptem\/estudis\/tae\/mp12_tae-primers-auxilis\/\"><img loading=\"lazy\" decoding=\"async\" class=\"alignnone wp-image-1658\" src=\"https:\/\/agora.xtec.cat\/ins-iptem\/wp-content\/uploads\/usu2201\/2023\/04\/12-modified.png\" alt=\"\" width=\"282\" height=\"161\" srcset=\"https:\/\/agora.xtec.cat\/ins-iptem\/wp-content\/uploads\/usu2201\/2023\/04\/12-modified.png 1050w, https:\/\/agora.xtec.cat\/ins-iptem\/wp-content\/uploads\/usu2201\/2023\/04\/12-modified-300x171.png 300w, https:\/\/agora.xtec.cat\/ins-iptem\/wp-content\/uploads\/usu2201\/2023\/04\/12-modified-1024x585.png 1024w, https:\/\/agora.xtec.cat\/ins-iptem\/wp-content\/uploads\/usu2201\/2023\/04\/12-modified-768x439.png 768w\" sizes=\"auto, (max-width: 282px) 100vw, 282px\" \/>\u00a0 \u00a0 \u00a0 \u00a0\u00a0<\/a><a href=\"https:\/\/agora.xtec.cat\/ins-iptem\/estudis\/tae\/mp13_tae-formacio-i-orientacio-laboral\/\"><img loading=\"lazy\" decoding=\"async\" class=\"alignnone wp-image-1664\" src=\"https:\/\/agora.xtec.cat\/ins-iptem\/wp-content\/uploads\/usu2201\/2023\/04\/Etiquetes-modified.png\" alt=\"\" width=\"279\" height=\"159\" srcset=\"https:\/\/agora.xtec.cat\/ins-iptem\/wp-content\/uploads\/usu2201\/2023\/04\/Etiquetes-modified.png 1050w, https:\/\/agora.xtec.cat\/ins-iptem\/wp-content\/uploads\/usu2201\/2023\/04\/Etiquetes-modified-300x171.png 300w, https:\/\/agora.xtec.cat\/ins-iptem\/wp-content\/uploads\/usu2201\/2023\/04\/Etiquetes-modified-1024x585.png 1024w, https:\/\/agora.xtec.cat\/ins-iptem\/wp-content\/uploads\/usu2201\/2023\/04\/Etiquetes-modified-768x439.png 768w\" sizes=\"auto, (max-width: 279px) 100vw, 279px\" \/><\/a><\/p>\n<p><a href=\"https:\/\/agora.xtec.cat\/ins-iptem\/estudis\/tae\/mp15_tae-angles-tecnic\/\"><img loading=\"lazy\" decoding=\"async\" class=\"alignnone wp-image-1660\" src=\"https:\/\/agora.xtec.cat\/ins-iptem\/wp-content\/uploads\/usu2201\/2023\/04\/15-modified.png\" alt=\"\" width=\"281\" height=\"160\" srcset=\"https:\/\/agora.xtec.cat\/ins-iptem\/wp-content\/uploads\/usu2201\/2023\/04\/15-modified.png 1050w, https:\/\/agora.xtec.cat\/ins-iptem\/wp-content\/uploads\/usu2201\/2023\/04\/15-modified-300x171.png 300w, https:\/\/agora.xtec.cat\/ins-iptem\/wp-content\/uploads\/usu2201\/2023\/04\/15-modified-1024x585.png 1024w, https:\/\/agora.xtec.cat\/ins-iptem\/wp-content\/uploads\/usu2201\/2023\/04\/15-modified-768x439.png 768w\" sizes=\"auto, (max-width: 281px) 100vw, 281px\" \/><\/a>\u00a0 \u00a0 \u00a0 \u00a0 <a href=\"https:\/\/agora.xtec.cat\/ins-iptem\/estudis\/1r-curs-tae\/tae\/mp14_tae-empresa-i-iniciativa-emprenedora\/\"><img loading=\"lazy\" decoding=\"async\" class=\"alignnone wp-image-1715\" src=\"https:\/\/agora.xtec.cat\/ins-iptem\/wp-content\/uploads\/usu2201\/2023\/04\/Etiquetes-2-modified.png\" alt=\"\" width=\"283\" height=\"161\" srcset=\"https:\/\/agora.xtec.cat\/ins-iptem\/wp-content\/uploads\/usu2201\/2023\/04\/Etiquetes-2-modified.png 1050w, https:\/\/agora.xtec.cat\/ins-iptem\/wp-content\/uploads\/usu2201\/2023\/04\/Etiquetes-2-modified-300x171.png 300w, https:\/\/agora.xtec.cat\/ins-iptem\/wp-content\/uploads\/usu2201\/2023\/04\/Etiquetes-2-modified-1024x585.png 1024w, https:\/\/agora.xtec.cat\/ins-iptem\/wp-content\/uploads\/usu2201\/2023\/04\/Etiquetes-2-modified-768x439.png 768w\" sizes=\"auto, (max-width: 283px) 100vw, 283px\" \/><\/a>\u00a0 \u00a0 \u00a0 \u00a0 <a href=\"https:\/\/agora.xtec.cat\/ins-iptem\/estudis\/tae\/mp16_tae-sintesi\/\"><img loading=\"lazy\" decoding=\"async\" class=\"alignnone wp-image-1661\" src=\"https:\/\/agora.xtec.cat\/ins-iptem\/wp-content\/uploads\/usu2201\/2023\/04\/16-modified.png\" alt=\"\" width=\"278\" height=\"159\" srcset=\"https:\/\/agora.xtec.cat\/ins-iptem\/wp-content\/uploads\/usu2201\/2023\/04\/16-modified.png 1050w, https:\/\/agora.xtec.cat\/ins-iptem\/wp-content\/uploads\/usu2201\/2023\/04\/16-modified-300x171.png 300w, https:\/\/agora.xtec.cat\/ins-iptem\/wp-content\/uploads\/usu2201\/2023\/04\/16-modified-1024x585.png 1024w, https:\/\/agora.xtec.cat\/ins-iptem\/wp-content\/uploads\/usu2201\/2023\/04\/16-modified-768x439.png 768w\" sizes=\"auto, (max-width: 278px) 100vw, 278px\" \/>\u00a0 \u00a0 \u00a0 \u00a0<\/a><\/p>\n<p><a href=\"https:\/\/agora.xtec.cat\/ins-iptem\/estudis\/tae\/mp16_tae-sintesi\/\"> \u00a0<\/a><a href=\"https:\/\/agora.xtec.cat\/ins-iptem\/estudis\/tae\/mp17_tae-formacio-en-centres-de-treball\/\"><img loading=\"lazy\" decoding=\"async\" class=\"alignnone wp-image-1662\" src=\"https:\/\/agora.xtec.cat\/ins-iptem\/wp-content\/uploads\/usu2201\/2023\/04\/17-modified.png\" alt=\"\" width=\"284\" height=\"162\" srcset=\"https:\/\/agora.xtec.cat\/ins-iptem\/wp-content\/uploads\/usu2201\/2023\/04\/17-modified.png 1050w, https:\/\/agora.xtec.cat\/ins-iptem\/wp-content\/uploads\/usu2201\/2023\/04\/17-modified-300x171.png 300w, https:\/\/agora.xtec.cat\/ins-iptem\/wp-content\/uploads\/usu2201\/2023\/04\/17-modified-1024x585.png 1024w, https:\/\/agora.xtec.cat\/ins-iptem\/wp-content\/uploads\/usu2201\/2023\/04\/17-modified-768x439.png 768w\" sizes=\"auto, (max-width: 284px) 100vw, 284px\" \/> \u00a0 \u00a0 <\/a><a class=\"https:\/\/agora.xtec.cat\/ins-iptem\/estudis\/tae\/mp18_tae-etiques-equestres\/\" href=\"https:\/\/agora.xtec.cat\/ins-iptem\/estudis\/tae\/attachment\/img-20250423-wa0020-2-2\/\" target=\"_blank\" rel=\"https:\/\/agora.xtec.cat\/ins-iptem\/estudis\/tae\/mp18_tae-etiques-equestres\/ noopener\"><img loading=\"lazy\" decoding=\"async\" class=\"alignnone wp-image-2676 size-medium\" src=\"https:\/\/agora.xtec.cat\/ins-iptem\/wp-content\/uploads\/usu2201\/2026\/02\/IMG-20250423-WA0020-2-300x135.jpg\" alt=\"\" width=\"300\" height=\"135\" srcset=\"https:\/\/agora.xtec.cat\/ins-iptem\/wp-content\/uploads\/usu2201\/2026\/02\/IMG-20250423-WA0020-2-300x135.jpg 300w, https:\/\/agora.xtec.cat\/ins-iptem\/wp-content\/uploads\/usu2201\/2026\/02\/IMG-20250423-WA0020-2-1024x461.jpg 1024w, https:\/\/agora.xtec.cat\/ins-iptem\/wp-content\/uploads\/usu2201\/2026\/02\/IMG-20250423-WA0020-2-768x346.jpg 768w, https:\/\/agora.xtec.cat\/ins-iptem\/wp-content\/uploads\/usu2201\/2026\/02\/IMG-20250423-WA0020-2-1536x692.jpg 1536w, https:\/\/agora.xtec.cat\/ins-iptem\/wp-content\/uploads\/usu2201\/2026\/02\/IMG-20250423-WA0020-2.jpg 2048w\" sizes=\"auto, (max-width: 300px) 100vw, 300px\" \/><\/a><\/p>\n","protected":false},"excerpt":{"rendered":"<p>T\u00e8cnic en Activitats Eq\u00fcestres \ud83d\udc34<br \/>\nInformaci\u00f3 general sobre el cicle (PLA ANTIC), ALGUNS M\u00d2DULS NO S\u00d3N CORRECTES I LES FCTS ARA S\u00d3N 515H<br \/>\nAquests estudis postobligatoris capaciten per menar i cuidar el bestiar equi\u0301 en cadascuna de les fases productives, i tambe\u0301 per desenvolupar activitats de guia&hellip;  <a href=\"https:\/\/agora.xtec.cat\/ins-iptem\/estudis\/tae\/\" title=\"Read TAE\">Llegeix m\u00e9s\u00bb<\/a><\/p>\n","protected":false},"author":1,"featured_media":0,"parent":195,"menu_order":0,"comment_status":"closed","ping_status":"closed","template":"page-templates\/side-menu.php","meta":{"_bbp_topic_count":0,"_bbp_reply_count":0,"_bbp_total_topic_count":0,"_bbp_total_reply_count":0,"_bbp_voice_count":0,"_bbp_anonymous_reply_count":0,"_bbp_topic_count_hidden":0,"_bbp_reply_count_hidden":0,"_bbp_forum_subforum_count":0,"footnotes":""},"class_list":["post-1632","page","type-page","status-publish","hentry"],"post_mailing_queue_ids":[],"_links":{"self":[{"href":"https:\/\/agora.xtec.cat\/ins-iptem\/wp-json\/wp\/v2\/pages\/1632","targetHints":{"allow":["GET"]}}],"collection":[{"href":"https:\/\/agora.xtec.cat\/ins-iptem\/wp-json\/wp\/v2\/pages"}],"about":[{"href":"https:\/\/agora.xtec.cat\/ins-iptem\/wp-json\/wp\/v2\/types\/page"}],"author":[{"embeddable":true,"href":"https:\/\/agora.xtec.cat\/ins-iptem\/wp-json\/wp\/v2\/users\/1"}],"replies":[{"embeddable":true,"href":"https:\/\/agora.xtec.cat\/ins-iptem\/wp-json\/wp\/v2\/comments?post=1632"}],"version-history":[{"count":7,"href":"https:\/\/agora.xtec.cat\/ins-iptem\/wp-json\/wp\/v2\/pages\/1632\/revisions"}],"predecessor-version":[{"id":2684,"href":"https:\/\/agora.xtec.cat\/ins-iptem\/wp-json\/wp\/v2\/pages\/1632\/revisions\/2684"}],"up":[{"embeddable":true,"href":"https:\/\/agora.xtec.cat\/ins-iptem\/wp-json\/wp\/v2\/pages\/195"}],"wp:attachment":[{"href":"https:\/\/agora.xtec.cat\/ins-iptem\/wp-json\/wp\/v2\/media?parent=1632"}],"curies":[{"name":"wp","href":"https:\/\/api.w.org\/{rel}","templated":true}]}}