{"id":729,"date":"2023-02-24T13:41:48","date_gmt":"2023-02-24T12:41:48","guid":{"rendered":"https:\/\/agora.xtec.cat\/ins-intermunicipal\/?page_id=729"},"modified":"2024-04-12T12:54:44","modified_gmt":"2024-04-12T10:54:44","slug":"documents-de-centre","status":"publish","type":"page","link":"https:\/\/agora.xtec.cat\/ins-intermunicipal\/documents-de-centre\/","title":{"rendered":"Documents de Centre"},"content":{"rendered":"<div class=\"row\" style=\"margin-bottom: 1em !important;\">\n<div class=\"small-12 large-4 text-center columns\">\n<p><a href=\"https:\/\/drive.google.com\/drive\/folders\/11s3TrQjeb9RBDxJ-WTmfnGTaL11JEDh6?usp=drive_link\" target=\"_blank\" rel=\"noopener\"><img decoding=\"async\" src=\"https:\/\/img.icons8.com\/color\/120\/000000\/information.png\" \/><\/a><\/p>\n<h5>Documents Estrat\u00e8gics (en construcci\u00f3 i revisi\u00f3)<\/h5>\n<\/div>\n<div class=\"small-12 large-4 text-center columns\">\n<p><a href=\"#\"><img decoding=\"async\" src=\"https:\/\/img.icons8.com\/color\/120\/000000\/documents.png\" \/><\/a><\/p>\n<h5>Documents ESO, Batxillerat, Formaci\u00f3 Professional<\/h5>\n<\/div>\n<div class=\"small-12 large-4 text-center columns\">\n<p><a href=\"#\"><img decoding=\"async\" src=\"https:\/\/img.icons8.com\/color\/120\/000000\/documents.png\" \/><\/a><\/p>\n<h5>Documents Secretaria<\/h5>\n<\/div>\n<\/div>\n<div class=\"row\" style=\"margin-bottom: 1em !important;\">\n<div class=\"small-12 large-4 text-center columns\">\n<p><a href=\"#\"><img decoding=\"async\" src=\"https:\/\/img.icons8.com\/color\/120\/000000\/task.png\" \/><\/a><\/p>\n<h5>Impresos, Sol\u00b7licituds i Autoritzacions<\/h5>\n<\/div>\n<div class=\"small-12 large-4 text-center columns\">\n<p><a href=\"#\"><img decoding=\"async\" src=\"https:\/\/img.icons8.com\/color\/120\/000000\/books.png\" \/><\/a><\/p>\n<h5>Programacions<\/h5>\n<\/div>\n<div class=\"small-12 large-4 text-center columns\">\n<p><a href=\"#\"><img decoding=\"async\" src=\"https:\/\/img.icons8.com\/color\/120\/000000\/collaboration-female-male.png\" \/><\/a><\/p>\n<h5>Tutoria<\/h5>\n<\/div>\n<\/div>\n<div class=\"row\" style=\"margin-bottom: 1em !important;\">\n<div class=\"small-12 large-4 text-center columns\">\n<p><a href=\"#\"><img decoding=\"async\" src=\"https:\/\/img.icons8.com\/color\/120\/000000\/video-conference.png\" \/><\/a><\/p>\n<h5>Presentacions Reunions Inici de Curs<\/h5>\n<\/div>\n<div class=\"small-12 large-4 text-center columns\">\n<p><a href=\"#\"><img decoding=\"async\" src=\"https:\/\/img.icons8.com\/color\/120\/000000\/brief.png\" \/><\/a><\/p>\n<h5>Extraescolars<\/h5>\n<\/div>\n<div class=\"small-12 large-4 text-center columns\">\n<p><a href=\"#\"><img decoding=\"async\" src=\"https:\/\/img.icons8.com\/color\/120\/000000\/communication.png\" \/><\/a><\/p>\n<h5>Atenci\u00f3 a la Diversitat<\/h5>\n<\/div>\n<\/div>\n<div class=\"row\" style=\"margin-bottom: 1em !important;\">\n<div class=\"small-12 large-4 text-center columns\">\n<p><a href=\"#\"><img decoding=\"async\" src=\"https:\/\/img.icons8.com\/color\/120\/000000\/guarantee.png\" \/><\/a><\/p>\n<h5>Qualitat<\/h5>\n<\/div>\n<div class=\"small-12 large-4 text-center columns\">\n<p><a href=\"#\"><img decoding=\"async\" src=\"https:\/\/img.icons8.com\/color\/120\/000000\/collectibles.png\" \/><\/a><\/p>\n<h5>Altres Documents<\/h5>\n<\/div>\n<div class=\"small-12 large-4 text-center columns\"><\/div>\n<\/div>\n","protected":false},"excerpt":{"rendered":"<p><a href=\"https:\/\/drive.google.com\/drive\/folders\/11s3TrQjeb9RBDxJ-WTmfnGTaL11JEDh6?usp=drive_link\" target=\"_blank\" rel=\"noopener\"><\/a><br \/>\nDocuments Estrat\u00e8gics (en construcci\u00f3 i revisi\u00f3)<\/p>\n<p><a href=\"#\"><\/a><br \/>\nDocuments ESO, Batxillerat, Formaci\u00f3 Professional<\/p>\n<p><a href=\"#\"><\/a><br \/>\nDocuments Secretaria<\/p>\n<p><a href=\"#\"><\/a><br \/>\nImpresos, Sol\u00b7licituds i Autoritzacions<\/p>\n<p><a href=\"#\"><\/a><br \/>\nProgramacions<\/p>\n<p><a href=\"#\"><\/a><br \/>\nTutoria<\/p>\n<p><a href=\"#\"><\/a><br \/>\nPresentacions Reunions Inici de Curs<\/p>\n<p><a href=\"#\"><\/a><br \/>\nExtraescolars<\/p>\n<p><a href=\"#\"><\/a><br \/>\nAtenci\u00f3 a la Diversitat<\/p>\n<p><a href=\"#\"><\/a><br \/>\nQualitat<\/p>\n<p><a href=\"#\"><\/a><br \/>\nAltres Documents<\/p>\n","protected":false},"author":6,"featured_media":0,"parent":0,"menu_order":0,"comment_status":"closed","ping_status":"closed","template":"","meta":{"_bbp_topic_count":0,"_bbp_reply_count":0,"_bbp_total_topic_count":0,"_bbp_total_reply_count":0,"_bbp_voice_count":0,"_bbp_anonymous_reply_count":0,"_bbp_topic_count_hidden":0,"_bbp_reply_count_hidden":0,"_bbp_forum_subforum_count":0,"footnotes":""},"class_list":["post-729","page","type-page","status-publish","hentry"],"post_mailing_queue_ids":[],"_links":{"self":[{"href":"https:\/\/agora.xtec.cat\/ins-intermunicipal\/wp-json\/wp\/v2\/pages\/729","targetHints":{"allow":["GET"]}}],"collection":[{"href":"https:\/\/agora.xtec.cat\/ins-intermunicipal\/wp-json\/wp\/v2\/pages"}],"about":[{"href":"https:\/\/agora.xtec.cat\/ins-intermunicipal\/wp-json\/wp\/v2\/types\/page"}],"author":[{"embeddable":true,"href":"https:\/\/agora.xtec.cat\/ins-intermunicipal\/wp-json\/wp\/v2\/users\/6"}],"replies":[{"embeddable":true,"href":"https:\/\/agora.xtec.cat\/ins-intermunicipal\/wp-json\/wp\/v2\/comments?post=729"}],"version-history":[{"count":3,"href":"https:\/\/agora.xtec.cat\/ins-intermunicipal\/wp-json\/wp\/v2\/pages\/729\/revisions"}],"predecessor-version":[{"id":2576,"href":"https:\/\/agora.xtec.cat\/ins-intermunicipal\/wp-json\/wp\/v2\/pages\/729\/revisions\/2576"}],"wp:attachment":[{"href":"https:\/\/agora.xtec.cat\/ins-intermunicipal\/wp-json\/wp\/v2\/media?parent=729"}],"curies":[{"name":"wp","href":"https:\/\/api.w.org\/{rel}","templated":true}]}}