{"id":628,"date":"2022-12-20T08:57:58","date_gmt":"2022-12-20T07:57:58","guid":{"rendered":"https:\/\/agora.xtec.cat\/ins-intermunicipal\/?page_id=628"},"modified":"2023-10-03T13:05:34","modified_gmt":"2023-10-03T11:05:34","slug":"politica-de-qualitat","status":"publish","type":"page","link":"https:\/\/agora.xtec.cat\/ins-intermunicipal\/linstitut\/politica-de-qualitat\/","title":{"rendered":"Pol\u00edtica de qualitat"},"content":{"rendered":"<p style=\"text-align: justify;\">L\u2019Institut Intermunicipal del Pened\u00e8s comen\u00e7a a definir i implantar un Sistema de Gesti\u00f3 de Qualitat (SGQ) basat en la Norma ISO 9001, adquirint el comprom\u00eds de cercar la qualitat i la millora cont\u00ednua de l\u2019ensenyament.<\/p>\n<p style=\"text-align: justify;\">L\u2019objectiu de l\u2019SGQ \u00e9s satisfer les necessitats i expectatives dels diferents agents implicats, entenent com a tals, la comunitat educativa, l\u2019equip hum\u00e0 del centre, la xarxa d\u2019empreses col\u00b7laboradores en l\u2019estada de l\u2019alumnat i l\u2019entorn social immediat.<\/p>\n<p style=\"text-align: justify;\">\u00a0Seguint les l\u00ednies d\u2019actuaci\u00f3 definides en el Projecte Educatiu de Centre (PEC) es pret\u00e9n proporcionar als grups d\u2019inter\u00e8s un servei educatiu de qualitat d\u2019acord amb els requisits normatius fixats per l\u2019Administraci\u00f3 pel que fa als centres educatius. En aquest sentit, la gesti\u00f3 de la qualitat vindr\u00e0 a refor\u00e7ar els seg\u00fcents aspectes recollits en el mateix:<\/p>\n<ul style=\"text-align: justify;\">\n<li>Millora dels resultats acad\u00e8mics i educatius.<\/li>\n<li>Millora de la conviv\u00e8ncia, la cohesi\u00f3 social i l\u2019equitat.<\/li>\n<li>Millora de l\u2019orientaci\u00f3 acad\u00e8mica i professional.<\/li>\n<li>Millora de la comunicaci\u00f3 i la relaci\u00f3 amb l\u2019entorn.<\/li>\n<li>Millora de la gesti\u00f3 i de la documentaci\u00f3 del centre.<\/li>\n<\/ul>\n<p style=\"text-align: justify;\">L\u2019SGQ s\u2019anir\u00e0 revisant i actualitzant de manera peri\u00f2dica per tal d\u2019adequar-lo als canvis de l\u2019entorn i segons la retroacci\u00f3 rebuda, mantenint informats en tot moment els diferents grups d\u2019inter\u00e8s i comptant amb el suport de l\u2019Equip Directiu que, al seu torn, haur\u00e0 de proporcionar els recursos necessaris per a assolir els objectius fixats en la consecuci\u00f3 de la qualitat i millora cont\u00ednua del centre.<\/p>\n","protected":false},"excerpt":{"rendered":"<p>L\u2019Institut Intermunicipal del Pened\u00e8s comen\u00e7a a definir i implantar un Sistema de Gesti\u00f3 de Qualitat (SGQ) basat en la Norma ISO 9001, adquirint el comprom\u00eds de cercar la qualitat i la millora cont\u00ednua de l\u2019ensenyament.<br \/>\nL\u2019objectiu de l\u2019SGQ \u00e9s satisfer les necessitats i expectatives dels diferents&hellip;  <a href=\"https:\/\/agora.xtec.cat\/ins-intermunicipal\/linstitut\/politica-de-qualitat\/\" title=\"Read Pol\u00edtica de qualitat\">Llegeix m\u00e9s\u00bb<\/a><\/p>\n","protected":false},"author":6,"featured_media":0,"parent":19,"menu_order":0,"comment_status":"closed","ping_status":"closed","template":"","meta":{"_bbp_topic_count":0,"_bbp_reply_count":0,"_bbp_total_topic_count":0,"_bbp_total_reply_count":0,"_bbp_voice_count":0,"_bbp_anonymous_reply_count":0,"_bbp_topic_count_hidden":0,"_bbp_reply_count_hidden":0,"_bbp_forum_subforum_count":0,"footnotes":""},"class_list":["post-628","page","type-page","status-publish","hentry"],"post_mailing_queue_ids":[],"_links":{"self":[{"href":"https:\/\/agora.xtec.cat\/ins-intermunicipal\/wp-json\/wp\/v2\/pages\/628","targetHints":{"allow":["GET"]}}],"collection":[{"href":"https:\/\/agora.xtec.cat\/ins-intermunicipal\/wp-json\/wp\/v2\/pages"}],"about":[{"href":"https:\/\/agora.xtec.cat\/ins-intermunicipal\/wp-json\/wp\/v2\/types\/page"}],"author":[{"embeddable":true,"href":"https:\/\/agora.xtec.cat\/ins-intermunicipal\/wp-json\/wp\/v2\/users\/6"}],"replies":[{"embeddable":true,"href":"https:\/\/agora.xtec.cat\/ins-intermunicipal\/wp-json\/wp\/v2\/comments?post=628"}],"version-history":[{"count":4,"href":"https:\/\/agora.xtec.cat\/ins-intermunicipal\/wp-json\/wp\/v2\/pages\/628\/revisions"}],"predecessor-version":[{"id":1207,"href":"https:\/\/agora.xtec.cat\/ins-intermunicipal\/wp-json\/wp\/v2\/pages\/628\/revisions\/1207"}],"up":[{"embeddable":true,"href":"https:\/\/agora.xtec.cat\/ins-intermunicipal\/wp-json\/wp\/v2\/pages\/19"}],"wp:attachment":[{"href":"https:\/\/agora.xtec.cat\/ins-intermunicipal\/wp-json\/wp\/v2\/media?parent=628"}],"curies":[{"name":"wp","href":"https:\/\/api.w.org\/{rel}","templated":true}]}}