{"id":1425,"date":"2023-11-13T08:59:09","date_gmt":"2023-11-13T07:59:09","guid":{"rendered":"https:\/\/agora.xtec.cat\/ins-intermunicipal\/?page_id=1425"},"modified":"2024-07-19T11:10:00","modified_gmt":"2024-07-19T09:10:00","slug":"atencio-a-la-diversitat","status":"publish","type":"page","link":"https:\/\/agora.xtec.cat\/ins-intermunicipal\/atencio-a-la-diversitat\/","title":{"rendered":"Programes de Diversificaci\u00f3 Curricular"},"content":{"rendered":"<p><span style=\"color: #008000;\"><strong>Distribuci\u00f3 de mat\u00e8ries als PDC de l&#8217;ESO (sessions de 60 minuts):<\/strong><\/span><\/p>\n<table style=\"width: 56.7912%; height: 772px;\">\n<tbody>\n<tr style=\"height: 33px;\">\n<td style=\"text-align: center; height: 33px; width: 98.3302%; background-color: #e5fae1;\" colspan=\"3\"><span style=\"color: #008000;\"><strong>PROGRAMES DE DIVERSIFICACI\u00d3 CURRICULAR<\/strong><\/span><\/td>\n<\/tr>\n<tr style=\"height: 33px;\">\n<td style=\"text-align: center; height: 33px; width: 69.9443%; background-color: #e5fae1;\"><span style=\"color: #008000;\"><strong>MAT\u00c8RIES DEL GRUP ORDINARI<\/strong><\/span><\/td>\n<td style=\"text-align: center; height: 33px; width: 14.1002%; background-color: #e5fae1;\"><span style=\"color: #008000;\"><strong>PDC3<\/strong><\/span><\/td>\n<td style=\"text-align: center; height: 33px; width: 14.2857%; background-color: #e5fae1;\"><span style=\"color: #008000;\"><strong>PDC4<\/strong><\/span><\/td>\n<\/tr>\n<tr style=\"height: 33px;\">\n<td style=\"height: 33px; width: 69.9443%;\"><span style=\"color: #008000;\"><strong>Ci\u00e8ncies Socials: Geografia i Hist\u00f2ria<\/strong><\/span><\/td>\n<td style=\"text-align: center; height: 33px; width: 14.1002%;\"><span style=\"color: #008000;\"><strong>3<\/strong><\/span><\/td>\n<td style=\"text-align: center; height: 33px; width: 14.2857%;\"><span style=\"color: #008000;\"><strong>&#8211;<\/strong><\/span><\/td>\n<\/tr>\n<tr style=\"height: 33px;\">\n<td style=\"height: 33px; width: 69.9443%;\"><span style=\"color: #008000;\"><strong>Educaci\u00f3 en Valors C\u00edvics i \u00c8tics<\/strong><\/span><\/td>\n<td style=\"text-align: center; height: 33px; width: 14.1002%;\"><span style=\"color: #008000;\"><strong>&#8211;<\/strong><\/span><\/td>\n<td style=\"text-align: center; height: 33px; width: 14.2857%;\"><span style=\"color: #008000;\"><strong>1<\/strong><\/span><\/td>\n<\/tr>\n<tr style=\"height: 33px;\">\n<td style=\"height: 33px; width: 69.9443%;\"><span style=\"color: #008000;\"><strong>Educaci\u00f3 F\u00edsica<\/strong><\/span><\/td>\n<td style=\"text-align: center; height: 33px; width: 14.1002%;\"><span style=\"color: #008000;\"><strong>2<\/strong><\/span><\/td>\n<td style=\"text-align: center; height: 33px; width: 14.2857%;\"><span style=\"color: #008000;\"><strong>2<\/strong><\/span><\/td>\n<\/tr>\n<tr style=\"height: 33px;\">\n<td style=\"height: 33px; width: 69.9443%;\"><span style=\"color: #008000;\"><strong>M\u00fasica<\/strong><\/span><\/td>\n<td style=\"text-align: center; height: 33px; width: 14.1002%;\"><span style=\"color: #008000;\"><strong>2<\/strong><\/span><\/td>\n<td style=\"text-align: center; height: 33px; width: 14.2857%;\"><span style=\"color: #008000;\"><strong>&#8211;<\/strong><\/span><\/td>\n<\/tr>\n<tr style=\"height: 33px;\">\n<td style=\"height: 33px; width: 69.9443%;\"><span style=\"color: #008000;\"><strong>Optativa anual<\/strong><\/span><\/td>\n<td style=\"text-align: center; height: 33px; width: 14.1002%;\"><span style=\"color: #008000;\"><strong>2<\/strong><\/span><\/td>\n<td style=\"text-align: center; height: 33px; width: 14.2857%;\"><span style=\"color: #008000;\"><strong>2<\/strong><\/span><\/td>\n<\/tr>\n<tr style=\"height: 33px;\">\n<td style=\"height: 33px; width: 69.9443%;\"><span style=\"color: #008000;\"><strong>Projecte anual: SolidArt<\/strong><\/span><\/td>\n<td style=\"text-align: center; height: 33px; width: 14.1002%;\"><span style=\"color: #008000;\"><strong>2<\/strong><\/span><\/td>\n<td style=\"text-align: center; height: 33px; width: 14.2857%;\"><span style=\"color: #008000;\"><strong>&#8211;<\/strong><\/span><\/td>\n<\/tr>\n<tr style=\"height: 33px;\">\n<td style=\"height: 33px; width: 69.9443%;\"><span style=\"color: #008000;\"><strong>Tutoria<\/strong><\/span><\/td>\n<td style=\"text-align: center; height: 33px; width: 14.1002%;\"><span style=\"color: #008000;\"><strong>1<\/strong><\/span><\/td>\n<td style=\"text-align: center; height: 33px; width: 14.2857%;\"><span style=\"color: #008000;\"><strong>1<\/strong><\/span><\/td>\n<\/tr>\n<tr style=\"height: 33px;\">\n<td style=\"height: 33px; text-align: center; width: 98.3302%; background-color: #e5fae1;\" colspan=\"3\"><span style=\"color: #008000;\"><strong>MAT\u00c8RIES DE DIVERSIFICACI\u00d3<\/strong><\/span><\/td>\n<\/tr>\n<tr style=\"height: 33px;\">\n<td style=\"height: 33px; width: 69.9443%; text-align: center; background-color: #e5fae1;\"><span style=\"text-decoration: underline;\"><span style=\"color: #008000;\"><strong>\u00c0mbit matem\u00e0tic<\/strong><\/span><\/span><\/td>\n<td style=\"height: 33px; width: 14.1002%; text-align: center; background-color: #e5fae1;\"><span style=\"color: #008000;\"><strong>PDC3<\/strong><\/span><\/td>\n<td style=\"height: 33px; width: 14.2857%; text-align: center; background-color: #e5fae1;\"><span style=\"color: #008000;\"><strong>PDC4<\/strong><\/span><\/td>\n<\/tr>\n<tr style=\"height: 33px;\">\n<td style=\"height: 33px; width: 69.9443%;\"><span style=\"color: #008000;\"><strong>Matem\u00e0tiques<\/strong><\/span><\/td>\n<td style=\"height: 33px; width: 14.1002%; text-align: center;\"><span style=\"color: #008000;\"><strong>3<\/strong><\/span><\/td>\n<td style=\"height: 33px; width: 14.2857%; text-align: center;\"><span style=\"color: #008000;\"><strong>3<\/strong><\/span><\/td>\n<\/tr>\n<tr style=\"height: 33px;\">\n<td style=\"height: 33px; width: 69.9443%; text-align: center; background-color: #e5fae1;\"><span style=\"text-decoration: underline;\"><span style=\"color: #008000;\"><strong>\u00c0mbit ling\u00fc\u00edstic<\/strong><\/span><\/span><\/td>\n<td style=\"height: 33px; width: 14.1002%; text-align: center; background-color: #e5fae1;\"><span style=\"color: #008000;\"><strong>PDC3<\/strong><\/span><\/td>\n<td style=\"height: 33px; width: 14.2857%; text-align: center; background-color: #e5fae1;\"><span style=\"color: #008000;\"><strong>PDC4<\/strong><\/span><\/td>\n<\/tr>\n<tr style=\"height: 18px;\">\n<td style=\"width: 69.9443%; height: 18px;\"><span style=\"color: #008000;\"><strong>Llengua castellana i literatura<\/strong><\/span><\/td>\n<td style=\"width: 14.1002%; text-align: center; height: 18px;\"><span style=\"color: #008000;\"><strong>3<\/strong><\/span><\/td>\n<td style=\"width: 14.2857%; text-align: center; height: 18px;\"><span style=\"color: #008000;\"><strong>3<\/strong><\/span><\/td>\n<\/tr>\n<tr style=\"height: 28px;\">\n<td style=\"width: 69.9443%; height: 28px;\"><span style=\"color: #008000;\"><strong>Llengua catalana i literatura<\/strong><\/span><\/td>\n<td style=\"width: 14.1002%; text-align: center; height: 28px;\"><span style=\"color: #008000;\"><strong>3<\/strong><\/span><\/td>\n<td style=\"width: 14.2857%; text-align: center; height: 28px;\"><span style=\"color: #008000;\"><strong>3<\/strong><\/span><\/td>\n<\/tr>\n<tr style=\"height: 33px;\">\n<td style=\"height: 33px; width: 69.9443%;\"><span style=\"color: #008000;\"><strong>Llengua estrangera: angl\u00e8s<\/strong><\/span><\/td>\n<td style=\"height: 33px; width: 14.1002%; text-align: center;\"><span style=\"color: #008000;\"><strong>2<\/strong><\/span><\/td>\n<td style=\"height: 33px; width: 14.2857%; text-align: center;\"><span style=\"color: #008000;\"><strong>2<\/strong><\/span><\/td>\n<\/tr>\n<tr style=\"height: 33px;\">\n<td style=\"height: 33px; width: 69.9443%;\"><span style=\"color: #008000;\"><strong>ILEC (Programa d&#8217;Impuls de la LECtura)<\/strong><\/span><\/td>\n<td style=\"height: 33px; width: 14.1002%; text-align: center;\"><span style=\"color: #008000;\"><strong>1<\/strong><\/span><\/td>\n<td style=\"height: 33px; width: 14.2857%; text-align: center;\"><span style=\"color: #008000;\"><strong>1<\/strong><\/span><\/td>\n<\/tr>\n<tr style=\"height: 33px;\">\n<td style=\"height: 33px; width: 69.9443%; text-align: center; background-color: #e5fae1;\"><span style=\"text-decoration: underline;\"><span style=\"color: #008000;\"><strong>\u00c0mbit pr\u00e0ctic<\/strong><\/span><\/span><\/td>\n<td style=\"height: 33px; width: 14.1002%; text-align: center; background-color: #e5fae1;\"><span style=\"color: #008000;\"><strong>PDC3<\/strong><\/span><\/td>\n<td style=\"height: 33px; width: 14.2857%; text-align: center; background-color: #e5fae1;\"><span style=\"color: #008000;\"><strong>PDC4<\/strong><\/span><\/td>\n<\/tr>\n<tr style=\"height: 33px;\">\n<td style=\"height: 33px; width: 69.9443%;\"><span style=\"color: #008000;\"><strong>Programa Okupa&#8217;t\u00a0<\/strong>(inclou 1 hora de tutoria)<\/span><\/td>\n<td style=\"height: 33px; width: 14.1002%; text-align: center;\"><span style=\"color: #008000;\"><strong>&#8211;<\/strong><\/span><\/td>\n<td style=\"height: 33px; width: 14.2857%; text-align: center;\"><span style=\"color: #008000;\"><strong>12<\/strong><\/span><\/td>\n<\/tr>\n<tr style=\"height: 33px;\">\n<td style=\"height: 33px; width: 69.9443%;\"><span style=\"color: #008000;\"><strong>Projecte cooperatiu La Barraca <\/strong>(inclou 1 hora de tutoria)<\/span><\/td>\n<td style=\"height: 33px; width: 14.1002%; text-align: center;\"><span style=\"color: #008000;\"><strong>4<\/strong><\/span><\/td>\n<td style=\"height: 33px; width: 14.2857%; text-align: center;\"><span style=\"color: #008000;\"><strong>&#8211;<\/strong><\/span><\/td>\n<\/tr>\n<tr style=\"height: 33px;\">\n<td style=\"height: 33px; width: 69.9443%;\"><span style=\"color: #008000;\"><strong>Projecte Hort<\/strong><\/span><\/td>\n<td style=\"height: 33px; width: 14.1002%; text-align: center;\"><span style=\"color: #008000;\"><strong>2<\/strong><\/span><\/td>\n<td style=\"height: 33px; width: 14.2857%; text-align: center;\"><span style=\"color: #008000;\"><strong>&#8211;<\/strong><\/span><\/td>\n<\/tr>\n<\/tbody>\n<\/table>\n<p>&nbsp;<\/p>\n<p>&nbsp;<\/p>\n","protected":false},"excerpt":{"rendered":"<p>Distribuci\u00f3 de mat\u00e8ries als PDC de l&#8217;ESO (sessions de 60 minuts):<\/p>\n<p>PROGRAMES DE DIVERSIFICACI\u00d3 CURRICULAR<\/p>\n<p>MAT\u00c8RIES DEL GRUP ORDINARI<br \/>\nPDC3<br \/>\nPDC4<\/p>\n<p>Ci\u00e8ncies Socials: Geografia i Hist\u00f2ria<br \/>\n3<br \/>\n&#8211;<\/p>\n<p>Educaci\u00f3 en Valors C\u00edvics i \u00c8tics<br \/>\n&#8211;<br \/>\n1<\/p>\n<p>Educaci\u00f3 F\u00edsica<br \/>\n2<br \/>\n2<\/p>\n<p>M\u00fasica<br \/>\n2<br \/>\n&#8211;<\/p>\n<p>Optativa anual<br \/>\n2<br \/>\n2<\/p>\n<p>Projecte anual: SolidArt<br \/>\n2<br \/>\n&#8211;<\/p>\n<p>Tutoria<br \/>\n1<br \/>\n1<\/p>\n<p>MAT\u00c8RIES DE DIVERSIFICACI\u00d3<\/p>\n<p>\u00c0mbit matem\u00e0tic<br \/>\nPDC3<br \/>\nPDC4<\/p>\n<p>Matem\u00e0tiques<br \/>\n3<br \/>\n3<\/p>\n<p>\u00c0mbit ling\u00fc\u00edstic<br \/>\nPDC3<br \/>\nPDC4<\/p>\n<p>Llengua castellana i literatura<br \/>\n3<br \/>\n3<\/p>\n<p>Llengua catalana i literatura<br \/>\n3<br \/>\n3<\/p>\n<p>Llengua estrangera: angl\u00e8s<br \/>\n2<br \/>\n2<\/p>\n<p>ILEC (Programa d&#8217;Impuls de&hellip;  <a href=\"https:\/\/agora.xtec.cat\/ins-intermunicipal\/atencio-a-la-diversitat\/\" title=\"Read Programes de Diversificaci\u00f3 Curricular\">Llegeix m\u00e9s\u00bb<\/a><\/p>\n","protected":false},"author":6,"featured_media":0,"parent":0,"menu_order":0,"comment_status":"closed","ping_status":"closed","template":"","meta":{"_bbp_topic_count":0,"_bbp_reply_count":0,"_bbp_total_topic_count":0,"_bbp_total_reply_count":0,"_bbp_voice_count":0,"_bbp_anonymous_reply_count":0,"_bbp_topic_count_hidden":0,"_bbp_reply_count_hidden":0,"_bbp_forum_subforum_count":0,"footnotes":""},"class_list":["post-1425","page","type-page","status-publish","hentry"],"post_mailing_queue_ids":[],"_links":{"self":[{"href":"https:\/\/agora.xtec.cat\/ins-intermunicipal\/wp-json\/wp\/v2\/pages\/1425","targetHints":{"allow":["GET"]}}],"collection":[{"href":"https:\/\/agora.xtec.cat\/ins-intermunicipal\/wp-json\/wp\/v2\/pages"}],"about":[{"href":"https:\/\/agora.xtec.cat\/ins-intermunicipal\/wp-json\/wp\/v2\/types\/page"}],"author":[{"embeddable":true,"href":"https:\/\/agora.xtec.cat\/ins-intermunicipal\/wp-json\/wp\/v2\/users\/6"}],"replies":[{"embeddable":true,"href":"https:\/\/agora.xtec.cat\/ins-intermunicipal\/wp-json\/wp\/v2\/comments?post=1425"}],"version-history":[{"count":6,"href":"https:\/\/agora.xtec.cat\/ins-intermunicipal\/wp-json\/wp\/v2\/pages\/1425\/revisions"}],"predecessor-version":[{"id":3378,"href":"https:\/\/agora.xtec.cat\/ins-intermunicipal\/wp-json\/wp\/v2\/pages\/1425\/revisions\/3378"}],"wp:attachment":[{"href":"https:\/\/agora.xtec.cat\/ins-intermunicipal\/wp-json\/wp\/v2\/media?parent=1425"}],"curies":[{"name":"wp","href":"https:\/\/api.w.org\/{rel}","templated":true}]}}