{"id":992,"date":"2025-04-29T11:53:09","date_gmt":"2025-04-29T09:53:09","guid":{"rendered":"https:\/\/agora.xtec.cat\/ins-idag\/?page_id=992"},"modified":"2026-05-08T17:07:21","modified_gmt":"2026-05-08T15:07:21","slug":"preinscripcions-ife-curs-25-26","status":"publish","type":"page","link":"https:\/\/agora.xtec.cat\/ins-idag\/estudis\/preinscripcions-curs-25-26-2\/preinscripcions-ife-curs-25-26\/","title":{"rendered":"Preinscripcions IFE curs 26-27"},"content":{"rendered":"\n<h3><a href=\"https:\/\/agora.xtec.cat\/ins-idag\/wp-content\/uploads\/usu3038\/2026\/05\/OFERTA-INICIAL-DE-PLACES-IFE-CURS-2026-2027.docx.pdf\" target=\"_blank\" rel=\"noopener\">Oferta inicial de places<\/a><\/h3>\n<h2><a href=\"https:\/\/preinscripcio.gencat.cat\/ca\/estudis\/ife\/inici\/index.html\" target=\"_blank\" rel=\"noopener\"><b>Preinscripci\u00f3 als Itineraris Formatius Espec\u00edfics IFE<\/b><\/a><\/h2>\n<p class=\"p2\">Els futurs alumnes han de tenir:<\/p>\n<ul>\n<li class=\"p3\">entre 16 i 20 anys d&#8217;edat durant l&#8217;any natural d&#8217;inici de l&#8217;oferta de l&#8217;IFE<\/li>\n<li class=\"p3\">necessitats educatives especials associades a discapacitat intel\u00b7lectual lleu o moderada.<\/li>\n<\/ul>\n<p class=\"p2\"><b>Documentaci\u00f3 <\/b><b><\/b><\/p>\n<p class=\"p2\"><b>&#8211; Formulari en paper disponible al centre <\/b><b><\/b><\/p>\n<p class=\"p2\">&#8211; <b>DNI \/ NIE o Passaport <\/b>de l&#8217;alumne (original i c\u00f2pia)<\/p>\n<p class=\"p2\">&#8211; <b>Identificador RALC de l\u2019alumne <\/b><b><\/b><\/p>\n<p class=\"p2\"><b>&#8211; Certificat de discapacitat intel\u00b7lectual <\/b>lleu o moderada de l\u2019alumne o informe de l\u00b4EAP (NESE A) em\u00e8s durant l\u2019educaci\u00f3 obligat\u00f2ria.<\/p>\n<p class=\"p2\">Nom\u00e9s, si l\u2019alumne\/a \u00e9s menor d\u2019edat<\/p>\n<ul>\n<li class=\"p2\"><b>Llibre de fam\u00edlia <\/b>(original i c\u00f2pia)<\/li>\n<li class=\"p2\"><b>DNI \/ NIE o Passaport <\/b>pare, mare o tutor\/a (original i c\u00f2pia)<\/li>\n<\/ul>\n<p class=\"p2\"><b>Puntuaci\u00f3- barem: <\/b><b><\/b><\/p>\n<p class=\"p3\">Si hi ha m\u00e9s demanda que places, s&#8217;apliquen, successivament, els criteris de prioritat en l&#8217;admissi\u00f3 seg\u00fcents:<\/p>\n<p class=\"p3\">a) En primer lloc, l&#8217;alumnat que compleix <b>16 &#8211; 17 <\/b>anys durant l&#8217;any en qu\u00e8 accedeix a l&#8217;IFE.<\/p>\n<p class=\"p3\">b) En segon lloc, l&#8217;alumnat que compleix 18 anys durant l&#8217;any en qu\u00e8 accedeix a l&#8217;IFE.<\/p>\n<p class=\"p3\">c) En tercer lloc, l&#8217;alumnat que compleix 19 anys durant l&#8217;any en qu\u00e8 accedeix a l&#8217;IFE.<\/p>\n<p class=\"p3\">d) En quart lloc, l&#8217;alumnat que compleix 20 anys durant l&#8217;any en qu\u00e8 accedeix a l&#8217;IFE.<\/p>\n<p class=\"p3\">Dins de cadascun dels grups d&#8217;edat establerts en el punt anterior, les sol\u00b7licituds es prioritzen d&#8217;acord amb els criteris seg\u00fcents:<\/p>\n<p class=\"p3\"><b>Situaci\u00f3 d&#8217;escolaritzaci\u00f3 en el curs acad\u00e8mic actual: <\/b><b><\/b><\/p>\n<p class=\"p3\">Estar matriculat en un centre (ordinari o CEE) a l&#8217;etapa obligat\u00f2ria: <b>25 punts <\/b><b><\/b><\/p>\n<p class=\"p3\"><b>Participaci\u00f3 per primera vegada en programes postobligatoris <\/b><b><\/b><\/p>\n<p class=\"p3\">No haver cursat i finalitzat PQPI ni PFI: <b>20 punts <\/b><b><\/b><\/p>\n<p class=\"p2\"><b>Calendari <\/b>(disponible a la web del centre i al taulell d\u2019informaci\u00f3)<\/p>\n<p class=\"p3\"><span class=\"s2\">Presentaci\u00f3 de sol\u00b7licituds: <\/span>del <b>11 al 21 de maig <\/b>de 2026 (el nostre Centre romandr\u00e0 tancat el dia 22 de maig per festa acordada)<\/p>\n<p class=\"p2\">Publicaci\u00f3 d\u2019admesos: <span class=\"s3\"><b>16 de juny <\/b>2026 <\/span><\/p>\n<p class=\"p3\"><span class=\"s2\">Matr\u00edcula: <\/span>del <b>19 al 26 de juny <\/b>a de 2026<\/p>\n<p><a href=\"https:\/\/preinscripcio.gencat.cat\/ca\/estudis\/ife\/informat\/calendari\/\" target=\"_blank\" rel=\"noopener\"><b>CALENDARI DE PREINSCRIPCI\u00d3 I MATRICULACI\u00d3<\/b><\/a><\/p>\n<p><b>Contacte amb Secretaria: <\/b><span class=\"s4\"><b>a8078828@xtec.cat <\/b><\/span>93 243 09 83<\/p>\n<p><span style=\"font-weight: 400;\">\u00a0<\/span><\/p>\n\n\n","protected":false},"excerpt":{"rendered":"<p><a href=\"https:\/\/agora.xtec.cat\/ins-idag\/wp-content\/uploads\/usu3038\/2026\/05\/OFERTA-INICIAL-DE-PLACES-IFE-CURS-2026-2027.docx.pdf\" target=\"_blank\" rel=\"noopener\">Oferta inicial de places<\/a><br \/>\n<a href=\"https:\/\/preinscripcio.gencat.cat\/ca\/estudis\/ife\/inici\/index.html\" target=\"_blank\" rel=\"noopener\">Preinscripci\u00f3 als Itineraris Formatius Espec\u00edfics IFE<\/a><br \/>\nEls futurs alumnes han de tenir:<\/p>\n<ul>\n<li class=\"p3\">entre 16 i 20 anys d&#8217;edat durant l&#8217;any natural d&#8217;inici de l&#8217;oferta de l&#8217;IFE<\/li>\n<li class=\"p3\">necessitats educatives especials associades a discapacitat intel\u00b7lectual lleu o moderada.<\/li>\n<\/ul>\n<p>Documentaci\u00f3<br \/>\n&#8211;&hellip;  <a href=\"https:\/\/agora.xtec.cat\/ins-idag\/estudis\/preinscripcions-curs-25-26-2\/preinscripcions-ife-curs-25-26\/\" title=\"Read Preinscripcions IFE curs 26-27\">Llegeix m\u00e9s\u00bb<\/a><\/p>\n","protected":false},"author":1,"featured_media":0,"parent":1000,"menu_order":0,"comment_status":"closed","ping_status":"closed","template":"page-templates\/side-menu.php","meta":{"footnotes":""},"class_list":["post-992","page","type-page","status-publish","hentry"],"post_mailing_queue_ids":[],"_links":{"self":[{"href":"https:\/\/agora.xtec.cat\/ins-idag\/wp-json\/wp\/v2\/pages\/992","targetHints":{"allow":["GET"]}}],"collection":[{"href":"https:\/\/agora.xtec.cat\/ins-idag\/wp-json\/wp\/v2\/pages"}],"about":[{"href":"https:\/\/agora.xtec.cat\/ins-idag\/wp-json\/wp\/v2\/types\/page"}],"author":[{"embeddable":true,"href":"https:\/\/agora.xtec.cat\/ins-idag\/wp-json\/wp\/v2\/users\/1"}],"replies":[{"embeddable":true,"href":"https:\/\/agora.xtec.cat\/ins-idag\/wp-json\/wp\/v2\/comments?post=992"}],"version-history":[{"count":6,"href":"https:\/\/agora.xtec.cat\/ins-idag\/wp-json\/wp\/v2\/pages\/992\/revisions"}],"predecessor-version":[{"id":1410,"href":"https:\/\/agora.xtec.cat\/ins-idag\/wp-json\/wp\/v2\/pages\/992\/revisions\/1410"}],"up":[{"embeddable":true,"href":"https:\/\/agora.xtec.cat\/ins-idag\/wp-json\/wp\/v2\/pages\/1000"}],"wp:attachment":[{"href":"https:\/\/agora.xtec.cat\/ins-idag\/wp-json\/wp\/v2\/media?parent=992"}],"curies":[{"name":"wp","href":"https:\/\/api.w.org\/{rel}","templated":true}]}}