{"id":985,"date":"2025-04-29T11:39:41","date_gmt":"2025-04-29T09:39:41","guid":{"rendered":"https:\/\/agora.xtec.cat\/ins-idag\/?page_id=985"},"modified":"2026-05-04T10:27:56","modified_gmt":"2026-05-04T08:27:56","slug":"preinscripcions-curs-25-26","status":"publish","type":"page","link":"https:\/\/agora.xtec.cat\/ins-idag\/estudis\/preinscripcions-curs-25-26-2\/preinscripcions-curs-25-26\/","title":{"rendered":"Preinscripcions PFI i PFI NEE curs 26-27"},"content":{"rendered":"\n<h3><span style=\"color: #ab1313;\"><strong><a style=\"color: #ab1313;\" href=\"https:\/\/agora.xtec.cat\/ins-idag\/wp-content\/uploads\/usu3038\/2026\/04\/OFERTA-INICIAL-PFI-26-27-1.pdf\" target=\"_blank\" rel=\"noopener\">Oferta inicial de places PFI\u00a0<\/a><\/strong><\/span><\/h3>\n<h3><span style=\"color: #ab1313;\"><strong><a style=\"color: #ab1313;\" href=\"https:\/\/agora.xtec.cat\/ins-idag\/wp-content\/uploads\/usu3038\/2026\/04\/OFERTA-INICIAL-PLACES-PFI-NEE-26-27.docx.pdf\" target=\"_blank\" rel=\"noopener\">Oferta inicial de places PFI NEE<\/a><\/strong><\/span><\/h3>\n<h2><a href=\"https:\/\/preinscripcio.gencat.cat\/ca\/estudis\/pfi\/inici\/index.html\"><b>Programes de formaci\u00f3 i inserci\u00f3 PFI<\/b><\/a><\/h2>\n<p><b>Preinscripci\u00f3 PFI\u00a0<\/b><\/p>\n<p><span style=\"font-weight: 400;\">Els futurs alumnes han de tenir <\/span><b>com m\u00ednim 16 anys d\u2019edat i com a m\u00e0xim 21 en l\u2019any<\/b><span style=\"font-weight: 400;\"> d\u2019inici del programa i no han de tenir aprovada l\u00b4ESO.\u00a0<\/span><\/p>\n<p><b>Proc\u00e9s telem\u00e0tic des del web <a href=\"https:\/\/preinscripcio.gencat.cat\/ca\/estudis\/pfi\/inici\/\" target=\"_blank\" rel=\"noopener\">preinscripci\u00f3.gencat.cat<\/a>.<\/b><\/p>\n<p><b>Documentaci\u00f3:<\/b><\/p>\n<p><span style=\"font-weight: 400;\">&#8211;\u00a0 <\/span><b>Formulari electr\u00f2nic <\/b><span style=\"font-weight: 400;\">(disponible al web preinscripci\u00f3.gencat.cat)<\/span><\/p>\n<p><span style=\"font-weight: 400;\">&#8211;\u00a0 <\/span><b>DNI \/<\/b> <b>NIE o Passaport <\/b><span style=\"font-weight: 400;\">de l&#8217;alumne<\/span><\/p>\n<p><span style=\"font-weight: 400;\">&#8211;\u00a0 <\/span><b>Identificador RALC de l\u2019alumne<\/b><\/p>\n<p><span style=\"font-weight: 400;\">&#8211;<\/span><b> Certificat d\u2019estudis<\/b><span style=\"font-weight: 400;\"> del centre de proced\u00e8ncia amb el nombre de cursos realitzats a l\u2019ESO i l\u2019\u00faltim curs que s\u2019ha realitzat. (descarregar de la web del centre)<\/span><\/p>\n<p>\u00a0<\/p>\n<p><span style=\"font-weight: 400;\">Nom\u00e9s, si l\u2019alumne\/a \u00e9s menor d\u2019eda<\/span><span style=\"font-weight: 400;\">t<\/span><\/p>\n<ul>\n<li style=\"font-weight: 400;\" aria-level=\"1\"><b>Llibre de fam\u00edlia<\/b><\/li>\n<li style=\"font-weight: 400;\" aria-level=\"1\"><b>DNI \/<\/b> <b>NIE o Passaport<\/b><span style=\"font-weight: 400;\"> pare, mare o tutor\/a\u00a0<\/span><\/li>\n<\/ul>\n<p><b>Puntuaci\u00f3- barem<\/b><\/p>\n<p><b>Domicili\u00a0<\/b><\/p>\n<p><span style=\"font-weight: 400;\">Quan el domicili pertany a la Ciutat de Barcelona \u00a0 \u00a0 <\/span><b>30 punts<\/b><\/p>\n<p><span style=\"font-weight: 400;\">Quan el domicili no pertany a la ciutat de Barcelona.<\/span><b> 15 punts<\/b><\/p>\n<p><b>Escolaritzaci\u00f3<\/b><\/p>\n<p><span style=\"font-weight: 400;\">Quan l&#8217;alumne no ha realitzat un PFI\u00a0 \u00a0 <\/span><b>20 punts<\/b><\/p>\n<p><span style=\"font-weight: 400;\">Per cada nivell escolaritzat a l&#8217;ESO\u00a0 \u00a0 \u00a0 \u00a0 <\/span><b>5 punts<\/b><\/p>\n<p><span style=\"font-weight: 400;\">Si l\u2019\u00faltim curs realitzat a l\u2019ESO \u00e9s 4rt\u00a0 \u00a0 <\/span><b>20 punts<\/b><\/p>\n<p><span style=\"font-weight: 400;\">Si l\u2019\u00faltim curs realitzat a l\u2019ESO \u00e9s 3r \u00a0 \u00a0 <\/span><b>10 punts<\/b><\/p>\n<p><span style=\"font-weight: 400;\">Si l\u2019\u00faltim curs realitzat a l\u2019ESO \u00e9s 2n \u00a0 \u00a0 <\/span><b>5 punts<\/b><\/p>\n<p>\u00a0<\/p>\n<p><b>Si l\u2019alumne no hagi estat matriculat a la ESO i ha estudiat en una CFA<\/b><\/p>\n<p><span style=\"font-weight: 400;\">escolaritzat tot el curs \u00a0 \u00a0 \u00a0 \u00a0 \u00a0 <\/span><b>10 punts<\/b><span style=\"font-weight: 400;\">\u00a0<\/span><\/p>\n<p><span style=\"font-weight: 400;\">si ho ha estat parcialment\u00a0 \u00a0 \u00a0 <\/span><b>5 punts<\/b><\/p>\n<p>\u00a0<\/p>\n<p><b>Entrevista\u00a0 \u00a0 \u00a0 \u00a0 \u00a0 \u00a0 \u00a0 \u00a0 \u00a0 \u00a0 \u00a0 \u00a0 \u00a0 <\/b><span style=\"font-weight: 400;\">\u00a0<\/span><b>0 punts, 10 punts, 20 punts o 30 punts<\/b><span style=\"font-weight: 400;\">\u00a0<\/span><\/p>\n<p><span style=\"font-weight: 400;\">(es valora l&#8217;adequaci\u00f3 del programa als interessos, motivaci\u00f3 i aptituds de l&#8217;alumne\/a)\u00a0<\/span><\/p>\n<p>\u00a0<\/p>\n<p><b>Dates clau<\/b><span style=\"font-weight: 400;\">\u00a0<\/span><\/p>\n<p><span style=\"font-weight: 400;\"><strong>Preinscripci\u00f3:<\/strong> Del 4 al 13 de maig de 2026<\/span><\/p>\n<p><strong>Matr\u00edcula:<\/strong>Del 6 al 10 de juliol de 2026<\/p>\n<p><br \/><b>Contacte amb Secretaria:<\/b> <a href=\"mailto:a8042585@xtec.cat\"><b>a8078828@xtec.cat<\/b><\/a><b> \u00a0 \u00a0 \u00a0 93 243 09 83<\/b><\/p>\n<p><a href=\"https:\/\/preinscripcio.gencat.cat\/ca\/estudis\/pfi\/informat\/calendari\/\" target=\"_blank\" rel=\"noopener\"><b>CALENDARI DE PREINSCRIPCI\u00d3 I MATRICULACI\u00d3<\/b>\u00a0<b>PFI <\/b><\/a><\/p>\n<p>\u00a0<\/p>\n<p>\u00a0<\/p>\n<h2><b>Programes de formaci\u00f3 i inserci\u00f3 PFI NEE<\/b><\/h2>\n<p><b>Preinscripci\u00f3 PFI NEE &#8211; Pres\u00e8ncial amb cita pr\u00e8via<\/b><\/p>\n<p class=\"p2\">Els futurs alumnes han de tenir <b>com m\u00ednim 16 anys d\u2019edat i com a m\u00e0xim 21 en l\u2019any <\/b>d\u2019inici del programa i no han de tenir aprovada l\u00b4ESO.<\/p>\n<p class=\"p2\"><b>Documentaci\u00f3 <\/b><b><\/b><\/p>\n<p class=\"p2\">&#8211; <b>Formulari en paper<\/b>(disponible a la Secretaria del Centre)<\/p>\n<p class=\"p2\">&#8211; <b>DNI \/ NIE o Passaport <\/b>de l&#8217;alumne<\/p>\n<p class=\"p2\">&#8211; Identificador RALC de l\u2019alumne<\/p>\n<p class=\"p2\">&#8211; <b>Certificat de discapacitat o informe de l\u00b4EAP de refer\u00e8ncia <\/b><b><\/b><\/p>\n<p class=\"p2\">&#8211; <b>Certificat d\u2019estudis <\/b>del centre de proced\u00e8ncia amb el nombre de cursos realitzats a l\u2019ESO i l\u2019\u00faltim curs que s\u2019ha realitzat. (descarregar de la web del centre)<\/p>\n<p class=\"p2\">Nom\u00e9s, si l\u2019alumne\/a \u00e9s menor d\u2019edat<\/p>\n<ul>\n<li class=\"p2\">Llibre de fam\u00edlia<\/li>\n<li class=\"p2\"><b>DNI \/ NIE o Passaport <\/b>pare, mare o tutor\/a<\/li>\n<\/ul>\n<p class=\"p2\"><b>Puntuaci\u00f3- barem <\/b><b><\/b><\/p>\n<p class=\"p2\"><b>Domicili <\/b><b><\/b><\/p>\n<p class=\"p2\">Quan el domicili pertany a la Ciutat de Barcelona <b>30 punts <\/b><b><\/b><\/p>\n<p class=\"p2\">Quan el domicili no pertany a la ciutat de Barcelona. <b>15 punts <\/b><b><\/b><\/p>\n<p class=\"p2\"><b>Escolaritzaci\u00f3 <\/b><b><\/b><\/p>\n<p class=\"p2\">Quan l&#8217;alumne no ha realitzat un PFI <b>20 punts <\/b><b><\/b><\/p>\n<p class=\"p2\">Per cada nivell escolaritzat a l&#8217;ESO <b>5 punts <\/b><b><\/b><\/p>\n<p class=\"p2\">Si l\u2019\u00faltim curs realitzat a l\u2019ESO \u00e9s 4rt <b>20 punts <\/b><b><\/b><\/p>\n<p class=\"p2\">Si l\u2019\u00faltim curs realitzat a l\u2019ESO \u00e9s 3r <b>10 punts <\/b><b><\/b><\/p>\n<p class=\"p2\">Si l\u2019\u00faltim curs realitzat a l\u2019ESO \u00e9s 2n <b>5 punts <\/b><b><\/b><\/p>\n<p class=\"p2\"><b>Si l\u2019alumne no hagi estat matriculat a la ESO i ha estudiat en una CFA <\/b><b><\/b><\/p>\n<p class=\"p2\">si acredita el nivell I del curr\u00edculum de ESO <b>5 punts <\/b><b><\/b><\/p>\n<p class=\"p2\"><b>Entrevista 0 punts, 10 punts, 20 punts o 30 punts <\/b><b><\/b><\/p>\n<p class=\"p2\">(es valora l&#8217;adequaci\u00f3 del programa als interessos, motivaci\u00f3 i aptituds de l&#8217;alumne\/a)<\/p>\n<p class=\"p2\"><b>Dates Clau<\/b><b><\/b><\/p>\n<p class=\"p2\"><strong>Preinscripci\u00f3:<\/strong> 4 al 13 de maig <b><\/b><\/p>\n<p class=\"p2\"><strong>Matr\u00edcula:<\/strong> 6 al 10 de juliol<\/p>\n<p><b>Contacte amb Secretaria:<\/b> <a href=\"mailto:a8042585@xtec.cat\"><b>a8078828@xtec.cat<\/b><\/a><b> \u00a0 \u00a0 \u00a0 93 243 09 83<\/b><\/p>\n<p><a href=\"https:\/\/preinscripcio.gencat.cat\/ca\/estudis\/pfi\/informat\/calendari\/\" target=\"_blank\" rel=\"noopener\"><b>CALENDARI DE PREINSCRIPCI\u00d3 I MATRICULACI\u00d3<\/b>\u00a0<b>PFI<\/b><\/a><\/p>\n<p>\u00a0<\/p>\n<p>\u00a0<\/p>\n","protected":false},"excerpt":{"rendered":"<p><a style=\"color: #ab1313;\" href=\"https:\/\/agora.xtec.cat\/ins-idag\/wp-content\/uploads\/usu3038\/2026\/04\/OFERTA-INICIAL-PFI-26-27-1.pdf\" target=\"_blank\" rel=\"noopener\">Oferta inicial de places PFI\u00a0<\/a><br \/>\n<a style=\"color: #ab1313;\" href=\"https:\/\/agora.xtec.cat\/ins-idag\/wp-content\/uploads\/usu3038\/2026\/04\/OFERTA-INICIAL-PLACES-PFI-NEE-26-27.docx.pdf\" target=\"_blank\" rel=\"noopener\">Oferta inicial de places PFI NEE<\/a><br \/>\n<a href=\"https:\/\/preinscripcio.gencat.cat\/ca\/estudis\/pfi\/inici\/index.html\">Programes de formaci\u00f3 i inserci\u00f3 PFI<\/a><br \/>\nPreinscripci\u00f3 PFI\u00a0<br \/>\nEls futurs alumnes han de tenir com m\u00ednim 16 anys d\u2019edat i com a m\u00e0xim 21 en l\u2019any d\u2019inici&hellip;  <a href=\"https:\/\/agora.xtec.cat\/ins-idag\/estudis\/preinscripcions-curs-25-26-2\/preinscripcions-curs-25-26\/\" title=\"Read Preinscripcions PFI i PFI NEE curs 26-27\">Llegeix m\u00e9s\u00bb<\/a><\/p>\n","protected":false},"author":1,"featured_media":0,"parent":1000,"menu_order":0,"comment_status":"closed","ping_status":"closed","template":"page-templates\/side-menu.php","meta":{"footnotes":""},"class_list":["post-985","page","type-page","status-publish","hentry"],"post_mailing_queue_ids":[],"_links":{"self":[{"href":"https:\/\/agora.xtec.cat\/ins-idag\/wp-json\/wp\/v2\/pages\/985","targetHints":{"allow":["GET"]}}],"collection":[{"href":"https:\/\/agora.xtec.cat\/ins-idag\/wp-json\/wp\/v2\/pages"}],"about":[{"href":"https:\/\/agora.xtec.cat\/ins-idag\/wp-json\/wp\/v2\/types\/page"}],"author":[{"embeddable":true,"href":"https:\/\/agora.xtec.cat\/ins-idag\/wp-json\/wp\/v2\/users\/1"}],"replies":[{"embeddable":true,"href":"https:\/\/agora.xtec.cat\/ins-idag\/wp-json\/wp\/v2\/comments?post=985"}],"version-history":[{"count":6,"href":"https:\/\/agora.xtec.cat\/ins-idag\/wp-json\/wp\/v2\/pages\/985\/revisions"}],"predecessor-version":[{"id":1406,"href":"https:\/\/agora.xtec.cat\/ins-idag\/wp-json\/wp\/v2\/pages\/985\/revisions\/1406"}],"up":[{"embeddable":true,"href":"https:\/\/agora.xtec.cat\/ins-idag\/wp-json\/wp\/v2\/pages\/1000"}],"wp:attachment":[{"href":"https:\/\/agora.xtec.cat\/ins-idag\/wp-json\/wp\/v2\/media?parent=985"}],"curies":[{"name":"wp","href":"https:\/\/api.w.org\/{rel}","templated":true}]}}